{"id":97536,"date":"2020-05-28T21:07:30","date_gmt":"2020-05-28T21:07:30","guid":{"rendered":"https:\/\/belle.zabica.org\/?post_type=product&#038;p=97536"},"modified":"2025-11-10T23:32:09","modified_gmt":"2025-11-10T22:32:09","slug":"hialuronska-krema-za-obraz","status":"publish","type":"product","link":"https:\/\/www.belle.si\/it\/izdelek\/hialuronska-krema-za-obraz\/","title":{"rendered":"Intenzivni anti-age gel s hialuronom"},"content":{"rendered":"<h2 class=\"subtitle\">ANTI-AGE REVOLUCIJA ZA MLAD IN SVE\u017d OBRAZ<\/h2>\n<p>&nbsp;<\/p>\n<h3 class=\"std\">Gel s hialuronom za napeto ko\u017eo<\/h3>\n<p>&nbsp;<\/p>\n<p id=\"tw-target-text\" class=\"tw-data-text tw-text-large tw-ta\" dir=\"ltr\" data-placeholder=\"Prevod\"><span lang=\"sl\">Hialuronska kislina je zelo u\u010dinkovita sestavina kozmeti\u010dnih izdelkov, ki zadostuje \u017ee v zelo majhnih koli\u010dinah.<\/span><\/p>\n<p class=\"tw-data-text tw-text-large tw-ta\" dir=\"ltr\" data-placeholder=\"Prevod\"><span lang=\"sl\">Uporablja se jo predvsem za vla\u017eenje ko\u017ee in polnjenje tkiva.<\/span><\/p>\n<p class=\"tw-data-text tw-text-large tw-ta\" dir=\"ltr\" data-placeholder=\"Prevod\"><span lang=\"sl\">Je osnovna sestavina negovalnih izdelkov za obraz in dekolte, saj ko\u017eo napne, izravna in pomladi.<\/span><\/p>\n<p>Hialuronska kislina pomaga ko\u017ei pri obnavljanju celic in pri zadr\u017eevanju vla\u017enosti.<\/p>\n<p>Kljub preprosti strukturi, je hialuronska kislina bistvena za ve\u010d biolo\u0161kih funkcij.<\/p>\n<p>Hialuronska kislina deluje kot biolo\u0161ko lepilo, ki pomaga pri lubrifikaciji sklepov, povezuje tkiva, pomaga pri obnovi tkiv in zdravljenju po\u0161kodb.<\/p>\n<p>Hialuronska kislina se nahaja v celem telesu, 50% le-te se nahaja v ko\u017ei.<\/p>\n<p>V \u010dlove\u0161kem\u00a0 telesu je povpre\u010dno 15g hialuronske kisline, 5g se dnevno obnovi.<\/p>\n<p>Ker se zelo hitro razkraja, je u\u010dinkovita manj kot 24 ur.<\/p>\n<p>Telo ima naravno zalogo hialuronske kisline in jo dnevno obnavlja.<\/p>\n<p>Zaradi notranjih in zunanjih vplivov telo z leti proizvede vedno manj hialuronske kisline.<\/p>\n<p>\u010ce hitro ukrepamo, lahko ohranimo mladosten videz ko\u017ee in zadr\u017eimo posledice pomanjkanja hialuronske kisline v ko\u017ei.<\/p>\n<p>&nbsp;<\/p>\n<h3>Navodila za uporabo anti-age hialurnske nege za obraz, vrat in dekolte<\/h3>\n<p>&nbsp;<\/p>\n<p>Gel nanesite na obraz in dekolte zjutraj in zve\u010der.<\/p>\n<p>Vsebina: 50ml v gelu<\/p>\n<p>Proizvedeno v Franciji<\/p>\n<p>SESTAVINE<\/p>\n<p>AQUA (WATER) , GLYCERIN, PROPYLENE GLYCOL, SODIUM HYALURONATE CROSSPOLYMER, ALOE BARBADENSIS LEAF EXTRACT, ALLANTOIN, POLYACRYLATE CROSSPOLYMER-6, PARFUM(FRAGRANCE), CITRIC ACID, SODIUM PCA, GLUCOSE, ETHYLHEXYLGLYCERIN, UREA, PENTYLENE GLYCOL, T-BUTYL ALCOHOL, GLUTAMIC ACID, LACTIC ACID, GLYCINE, GLUCONOLACTONE, LYSINE, SODIUM BENZOATE, PHENOXYETHANOL, POTASSIUM SORBATE, CALCIUM GLUCONATE, HEXYL CINNAMAL, ALPHA-ISO-METHYL IONONE, LIMONENE, LINALOOL, LILIAL.<\/p>\n","protected":false},"excerpt":{"rendered":"<p>ANTI-AGE REVOLUCIJA ZA MLAD IN SVE\u017d OBRAZ &nbsp; Gel s hialuronom za napeto ko\u017eo &nbsp; Hialuronska kislina je zelo u\u010dinkovita sestavina kozmeti\u010dnih izdelkov, ki zadostuje \u017ee v zelo majhnih koli\u010dinah. Uporablja se jo predvsem za vla\u017eenje ko\u017ee in polnjenje tkiva. Je osnovna sestavina negovalnih izdelkov za obraz in dekolte, saj ko\u017eo napne, izravna in pomladi. [&hellip;]<\/p>\n","protected":false},"featured_media":97537,"comment_status":"closed","ping_status":"closed","template":"","meta":{"_uag_custom_page_level_css":"","_monsterinsights_skip_tracking":false,"_monsterinsights_sitenote_active":false,"_monsterinsights_sitenote_note":"","_monsterinsights_sitenote_category":0,"site-sidebar-layout":"default","site-content-layout":"","ast-site-content-layout":"default","site-content-style":"default","site-sidebar-style":"default","ast-global-header-display":"","ast-banner-title-visibility":"","ast-main-header-display":"","ast-hfb-above-header-display":"","ast-hfb-below-header-display":"","ast-hfb-mobile-header-display":"","site-post-title":"","ast-breadcrumbs-content":"","ast-featured-img":"","footer-sml-layout":"","ast-disable-related-posts":"","theme-transparent-header-meta":"","adv-header-id-meta":"","stick-header-meta":"","header-above-stick-meta":"","header-main-stick-meta":"","header-below-stick-meta":"","astra-migrate-meta-layouts":"default","ast-page-background-enabled":"default","ast-page-background-meta":{"desktop":{"background-color":"var(--ast-global-color-4)","background-image":"","background-repeat":"repeat","background-position":"center center","background-size":"auto","background-attachment":"scroll","background-type":"","background-media":"","overlay-type":"","overlay-color":"","overlay-opacity":"","overlay-gradient":""},"tablet":{"background-color":"","background-image":"","background-repeat":"repeat","background-position":"center center","background-size":"auto","background-attachment":"scroll","background-type":"","background-media":"","overlay-type":"","overlay-color":"","overlay-opacity":"","overlay-gradient":""},"mobile":{"background-color":"","background-image":"","background-repeat":"repeat","background-position":"center center","background-size":"auto","background-attachment":"scroll","background-type":"","background-media":"","overlay-type":"","overlay-color":"","overlay-opacity":"","overlay-gradient":""}},"ast-content-background-meta":{"desktop":{"background-color":"var(--ast-global-color-5)","background-image":"","background-repeat":"repeat","background-position":"center center","background-size":"auto","background-attachment":"scroll","background-type":"","background-media":"","overlay-type":"","overlay-color":"","overlay-opacity":"","overlay-gradient":""},"tablet":{"background-color":"var(--ast-global-color-5)","background-image":"","background-repeat":"repeat","background-position":"center center","background-size":"auto","background-attachment":"scroll","background-type":"","background-media":"","overlay-type":"","overlay-color":"","overlay-opacity":"","overlay-gradient":""},"mobile":{"background-color":"var(--ast-global-color-5)","background-image":"","background-repeat":"repeat","background-position":"center center","background-size":"auto","background-attachment":"scroll","background-type":"","background-media":"","overlay-type":"","overlay-color":"","overlay-opacity":"","overlay-gradient":""}}},"product_brand":[],"product_cat":[30,31],"product_tag":[],"class_list":{"0":"post-97536","1":"product","2":"type-product","3":"status-publish","4":"has-post-thumbnail","6":"product_cat-anti-age-nega-za-obraz","7":"product_cat-za-moske","8":"desktop-align-left","9":"tablet-align-left","10":"mobile-align-left","11":"ast-product-gallery-layout-first-image-large","12":"ast-product-gallery-with-no-image","13":"ast-magnify-disabled","14":"ast-product-tabs-layout-horizontal","16":"first","17":"outofstock","18":"taxable","19":"shipping-taxable","20":"purchasable","21":"product-type-simple"},"yoast_head":"<!-- This site is optimized with the Yoast SEO plugin v26.9 - https:\/\/yoast.com\/product\/yoast-seo-wordpress\/ -->\n<title>Intenzivni anti-age gel s hialuronom - Belle.si kozmeti\u010dna trgovina<\/title>\n<meta name=\"robots\" content=\"index, follow, max-snippet:-1, max-image-preview:large, max-video-preview:-1\" \/>\n<link rel=\"canonical\" href=\"https:\/\/www.belle.si\/it\/izdelek\/hialuronska-krema-za-obraz\/\" \/>\n<meta property=\"og:locale\" content=\"it_IT\" \/>\n<meta property=\"og:type\" content=\"article\" \/>\n<meta property=\"og:title\" content=\"Intenzivni anti-age gel s hialuronom - Belle.si kozmeti\u010dna trgovina\" \/>\n<meta property=\"og:description\" content=\"ANTI-AGE REVOLUCIJA ZA MLAD IN SVE\u017d OBRAZ &nbsp; Gel s hialuronom za napeto ko\u017eo &nbsp; Hialuronska kislina je zelo u\u010dinkovita sestavina kozmeti\u010dnih izdelkov, ki zadostuje \u017ee v zelo majhnih koli\u010dinah. Uporablja se jo predvsem za vla\u017eenje ko\u017ee in polnjenje tkiva. Je osnovna sestavina negovalnih izdelkov za obraz in dekolte, saj ko\u017eo napne, izravna in pomladi. [&hellip;]\" \/>\n<meta property=\"og:url\" content=\"https:\/\/www.belle.si\/it\/izdelek\/hialuronska-krema-za-obraz\/\" \/>\n<meta property=\"og:site_name\" content=\"Belle.si kozmeti\u010dna trgovina\" \/>\n<meta property=\"article:publisher\" content=\"https:\/\/www.facebook.com\/belle.si.cosmetics\/\" \/>\n<meta property=\"article:modified_time\" content=\"2025-11-10T22:32:09+00:00\" \/>\n<meta property=\"og:image\" content=\"https:\/\/www.belle.si\/wp-content\/uploads\/2022\/10\/hialuronska_krema_intezivna.png\" \/>\n\t<meta property=\"og:image:width\" content=\"800\" \/>\n\t<meta property=\"og:image:height\" content=\"800\" \/>\n\t<meta property=\"og:image:type\" content=\"image\/png\" \/>\n<meta name=\"twitter:card\" content=\"summary_large_image\" \/>\n<meta name=\"twitter:label1\" content=\"Tempo di lettura stimato\" \/>\n\t<meta name=\"twitter:data1\" content=\"1 minuto\" \/>\n<script type=\"application\/ld+json\" class=\"yoast-schema-graph\">{\"@context\":\"https:\/\/schema.org\",\"@graph\":[{\"@type\":\"WebPage\",\"@id\":\"https:\/\/www.belle.si\/it\/izdelek\/hialuronska-krema-za-obraz\/\",\"url\":\"https:\/\/www.belle.si\/it\/izdelek\/hialuronska-krema-za-obraz\/\",\"name\":\"Intenzivni anti-age gel s hialuronom - Belle.si kozmeti\u010dna trgovina\",\"isPartOf\":{\"@id\":\"https:\/\/www.belle.si\/it\/#website\"},\"primaryImageOfPage\":{\"@id\":\"https:\/\/www.belle.si\/it\/izdelek\/hialuronska-krema-za-obraz\/#primaryimage\"},\"image\":{\"@id\":\"https:\/\/www.belle.si\/it\/izdelek\/hialuronska-krema-za-obraz\/#primaryimage\"},\"thumbnailUrl\":\"https:\/\/www.belle.si\/wp-content\/uploads\/2022\/10\/hialuronska_krema_intezivna.png\",\"datePublished\":\"2020-05-28T21:07:30+00:00\",\"dateModified\":\"2025-11-10T22:32:09+00:00\",\"breadcrumb\":{\"@id\":\"https:\/\/www.belle.si\/it\/izdelek\/hialuronska-krema-za-obraz\/#breadcrumb\"},\"inLanguage\":\"it-IT\",\"potentialAction\":[{\"@type\":\"ReadAction\",\"target\":[\"https:\/\/www.belle.si\/it\/izdelek\/hialuronska-krema-za-obraz\/\"]}]},{\"@type\":\"ImageObject\",\"inLanguage\":\"it-IT\",\"@id\":\"https:\/\/www.belle.si\/it\/izdelek\/hialuronska-krema-za-obraz\/#primaryimage\",\"url\":\"https:\/\/www.belle.si\/wp-content\/uploads\/2022\/10\/hialuronska_krema_intezivna.png\",\"contentUrl\":\"https:\/\/www.belle.si\/wp-content\/uploads\/2022\/10\/hialuronska_krema_intezivna.png\",\"width\":800,\"height\":800,\"caption\":\"Hialuronska krema za obraz intenzivna nega ko\u017ee proti gubam\"},{\"@type\":\"BreadcrumbList\",\"@id\":\"https:\/\/www.belle.si\/it\/izdelek\/hialuronska-krema-za-obraz\/#breadcrumb\",\"itemListElement\":[{\"@type\":\"ListItem\",\"position\":1,\"name\":\"Home\",\"item\":\"https:\/\/www.belle.si\/it\/\"},{\"@type\":\"ListItem\",\"position\":2,\"name\":\"Trgovina\",\"item\":\"https:\/\/www.belle.si\/trgovina\/\"},{\"@type\":\"ListItem\",\"position\":3,\"name\":\"Intenzivni anti-age gel s hialuronom\"}]},{\"@type\":\"WebSite\",\"@id\":\"https:\/\/www.belle.si\/it\/#website\",\"url\":\"https:\/\/www.belle.si\/it\/\",\"name\":\"Belle.si kozmeti\u010dna trgovina\",\"description\":\"\",\"publisher\":{\"@id\":\"https:\/\/www.belle.si\/it\/#organization\"},\"potentialAction\":[{\"@type\":\"SearchAction\",\"target\":{\"@type\":\"EntryPoint\",\"urlTemplate\":\"https:\/\/www.belle.si\/it\/?s={search_term_string}\"},\"query-input\":{\"@type\":\"PropertyValueSpecification\",\"valueRequired\":true,\"valueName\":\"search_term_string\"}}],\"inLanguage\":\"it-IT\"},{\"@type\":\"Organization\",\"@id\":\"https:\/\/www.belle.si\/it\/#organization\",\"name\":\"Belle.si kozmeti\u010dna trgovina\",\"url\":\"https:\/\/www.belle.si\/it\/\",\"logo\":{\"@type\":\"ImageObject\",\"inLanguage\":\"it-IT\",\"@id\":\"https:\/\/www.belle.si\/it\/#\/schema\/logo\/image\/\",\"url\":\"https:\/\/www.belle.si\/wp-content\/uploads\/2022\/10\/cropped-logo_belle_trgovina.png\",\"contentUrl\":\"https:\/\/www.belle.si\/wp-content\/uploads\/2022\/10\/cropped-logo_belle_trgovina.png\",\"width\":270,\"height\":135,\"caption\":\"Belle.si kozmeti\u010dna trgovina\"},\"image\":{\"@id\":\"https:\/\/www.belle.si\/it\/#\/schema\/logo\/image\/\"},\"sameAs\":[\"https:\/\/www.facebook.com\/belle.si.cosmetics\/\",\"https:\/\/www.instagram.com\/belle.si.cosmetics\/\"]}]}<\/script>\n<!-- \/ Yoast SEO plugin. -->","yoast_head_json":{"title":"Intenzivni anti-age gel s hialuronom - Belle.si kozmeti\u010dna trgovina","robots":{"index":"index","follow":"follow","max-snippet":"max-snippet:-1","max-image-preview":"max-image-preview:large","max-video-preview":"max-video-preview:-1"},"canonical":"https:\/\/www.belle.si\/it\/izdelek\/hialuronska-krema-za-obraz\/","og_locale":"it_IT","og_type":"article","og_title":"Intenzivni anti-age gel s hialuronom - Belle.si kozmeti\u010dna trgovina","og_description":"ANTI-AGE REVOLUCIJA ZA MLAD IN SVE\u017d OBRAZ &nbsp; Gel s hialuronom za napeto ko\u017eo &nbsp; Hialuronska kislina je zelo u\u010dinkovita sestavina kozmeti\u010dnih izdelkov, ki zadostuje \u017ee v zelo majhnih koli\u010dinah. Uporablja se jo predvsem za vla\u017eenje ko\u017ee in polnjenje tkiva. Je osnovna sestavina negovalnih izdelkov za obraz in dekolte, saj ko\u017eo napne, izravna in pomladi. [&hellip;]","og_url":"https:\/\/www.belle.si\/it\/izdelek\/hialuronska-krema-za-obraz\/","og_site_name":"Belle.si kozmeti\u010dna trgovina","article_publisher":"https:\/\/www.facebook.com\/belle.si.cosmetics\/","article_modified_time":"2025-11-10T22:32:09+00:00","og_image":[{"width":800,"height":800,"url":"https:\/\/www.belle.si\/wp-content\/uploads\/2022\/10\/hialuronska_krema_intezivna.png","type":"image\/png"}],"twitter_card":"summary_large_image","twitter_misc":{"Tempo di lettura stimato":"1 minuto"},"schema":{"@context":"https:\/\/schema.org","@graph":[{"@type":"WebPage","@id":"https:\/\/www.belle.si\/it\/izdelek\/hialuronska-krema-za-obraz\/","url":"https:\/\/www.belle.si\/it\/izdelek\/hialuronska-krema-za-obraz\/","name":"Intenzivni anti-age gel s hialuronom - Belle.si kozmeti\u010dna trgovina","isPartOf":{"@id":"https:\/\/www.belle.si\/it\/#website"},"primaryImageOfPage":{"@id":"https:\/\/www.belle.si\/it\/izdelek\/hialuronska-krema-za-obraz\/#primaryimage"},"image":{"@id":"https:\/\/www.belle.si\/it\/izdelek\/hialuronska-krema-za-obraz\/#primaryimage"},"thumbnailUrl":"https:\/\/www.belle.si\/wp-content\/uploads\/2022\/10\/hialuronska_krema_intezivna.png","datePublished":"2020-05-28T21:07:30+00:00","dateModified":"2025-11-10T22:32:09+00:00","breadcrumb":{"@id":"https:\/\/www.belle.si\/it\/izdelek\/hialuronska-krema-za-obraz\/#breadcrumb"},"inLanguage":"it-IT","potentialAction":[{"@type":"ReadAction","target":["https:\/\/www.belle.si\/it\/izdelek\/hialuronska-krema-za-obraz\/"]}]},{"@type":"ImageObject","inLanguage":"it-IT","@id":"https:\/\/www.belle.si\/it\/izdelek\/hialuronska-krema-za-obraz\/#primaryimage","url":"https:\/\/www.belle.si\/wp-content\/uploads\/2022\/10\/hialuronska_krema_intezivna.png","contentUrl":"https:\/\/www.belle.si\/wp-content\/uploads\/2022\/10\/hialuronska_krema_intezivna.png","width":800,"height":800,"caption":"Hialuronska krema za obraz intenzivna nega ko\u017ee proti gubam"},{"@type":"BreadcrumbList","@id":"https:\/\/www.belle.si\/it\/izdelek\/hialuronska-krema-za-obraz\/#breadcrumb","itemListElement":[{"@type":"ListItem","position":1,"name":"Home","item":"https:\/\/www.belle.si\/it\/"},{"@type":"ListItem","position":2,"name":"Trgovina","item":"https:\/\/www.belle.si\/trgovina\/"},{"@type":"ListItem","position":3,"name":"Intenzivni anti-age gel s hialuronom"}]},{"@type":"WebSite","@id":"https:\/\/www.belle.si\/it\/#website","url":"https:\/\/www.belle.si\/it\/","name":"Belle.si kozmeti\u010dna trgovina","description":"","publisher":{"@id":"https:\/\/www.belle.si\/it\/#organization"},"potentialAction":[{"@type":"SearchAction","target":{"@type":"EntryPoint","urlTemplate":"https:\/\/www.belle.si\/it\/?s={search_term_string}"},"query-input":{"@type":"PropertyValueSpecification","valueRequired":true,"valueName":"search_term_string"}}],"inLanguage":"it-IT"},{"@type":"Organization","@id":"https:\/\/www.belle.si\/it\/#organization","name":"Belle.si kozmeti\u010dna trgovina","url":"https:\/\/www.belle.si\/it\/","logo":{"@type":"ImageObject","inLanguage":"it-IT","@id":"https:\/\/www.belle.si\/it\/#\/schema\/logo\/image\/","url":"https:\/\/www.belle.si\/wp-content\/uploads\/2022\/10\/cropped-logo_belle_trgovina.png","contentUrl":"https:\/\/www.belle.si\/wp-content\/uploads\/2022\/10\/cropped-logo_belle_trgovina.png","width":270,"height":135,"caption":"Belle.si kozmeti\u010dna trgovina"},"image":{"@id":"https:\/\/www.belle.si\/it\/#\/schema\/logo\/image\/"},"sameAs":["https:\/\/www.facebook.com\/belle.si.cosmetics\/","https:\/\/www.instagram.com\/belle.si.cosmetics\/"]}]}},"uagb_featured_image_src":{"full":["https:\/\/www.belle.si\/wp-content\/uploads\/2022\/10\/hialuronska_krema_intezivna.png",800,800,false],"thumbnail":["https:\/\/www.belle.si\/wp-content\/uploads\/2022\/10\/hialuronska_krema_intezivna-150x150.png",150,150,true],"medium":["https:\/\/www.belle.si\/wp-content\/uploads\/2022\/10\/hialuronska_krema_intezivna-300x300.png",300,300,true],"medium_large":["https:\/\/www.belle.si\/wp-content\/uploads\/2022\/10\/hialuronska_krema_intezivna-768x768.png",768,768,true],"large":["https:\/\/www.belle.si\/wp-content\/uploads\/2022\/10\/hialuronska_krema_intezivna.png",800,800,false],"1536x1536":["https:\/\/www.belle.si\/wp-content\/uploads\/2022\/10\/hialuronska_krema_intezivna.png",800,800,false],"2048x2048":["https:\/\/www.belle.si\/wp-content\/uploads\/2022\/10\/hialuronska_krema_intezivna.png",800,800,false],"mailpoet_newsletter_max":["https:\/\/www.belle.si\/wp-content\/uploads\/2022\/10\/hialuronska_krema_intezivna.png",800,800,false],"woocommerce_thumbnail":["https:\/\/www.belle.si\/wp-content\/uploads\/2022\/10\/hialuronska_krema_intezivna-300x300.png",300,300,true],"woocommerce_single":["https:\/\/www.belle.si\/wp-content\/uploads\/2022\/10\/hialuronska_krema_intezivna-600x600.png",600,600,true],"woocommerce_gallery_thumbnail":["https:\/\/www.belle.si\/wp-content\/uploads\/2022\/10\/hialuronska_krema_intezivna-100x100.png",100,100,true]},"uagb_author_info":{"display_name":"taja","author_link":"https:\/\/www.belle.si\/it\/author\/"},"uagb_comment_info":0,"uagb_excerpt":"ANTI-AGE REVOLUCIJA ZA MLAD IN SVE\u017d OBRAZ &nbsp; Gel s hialuronom za napeto ko\u017eo &nbsp; Hialuronska kislina je zelo u\u010dinkovita sestavina kozmeti\u010dnih izdelkov, ki zadostuje \u017ee v zelo majhnih koli\u010dinah. Uporablja se jo predvsem za vla\u017eenje ko\u017ee in polnjenje tkiva. Je osnovna sestavina negovalnih izdelkov za obraz in dekolte, saj ko\u017eo napne, izravna in pomladi.&hellip;","_links":{"self":[{"href":"https:\/\/www.belle.si\/it\/wp-json\/wp\/v2\/product\/97536","targetHints":{"allow":["GET"]}}],"collection":[{"href":"https:\/\/www.belle.si\/it\/wp-json\/wp\/v2\/product"}],"about":[{"href":"https:\/\/www.belle.si\/it\/wp-json\/wp\/v2\/types\/product"}],"replies":[{"embeddable":true,"href":"https:\/\/www.belle.si\/it\/wp-json\/wp\/v2\/comments?post=97536"}],"wp:featuredmedia":[{"embeddable":true,"href":"https:\/\/www.belle.si\/it\/wp-json\/wp\/v2\/media\/97537"}],"wp:attachment":[{"href":"https:\/\/www.belle.si\/it\/wp-json\/wp\/v2\/media?parent=97536"}],"wp:term":[{"taxonomy":"product_brand","embeddable":true,"href":"https:\/\/www.belle.si\/it\/wp-json\/wp\/v2\/product_brand?post=97536"},{"taxonomy":"product_cat","embeddable":true,"href":"https:\/\/www.belle.si\/it\/wp-json\/wp\/v2\/product_cat?post=97536"},{"taxonomy":"product_tag","embeddable":true,"href":"https:\/\/www.belle.si\/it\/wp-json\/wp\/v2\/product_tag?post=97536"}],"curies":[{"name":"wp","href":"https:\/\/api.w.org\/{rel}","templated":true}]}}