{"id":102694,"date":"2025-04-18T11:54:15","date_gmt":"2025-04-18T09:54:15","guid":{"rendered":"https:\/\/www.belle.si\/?post_type=product&#038;p=102694"},"modified":"2025-04-18T12:36:47","modified_gmt":"2025-04-18T10:36:47","slug":"sublime-silver-komplet-za-sive-lase","status":"publish","type":"product","link":"https:\/\/www.belle.si\/it\/izdelek\/sublime-silver-komplet-za-sive-lase\/","title":{"rendered":"Sublime Silver komplet za sive lase"},"content":{"rendered":"<p>Sublime silver komplet poenoti sivo barvo las.<\/p>\n<p><span class=\"Y2IQFc\" lang=\"sl\">\u0160ampon in balzam z vijoli\u010dnimi pigmenti poenoti in o\u017eivi sijaj sivih in belih las. Ne\u017eno neguje suhe lase, hkrati pa nevtralizira rumene odtenke za \u017eivahno barvo in lepe lase.<\/span><\/p>\n<p>Navodila za uporabo.<\/p>\n<p id=\"tw-target-text\" class=\"tw-data-text tw-text-large tw-ta\" dir=\"ltr\" data-placeholder=\"Prevod\" data-ved=\"2ahUKEwiYheDhpeGMAxWggf0HHTclFvcQ3ewLegQICBAU\" aria-label=\"Prevedeno besedilo: \u0161ampon Mokri lasje. Nanesite \u0161ampon in ga enakomerno porazdelite po celotni povr\u0161ini. Ne\u017eno vmasirajte v lasi\u0161\u010de. Sperite s toplo vodo in po potrebi ponovite. V idealnem primeru uporabite enkrat na teden, izmeni\u010dno z obi\u010dajnim \u0161amponiranjem. Izogibajte se stiku z o\u010dmi. Izdelek za zunanjo uporabo. Balzam Po \u0161amponiranju izdatno nanesite balzam na lase in ga enakomerno porazdelite z raz\u010desavanjem s prsti. Pustite delovati 5 minut ali, za globlje delovanje, 15 do 20 minut pod samogrevalno kapo. Temeljito sperite. Izogibajte se stiku z o\u010dmi. Izdelek za zunanjo uporabo.\"><span class=\"Y2IQFc\" lang=\"sl\">Na mokre lase nanesite \u0161ampon in ga enakomerno porazdelite po celotni povr\u0161ini. Ne\u017eno vmasirajte v lasi\u0161\u010de. Sperite s toplo vodo in po potrebi ponovite. Uporabite enkrat na teden, izmeni\u010dno z obi\u010dajnim \u0161amponom. Izogibajte se stiku z o\u010dmi. Izdelek za zunanjo uporabo. <\/span><\/p>\n<p class=\"tw-data-text tw-text-large tw-ta\" dir=\"ltr\" data-placeholder=\"Prevod\" data-ved=\"2ahUKEwiYheDhpeGMAxWggf0HHTclFvcQ3ewLegQICBAU\" aria-label=\"Prevedeno besedilo: \u0161ampon Mokri lasje. Nanesite \u0161ampon in ga enakomerno porazdelite po celotni povr\u0161ini. Ne\u017eno vmasirajte v lasi\u0161\u010de. Sperite s toplo vodo in po potrebi ponovite. V idealnem primeru uporabite enkrat na teden, izmeni\u010dno z obi\u010dajnim \u0161amponiranjem. Izogibajte se stiku z o\u010dmi. Izdelek za zunanjo uporabo. Balzam Po \u0161amponiranju izdatno nanesite balzam na lase in ga enakomerno porazdelite z raz\u010desavanjem s prsti. Pustite delovati 5 minut ali, za globlje delovanje, 15 do 20 minut pod samogrevalno kapo. Temeljito sperite. Izogibajte se stiku z o\u010dmi. Izdelek za zunanjo uporabo.\"><span class=\"Y2IQFc\" lang=\"sl\">Po \u0161amponiranju izdatno nanesite balzam na lase in ga enakomerno porazdelite z raz\u010desavanjem s prsti. Pustite delovati 5 minut ali, za globlje delovanje, 15 do 20 minut pod samogrevalno kapo. Temeljito sperite. Izogibajte se stiku z o\u010dmi. Izdelek za zunanjo uporabo.<\/span><\/p>\n<p>&nbsp;<\/p>\n<p>Sestavine:<\/p>\n<p><b>AQUA shampoo<\/b><br \/>\nAcqua , COCAMIDOPROPYL BETAINE, RICINUS COMMUNIS SEED OIL, GLYCERIN, CETYL ALCOHOL, COCOS NUCIFERA OIL, SODIUM LAUROAMPHOACETATE, SODIUM CHLORIDE, BUTYROSPERMUM PARKII BUTTER, SIMMONDSIA CHINENSIS SEED OIL, CETEARYL ALCOHOL, CETEARYL GLUCOSIDE, COCO-GLUCOSIDE, GLYCERYL OLEATE, 60730.<\/p>\n<p><b>AQUA BALM<\/b><br \/>\nAcqua, HELIANTHUS ANNUUS SEED OIL, GLYCERIN, CETEARYL ALCOHOL, COCOS NUCIFERA OIL, RICINUS COMMUNIS SEED OIL, DISTEAROYLETHYL DIMONIUM CHLORIDE, BUTYROSPERMUM PARKII BUTTER, CETEARYL GLUCOSIDE, SIMMONDSIA CHINENSIS SEED OIL, TOCOPHERYL ACETATE, PARFUM, ETHYLHEXYLGLYCERIN, BENZYL ALCOHOL, DEHYDROACETIC ACID, CI 60730.<\/p>\n","protected":false},"excerpt":{"rendered":"<p>Sublime silver komplet poenoti sivo barvo las. \u0160ampon in balzam z vijoli\u010dnimi pigmenti poenoti in o\u017eivi sijaj sivih in belih las. Ne\u017eno neguje suhe lase, hkrati pa nevtralizira rumene odtenke za \u017eivahno barvo in lepe lase. Navodila za uporabo. Na mokre lase nanesite \u0161ampon in ga enakomerno porazdelite po celotni povr\u0161ini. Ne\u017eno vmasirajte v lasi\u0161\u010de. [&hellip;]<\/p>\n","protected":false},"featured_media":102695,"comment_status":"closed","ping_status":"closed","template":"","meta":{"_uag_custom_page_level_css":"","_monsterinsights_skip_tracking":false,"_monsterinsights_sitenote_active":false,"_monsterinsights_sitenote_note":"","_monsterinsights_sitenote_category":0,"site-sidebar-layout":"default","site-content-layout":"","ast-site-content-layout":"default","site-content-style":"default","site-sidebar-style":"default","ast-global-header-display":"","ast-banner-title-visibility":"","ast-main-header-display":"","ast-hfb-above-header-display":"","ast-hfb-below-header-display":"","ast-hfb-mobile-header-display":"","site-post-title":"","ast-breadcrumbs-content":"","ast-featured-img":"","footer-sml-layout":"","ast-disable-related-posts":"","theme-transparent-header-meta":"default","adv-header-id-meta":"","stick-header-meta":"","header-above-stick-meta":"","header-main-stick-meta":"","header-below-stick-meta":"","astra-migrate-meta-layouts":"set","ast-page-background-enabled":"default","ast-page-background-meta":{"desktop":{"background-color":"var(--ast-global-color-4)","background-image":"","background-repeat":"repeat","background-position":"center center","background-size":"auto","background-attachment":"scroll","background-type":"","background-media":"","overlay-type":"","overlay-color":"","overlay-opacity":"","overlay-gradient":""},"tablet":{"background-color":"","background-image":"","background-repeat":"repeat","background-position":"center center","background-size":"auto","background-attachment":"scroll","background-type":"","background-media":"","overlay-type":"","overlay-color":"","overlay-opacity":"","overlay-gradient":""},"mobile":{"background-color":"","background-image":"","background-repeat":"repeat","background-position":"center center","background-size":"auto","background-attachment":"scroll","background-type":"","background-media":"","overlay-type":"","overlay-color":"","overlay-opacity":"","overlay-gradient":""}},"ast-content-background-meta":{"desktop":{"background-color":"var(--ast-global-color-5)","background-image":"","background-repeat":"repeat","background-position":"center center","background-size":"auto","background-attachment":"scroll","background-type":"","background-media":"","overlay-type":"","overlay-color":"","overlay-opacity":"","overlay-gradient":""},"tablet":{"background-color":"var(--ast-global-color-5)","background-image":"","background-repeat":"repeat","background-position":"center center","background-size":"auto","background-attachment":"scroll","background-type":"","background-media":"","overlay-type":"","overlay-color":"","overlay-opacity":"","overlay-gradient":""},"mobile":{"background-color":"var(--ast-global-color-5)","background-image":"","background-repeat":"repeat","background-position":"center center","background-size":"auto","background-attachment":"scroll","background-type":"","background-media":"","overlay-type":"","overlay-color":"","overlay-opacity":"","overlay-gradient":""}}},"product_brand":[],"product_cat":[43,47,46],"product_tag":[],"class_list":{"0":"post-102694","1":"product","2":"type-product","3":"status-publish","4":"has-post-thumbnail","6":"product_cat-nega-za-lase","7":"product_cat-proti-sivenju","8":"product_cat-za-lepe-lase","9":"desktop-align-left","10":"tablet-align-left","11":"mobile-align-left","12":"ast-product-gallery-layout-first-image-large","13":"ast-magnify-disabled","14":"ast-product-tabs-layout-horizontal","16":"first","17":"instock","18":"taxable","19":"shipping-taxable","20":"purchasable","21":"product-type-simple"},"yoast_head":"<!-- This site is optimized with the Yoast SEO plugin v26.9 - https:\/\/yoast.com\/product\/yoast-seo-wordpress\/ -->\n<title>Sublime Silver komplet za sive lase - Belle.si kozmeti\u010dna trgovina<\/title>\n<meta name=\"description\" content=\"Sublime silver je komplet \u0161ampona in balzama za poenotenje sive barve las. Proti runemi in neenakomerni barvi las, ki se pojvi s starostjo.\" \/>\n<meta name=\"robots\" content=\"index, follow, max-snippet:-1, max-image-preview:large, max-video-preview:-1\" \/>\n<link rel=\"canonical\" href=\"https:\/\/www.belle.si\/it\/izdelek\/sublime-silver-komplet-za-sive-lase\/\" \/>\n<meta property=\"og:locale\" content=\"it_IT\" \/>\n<meta property=\"og:type\" content=\"article\" \/>\n<meta property=\"og:title\" content=\"Sublime Silver komplet za sive lase - Belle.si kozmeti\u010dna trgovina\" \/>\n<meta property=\"og:description\" content=\"Sublime silver je komplet \u0161ampona in balzama za poenotenje sive barve las. Proti runemi in neenakomerni barvi las, ki se pojvi s starostjo.\" \/>\n<meta property=\"og:url\" content=\"https:\/\/www.belle.si\/it\/izdelek\/sublime-silver-komplet-za-sive-lase\/\" \/>\n<meta property=\"og:site_name\" content=\"Belle.si kozmeti\u010dna trgovina\" \/>\n<meta property=\"article:publisher\" content=\"https:\/\/www.facebook.com\/belle.si.cosmetics\/\" \/>\n<meta property=\"article:modified_time\" content=\"2025-04-18T10:36:47+00:00\" \/>\n<meta property=\"og:image\" content=\"https:\/\/www.belle.si\/wp-content\/uploads\/2025\/04\/Sublime_silver_sivi_lasje.jpg\" \/>\n\t<meta property=\"og:image:width\" content=\"616\" \/>\n\t<meta property=\"og:image:height\" content=\"616\" \/>\n\t<meta property=\"og:image:type\" content=\"image\/jpeg\" \/>\n<meta name=\"twitter:card\" content=\"summary_large_image\" \/>\n<meta name=\"twitter:label1\" content=\"Tempo di lettura stimato\" \/>\n\t<meta name=\"twitter:data1\" content=\"2 minuti\" \/>\n<script type=\"application\/ld+json\" class=\"yoast-schema-graph\">{\"@context\":\"https:\/\/schema.org\",\"@graph\":[{\"@type\":\"WebPage\",\"@id\":\"https:\/\/www.belle.si\/it\/izdelek\/sublime-silver-komplet-za-sive-lase\/\",\"url\":\"https:\/\/www.belle.si\/it\/izdelek\/sublime-silver-komplet-za-sive-lase\/\",\"name\":\"Sublime Silver komplet za sive lase - Belle.si kozmeti\u010dna trgovina\",\"isPartOf\":{\"@id\":\"https:\/\/www.belle.si\/it\/#website\"},\"primaryImageOfPage\":{\"@id\":\"https:\/\/www.belle.si\/it\/izdelek\/sublime-silver-komplet-za-sive-lase\/#primaryimage\"},\"image\":{\"@id\":\"https:\/\/www.belle.si\/it\/izdelek\/sublime-silver-komplet-za-sive-lase\/#primaryimage\"},\"thumbnailUrl\":\"https:\/\/www.belle.si\/wp-content\/uploads\/2025\/04\/Sublime_silver_sivi_lasje.jpg\",\"datePublished\":\"2025-04-18T09:54:15+00:00\",\"dateModified\":\"2025-04-18T10:36:47+00:00\",\"description\":\"Sublime silver je komplet \u0161ampona in balzama za poenotenje sive barve las. Proti runemi in neenakomerni barvi las, ki se pojvi s starostjo.\",\"breadcrumb\":{\"@id\":\"https:\/\/www.belle.si\/it\/izdelek\/sublime-silver-komplet-za-sive-lase\/#breadcrumb\"},\"inLanguage\":\"it-IT\",\"potentialAction\":[{\"@type\":\"ReadAction\",\"target\":[\"https:\/\/www.belle.si\/it\/izdelek\/sublime-silver-komplet-za-sive-lase\/\"]}]},{\"@type\":\"ImageObject\",\"inLanguage\":\"it-IT\",\"@id\":\"https:\/\/www.belle.si\/it\/izdelek\/sublime-silver-komplet-za-sive-lase\/#primaryimage\",\"url\":\"https:\/\/www.belle.si\/wp-content\/uploads\/2025\/04\/Sublime_silver_sivi_lasje.jpg\",\"contentUrl\":\"https:\/\/www.belle.si\/wp-content\/uploads\/2025\/04\/Sublime_silver_sivi_lasje.jpg\",\"width\":616,\"height\":616,\"caption\":\"Poenoti barvo sivih las\"},{\"@type\":\"BreadcrumbList\",\"@id\":\"https:\/\/www.belle.si\/it\/izdelek\/sublime-silver-komplet-za-sive-lase\/#breadcrumb\",\"itemListElement\":[{\"@type\":\"ListItem\",\"position\":1,\"name\":\"Home\",\"item\":\"https:\/\/www.belle.si\/it\/\"},{\"@type\":\"ListItem\",\"position\":2,\"name\":\"Trgovina\",\"item\":\"https:\/\/www.belle.si\/trgovina\/\"},{\"@type\":\"ListItem\",\"position\":3,\"name\":\"Sublime Silver komplet za sive lase\"}]},{\"@type\":\"WebSite\",\"@id\":\"https:\/\/www.belle.si\/it\/#website\",\"url\":\"https:\/\/www.belle.si\/it\/\",\"name\":\"Belle.si kozmeti\u010dna trgovina\",\"description\":\"\",\"publisher\":{\"@id\":\"https:\/\/www.belle.si\/it\/#organization\"},\"potentialAction\":[{\"@type\":\"SearchAction\",\"target\":{\"@type\":\"EntryPoint\",\"urlTemplate\":\"https:\/\/www.belle.si\/it\/?s={search_term_string}\"},\"query-input\":{\"@type\":\"PropertyValueSpecification\",\"valueRequired\":true,\"valueName\":\"search_term_string\"}}],\"inLanguage\":\"it-IT\"},{\"@type\":\"Organization\",\"@id\":\"https:\/\/www.belle.si\/it\/#organization\",\"name\":\"Belle.si kozmeti\u010dna trgovina\",\"url\":\"https:\/\/www.belle.si\/it\/\",\"logo\":{\"@type\":\"ImageObject\",\"inLanguage\":\"it-IT\",\"@id\":\"https:\/\/www.belle.si\/it\/#\/schema\/logo\/image\/\",\"url\":\"https:\/\/www.belle.si\/wp-content\/uploads\/2022\/10\/cropped-logo_belle_trgovina.png\",\"contentUrl\":\"https:\/\/www.belle.si\/wp-content\/uploads\/2022\/10\/cropped-logo_belle_trgovina.png\",\"width\":270,\"height\":135,\"caption\":\"Belle.si kozmeti\u010dna trgovina\"},\"image\":{\"@id\":\"https:\/\/www.belle.si\/it\/#\/schema\/logo\/image\/\"},\"sameAs\":[\"https:\/\/www.facebook.com\/belle.si.cosmetics\/\",\"https:\/\/www.instagram.com\/belle.si.cosmetics\/\"]}]}<\/script>\n<!-- \/ Yoast SEO plugin. -->","yoast_head_json":{"title":"Sublime Silver komplet za sive lase - Belle.si kozmeti\u010dna trgovina","description":"Sublime silver je komplet \u0161ampona in balzama za poenotenje sive barve las. Proti runemi in neenakomerni barvi las, ki se pojvi s starostjo.","robots":{"index":"index","follow":"follow","max-snippet":"max-snippet:-1","max-image-preview":"max-image-preview:large","max-video-preview":"max-video-preview:-1"},"canonical":"https:\/\/www.belle.si\/it\/izdelek\/sublime-silver-komplet-za-sive-lase\/","og_locale":"it_IT","og_type":"article","og_title":"Sublime Silver komplet za sive lase - Belle.si kozmeti\u010dna trgovina","og_description":"Sublime silver je komplet \u0161ampona in balzama za poenotenje sive barve las. Proti runemi in neenakomerni barvi las, ki se pojvi s starostjo.","og_url":"https:\/\/www.belle.si\/it\/izdelek\/sublime-silver-komplet-za-sive-lase\/","og_site_name":"Belle.si kozmeti\u010dna trgovina","article_publisher":"https:\/\/www.facebook.com\/belle.si.cosmetics\/","article_modified_time":"2025-04-18T10:36:47+00:00","og_image":[{"width":616,"height":616,"url":"https:\/\/www.belle.si\/wp-content\/uploads\/2025\/04\/Sublime_silver_sivi_lasje.jpg","type":"image\/jpeg"}],"twitter_card":"summary_large_image","twitter_misc":{"Tempo di lettura stimato":"2 minuti"},"schema":{"@context":"https:\/\/schema.org","@graph":[{"@type":"WebPage","@id":"https:\/\/www.belle.si\/it\/izdelek\/sublime-silver-komplet-za-sive-lase\/","url":"https:\/\/www.belle.si\/it\/izdelek\/sublime-silver-komplet-za-sive-lase\/","name":"Sublime Silver komplet za sive lase - Belle.si kozmeti\u010dna trgovina","isPartOf":{"@id":"https:\/\/www.belle.si\/it\/#website"},"primaryImageOfPage":{"@id":"https:\/\/www.belle.si\/it\/izdelek\/sublime-silver-komplet-za-sive-lase\/#primaryimage"},"image":{"@id":"https:\/\/www.belle.si\/it\/izdelek\/sublime-silver-komplet-za-sive-lase\/#primaryimage"},"thumbnailUrl":"https:\/\/www.belle.si\/wp-content\/uploads\/2025\/04\/Sublime_silver_sivi_lasje.jpg","datePublished":"2025-04-18T09:54:15+00:00","dateModified":"2025-04-18T10:36:47+00:00","description":"Sublime silver je komplet \u0161ampona in balzama za poenotenje sive barve las. Proti runemi in neenakomerni barvi las, ki se pojvi s starostjo.","breadcrumb":{"@id":"https:\/\/www.belle.si\/it\/izdelek\/sublime-silver-komplet-za-sive-lase\/#breadcrumb"},"inLanguage":"it-IT","potentialAction":[{"@type":"ReadAction","target":["https:\/\/www.belle.si\/it\/izdelek\/sublime-silver-komplet-za-sive-lase\/"]}]},{"@type":"ImageObject","inLanguage":"it-IT","@id":"https:\/\/www.belle.si\/it\/izdelek\/sublime-silver-komplet-za-sive-lase\/#primaryimage","url":"https:\/\/www.belle.si\/wp-content\/uploads\/2025\/04\/Sublime_silver_sivi_lasje.jpg","contentUrl":"https:\/\/www.belle.si\/wp-content\/uploads\/2025\/04\/Sublime_silver_sivi_lasje.jpg","width":616,"height":616,"caption":"Poenoti barvo sivih las"},{"@type":"BreadcrumbList","@id":"https:\/\/www.belle.si\/it\/izdelek\/sublime-silver-komplet-za-sive-lase\/#breadcrumb","itemListElement":[{"@type":"ListItem","position":1,"name":"Home","item":"https:\/\/www.belle.si\/it\/"},{"@type":"ListItem","position":2,"name":"Trgovina","item":"https:\/\/www.belle.si\/trgovina\/"},{"@type":"ListItem","position":3,"name":"Sublime Silver komplet za sive lase"}]},{"@type":"WebSite","@id":"https:\/\/www.belle.si\/it\/#website","url":"https:\/\/www.belle.si\/it\/","name":"Belle.si kozmeti\u010dna trgovina","description":"","publisher":{"@id":"https:\/\/www.belle.si\/it\/#organization"},"potentialAction":[{"@type":"SearchAction","target":{"@type":"EntryPoint","urlTemplate":"https:\/\/www.belle.si\/it\/?s={search_term_string}"},"query-input":{"@type":"PropertyValueSpecification","valueRequired":true,"valueName":"search_term_string"}}],"inLanguage":"it-IT"},{"@type":"Organization","@id":"https:\/\/www.belle.si\/it\/#organization","name":"Belle.si kozmeti\u010dna trgovina","url":"https:\/\/www.belle.si\/it\/","logo":{"@type":"ImageObject","inLanguage":"it-IT","@id":"https:\/\/www.belle.si\/it\/#\/schema\/logo\/image\/","url":"https:\/\/www.belle.si\/wp-content\/uploads\/2022\/10\/cropped-logo_belle_trgovina.png","contentUrl":"https:\/\/www.belle.si\/wp-content\/uploads\/2022\/10\/cropped-logo_belle_trgovina.png","width":270,"height":135,"caption":"Belle.si kozmeti\u010dna trgovina"},"image":{"@id":"https:\/\/www.belle.si\/it\/#\/schema\/logo\/image\/"},"sameAs":["https:\/\/www.facebook.com\/belle.si.cosmetics\/","https:\/\/www.instagram.com\/belle.si.cosmetics\/"]}]}},"uagb_featured_image_src":{"full":["https:\/\/www.belle.si\/wp-content\/uploads\/2025\/04\/Sublime_silver_sivi_lasje.jpg",616,616,false],"thumbnail":["https:\/\/www.belle.si\/wp-content\/uploads\/2025\/04\/Sublime_silver_sivi_lasje-150x150.jpg",150,150,true],"medium":["https:\/\/www.belle.si\/wp-content\/uploads\/2025\/04\/Sublime_silver_sivi_lasje-300x300.jpg",300,300,true],"medium_large":["https:\/\/www.belle.si\/wp-content\/uploads\/2025\/04\/Sublime_silver_sivi_lasje.jpg",616,616,false],"large":["https:\/\/www.belle.si\/wp-content\/uploads\/2025\/04\/Sublime_silver_sivi_lasje.jpg",616,616,false],"1536x1536":["https:\/\/www.belle.si\/wp-content\/uploads\/2025\/04\/Sublime_silver_sivi_lasje.jpg",616,616,false],"2048x2048":["https:\/\/www.belle.si\/wp-content\/uploads\/2025\/04\/Sublime_silver_sivi_lasje.jpg",616,616,false],"mailpoet_newsletter_max":["https:\/\/www.belle.si\/wp-content\/uploads\/2025\/04\/Sublime_silver_sivi_lasje.jpg",616,616,false],"woocommerce_thumbnail":["https:\/\/www.belle.si\/wp-content\/uploads\/2025\/04\/Sublime_silver_sivi_lasje-300x300.jpg",300,300,true],"woocommerce_single":["https:\/\/www.belle.si\/wp-content\/uploads\/2025\/04\/Sublime_silver_sivi_lasje-600x600.jpg",600,600,true],"woocommerce_gallery_thumbnail":["https:\/\/www.belle.si\/wp-content\/uploads\/2025\/04\/Sublime_silver_sivi_lasje-100x100.jpg",100,100,true]},"uagb_author_info":{"display_name":"taja","author_link":"https:\/\/www.belle.si\/it\/author\/"},"uagb_comment_info":0,"uagb_excerpt":"Sublime silver komplet poenoti sivo barvo las. \u0160ampon in balzam z vijoli\u010dnimi pigmenti poenoti in o\u017eivi sijaj sivih in belih las. Ne\u017eno neguje suhe lase, hkrati pa nevtralizira rumene odtenke za \u017eivahno barvo in lepe lase. Navodila za uporabo. Na mokre lase nanesite \u0161ampon in ga enakomerno porazdelite po celotni povr\u0161ini. Ne\u017eno vmasirajte v lasi\u0161\u010de.&hellip;","_links":{"self":[{"href":"https:\/\/www.belle.si\/it\/wp-json\/wp\/v2\/product\/102694","targetHints":{"allow":["GET"]}}],"collection":[{"href":"https:\/\/www.belle.si\/it\/wp-json\/wp\/v2\/product"}],"about":[{"href":"https:\/\/www.belle.si\/it\/wp-json\/wp\/v2\/types\/product"}],"replies":[{"embeddable":true,"href":"https:\/\/www.belle.si\/it\/wp-json\/wp\/v2\/comments?post=102694"}],"wp:featuredmedia":[{"embeddable":true,"href":"https:\/\/www.belle.si\/it\/wp-json\/wp\/v2\/media\/102695"}],"wp:attachment":[{"href":"https:\/\/www.belle.si\/it\/wp-json\/wp\/v2\/media?parent=102694"}],"wp:term":[{"taxonomy":"product_brand","embeddable":true,"href":"https:\/\/www.belle.si\/it\/wp-json\/wp\/v2\/product_brand?post=102694"},{"taxonomy":"product_cat","embeddable":true,"href":"https:\/\/www.belle.si\/it\/wp-json\/wp\/v2\/product_cat?post=102694"},{"taxonomy":"product_tag","embeddable":true,"href":"https:\/\/www.belle.si\/it\/wp-json\/wp\/v2\/product_tag?post=102694"}],"curies":[{"name":"wp","href":"https:\/\/api.w.org\/{rel}","templated":true}]}}