{"id":102157,"date":"2023-09-06T11:56:20","date_gmt":"2023-09-06T09:56:20","guid":{"rendered":"https:\/\/belle.zabica.org\/izdelek\/za-hitrejso-rast-las-komplet-se-ceneje-2x1l\/"},"modified":"2024-10-02T22:19:07","modified_gmt":"2024-10-02T20:19:07","slug":"za-hitrejso-rast-las-komplet-se-ceneje-2x1l","status":"publish","type":"product","link":"https:\/\/www.belle.si\/it\/izdelek\/za-hitrejso-rast-las-komplet-se-ceneje-2x1l\/","title":{"rendered":"Za hitrej\u0161o rast las, komplet \u0161e ceneje 2x1L"},"content":{"rendered":"<h3>Hair Bell komplet za hitrjo rast lepih, mo\u010dnih in bolj gostih las.<\/h3>\n<h3>30 let prisotno na trgu in zagotovljeno deluje.<\/h3>\n<p><strong>Komu je komplet namenjen?<\/strong><\/p>\n<p>Komplet je primeren za mo\u0161ke in \u017eenske, ki \u017eelijo polep\u0161ati videz las, jih oja\u010dati, narediti bolj goste in pospe\u0161iti njihovo rast.<\/p>\n<p>Kaj komplet vsebuje?<\/p>\n<ul>\n<li><strong>\u0161ampon Hair Bell 1000ml<\/strong><\/li>\n<li><strong>Balzam-aktivator 1000ml<\/strong><strong><br \/>\n<\/strong><\/li>\n<\/ul>\n<p>Naravne u\u010dinkovine v kompletu oja\u010dajo lase, jim omogo\u010dajo, da hitreje rastejo in prepre\u010dujejo lomplenje in cepljenje las.<\/p>\n<p><span lang=\"sl-SI\">\u0160ampon in balzam<\/span> vsebuje<span lang=\"sl-SI\"> visoko koncentrirano me\u0161anico naravno prisotnih beljakovin, ki so nujne za zdrave lase in podpirajo njihovo rast:<\/span><\/p>\n<ul>\n<li><span lang=\"sl-SI\">hitin<\/span><\/li>\n<li><span lang=\"sl-SI\">hidrolizirani keratin<\/span><\/li>\n<li>sojine proteine<\/li>\n<li>izvle\u010dke jaj\u010dnih lupin<\/li>\n<\/ul>\n<p><span lang=\"sl-SI\">Kombinacijo sestavin \u0161e podkrepi vitamin B6 (piridoksin), kateri je klju\u010den pri presnovi beljakovin, ki jih rabijo lasje.<br \/>\n<\/span><\/p>\n<p>Maska vsebuje aktivator za last las in negovalno karitejevo maslo za sijo\u010de in lepe lase.<\/p>\n<p>Navodila za uporabo<\/p>\n<p>\u0160ampon in balzam-aktivator uporabljajte 2x do 3x na teden. \u0160ampon in nato balzam vrtite v lase in lasi\u0161\u010de. Pri tem ne drgnite premo\u010dno, da ne potrgate tanj\u0161ih in \u0161ibkej\u0161ih las. Ti lasje se bojo z redno uporabo zrasli in se oja\u010dali. Po tem na mokre lase nanestite \u0161e masko, ki vsebuje aktivator rasti in omogo\u010da, da lase la\u017eje oblikujemo. Vse izdelke pustite na laseh in lasi\u0161\u010du 2 do 3 minute pred izpiranjem z mla\u010dno vodo. Lase su\u0161ite na srednji temparaturi in ne drgnite jih premo\u010dno z brisa\u010do.<\/p>\n<p>Proizvedeno v Franciji<\/p>\n<p><b><span class=\"\">\u0160HAMPON<\/span><\/b><span class=\"\"> : AQUA, SODIUM COCO-SULFATE, COCAMIDOPROPYL BETAINE, CAPRYLYL\/CAPRYL GLUCOSIDE, GLYCERIN, ACRYLATES\/BEHENETH-25 METHACRYLATE COPOLYMER, SODIUM HYALURONATE CROSSPOLYMER, GLYCINE SOJA GERM EXTRACT, TRITICUM VULGARE GERM EXTRACT, SCUTELLARIA BAICALENSIS ROOT EXTRACT, PANTHENOL, PYRIDOXINE HCL , GLUCONOLACTONE, CALCIUM GLUCONATE, TOCOPHERYL ACETATE, ARGININE, GLYCERYL OLEATE, COCO-GLUCOSIDE, PROPANEDIOL, PENTYLENE GLYCOL, PARFUM, TRIETHYL CITRATE, SODIUM CHLORIDE, LACTIC ACID, SODIUM BENZOATE, BENZYL ALCOHOL, ETHYLHEXYLGLYCERIN, BENZOIC ACID, DEHYDROACETIC ACID, SODIUM HYDROXIDE, COUMARIN.<\/span><\/p>\n<p><b>BALZAM<\/b> : AQUA, CETEARYL ALCOHOL, BUTYROSPERMUM PARKII BUTTER, GLYCINE SOJA OIL, COCOS NUCIFERA OIL, GLYCERIN, DISTEAROYLETHYL DIMONIUM CHLORIDE, CETEARYL GLUCOSIDE, GLYCERYL STEARATE, SODIUM HYALURONATE CROSSPOLYMER, ARGANIA SPINOSA KERNEL OIL, LARIA BAICALENSIS ROOT EXTRACT, GLYCINE SOJA GERM EXTRACT, TRITICUM VULGARE GERM EXTRACT, PANTHENOL, TOCOPHERYL ACETATE, PYRIDOXINE HCL, GLUCONOLACTONE, CALCIUM GLUCONATE, ARGININE, PENTYLENE GLYCOL, PROPANEDIOL, LACTIC ACID, PARFUM, SODIUM BENZOATE, POTASSIUM SORBATE, BENZYL ALCOHOL, DEHYDROACETIC ACID, CITRIC ACID, COUMARIN.<\/p>\n","protected":false},"excerpt":{"rendered":"<p>Hair Bell komplet za hitrjo rast lepih, mo\u010dnih in bolj gostih las. 30 let prisotno na trgu in zagotovljeno deluje. Komu je komplet namenjen? Komplet je primeren za mo\u0161ke in \u017eenske, ki \u017eelijo polep\u0161ati videz las, jih oja\u010dati, narediti bolj goste in pospe\u0161iti njihovo rast. Kaj komplet vsebuje? \u0161ampon Hair Bell 1000ml Balzam-aktivator 1000ml Naravne [&hellip;]<\/p>\n","protected":false},"featured_media":102064,"comment_status":"closed","ping_status":"closed","template":"","meta":{"_uag_custom_page_level_css":"","_monsterinsights_skip_tracking":false,"_monsterinsights_sitenote_active":false,"_monsterinsights_sitenote_note":"","_monsterinsights_sitenote_category":0,"site-sidebar-layout":"default","site-content-layout":"","ast-site-content-layout":"default","site-content-style":"default","site-sidebar-style":"default","ast-global-header-display":"","ast-banner-title-visibility":"","ast-main-header-display":"","ast-hfb-above-header-display":"","ast-hfb-below-header-display":"","ast-hfb-mobile-header-display":"","site-post-title":"","ast-breadcrumbs-content":"","ast-featured-img":"","footer-sml-layout":"","ast-disable-related-posts":"","theme-transparent-header-meta":"default","adv-header-id-meta":"","stick-header-meta":"","header-above-stick-meta":"","header-main-stick-meta":"","header-below-stick-meta":"","astra-migrate-meta-layouts":"set","ast-page-background-enabled":"default","ast-page-background-meta":{"desktop":{"background-color":"var(--ast-global-color-4)","background-image":"","background-repeat":"repeat","background-position":"center center","background-size":"auto","background-attachment":"scroll","background-type":"","background-media":"","overlay-type":"","overlay-color":"","overlay-opacity":"","overlay-gradient":""},"tablet":{"background-color":"","background-image":"","background-repeat":"repeat","background-position":"center center","background-size":"auto","background-attachment":"scroll","background-type":"","background-media":"","overlay-type":"","overlay-color":"","overlay-opacity":"","overlay-gradient":""},"mobile":{"background-color":"","background-image":"","background-repeat":"repeat","background-position":"center center","background-size":"auto","background-attachment":"scroll","background-type":"","background-media":"","overlay-type":"","overlay-color":"","overlay-opacity":"","overlay-gradient":""}},"ast-content-background-meta":{"desktop":{"background-color":"var(--ast-global-color-5)","background-image":"","background-repeat":"repeat","background-position":"center center","background-size":"auto","background-attachment":"scroll","background-type":"","background-media":"","overlay-type":"","overlay-color":"","overlay-opacity":"","overlay-gradient":""},"tablet":{"background-color":"var(--ast-global-color-5)","background-image":"","background-repeat":"repeat","background-position":"center center","background-size":"auto","background-attachment":"scroll","background-type":"","background-media":"","overlay-type":"","overlay-color":"","overlay-opacity":"","overlay-gradient":""},"mobile":{"background-color":"var(--ast-global-color-5)","background-image":"","background-repeat":"repeat","background-position":"center center","background-size":"auto","background-attachment":"scroll","background-type":"","background-media":"","overlay-type":"","overlay-color":"","overlay-opacity":"","overlay-gradient":""}}},"product_brand":[],"product_cat":[51,43,44,46,45],"product_tag":[],"class_list":{"0":"post-102157","1":"product","2":"type-product","3":"status-publish","4":"has-post-thumbnail","6":"product_cat-darila","7":"product_cat-nega-za-lase","8":"product_cat-proti-izpadanju","9":"product_cat-za-lepe-lase","10":"product_cat-za-mocne-lase","11":"desktop-align-left","12":"tablet-align-left","13":"mobile-align-left","14":"ast-product-gallery-layout-first-image-large","15":"ast-product-gallery-with-no-image","16":"ast-magnify-disabled","17":"ast-product-tabs-layout-horizontal","19":"first","20":"instock","21":"taxable","22":"shipping-taxable","23":"purchasable","24":"product-type-simple"},"yoast_head":"<!-- This site is optimized with the Yoast SEO plugin v26.9 - https:\/\/yoast.com\/product\/yoast-seo-wordpress\/ -->\n<title>Za hitrej\u0161o rast las, komplet \u0161e ceneje 2x1L - Belle.si kozmeti\u010dna trgovina<\/title>\n<meta name=\"robots\" content=\"index, follow, max-snippet:-1, max-image-preview:large, max-video-preview:-1\" \/>\n<link rel=\"canonical\" href=\"https:\/\/www.belle.si\/it\/izdelek\/za-hitrejso-rast-las-komplet-se-ceneje-2x1l\/\" \/>\n<meta property=\"og:locale\" content=\"it_IT\" \/>\n<meta property=\"og:type\" content=\"article\" \/>\n<meta property=\"og:title\" content=\"Za hitrej\u0161o rast las, komplet \u0161e ceneje 2x1L - Belle.si kozmeti\u010dna trgovina\" \/>\n<meta property=\"og:description\" content=\"Hair Bell komplet za hitrjo rast lepih, mo\u010dnih in bolj gostih las. 30 let prisotno na trgu in zagotovljeno deluje. Komu je komplet namenjen? Komplet je primeren za mo\u0161ke in \u017eenske, ki \u017eelijo polep\u0161ati videz las, jih oja\u010dati, narediti bolj goste in pospe\u0161iti njihovo rast. Kaj komplet vsebuje? \u0161ampon Hair Bell 1000ml Balzam-aktivator 1000ml Naravne [&hellip;]\" \/>\n<meta property=\"og:url\" content=\"https:\/\/www.belle.si\/it\/izdelek\/za-hitrejso-rast-las-komplet-se-ceneje-2x1l\/\" \/>\n<meta property=\"og:site_name\" content=\"Belle.si kozmeti\u010dna trgovina\" \/>\n<meta property=\"article:publisher\" content=\"https:\/\/www.facebook.com\/belle.si.cosmetics\/\" \/>\n<meta property=\"article:modified_time\" content=\"2024-10-02T20:19:07+00:00\" \/>\n<meta property=\"og:image\" content=\"https:\/\/www.belle.si\/wp-content\/uploads\/2023\/11\/komplet_hairbell_1l.jpg\" \/>\n\t<meta property=\"og:image:width\" content=\"616\" \/>\n\t<meta property=\"og:image:height\" content=\"616\" \/>\n\t<meta property=\"og:image:type\" content=\"image\/jpeg\" \/>\n<meta name=\"twitter:card\" content=\"summary_large_image\" \/>\n<meta name=\"twitter:label1\" content=\"Tempo di lettura stimato\" \/>\n\t<meta name=\"twitter:data1\" content=\"3 minuti\" \/>\n<script type=\"application\/ld+json\" class=\"yoast-schema-graph\">{\"@context\":\"https:\/\/schema.org\",\"@graph\":[{\"@type\":\"WebPage\",\"@id\":\"https:\/\/www.belle.si\/it\/izdelek\/za-hitrejso-rast-las-komplet-se-ceneje-2x1l\/\",\"url\":\"https:\/\/www.belle.si\/it\/izdelek\/za-hitrejso-rast-las-komplet-se-ceneje-2x1l\/\",\"name\":\"Za hitrej\u0161o rast las, komplet \u0161e ceneje 2x1L - Belle.si kozmeti\u010dna trgovina\",\"isPartOf\":{\"@id\":\"https:\/\/www.belle.si\/it\/#website\"},\"primaryImageOfPage\":{\"@id\":\"https:\/\/www.belle.si\/it\/izdelek\/za-hitrejso-rast-las-komplet-se-ceneje-2x1l\/#primaryimage\"},\"image\":{\"@id\":\"https:\/\/www.belle.si\/it\/izdelek\/za-hitrejso-rast-las-komplet-se-ceneje-2x1l\/#primaryimage\"},\"thumbnailUrl\":\"https:\/\/www.belle.si\/wp-content\/uploads\/2023\/11\/komplet_hairbell_1l.jpg\",\"datePublished\":\"2023-09-06T09:56:20+00:00\",\"dateModified\":\"2024-10-02T20:19:07+00:00\",\"breadcrumb\":{\"@id\":\"https:\/\/www.belle.si\/it\/izdelek\/za-hitrejso-rast-las-komplet-se-ceneje-2x1l\/#breadcrumb\"},\"inLanguage\":\"it-IT\",\"potentialAction\":[{\"@type\":\"ReadAction\",\"target\":[\"https:\/\/www.belle.si\/it\/izdelek\/za-hitrejso-rast-las-komplet-se-ceneje-2x1l\/\"]}]},{\"@type\":\"ImageObject\",\"inLanguage\":\"it-IT\",\"@id\":\"https:\/\/www.belle.si\/it\/izdelek\/za-hitrejso-rast-las-komplet-se-ceneje-2x1l\/#primaryimage\",\"url\":\"https:\/\/www.belle.si\/wp-content\/uploads\/2023\/11\/komplet_hairbell_1l.jpg\",\"contentUrl\":\"https:\/\/www.belle.si\/wp-content\/uploads\/2023\/11\/komplet_hairbell_1l.jpg\",\"width\":616,\"height\":616,\"caption\":\"Komplet za hitrej\u0161o rast las 1l Hair Bell\"},{\"@type\":\"BreadcrumbList\",\"@id\":\"https:\/\/www.belle.si\/it\/izdelek\/za-hitrejso-rast-las-komplet-se-ceneje-2x1l\/#breadcrumb\",\"itemListElement\":[{\"@type\":\"ListItem\",\"position\":1,\"name\":\"Home\",\"item\":\"https:\/\/www.belle.si\/it\/\"},{\"@type\":\"ListItem\",\"position\":2,\"name\":\"Trgovina\",\"item\":\"https:\/\/www.belle.si\/trgovina\/\"},{\"@type\":\"ListItem\",\"position\":3,\"name\":\"Za hitrej\u0161o rast las, komplet \u0161e ceneje 2x1L\"}]},{\"@type\":\"WebSite\",\"@id\":\"https:\/\/www.belle.si\/it\/#website\",\"url\":\"https:\/\/www.belle.si\/it\/\",\"name\":\"Belle.si kozmeti\u010dna trgovina\",\"description\":\"\",\"publisher\":{\"@id\":\"https:\/\/www.belle.si\/it\/#organization\"},\"potentialAction\":[{\"@type\":\"SearchAction\",\"target\":{\"@type\":\"EntryPoint\",\"urlTemplate\":\"https:\/\/www.belle.si\/it\/?s={search_term_string}\"},\"query-input\":{\"@type\":\"PropertyValueSpecification\",\"valueRequired\":true,\"valueName\":\"search_term_string\"}}],\"inLanguage\":\"it-IT\"},{\"@type\":\"Organization\",\"@id\":\"https:\/\/www.belle.si\/it\/#organization\",\"name\":\"Belle.si kozmeti\u010dna trgovina\",\"url\":\"https:\/\/www.belle.si\/it\/\",\"logo\":{\"@type\":\"ImageObject\",\"inLanguage\":\"it-IT\",\"@id\":\"https:\/\/www.belle.si\/it\/#\/schema\/logo\/image\/\",\"url\":\"https:\/\/www.belle.si\/wp-content\/uploads\/2022\/10\/cropped-logo_belle_trgovina.png\",\"contentUrl\":\"https:\/\/www.belle.si\/wp-content\/uploads\/2022\/10\/cropped-logo_belle_trgovina.png\",\"width\":270,\"height\":135,\"caption\":\"Belle.si kozmeti\u010dna trgovina\"},\"image\":{\"@id\":\"https:\/\/www.belle.si\/it\/#\/schema\/logo\/image\/\"},\"sameAs\":[\"https:\/\/www.facebook.com\/belle.si.cosmetics\/\",\"https:\/\/www.instagram.com\/belle.si.cosmetics\/\"]}]}<\/script>\n<!-- \/ Yoast SEO plugin. -->","yoast_head_json":{"title":"Za hitrej\u0161o rast las, komplet \u0161e ceneje 2x1L - Belle.si kozmeti\u010dna trgovina","robots":{"index":"index","follow":"follow","max-snippet":"max-snippet:-1","max-image-preview":"max-image-preview:large","max-video-preview":"max-video-preview:-1"},"canonical":"https:\/\/www.belle.si\/it\/izdelek\/za-hitrejso-rast-las-komplet-se-ceneje-2x1l\/","og_locale":"it_IT","og_type":"article","og_title":"Za hitrej\u0161o rast las, komplet \u0161e ceneje 2x1L - Belle.si kozmeti\u010dna trgovina","og_description":"Hair Bell komplet za hitrjo rast lepih, mo\u010dnih in bolj gostih las. 30 let prisotno na trgu in zagotovljeno deluje. Komu je komplet namenjen? Komplet je primeren za mo\u0161ke in \u017eenske, ki \u017eelijo polep\u0161ati videz las, jih oja\u010dati, narediti bolj goste in pospe\u0161iti njihovo rast. Kaj komplet vsebuje? \u0161ampon Hair Bell 1000ml Balzam-aktivator 1000ml Naravne [&hellip;]","og_url":"https:\/\/www.belle.si\/it\/izdelek\/za-hitrejso-rast-las-komplet-se-ceneje-2x1l\/","og_site_name":"Belle.si kozmeti\u010dna trgovina","article_publisher":"https:\/\/www.facebook.com\/belle.si.cosmetics\/","article_modified_time":"2024-10-02T20:19:07+00:00","og_image":[{"width":616,"height":616,"url":"https:\/\/www.belle.si\/wp-content\/uploads\/2023\/11\/komplet_hairbell_1l.jpg","type":"image\/jpeg"}],"twitter_card":"summary_large_image","twitter_misc":{"Tempo di lettura stimato":"3 minuti"},"schema":{"@context":"https:\/\/schema.org","@graph":[{"@type":"WebPage","@id":"https:\/\/www.belle.si\/it\/izdelek\/za-hitrejso-rast-las-komplet-se-ceneje-2x1l\/","url":"https:\/\/www.belle.si\/it\/izdelek\/za-hitrejso-rast-las-komplet-se-ceneje-2x1l\/","name":"Za hitrej\u0161o rast las, komplet \u0161e ceneje 2x1L - Belle.si kozmeti\u010dna trgovina","isPartOf":{"@id":"https:\/\/www.belle.si\/it\/#website"},"primaryImageOfPage":{"@id":"https:\/\/www.belle.si\/it\/izdelek\/za-hitrejso-rast-las-komplet-se-ceneje-2x1l\/#primaryimage"},"image":{"@id":"https:\/\/www.belle.si\/it\/izdelek\/za-hitrejso-rast-las-komplet-se-ceneje-2x1l\/#primaryimage"},"thumbnailUrl":"https:\/\/www.belle.si\/wp-content\/uploads\/2023\/11\/komplet_hairbell_1l.jpg","datePublished":"2023-09-06T09:56:20+00:00","dateModified":"2024-10-02T20:19:07+00:00","breadcrumb":{"@id":"https:\/\/www.belle.si\/it\/izdelek\/za-hitrejso-rast-las-komplet-se-ceneje-2x1l\/#breadcrumb"},"inLanguage":"it-IT","potentialAction":[{"@type":"ReadAction","target":["https:\/\/www.belle.si\/it\/izdelek\/za-hitrejso-rast-las-komplet-se-ceneje-2x1l\/"]}]},{"@type":"ImageObject","inLanguage":"it-IT","@id":"https:\/\/www.belle.si\/it\/izdelek\/za-hitrejso-rast-las-komplet-se-ceneje-2x1l\/#primaryimage","url":"https:\/\/www.belle.si\/wp-content\/uploads\/2023\/11\/komplet_hairbell_1l.jpg","contentUrl":"https:\/\/www.belle.si\/wp-content\/uploads\/2023\/11\/komplet_hairbell_1l.jpg","width":616,"height":616,"caption":"Komplet za hitrej\u0161o rast las 1l Hair Bell"},{"@type":"BreadcrumbList","@id":"https:\/\/www.belle.si\/it\/izdelek\/za-hitrejso-rast-las-komplet-se-ceneje-2x1l\/#breadcrumb","itemListElement":[{"@type":"ListItem","position":1,"name":"Home","item":"https:\/\/www.belle.si\/it\/"},{"@type":"ListItem","position":2,"name":"Trgovina","item":"https:\/\/www.belle.si\/trgovina\/"},{"@type":"ListItem","position":3,"name":"Za hitrej\u0161o rast las, komplet \u0161e ceneje 2x1L"}]},{"@type":"WebSite","@id":"https:\/\/www.belle.si\/it\/#website","url":"https:\/\/www.belle.si\/it\/","name":"Belle.si kozmeti\u010dna trgovina","description":"","publisher":{"@id":"https:\/\/www.belle.si\/it\/#organization"},"potentialAction":[{"@type":"SearchAction","target":{"@type":"EntryPoint","urlTemplate":"https:\/\/www.belle.si\/it\/?s={search_term_string}"},"query-input":{"@type":"PropertyValueSpecification","valueRequired":true,"valueName":"search_term_string"}}],"inLanguage":"it-IT"},{"@type":"Organization","@id":"https:\/\/www.belle.si\/it\/#organization","name":"Belle.si kozmeti\u010dna trgovina","url":"https:\/\/www.belle.si\/it\/","logo":{"@type":"ImageObject","inLanguage":"it-IT","@id":"https:\/\/www.belle.si\/it\/#\/schema\/logo\/image\/","url":"https:\/\/www.belle.si\/wp-content\/uploads\/2022\/10\/cropped-logo_belle_trgovina.png","contentUrl":"https:\/\/www.belle.si\/wp-content\/uploads\/2022\/10\/cropped-logo_belle_trgovina.png","width":270,"height":135,"caption":"Belle.si kozmeti\u010dna trgovina"},"image":{"@id":"https:\/\/www.belle.si\/it\/#\/schema\/logo\/image\/"},"sameAs":["https:\/\/www.facebook.com\/belle.si.cosmetics\/","https:\/\/www.instagram.com\/belle.si.cosmetics\/"]}]}},"uagb_featured_image_src":{"full":["https:\/\/www.belle.si\/wp-content\/uploads\/2023\/11\/komplet_hairbell_1l.jpg",616,616,false],"thumbnail":["https:\/\/www.belle.si\/wp-content\/uploads\/2023\/11\/komplet_hairbell_1l-150x150.jpg",150,150,true],"medium":["https:\/\/www.belle.si\/wp-content\/uploads\/2023\/11\/komplet_hairbell_1l-300x300.jpg",300,300,true],"medium_large":["https:\/\/www.belle.si\/wp-content\/uploads\/2023\/11\/komplet_hairbell_1l.jpg",616,616,false],"large":["https:\/\/www.belle.si\/wp-content\/uploads\/2023\/11\/komplet_hairbell_1l.jpg",616,616,false],"1536x1536":["https:\/\/www.belle.si\/wp-content\/uploads\/2023\/11\/komplet_hairbell_1l.jpg",616,616,false],"2048x2048":["https:\/\/www.belle.si\/wp-content\/uploads\/2023\/11\/komplet_hairbell_1l.jpg",616,616,false],"mailpoet_newsletter_max":["https:\/\/www.belle.si\/wp-content\/uploads\/2023\/11\/komplet_hairbell_1l.jpg",616,616,false],"woocommerce_thumbnail":["https:\/\/www.belle.si\/wp-content\/uploads\/2023\/11\/komplet_hairbell_1l-300x300.jpg",300,300,true],"woocommerce_single":["https:\/\/www.belle.si\/wp-content\/uploads\/2023\/11\/komplet_hairbell_1l-600x600.jpg",600,600,true],"woocommerce_gallery_thumbnail":["https:\/\/www.belle.si\/wp-content\/uploads\/2023\/11\/komplet_hairbell_1l-100x100.jpg",100,100,true]},"uagb_author_info":{"display_name":"dejan","author_link":"https:\/\/www.belle.si\/it\/author\/"},"uagb_comment_info":0,"uagb_excerpt":"Hair Bell komplet za hitrjo rast lepih, mo\u010dnih in bolj gostih las. 30 let prisotno na trgu in zagotovljeno deluje. Komu je komplet namenjen? Komplet je primeren za mo\u0161ke in \u017eenske, ki \u017eelijo polep\u0161ati videz las, jih oja\u010dati, narediti bolj goste in pospe\u0161iti njihovo rast. Kaj komplet vsebuje? \u0161ampon Hair Bell 1000ml Balzam-aktivator 1000ml Naravne&hellip;","_links":{"self":[{"href":"https:\/\/www.belle.si\/it\/wp-json\/wp\/v2\/product\/102157","targetHints":{"allow":["GET"]}}],"collection":[{"href":"https:\/\/www.belle.si\/it\/wp-json\/wp\/v2\/product"}],"about":[{"href":"https:\/\/www.belle.si\/it\/wp-json\/wp\/v2\/types\/product"}],"replies":[{"embeddable":true,"href":"https:\/\/www.belle.si\/it\/wp-json\/wp\/v2\/comments?post=102157"}],"wp:featuredmedia":[{"embeddable":true,"href":"https:\/\/www.belle.si\/it\/wp-json\/wp\/v2\/media\/102064"}],"wp:attachment":[{"href":"https:\/\/www.belle.si\/it\/wp-json\/wp\/v2\/media?parent=102157"}],"wp:term":[{"taxonomy":"product_brand","embeddable":true,"href":"https:\/\/www.belle.si\/it\/wp-json\/wp\/v2\/product_brand?post=102157"},{"taxonomy":"product_cat","embeddable":true,"href":"https:\/\/www.belle.si\/it\/wp-json\/wp\/v2\/product_cat?post=102157"},{"taxonomy":"product_tag","embeddable":true,"href":"https:\/\/www.belle.si\/it\/wp-json\/wp\/v2\/product_tag?post=102157"}],"curies":[{"name":"wp","href":"https:\/\/api.w.org\/{rel}","templated":true}]}}