{"id":102112,"date":"2021-11-03T13:10:31","date_gmt":"2021-11-03T12:10:31","guid":{"rendered":"https:\/\/belle.zabica.org\/izdelek\/balzam-po-britju-olive-2\/"},"modified":"2024-01-11T16:39:43","modified_gmt":"2024-01-11T15:39:43","slug":"balzam-po-britju-olive-2","status":"publish","type":"product","link":"https:\/\/www.belle.si\/it\/izdelek\/balzam-po-britju-olive-2\/","title":{"rendered":"Balzam po britju Olive Greenyard"},"content":{"rendered":"<p>Balzam po britju na osnovi devi\u0161kega olj\u010dnega olja in olj\u010dnih listov s Krete, z dodatkom jane\u017ea in kamilice.<\/p>\n<p>BALZAM Z OLJ\u010cNIM OLJEM KO\u017dO POMIRI, NAVLA\u017dI IN JI VRNE PRO\u017dNOST<\/p>\n<p>Balzam po britju pu\u0161\u010da na ko\u017ei lahkoten in sve\u017e ob\u010dute, je ne masti in ne pu\u0161\u010da sijo\u010dega sloja. Pantenol in alatoin ko\u017eo pomirita in navla\u017eita, ji povrneta elasti\u010dnost in gladkost. Dodatek jane\u017ea, kamilice, nepozebnika in bisabolola zdravi pordelost, razdra\u017eenost in peko\u010di ob\u010dutek po britju ter zdravi vreznine in po\u0161kodbe na ko\u017ei. Mentol daje ob\u010dutek sve\u017eine.<\/p>\n<p>Z balzamom po britju Olive je ko\u017ea spet gladka, zdrava in sijo\u010da.<\/p>\n<p>DERMATOLO\u0160KO TESTIRANO<\/p>\n<p>NI BILO TESTIRANO NA \u017dIVALIH<\/p>\n<p>OKOLJU PRIJAZNO<\/p>\n","protected":false},"excerpt":{"rendered":"<p>Balzam po britju na osnovi devi\u0161kega olj\u010dnega olja in olj\u010dnih listov s Krete, z dodatkom jane\u017ea in kamilice. BALZAM Z OLJ\u010cNIM OLJEM KO\u017dO POMIRI, NAVLA\u017dI IN JI VRNE PRO\u017dNOST Balzam po britju pu\u0161\u010da na ko\u017ei lahkoten in sve\u017e ob\u010dute, je ne masti in ne pu\u0161\u010da sijo\u010dega sloja. Pantenol in alatoin ko\u017eo pomirita in navla\u017eita, ji [&hellip;]<\/p>\n","protected":false},"featured_media":102113,"comment_status":"closed","ping_status":"closed","template":"","meta":{"_uag_custom_page_level_css":"","_monsterinsights_skip_tracking":false,"_monsterinsights_sitenote_active":false,"_monsterinsights_sitenote_note":"","_monsterinsights_sitenote_category":0,"site-sidebar-layout":"default","site-content-layout":"","ast-site-content-layout":"default","site-content-style":"default","site-sidebar-style":"default","ast-global-header-display":"","ast-banner-title-visibility":"","ast-main-header-display":"","ast-hfb-above-header-display":"","ast-hfb-below-header-display":"","ast-hfb-mobile-header-display":"","site-post-title":"","ast-breadcrumbs-content":"","ast-featured-img":"","footer-sml-layout":"","ast-disable-related-posts":"","theme-transparent-header-meta":"","adv-header-id-meta":"","stick-header-meta":"","header-above-stick-meta":"","header-main-stick-meta":"","header-below-stick-meta":"","astra-migrate-meta-layouts":"default","ast-page-background-enabled":"default","ast-page-background-meta":{"desktop":{"background-color":"var(--ast-global-color-4)","background-image":"","background-repeat":"repeat","background-position":"center center","background-size":"auto","background-attachment":"scroll","background-type":"","background-media":"","overlay-type":"","overlay-color":"","overlay-opacity":"","overlay-gradient":""},"tablet":{"background-color":"","background-image":"","background-repeat":"repeat","background-position":"center center","background-size":"auto","background-attachment":"scroll","background-type":"","background-media":"","overlay-type":"","overlay-color":"","overlay-opacity":"","overlay-gradient":""},"mobile":{"background-color":"","background-image":"","background-repeat":"repeat","background-position":"center center","background-size":"auto","background-attachment":"scroll","background-type":"","background-media":"","overlay-type":"","overlay-color":"","overlay-opacity":"","overlay-gradient":""}},"ast-content-background-meta":{"desktop":{"background-color":"var(--ast-global-color-5)","background-image":"","background-repeat":"repeat","background-position":"center center","background-size":"auto","background-attachment":"scroll","background-type":"","background-media":"","overlay-type":"","overlay-color":"","overlay-opacity":"","overlay-gradient":""},"tablet":{"background-color":"var(--ast-global-color-5)","background-image":"","background-repeat":"repeat","background-position":"center center","background-size":"auto","background-attachment":"scroll","background-type":"","background-media":"","overlay-type":"","overlay-color":"","overlay-opacity":"","overlay-gradient":""},"mobile":{"background-color":"var(--ast-global-color-5)","background-image":"","background-repeat":"repeat","background-position":"center center","background-size":"auto","background-attachment":"scroll","background-type":"","background-media":"","overlay-type":"","overlay-color":"","overlay-opacity":"","overlay-gradient":""}}},"product_brand":[],"product_cat":[31],"product_tag":[],"class_list":{"0":"post-102112","1":"product","2":"type-product","3":"status-publish","4":"has-post-thumbnail","6":"product_cat-za-moske","7":"desktop-align-left","8":"tablet-align-left","9":"mobile-align-left","10":"ast-product-gallery-layout-first-image-large","11":"ast-product-gallery-with-no-image","12":"ast-magnify-disabled","13":"ast-product-tabs-layout-horizontal","15":"first","16":"outofstock","17":"taxable","18":"shipping-taxable","19":"purchasable","20":"product-type-simple"},"yoast_head":"<!-- This site is optimized with the Yoast SEO plugin v26.9 - https:\/\/yoast.com\/product\/yoast-seo-wordpress\/ -->\n<title>Balzam po britju Olive Greenyard - Belle.si kozmeti\u010dna trgovina<\/title>\n<meta name=\"robots\" content=\"index, follow, max-snippet:-1, max-image-preview:large, max-video-preview:-1\" \/>\n<link rel=\"canonical\" href=\"https:\/\/www.belle.si\/it\/izdelek\/balzam-po-britju-olive-2\/\" \/>\n<meta property=\"og:locale\" content=\"it_IT\" \/>\n<meta property=\"og:type\" content=\"article\" \/>\n<meta property=\"og:title\" content=\"Balzam po britju Olive Greenyard - Belle.si kozmeti\u010dna trgovina\" \/>\n<meta property=\"og:description\" content=\"Balzam po britju na osnovi devi\u0161kega olj\u010dnega olja in olj\u010dnih listov s Krete, z dodatkom jane\u017ea in kamilice. BALZAM Z OLJ\u010cNIM OLJEM KO\u017dO POMIRI, NAVLA\u017dI IN JI VRNE PRO\u017dNOST Balzam po britju pu\u0161\u010da na ko\u017ei lahkoten in sve\u017e ob\u010dute, je ne masti in ne pu\u0161\u010da sijo\u010dega sloja. Pantenol in alatoin ko\u017eo pomirita in navla\u017eita, ji [&hellip;]\" \/>\n<meta property=\"og:url\" content=\"https:\/\/www.belle.si\/it\/izdelek\/balzam-po-britju-olive-2\/\" \/>\n<meta property=\"og:site_name\" content=\"Belle.si kozmeti\u010dna trgovina\" \/>\n<meta property=\"article:publisher\" content=\"https:\/\/www.facebook.com\/belle.si.cosmetics\/\" \/>\n<meta property=\"article:modified_time\" content=\"2024-01-11T15:39:43+00:00\" \/>\n<meta property=\"og:image\" content=\"https:\/\/www.belle.si\/wp-content\/uploads\/2023\/11\/balzam_po_britju_olive.jpg\" \/>\n\t<meta property=\"og:image:width\" content=\"502\" \/>\n\t<meta property=\"og:image:height\" content=\"502\" \/>\n\t<meta property=\"og:image:type\" content=\"image\/jpeg\" \/>\n<meta name=\"twitter:card\" content=\"summary_large_image\" \/>\n<meta name=\"twitter:label1\" content=\"Tempo di lettura stimato\" \/>\n\t<meta name=\"twitter:data1\" content=\"1 minuto\" \/>\n<script type=\"application\/ld+json\" class=\"yoast-schema-graph\">{\"@context\":\"https:\/\/schema.org\",\"@graph\":[{\"@type\":\"WebPage\",\"@id\":\"https:\/\/www.belle.si\/it\/izdelek\/balzam-po-britju-olive-2\/\",\"url\":\"https:\/\/www.belle.si\/it\/izdelek\/balzam-po-britju-olive-2\/\",\"name\":\"Balzam po britju Olive Greenyard - Belle.si kozmeti\u010dna trgovina\",\"isPartOf\":{\"@id\":\"https:\/\/www.belle.si\/it\/#website\"},\"primaryImageOfPage\":{\"@id\":\"https:\/\/www.belle.si\/it\/izdelek\/balzam-po-britju-olive-2\/#primaryimage\"},\"image\":{\"@id\":\"https:\/\/www.belle.si\/it\/izdelek\/balzam-po-britju-olive-2\/#primaryimage\"},\"thumbnailUrl\":\"https:\/\/www.belle.si\/wp-content\/uploads\/2023\/11\/balzam_po_britju_olive.jpg\",\"datePublished\":\"2021-11-03T12:10:31+00:00\",\"dateModified\":\"2024-01-11T15:39:43+00:00\",\"breadcrumb\":{\"@id\":\"https:\/\/www.belle.si\/it\/izdelek\/balzam-po-britju-olive-2\/#breadcrumb\"},\"inLanguage\":\"it-IT\",\"potentialAction\":[{\"@type\":\"ReadAction\",\"target\":[\"https:\/\/www.belle.si\/it\/izdelek\/balzam-po-britju-olive-2\/\"]}]},{\"@type\":\"ImageObject\",\"inLanguage\":\"it-IT\",\"@id\":\"https:\/\/www.belle.si\/it\/izdelek\/balzam-po-britju-olive-2\/#primaryimage\",\"url\":\"https:\/\/www.belle.si\/wp-content\/uploads\/2023\/11\/balzam_po_britju_olive.jpg\",\"contentUrl\":\"https:\/\/www.belle.si\/wp-content\/uploads\/2023\/11\/balzam_po_britju_olive.jpg\",\"width\":502,\"height\":502,\"caption\":\"Balzam po britju z olj\u010dnim oljem, olj\u010dnimi listi, kamilico in antenolom za gladko in zdravo ko\u017eo\"},{\"@type\":\"BreadcrumbList\",\"@id\":\"https:\/\/www.belle.si\/it\/izdelek\/balzam-po-britju-olive-2\/#breadcrumb\",\"itemListElement\":[{\"@type\":\"ListItem\",\"position\":1,\"name\":\"Home\",\"item\":\"https:\/\/www.belle.si\/it\/\"},{\"@type\":\"ListItem\",\"position\":2,\"name\":\"Trgovina\",\"item\":\"https:\/\/www.belle.si\/trgovina\/\"},{\"@type\":\"ListItem\",\"position\":3,\"name\":\"Balzam po britju Olive Greenyard\"}]},{\"@type\":\"WebSite\",\"@id\":\"https:\/\/www.belle.si\/it\/#website\",\"url\":\"https:\/\/www.belle.si\/it\/\",\"name\":\"Belle.si kozmeti\u010dna trgovina\",\"description\":\"\",\"publisher\":{\"@id\":\"https:\/\/www.belle.si\/it\/#organization\"},\"potentialAction\":[{\"@type\":\"SearchAction\",\"target\":{\"@type\":\"EntryPoint\",\"urlTemplate\":\"https:\/\/www.belle.si\/it\/?s={search_term_string}\"},\"query-input\":{\"@type\":\"PropertyValueSpecification\",\"valueRequired\":true,\"valueName\":\"search_term_string\"}}],\"inLanguage\":\"it-IT\"},{\"@type\":\"Organization\",\"@id\":\"https:\/\/www.belle.si\/it\/#organization\",\"name\":\"Belle.si kozmeti\u010dna trgovina\",\"url\":\"https:\/\/www.belle.si\/it\/\",\"logo\":{\"@type\":\"ImageObject\",\"inLanguage\":\"it-IT\",\"@id\":\"https:\/\/www.belle.si\/it\/#\/schema\/logo\/image\/\",\"url\":\"https:\/\/www.belle.si\/wp-content\/uploads\/2022\/10\/cropped-logo_belle_trgovina.png\",\"contentUrl\":\"https:\/\/www.belle.si\/wp-content\/uploads\/2022\/10\/cropped-logo_belle_trgovina.png\",\"width\":270,\"height\":135,\"caption\":\"Belle.si kozmeti\u010dna trgovina\"},\"image\":{\"@id\":\"https:\/\/www.belle.si\/it\/#\/schema\/logo\/image\/\"},\"sameAs\":[\"https:\/\/www.facebook.com\/belle.si.cosmetics\/\",\"https:\/\/www.instagram.com\/belle.si.cosmetics\/\"]}]}<\/script>\n<!-- \/ Yoast SEO plugin. -->","yoast_head_json":{"title":"Balzam po britju Olive Greenyard - Belle.si kozmeti\u010dna trgovina","robots":{"index":"index","follow":"follow","max-snippet":"max-snippet:-1","max-image-preview":"max-image-preview:large","max-video-preview":"max-video-preview:-1"},"canonical":"https:\/\/www.belle.si\/it\/izdelek\/balzam-po-britju-olive-2\/","og_locale":"it_IT","og_type":"article","og_title":"Balzam po britju Olive Greenyard - Belle.si kozmeti\u010dna trgovina","og_description":"Balzam po britju na osnovi devi\u0161kega olj\u010dnega olja in olj\u010dnih listov s Krete, z dodatkom jane\u017ea in kamilice. BALZAM Z OLJ\u010cNIM OLJEM KO\u017dO POMIRI, NAVLA\u017dI IN JI VRNE PRO\u017dNOST Balzam po britju pu\u0161\u010da na ko\u017ei lahkoten in sve\u017e ob\u010dute, je ne masti in ne pu\u0161\u010da sijo\u010dega sloja. Pantenol in alatoin ko\u017eo pomirita in navla\u017eita, ji [&hellip;]","og_url":"https:\/\/www.belle.si\/it\/izdelek\/balzam-po-britju-olive-2\/","og_site_name":"Belle.si kozmeti\u010dna trgovina","article_publisher":"https:\/\/www.facebook.com\/belle.si.cosmetics\/","article_modified_time":"2024-01-11T15:39:43+00:00","og_image":[{"width":502,"height":502,"url":"https:\/\/www.belle.si\/wp-content\/uploads\/2023\/11\/balzam_po_britju_olive.jpg","type":"image\/jpeg"}],"twitter_card":"summary_large_image","twitter_misc":{"Tempo di lettura stimato":"1 minuto"},"schema":{"@context":"https:\/\/schema.org","@graph":[{"@type":"WebPage","@id":"https:\/\/www.belle.si\/it\/izdelek\/balzam-po-britju-olive-2\/","url":"https:\/\/www.belle.si\/it\/izdelek\/balzam-po-britju-olive-2\/","name":"Balzam po britju Olive Greenyard - Belle.si kozmeti\u010dna trgovina","isPartOf":{"@id":"https:\/\/www.belle.si\/it\/#website"},"primaryImageOfPage":{"@id":"https:\/\/www.belle.si\/it\/izdelek\/balzam-po-britju-olive-2\/#primaryimage"},"image":{"@id":"https:\/\/www.belle.si\/it\/izdelek\/balzam-po-britju-olive-2\/#primaryimage"},"thumbnailUrl":"https:\/\/www.belle.si\/wp-content\/uploads\/2023\/11\/balzam_po_britju_olive.jpg","datePublished":"2021-11-03T12:10:31+00:00","dateModified":"2024-01-11T15:39:43+00:00","breadcrumb":{"@id":"https:\/\/www.belle.si\/it\/izdelek\/balzam-po-britju-olive-2\/#breadcrumb"},"inLanguage":"it-IT","potentialAction":[{"@type":"ReadAction","target":["https:\/\/www.belle.si\/it\/izdelek\/balzam-po-britju-olive-2\/"]}]},{"@type":"ImageObject","inLanguage":"it-IT","@id":"https:\/\/www.belle.si\/it\/izdelek\/balzam-po-britju-olive-2\/#primaryimage","url":"https:\/\/www.belle.si\/wp-content\/uploads\/2023\/11\/balzam_po_britju_olive.jpg","contentUrl":"https:\/\/www.belle.si\/wp-content\/uploads\/2023\/11\/balzam_po_britju_olive.jpg","width":502,"height":502,"caption":"Balzam po britju z olj\u010dnim oljem, olj\u010dnimi listi, kamilico in antenolom za gladko in zdravo ko\u017eo"},{"@type":"BreadcrumbList","@id":"https:\/\/www.belle.si\/it\/izdelek\/balzam-po-britju-olive-2\/#breadcrumb","itemListElement":[{"@type":"ListItem","position":1,"name":"Home","item":"https:\/\/www.belle.si\/it\/"},{"@type":"ListItem","position":2,"name":"Trgovina","item":"https:\/\/www.belle.si\/trgovina\/"},{"@type":"ListItem","position":3,"name":"Balzam po britju Olive Greenyard"}]},{"@type":"WebSite","@id":"https:\/\/www.belle.si\/it\/#website","url":"https:\/\/www.belle.si\/it\/","name":"Belle.si kozmeti\u010dna trgovina","description":"","publisher":{"@id":"https:\/\/www.belle.si\/it\/#organization"},"potentialAction":[{"@type":"SearchAction","target":{"@type":"EntryPoint","urlTemplate":"https:\/\/www.belle.si\/it\/?s={search_term_string}"},"query-input":{"@type":"PropertyValueSpecification","valueRequired":true,"valueName":"search_term_string"}}],"inLanguage":"it-IT"},{"@type":"Organization","@id":"https:\/\/www.belle.si\/it\/#organization","name":"Belle.si kozmeti\u010dna trgovina","url":"https:\/\/www.belle.si\/it\/","logo":{"@type":"ImageObject","inLanguage":"it-IT","@id":"https:\/\/www.belle.si\/it\/#\/schema\/logo\/image\/","url":"https:\/\/www.belle.si\/wp-content\/uploads\/2022\/10\/cropped-logo_belle_trgovina.png","contentUrl":"https:\/\/www.belle.si\/wp-content\/uploads\/2022\/10\/cropped-logo_belle_trgovina.png","width":270,"height":135,"caption":"Belle.si kozmeti\u010dna trgovina"},"image":{"@id":"https:\/\/www.belle.si\/it\/#\/schema\/logo\/image\/"},"sameAs":["https:\/\/www.facebook.com\/belle.si.cosmetics\/","https:\/\/www.instagram.com\/belle.si.cosmetics\/"]}]}},"uagb_featured_image_src":{"full":["https:\/\/www.belle.si\/wp-content\/uploads\/2023\/11\/balzam_po_britju_olive.jpg",502,502,false],"thumbnail":["https:\/\/www.belle.si\/wp-content\/uploads\/2023\/11\/balzam_po_britju_olive-150x150.jpg",150,150,true],"medium":["https:\/\/www.belle.si\/wp-content\/uploads\/2023\/11\/balzam_po_britju_olive-300x300.jpg",300,300,true],"medium_large":["https:\/\/www.belle.si\/wp-content\/uploads\/2023\/11\/balzam_po_britju_olive.jpg",502,502,false],"large":["https:\/\/www.belle.si\/wp-content\/uploads\/2023\/11\/balzam_po_britju_olive.jpg",502,502,false],"1536x1536":["https:\/\/www.belle.si\/wp-content\/uploads\/2023\/11\/balzam_po_britju_olive.jpg",502,502,false],"2048x2048":["https:\/\/www.belle.si\/wp-content\/uploads\/2023\/11\/balzam_po_britju_olive.jpg",502,502,false],"mailpoet_newsletter_max":["https:\/\/www.belle.si\/wp-content\/uploads\/2023\/11\/balzam_po_britju_olive.jpg",502,502,false],"woocommerce_thumbnail":["https:\/\/www.belle.si\/wp-content\/uploads\/2023\/11\/balzam_po_britju_olive-300x300.jpg",300,300,true],"woocommerce_single":["https:\/\/www.belle.si\/wp-content\/uploads\/2023\/11\/balzam_po_britju_olive.jpg",502,502,false],"woocommerce_gallery_thumbnail":["https:\/\/www.belle.si\/wp-content\/uploads\/2023\/11\/balzam_po_britju_olive-100x100.jpg",100,100,true]},"uagb_author_info":{"display_name":"dejan","author_link":"https:\/\/www.belle.si\/it\/author\/"},"uagb_comment_info":0,"uagb_excerpt":"Balzam po britju na osnovi devi\u0161kega olj\u010dnega olja in olj\u010dnih listov s Krete, z dodatkom jane\u017ea in kamilice. BALZAM Z OLJ\u010cNIM OLJEM KO\u017dO POMIRI, NAVLA\u017dI IN JI VRNE PRO\u017dNOST Balzam po britju pu\u0161\u010da na ko\u017ei lahkoten in sve\u017e ob\u010dute, je ne masti in ne pu\u0161\u010da sijo\u010dega sloja. Pantenol in alatoin ko\u017eo pomirita in navla\u017eita, ji&hellip;","_links":{"self":[{"href":"https:\/\/www.belle.si\/it\/wp-json\/wp\/v2\/product\/102112","targetHints":{"allow":["GET"]}}],"collection":[{"href":"https:\/\/www.belle.si\/it\/wp-json\/wp\/v2\/product"}],"about":[{"href":"https:\/\/www.belle.si\/it\/wp-json\/wp\/v2\/types\/product"}],"replies":[{"embeddable":true,"href":"https:\/\/www.belle.si\/it\/wp-json\/wp\/v2\/comments?post=102112"}],"wp:featuredmedia":[{"embeddable":true,"href":"https:\/\/www.belle.si\/it\/wp-json\/wp\/v2\/media\/102113"}],"wp:attachment":[{"href":"https:\/\/www.belle.si\/it\/wp-json\/wp\/v2\/media?parent=102112"}],"wp:term":[{"taxonomy":"product_brand","embeddable":true,"href":"https:\/\/www.belle.si\/it\/wp-json\/wp\/v2\/product_brand?post=102112"},{"taxonomy":"product_cat","embeddable":true,"href":"https:\/\/www.belle.si\/it\/wp-json\/wp\/v2\/product_cat?post=102112"},{"taxonomy":"product_tag","embeddable":true,"href":"https:\/\/www.belle.si\/it\/wp-json\/wp\/v2\/product_tag?post=102112"}],"curies":[{"name":"wp","href":"https:\/\/api.w.org\/{rel}","templated":true}]}}