{"id":102066,"date":"2020-11-02T15:10:03","date_gmt":"2020-11-02T14:10:03","guid":{"rendered":"https:\/\/belle.zabica.org\/izdelek\/darilni-paket-naravno-proti-bolecini-2\/"},"modified":"2023-11-17T01:16:30","modified_gmt":"2023-11-17T00:16:30","slug":"darilni-paket-naravno-proti-bolecini-2","status":"publish","type":"product","link":"https:\/\/www.belle.si\/it\/izdelek\/darilni-paket-naravno-proti-bolecini-2\/","title":{"rendered":"Darilni paket &#8211; naravno proti bole\u010dini"},"content":{"rendered":"<p>Darilni paket z arniko in vra\u017ejim krepljem &#8211; naravno proti bole\u010dinam v mi\u0161icah in sklepih.<\/p>\n<p>Komu je namenjen darilni paket?<\/p>\n<p>Vsem, ki se jim pojavljajo bole\u010dine v mi\u0161icah in sklepih. Arnika je idealna za bole\u010dine in hematome ob udarcih, vra\u017eji krempelj bla\u017ei bole\u010dine v sklepih in mi\u0161icah.<\/p>\n<p>Kaj vsebuje paket?<\/p>\n<ul>\n<li><strong>gel z arniko 50ml<\/strong><\/li>\n<li><strong>gel z vra\u017ejim krempljem 50ml<\/strong><\/li>\n<\/ul>\n<p>&nbsp;<\/p>\n<p><img fetchpriority=\"high\" decoding=\"async\" class=\"rf frame alignnone\" src=\"https:\/\/www.claudebell.co.uk\/media\/res\/harpagophytum_procumbens.jpg\" alt=\"Cvet ma\u010djega kremplja\" width=\"300\" height=\"189\" \/><\/p>\n<p class=\"note\">\u017de stoletja Afri\u0161ki \u0161amani uporabljajo <strong>vra\u017eji krempelj<\/strong> za zdravljenje raznovrstnih bole\u010din. Zdravilne u\u010dinkovine se nahajajo v korenini rastline iz ju\u017ene Afrike. V Evropo jo je leta 1907 prvi\u010d prinesel nem\u0161ki raziskovalce , ki je bil v Namibiji pri\u010da njenim \u010dudovitim blagodejnim u\u010dinkom. Krema z ma\u010djim krepljem sodi v vsak dom, saj pomaga pri laj\u0161anju bole\u010din<\/p>\n<ul>\n<li><strong>zaradi kr\u010dev,<\/strong><\/li>\n<li><strong>po\u0161kodovanih in oteklih sklepov,<\/strong><\/li>\n<li><strong>utrujenih mi\u0161ic,<\/strong><\/li>\n<li><strong>zaradi udarcev.<\/strong><\/li>\n<\/ul>\n<p><strong>Navodila za uporabo<\/strong><\/p>\n<p>Nanesite kadarkoli \u010dutite bole\u010dino v mi\u0161icah ali v sklepih. Pazite, da ne zaide v o\u010di.<\/p>\n<p><strong>Arnika<\/strong> in njeni u\u010dinki so dobro poznani pri nas. Neko\u010d je bila doma v vsakem gospodinstvu, saj so si z njo laj\u0161ali bole\u010dine od udarcih, zvinih in zaradi artritisa.\u00a0<span class=\"sgt_product_brand\"> Vsebuje namre\u010d protivnetne sestavine, ki takoj prinesejo olaj\u0161anje.<br \/>\n<\/span><\/p>\n<p>Gel za arniko je primeren za otroke in odrasle.<\/p>\n<p><img decoding=\"async\" class=\"frame alignnone\" src=\"https:\/\/www.claudebell.co.uk\/media\/res\/arnica_montana.jpg\" alt=\"Arnika proti bole\u010dinam \" width=\"485\" height=\"198\" \/><\/p>\n<p>&nbsp;<\/p>\n<p><strong>Navodila za uporabo<\/strong><\/p>\n<div class=\"panel directions\">\n<div class=\"std\">\n<p>Ne\u017eno nanestite na bole\u010d predel. Uporabite le <strong>1x<\/strong> na dan. Pazite, da vam ne zaide v o\u010di.<\/p>\n<\/div>\n<p>Proizvedeno v Franciji<\/p>\n<\/div>\n","protected":false},"excerpt":{"rendered":"<p>Darilni paket z arniko in vra\u017ejim krepljem &#8211; naravno proti bole\u010dinam v mi\u0161icah in sklepih. Komu je namenjen darilni paket? Vsem, ki se jim pojavljajo bole\u010dine v mi\u0161icah in sklepih. Arnika je idealna za bole\u010dine in hematome ob udarcih, vra\u017eji krempelj bla\u017ei bole\u010dine v sklepih in mi\u0161icah. Kaj vsebuje paket? gel z arniko 50ml gel [&hellip;]<\/p>\n","protected":false},"featured_media":102067,"comment_status":"closed","ping_status":"open","template":"","meta":{"_uag_custom_page_level_css":"","_monsterinsights_skip_tracking":false,"_monsterinsights_sitenote_active":false,"_monsterinsights_sitenote_note":"","_monsterinsights_sitenote_category":0,"site-sidebar-layout":"default","site-content-layout":"","ast-site-content-layout":"default","site-content-style":"default","site-sidebar-style":"default","ast-global-header-display":"","ast-banner-title-visibility":"","ast-main-header-display":"","ast-hfb-above-header-display":"","ast-hfb-below-header-display":"","ast-hfb-mobile-header-display":"","site-post-title":"","ast-breadcrumbs-content":"","ast-featured-img":"","footer-sml-layout":"","ast-disable-related-posts":"","theme-transparent-header-meta":"","adv-header-id-meta":"","stick-header-meta":"","header-above-stick-meta":"","header-main-stick-meta":"","header-below-stick-meta":"","astra-migrate-meta-layouts":"default","ast-page-background-enabled":"default","ast-page-background-meta":{"desktop":{"background-color":"var(--ast-global-color-4)","background-image":"","background-repeat":"repeat","background-position":"center center","background-size":"auto","background-attachment":"scroll","background-type":"","background-media":"","overlay-type":"","overlay-color":"","overlay-opacity":"","overlay-gradient":""},"tablet":{"background-color":"","background-image":"","background-repeat":"repeat","background-position":"center center","background-size":"auto","background-attachment":"scroll","background-type":"","background-media":"","overlay-type":"","overlay-color":"","overlay-opacity":"","overlay-gradient":""},"mobile":{"background-color":"","background-image":"","background-repeat":"repeat","background-position":"center center","background-size":"auto","background-attachment":"scroll","background-type":"","background-media":"","overlay-type":"","overlay-color":"","overlay-opacity":"","overlay-gradient":""}},"ast-content-background-meta":{"desktop":{"background-color":"var(--ast-global-color-5)","background-image":"","background-repeat":"repeat","background-position":"center center","background-size":"auto","background-attachment":"scroll","background-type":"","background-media":"","overlay-type":"","overlay-color":"","overlay-opacity":"","overlay-gradient":""},"tablet":{"background-color":"var(--ast-global-color-5)","background-image":"","background-repeat":"repeat","background-position":"center center","background-size":"auto","background-attachment":"scroll","background-type":"","background-media":"","overlay-type":"","overlay-color":"","overlay-opacity":"","overlay-gradient":""},"mobile":{"background-color":"var(--ast-global-color-5)","background-image":"","background-repeat":"repeat","background-position":"center center","background-size":"auto","background-attachment":"scroll","background-type":"","background-media":"","overlay-type":"","overlay-color":"","overlay-opacity":"","overlay-gradient":""}}},"product_brand":[],"product_cat":[51],"product_tag":[41],"class_list":{"0":"post-102066","1":"product","2":"type-product","3":"status-publish","4":"has-post-thumbnail","6":"product_cat-darila","7":"product_tag-darilni-paketi","8":"desktop-align-left","9":"tablet-align-left","10":"mobile-align-left","11":"ast-product-gallery-layout-first-image-large","12":"ast-product-gallery-with-no-image","13":"ast-magnify-disabled","14":"ast-product-tabs-layout-horizontal","16":"first","17":"instock","18":"sale","19":"taxable","20":"shipping-taxable","21":"purchasable","22":"product-type-simple"},"yoast_head":"<!-- This site is optimized with the Yoast SEO plugin v26.9 - https:\/\/yoast.com\/product\/yoast-seo-wordpress\/ -->\n<title>Darilni paket - naravno proti bole\u010dini - Belle.si kozmeti\u010dna trgovina<\/title>\n<meta name=\"robots\" content=\"index, follow, max-snippet:-1, max-image-preview:large, max-video-preview:-1\" \/>\n<link rel=\"canonical\" href=\"https:\/\/www.belle.si\/it\/izdelek\/darilni-paket-naravno-proti-bolecini-2\/\" \/>\n<meta property=\"og:locale\" content=\"it_IT\" \/>\n<meta property=\"og:type\" content=\"article\" \/>\n<meta property=\"og:title\" content=\"Darilni paket - naravno proti bole\u010dini - Belle.si kozmeti\u010dna trgovina\" \/>\n<meta property=\"og:description\" content=\"Darilni paket z arniko in vra\u017ejim krepljem &#8211; naravno proti bole\u010dinam v mi\u0161icah in sklepih. Komu je namenjen darilni paket? Vsem, ki se jim pojavljajo bole\u010dine v mi\u0161icah in sklepih. Arnika je idealna za bole\u010dine in hematome ob udarcih, vra\u017eji krempelj bla\u017ei bole\u010dine v sklepih in mi\u0161icah. Kaj vsebuje paket? gel z arniko 50ml gel [&hellip;]\" \/>\n<meta property=\"og:url\" content=\"https:\/\/www.belle.si\/it\/izdelek\/darilni-paket-naravno-proti-bolecini-2\/\" \/>\n<meta property=\"og:site_name\" content=\"Belle.si kozmeti\u010dna trgovina\" \/>\n<meta property=\"article:publisher\" content=\"https:\/\/www.facebook.com\/belle.si.cosmetics\/\" \/>\n<meta property=\"article:modified_time\" content=\"2023-11-17T00:16:30+00:00\" \/>\n<meta property=\"og:image\" content=\"https:\/\/www.belle.si\/wp-content\/uploads\/2023\/11\/arnika_vrazji_krempelj_darilo.png\" \/>\n\t<meta property=\"og:image:width\" content=\"600\" \/>\n\t<meta property=\"og:image:height\" content=\"600\" \/>\n\t<meta property=\"og:image:type\" content=\"image\/png\" \/>\n<meta name=\"twitter:card\" content=\"summary_large_image\" \/>\n<meta name=\"twitter:label1\" content=\"Tempo di lettura stimato\" \/>\n\t<meta name=\"twitter:data1\" content=\"1 minuto\" \/>\n<script type=\"application\/ld+json\" class=\"yoast-schema-graph\">{\"@context\":\"https:\/\/schema.org\",\"@graph\":[{\"@type\":\"WebPage\",\"@id\":\"https:\/\/www.belle.si\/it\/izdelek\/darilni-paket-naravno-proti-bolecini-2\/\",\"url\":\"https:\/\/www.belle.si\/it\/izdelek\/darilni-paket-naravno-proti-bolecini-2\/\",\"name\":\"Darilni paket - naravno proti bole\u010dini - Belle.si kozmeti\u010dna trgovina\",\"isPartOf\":{\"@id\":\"https:\/\/www.belle.si\/it\/#website\"},\"primaryImageOfPage\":{\"@id\":\"https:\/\/www.belle.si\/it\/izdelek\/darilni-paket-naravno-proti-bolecini-2\/#primaryimage\"},\"image\":{\"@id\":\"https:\/\/www.belle.si\/it\/izdelek\/darilni-paket-naravno-proti-bolecini-2\/#primaryimage\"},\"thumbnailUrl\":\"https:\/\/www.belle.si\/wp-content\/uploads\/2023\/11\/arnika_vrazji_krempelj_darilo.png\",\"datePublished\":\"2020-11-02T14:10:03+00:00\",\"dateModified\":\"2023-11-17T00:16:30+00:00\",\"breadcrumb\":{\"@id\":\"https:\/\/www.belle.si\/it\/izdelek\/darilni-paket-naravno-proti-bolecini-2\/#breadcrumb\"},\"inLanguage\":\"it-IT\",\"potentialAction\":[{\"@type\":\"ReadAction\",\"target\":[\"https:\/\/www.belle.si\/it\/izdelek\/darilni-paket-naravno-proti-bolecini-2\/\"]}]},{\"@type\":\"ImageObject\",\"inLanguage\":\"it-IT\",\"@id\":\"https:\/\/www.belle.si\/it\/izdelek\/darilni-paket-naravno-proti-bolecini-2\/#primaryimage\",\"url\":\"https:\/\/www.belle.si\/wp-content\/uploads\/2023\/11\/arnika_vrazji_krempelj_darilo.png\",\"contentUrl\":\"https:\/\/www.belle.si\/wp-content\/uploads\/2023\/11\/arnika_vrazji_krempelj_darilo.png\",\"width\":600,\"height\":600,\"caption\":\"Arnika in vra\u017eji kremplej proti bole\u010dini darilni paket\"},{\"@type\":\"BreadcrumbList\",\"@id\":\"https:\/\/www.belle.si\/it\/izdelek\/darilni-paket-naravno-proti-bolecini-2\/#breadcrumb\",\"itemListElement\":[{\"@type\":\"ListItem\",\"position\":1,\"name\":\"Home\",\"item\":\"https:\/\/www.belle.si\/it\/\"},{\"@type\":\"ListItem\",\"position\":2,\"name\":\"Trgovina\",\"item\":\"https:\/\/www.belle.si\/trgovina\/\"},{\"@type\":\"ListItem\",\"position\":3,\"name\":\"Darilni paket &#8211; naravno proti bole\u010dini\"}]},{\"@type\":\"WebSite\",\"@id\":\"https:\/\/www.belle.si\/it\/#website\",\"url\":\"https:\/\/www.belle.si\/it\/\",\"name\":\"Belle.si kozmeti\u010dna trgovina\",\"description\":\"\",\"publisher\":{\"@id\":\"https:\/\/www.belle.si\/it\/#organization\"},\"potentialAction\":[{\"@type\":\"SearchAction\",\"target\":{\"@type\":\"EntryPoint\",\"urlTemplate\":\"https:\/\/www.belle.si\/it\/?s={search_term_string}\"},\"query-input\":{\"@type\":\"PropertyValueSpecification\",\"valueRequired\":true,\"valueName\":\"search_term_string\"}}],\"inLanguage\":\"it-IT\"},{\"@type\":\"Organization\",\"@id\":\"https:\/\/www.belle.si\/it\/#organization\",\"name\":\"Belle.si kozmeti\u010dna trgovina\",\"url\":\"https:\/\/www.belle.si\/it\/\",\"logo\":{\"@type\":\"ImageObject\",\"inLanguage\":\"it-IT\",\"@id\":\"https:\/\/www.belle.si\/it\/#\/schema\/logo\/image\/\",\"url\":\"https:\/\/www.belle.si\/wp-content\/uploads\/2022\/10\/cropped-logo_belle_trgovina.png\",\"contentUrl\":\"https:\/\/www.belle.si\/wp-content\/uploads\/2022\/10\/cropped-logo_belle_trgovina.png\",\"width\":270,\"height\":135,\"caption\":\"Belle.si kozmeti\u010dna trgovina\"},\"image\":{\"@id\":\"https:\/\/www.belle.si\/it\/#\/schema\/logo\/image\/\"},\"sameAs\":[\"https:\/\/www.facebook.com\/belle.si.cosmetics\/\",\"https:\/\/www.instagram.com\/belle.si.cosmetics\/\"]}]}<\/script>\n<!-- \/ Yoast SEO plugin. -->","yoast_head_json":{"title":"Darilni paket - naravno proti bole\u010dini - Belle.si kozmeti\u010dna trgovina","robots":{"index":"index","follow":"follow","max-snippet":"max-snippet:-1","max-image-preview":"max-image-preview:large","max-video-preview":"max-video-preview:-1"},"canonical":"https:\/\/www.belle.si\/it\/izdelek\/darilni-paket-naravno-proti-bolecini-2\/","og_locale":"it_IT","og_type":"article","og_title":"Darilni paket - naravno proti bole\u010dini - Belle.si kozmeti\u010dna trgovina","og_description":"Darilni paket z arniko in vra\u017ejim krepljem &#8211; naravno proti bole\u010dinam v mi\u0161icah in sklepih. Komu je namenjen darilni paket? Vsem, ki se jim pojavljajo bole\u010dine v mi\u0161icah in sklepih. Arnika je idealna za bole\u010dine in hematome ob udarcih, vra\u017eji krempelj bla\u017ei bole\u010dine v sklepih in mi\u0161icah. Kaj vsebuje paket? gel z arniko 50ml gel [&hellip;]","og_url":"https:\/\/www.belle.si\/it\/izdelek\/darilni-paket-naravno-proti-bolecini-2\/","og_site_name":"Belle.si kozmeti\u010dna trgovina","article_publisher":"https:\/\/www.facebook.com\/belle.si.cosmetics\/","article_modified_time":"2023-11-17T00:16:30+00:00","og_image":[{"width":600,"height":600,"url":"https:\/\/www.belle.si\/wp-content\/uploads\/2023\/11\/arnika_vrazji_krempelj_darilo.png","type":"image\/png"}],"twitter_card":"summary_large_image","twitter_misc":{"Tempo di lettura stimato":"1 minuto"},"schema":{"@context":"https:\/\/schema.org","@graph":[{"@type":"WebPage","@id":"https:\/\/www.belle.si\/it\/izdelek\/darilni-paket-naravno-proti-bolecini-2\/","url":"https:\/\/www.belle.si\/it\/izdelek\/darilni-paket-naravno-proti-bolecini-2\/","name":"Darilni paket - naravno proti bole\u010dini - Belle.si kozmeti\u010dna trgovina","isPartOf":{"@id":"https:\/\/www.belle.si\/it\/#website"},"primaryImageOfPage":{"@id":"https:\/\/www.belle.si\/it\/izdelek\/darilni-paket-naravno-proti-bolecini-2\/#primaryimage"},"image":{"@id":"https:\/\/www.belle.si\/it\/izdelek\/darilni-paket-naravno-proti-bolecini-2\/#primaryimage"},"thumbnailUrl":"https:\/\/www.belle.si\/wp-content\/uploads\/2023\/11\/arnika_vrazji_krempelj_darilo.png","datePublished":"2020-11-02T14:10:03+00:00","dateModified":"2023-11-17T00:16:30+00:00","breadcrumb":{"@id":"https:\/\/www.belle.si\/it\/izdelek\/darilni-paket-naravno-proti-bolecini-2\/#breadcrumb"},"inLanguage":"it-IT","potentialAction":[{"@type":"ReadAction","target":["https:\/\/www.belle.si\/it\/izdelek\/darilni-paket-naravno-proti-bolecini-2\/"]}]},{"@type":"ImageObject","inLanguage":"it-IT","@id":"https:\/\/www.belle.si\/it\/izdelek\/darilni-paket-naravno-proti-bolecini-2\/#primaryimage","url":"https:\/\/www.belle.si\/wp-content\/uploads\/2023\/11\/arnika_vrazji_krempelj_darilo.png","contentUrl":"https:\/\/www.belle.si\/wp-content\/uploads\/2023\/11\/arnika_vrazji_krempelj_darilo.png","width":600,"height":600,"caption":"Arnika in vra\u017eji kremplej proti bole\u010dini darilni paket"},{"@type":"BreadcrumbList","@id":"https:\/\/www.belle.si\/it\/izdelek\/darilni-paket-naravno-proti-bolecini-2\/#breadcrumb","itemListElement":[{"@type":"ListItem","position":1,"name":"Home","item":"https:\/\/www.belle.si\/it\/"},{"@type":"ListItem","position":2,"name":"Trgovina","item":"https:\/\/www.belle.si\/trgovina\/"},{"@type":"ListItem","position":3,"name":"Darilni paket &#8211; naravno proti bole\u010dini"}]},{"@type":"WebSite","@id":"https:\/\/www.belle.si\/it\/#website","url":"https:\/\/www.belle.si\/it\/","name":"Belle.si kozmeti\u010dna trgovina","description":"","publisher":{"@id":"https:\/\/www.belle.si\/it\/#organization"},"potentialAction":[{"@type":"SearchAction","target":{"@type":"EntryPoint","urlTemplate":"https:\/\/www.belle.si\/it\/?s={search_term_string}"},"query-input":{"@type":"PropertyValueSpecification","valueRequired":true,"valueName":"search_term_string"}}],"inLanguage":"it-IT"},{"@type":"Organization","@id":"https:\/\/www.belle.si\/it\/#organization","name":"Belle.si kozmeti\u010dna trgovina","url":"https:\/\/www.belle.si\/it\/","logo":{"@type":"ImageObject","inLanguage":"it-IT","@id":"https:\/\/www.belle.si\/it\/#\/schema\/logo\/image\/","url":"https:\/\/www.belle.si\/wp-content\/uploads\/2022\/10\/cropped-logo_belle_trgovina.png","contentUrl":"https:\/\/www.belle.si\/wp-content\/uploads\/2022\/10\/cropped-logo_belle_trgovina.png","width":270,"height":135,"caption":"Belle.si kozmeti\u010dna trgovina"},"image":{"@id":"https:\/\/www.belle.si\/it\/#\/schema\/logo\/image\/"},"sameAs":["https:\/\/www.facebook.com\/belle.si.cosmetics\/","https:\/\/www.instagram.com\/belle.si.cosmetics\/"]}]}},"uagb_featured_image_src":{"full":["https:\/\/www.belle.si\/wp-content\/uploads\/2023\/11\/arnika_vrazji_krempelj_darilo.png",600,600,false],"thumbnail":["https:\/\/www.belle.si\/wp-content\/uploads\/2023\/11\/arnika_vrazji_krempelj_darilo-150x150.png",150,150,true],"medium":["https:\/\/www.belle.si\/wp-content\/uploads\/2023\/11\/arnika_vrazji_krempelj_darilo-300x300.png",300,300,true],"medium_large":["https:\/\/www.belle.si\/wp-content\/uploads\/2023\/11\/arnika_vrazji_krempelj_darilo.png",600,600,false],"large":["https:\/\/www.belle.si\/wp-content\/uploads\/2023\/11\/arnika_vrazji_krempelj_darilo.png",600,600,false],"1536x1536":["https:\/\/www.belle.si\/wp-content\/uploads\/2023\/11\/arnika_vrazji_krempelj_darilo.png",600,600,false],"2048x2048":["https:\/\/www.belle.si\/wp-content\/uploads\/2023\/11\/arnika_vrazji_krempelj_darilo.png",600,600,false],"mailpoet_newsletter_max":["https:\/\/www.belle.si\/wp-content\/uploads\/2023\/11\/arnika_vrazji_krempelj_darilo.png",600,600,false],"woocommerce_thumbnail":["https:\/\/www.belle.si\/wp-content\/uploads\/2023\/11\/arnika_vrazji_krempelj_darilo-300x300.png",300,300,true],"woocommerce_single":["https:\/\/www.belle.si\/wp-content\/uploads\/2023\/11\/arnika_vrazji_krempelj_darilo.png",600,600,false],"woocommerce_gallery_thumbnail":["https:\/\/www.belle.si\/wp-content\/uploads\/2023\/11\/arnika_vrazji_krempelj_darilo-100x100.png",100,100,true]},"uagb_author_info":{"display_name":"dejan","author_link":"https:\/\/www.belle.si\/it\/author\/"},"uagb_comment_info":0,"uagb_excerpt":"Darilni paket z arniko in vra\u017ejim krepljem &#8211; naravno proti bole\u010dinam v mi\u0161icah in sklepih. Komu je namenjen darilni paket? Vsem, ki se jim pojavljajo bole\u010dine v mi\u0161icah in sklepih. Arnika je idealna za bole\u010dine in hematome ob udarcih, vra\u017eji krempelj bla\u017ei bole\u010dine v sklepih in mi\u0161icah. Kaj vsebuje paket? gel z arniko 50ml gel&hellip;","_links":{"self":[{"href":"https:\/\/www.belle.si\/it\/wp-json\/wp\/v2\/product\/102066","targetHints":{"allow":["GET"]}}],"collection":[{"href":"https:\/\/www.belle.si\/it\/wp-json\/wp\/v2\/product"}],"about":[{"href":"https:\/\/www.belle.si\/it\/wp-json\/wp\/v2\/types\/product"}],"replies":[{"embeddable":true,"href":"https:\/\/www.belle.si\/it\/wp-json\/wp\/v2\/comments?post=102066"}],"wp:featuredmedia":[{"embeddable":true,"href":"https:\/\/www.belle.si\/it\/wp-json\/wp\/v2\/media\/102067"}],"wp:attachment":[{"href":"https:\/\/www.belle.si\/it\/wp-json\/wp\/v2\/media?parent=102066"}],"wp:term":[{"taxonomy":"product_brand","embeddable":true,"href":"https:\/\/www.belle.si\/it\/wp-json\/wp\/v2\/product_brand?post=102066"},{"taxonomy":"product_cat","embeddable":true,"href":"https:\/\/www.belle.si\/it\/wp-json\/wp\/v2\/product_cat?post=102066"},{"taxonomy":"product_tag","embeddable":true,"href":"https:\/\/www.belle.si\/it\/wp-json\/wp\/v2\/product_tag?post=102066"}],"curies":[{"name":"wp","href":"https:\/\/api.w.org\/{rel}","templated":true}]}}