{"id":102003,"date":"2020-09-08T08:31:01","date_gmt":"2020-09-08T06:31:01","guid":{"rendered":"https:\/\/belle.zabica.org\/izdelek\/maska-hair-bell-za-hitrejso-rast-las-in-zascito-krhkih-las\/"},"modified":"2025-11-18T14:43:38","modified_gmt":"2025-11-18T13:43:38","slug":"maska-hair-bell-za-hitrejso-rast-las-in-zascito-krhkih-las","status":"publish","type":"product","link":"https:\/\/www.belle.si\/it\/izdelek\/maska-hair-bell-za-hitrejso-rast-las-in-zascito-krhkih-las\/","title":{"rendered":"Maska Hair Bell za hitrej\u0161o rast las in za\u0161\u010dito krhkih las"},"content":{"rendered":"<h2 class=\"subtitle\">Maska za za\u0161\u010dito las in za hitrej\u0161o rast.<\/h2>\n<p class=\"subtitle\">Za vse, ki imae \u0161ibke, suhe in krhke lase, vam Hair Bell maska re\u0161i te\u017eave.<\/p>\n<p>Maska vsebuje karitejevo maslo, ki je najbolj priljubljena kozmeti\u010dna sestavina, zaradi izjemnih potrjenih\u00a0 u\u010dinkov.<\/p>\n<p>Z uporabo Hair Bell maske lasje postanejo<\/p>\n<ul>\n<li>bolj mehki, gladki in la\u017eje se jih oblikuje<\/li>\n<li>lasje so nahranjeni in obdr\u017eijo vlago<\/li>\n<li>lasje hitrejej rastejo<\/li>\n<\/ul>\n<p>Navodila za uporabo<\/p>\n<p>Po uporabi \u0161ampona in balzama Hair Bell masko izdatno nanesite na vla\u017ene lase po celotni dol\u017eini. Pustite 3 minute in izperite z mla\u010dno vodo.<\/p>\n<p>Vsebina: 50ml<\/p>\n<p>Proizvedeno v Franciji<\/p>\n","protected":false},"excerpt":{"rendered":"<p>Maska za za\u0161\u010dito las in za hitrej\u0161o rast. Za vse, ki imae \u0161ibke, suhe in krhke lase, vam Hair Bell maska re\u0161i te\u017eave. Maska vsebuje karitejevo maslo, ki je najbolj priljubljena kozmeti\u010dna sestavina, zaradi izjemnih potrjenih\u00a0 u\u010dinkov. Z uporabo Hair Bell maske lasje postanejo bolj mehki, gladki in la\u017eje se jih oblikuje lasje so nahranjeni [&hellip;]<\/p>\n","protected":false},"featured_media":102004,"comment_status":"closed","ping_status":"closed","template":"","meta":{"_uag_custom_page_level_css":"","_monsterinsights_skip_tracking":false,"_monsterinsights_sitenote_active":false,"_monsterinsights_sitenote_note":"","_monsterinsights_sitenote_category":0,"site-sidebar-layout":"default","site-content-layout":"","ast-site-content-layout":"default","site-content-style":"default","site-sidebar-style":"default","ast-global-header-display":"","ast-banner-title-visibility":"","ast-main-header-display":"","ast-hfb-above-header-display":"","ast-hfb-below-header-display":"","ast-hfb-mobile-header-display":"","site-post-title":"","ast-breadcrumbs-content":"","ast-featured-img":"","footer-sml-layout":"","ast-disable-related-posts":"","theme-transparent-header-meta":"","adv-header-id-meta":"","stick-header-meta":"","header-above-stick-meta":"","header-main-stick-meta":"","header-below-stick-meta":"","astra-migrate-meta-layouts":"default","ast-page-background-enabled":"default","ast-page-background-meta":{"desktop":{"background-color":"var(--ast-global-color-4)","background-image":"","background-repeat":"repeat","background-position":"center center","background-size":"auto","background-attachment":"scroll","background-type":"","background-media":"","overlay-type":"","overlay-color":"","overlay-opacity":"","overlay-gradient":""},"tablet":{"background-color":"","background-image":"","background-repeat":"repeat","background-position":"center center","background-size":"auto","background-attachment":"scroll","background-type":"","background-media":"","overlay-type":"","overlay-color":"","overlay-opacity":"","overlay-gradient":""},"mobile":{"background-color":"","background-image":"","background-repeat":"repeat","background-position":"center center","background-size":"auto","background-attachment":"scroll","background-type":"","background-media":"","overlay-type":"","overlay-color":"","overlay-opacity":"","overlay-gradient":""}},"ast-content-background-meta":{"desktop":{"background-color":"var(--ast-global-color-5)","background-image":"","background-repeat":"repeat","background-position":"center center","background-size":"auto","background-attachment":"scroll","background-type":"","background-media":"","overlay-type":"","overlay-color":"","overlay-opacity":"","overlay-gradient":""},"tablet":{"background-color":"var(--ast-global-color-5)","background-image":"","background-repeat":"repeat","background-position":"center center","background-size":"auto","background-attachment":"scroll","background-type":"","background-media":"","overlay-type":"","overlay-color":"","overlay-opacity":"","overlay-gradient":""},"mobile":{"background-color":"var(--ast-global-color-5)","background-image":"","background-repeat":"repeat","background-position":"center center","background-size":"auto","background-attachment":"scroll","background-type":"","background-media":"","overlay-type":"","overlay-color":"","overlay-opacity":"","overlay-gradient":""}}},"product_brand":[],"product_cat":[43,44,46,45],"product_tag":[],"class_list":{"0":"post-102003","1":"product","2":"type-product","3":"status-publish","4":"has-post-thumbnail","6":"product_cat-nega-za-lase","7":"product_cat-proti-izpadanju","8":"product_cat-za-lepe-lase","9":"product_cat-za-mocne-lase","10":"desktop-align-left","11":"tablet-align-left","12":"mobile-align-left","13":"ast-product-gallery-layout-first-image-large","14":"ast-magnify-disabled","15":"ast-product-tabs-layout-horizontal","17":"first","18":"outofstock","19":"sale","20":"taxable","21":"shipping-taxable","22":"purchasable","23":"product-type-simple"},"yoast_head":"<!-- This site is optimized with the Yoast SEO plugin v26.9 - https:\/\/yoast.com\/product\/yoast-seo-wordpress\/ -->\n<title>Maska Hair Bell za hitrej\u0161o rast las in za\u0161\u010dito krhkih las - Belle.si kozmeti\u010dna trgovina<\/title>\n<meta name=\"robots\" content=\"index, follow, max-snippet:-1, max-image-preview:large, max-video-preview:-1\" \/>\n<link rel=\"canonical\" href=\"https:\/\/www.belle.si\/it\/izdelek\/maska-hair-bell-za-hitrejso-rast-las-in-zascito-krhkih-las\/\" \/>\n<meta property=\"og:locale\" content=\"it_IT\" \/>\n<meta property=\"og:type\" content=\"article\" \/>\n<meta property=\"og:title\" content=\"Maska Hair Bell za hitrej\u0161o rast las in za\u0161\u010dito krhkih las - Belle.si kozmeti\u010dna trgovina\" \/>\n<meta property=\"og:description\" content=\"Maska za za\u0161\u010dito las in za hitrej\u0161o rast. Za vse, ki imae \u0161ibke, suhe in krhke lase, vam Hair Bell maska re\u0161i te\u017eave. Maska vsebuje karitejevo maslo, ki je najbolj priljubljena kozmeti\u010dna sestavina, zaradi izjemnih potrjenih\u00a0 u\u010dinkov. Z uporabo Hair Bell maske lasje postanejo bolj mehki, gladki in la\u017eje se jih oblikuje lasje so nahranjeni [&hellip;]\" \/>\n<meta property=\"og:url\" content=\"https:\/\/www.belle.si\/it\/izdelek\/maska-hair-bell-za-hitrejso-rast-las-in-zascito-krhkih-las\/\" \/>\n<meta property=\"og:site_name\" content=\"Belle.si kozmeti\u010dna trgovina\" \/>\n<meta property=\"article:publisher\" content=\"https:\/\/www.facebook.com\/belle.si.cosmetics\/\" \/>\n<meta property=\"article:modified_time\" content=\"2025-11-18T13:43:38+00:00\" \/>\n<meta property=\"og:image\" content=\"https:\/\/www.belle.si\/wp-content\/uploads\/2023\/11\/maska_za_hitrejso_rast_las.png\" \/>\n\t<meta property=\"og:image:width\" content=\"600\" \/>\n\t<meta property=\"og:image:height\" content=\"600\" \/>\n\t<meta property=\"og:image:type\" content=\"image\/png\" \/>\n<meta name=\"twitter:card\" content=\"summary_large_image\" \/>\n<meta name=\"twitter:label1\" content=\"Tempo di lettura stimato\" \/>\n\t<meta name=\"twitter:data1\" content=\"1 minuto\" \/>\n<script type=\"application\/ld+json\" class=\"yoast-schema-graph\">{\"@context\":\"https:\/\/schema.org\",\"@graph\":[{\"@type\":\"WebPage\",\"@id\":\"https:\/\/www.belle.si\/it\/izdelek\/maska-hair-bell-za-hitrejso-rast-las-in-zascito-krhkih-las\/\",\"url\":\"https:\/\/www.belle.si\/it\/izdelek\/maska-hair-bell-za-hitrejso-rast-las-in-zascito-krhkih-las\/\",\"name\":\"Maska Hair Bell za hitrej\u0161o rast las in za\u0161\u010dito krhkih las - Belle.si kozmeti\u010dna trgovina\",\"isPartOf\":{\"@id\":\"https:\/\/www.belle.si\/it\/#website\"},\"primaryImageOfPage\":{\"@id\":\"https:\/\/www.belle.si\/it\/izdelek\/maska-hair-bell-za-hitrejso-rast-las-in-zascito-krhkih-las\/#primaryimage\"},\"image\":{\"@id\":\"https:\/\/www.belle.si\/it\/izdelek\/maska-hair-bell-za-hitrejso-rast-las-in-zascito-krhkih-las\/#primaryimage\"},\"thumbnailUrl\":\"https:\/\/www.belle.si\/wp-content\/uploads\/2023\/11\/maska_za_hitrejso_rast_las.png\",\"datePublished\":\"2020-09-08T06:31:01+00:00\",\"dateModified\":\"2025-11-18T13:43:38+00:00\",\"breadcrumb\":{\"@id\":\"https:\/\/www.belle.si\/it\/izdelek\/maska-hair-bell-za-hitrejso-rast-las-in-zascito-krhkih-las\/#breadcrumb\"},\"inLanguage\":\"it-IT\",\"potentialAction\":[{\"@type\":\"ReadAction\",\"target\":[\"https:\/\/www.belle.si\/it\/izdelek\/maska-hair-bell-za-hitrejso-rast-las-in-zascito-krhkih-las\/\"]}]},{\"@type\":\"ImageObject\",\"inLanguage\":\"it-IT\",\"@id\":\"https:\/\/www.belle.si\/it\/izdelek\/maska-hair-bell-za-hitrejso-rast-las-in-zascito-krhkih-las\/#primaryimage\",\"url\":\"https:\/\/www.belle.si\/wp-content\/uploads\/2023\/11\/maska_za_hitrejso_rast_las.png\",\"contentUrl\":\"https:\/\/www.belle.si\/wp-content\/uploads\/2023\/11\/maska_za_hitrejso_rast_las.png\",\"width\":600,\"height\":600,\"caption\":\"maska za mo\u010dne zdrave lase, proti krhkim in ceplejenim konicam\"},{\"@type\":\"BreadcrumbList\",\"@id\":\"https:\/\/www.belle.si\/it\/izdelek\/maska-hair-bell-za-hitrejso-rast-las-in-zascito-krhkih-las\/#breadcrumb\",\"itemListElement\":[{\"@type\":\"ListItem\",\"position\":1,\"name\":\"Home\",\"item\":\"https:\/\/www.belle.si\/it\/\"},{\"@type\":\"ListItem\",\"position\":2,\"name\":\"Trgovina\",\"item\":\"https:\/\/www.belle.si\/trgovina\/\"},{\"@type\":\"ListItem\",\"position\":3,\"name\":\"Maska Hair Bell za hitrej\u0161o rast las in za\u0161\u010dito krhkih las\"}]},{\"@type\":\"WebSite\",\"@id\":\"https:\/\/www.belle.si\/it\/#website\",\"url\":\"https:\/\/www.belle.si\/it\/\",\"name\":\"Belle.si kozmeti\u010dna trgovina\",\"description\":\"\",\"publisher\":{\"@id\":\"https:\/\/www.belle.si\/it\/#organization\"},\"potentialAction\":[{\"@type\":\"SearchAction\",\"target\":{\"@type\":\"EntryPoint\",\"urlTemplate\":\"https:\/\/www.belle.si\/it\/?s={search_term_string}\"},\"query-input\":{\"@type\":\"PropertyValueSpecification\",\"valueRequired\":true,\"valueName\":\"search_term_string\"}}],\"inLanguage\":\"it-IT\"},{\"@type\":\"Organization\",\"@id\":\"https:\/\/www.belle.si\/it\/#organization\",\"name\":\"Belle.si kozmeti\u010dna trgovina\",\"url\":\"https:\/\/www.belle.si\/it\/\",\"logo\":{\"@type\":\"ImageObject\",\"inLanguage\":\"it-IT\",\"@id\":\"https:\/\/www.belle.si\/it\/#\/schema\/logo\/image\/\",\"url\":\"https:\/\/www.belle.si\/wp-content\/uploads\/2022\/10\/cropped-logo_belle_trgovina.png\",\"contentUrl\":\"https:\/\/www.belle.si\/wp-content\/uploads\/2022\/10\/cropped-logo_belle_trgovina.png\",\"width\":270,\"height\":135,\"caption\":\"Belle.si kozmeti\u010dna trgovina\"},\"image\":{\"@id\":\"https:\/\/www.belle.si\/it\/#\/schema\/logo\/image\/\"},\"sameAs\":[\"https:\/\/www.facebook.com\/belle.si.cosmetics\/\",\"https:\/\/www.instagram.com\/belle.si.cosmetics\/\"]}]}<\/script>\n<!-- \/ Yoast SEO plugin. -->","yoast_head_json":{"title":"Maska Hair Bell za hitrej\u0161o rast las in za\u0161\u010dito krhkih las - Belle.si kozmeti\u010dna trgovina","robots":{"index":"index","follow":"follow","max-snippet":"max-snippet:-1","max-image-preview":"max-image-preview:large","max-video-preview":"max-video-preview:-1"},"canonical":"https:\/\/www.belle.si\/it\/izdelek\/maska-hair-bell-za-hitrejso-rast-las-in-zascito-krhkih-las\/","og_locale":"it_IT","og_type":"article","og_title":"Maska Hair Bell za hitrej\u0161o rast las in za\u0161\u010dito krhkih las - Belle.si kozmeti\u010dna trgovina","og_description":"Maska za za\u0161\u010dito las in za hitrej\u0161o rast. Za vse, ki imae \u0161ibke, suhe in krhke lase, vam Hair Bell maska re\u0161i te\u017eave. Maska vsebuje karitejevo maslo, ki je najbolj priljubljena kozmeti\u010dna sestavina, zaradi izjemnih potrjenih\u00a0 u\u010dinkov. Z uporabo Hair Bell maske lasje postanejo bolj mehki, gladki in la\u017eje se jih oblikuje lasje so nahranjeni [&hellip;]","og_url":"https:\/\/www.belle.si\/it\/izdelek\/maska-hair-bell-za-hitrejso-rast-las-in-zascito-krhkih-las\/","og_site_name":"Belle.si kozmeti\u010dna trgovina","article_publisher":"https:\/\/www.facebook.com\/belle.si.cosmetics\/","article_modified_time":"2025-11-18T13:43:38+00:00","og_image":[{"width":600,"height":600,"url":"https:\/\/www.belle.si\/wp-content\/uploads\/2023\/11\/maska_za_hitrejso_rast_las.png","type":"image\/png"}],"twitter_card":"summary_large_image","twitter_misc":{"Tempo di lettura stimato":"1 minuto"},"schema":{"@context":"https:\/\/schema.org","@graph":[{"@type":"WebPage","@id":"https:\/\/www.belle.si\/it\/izdelek\/maska-hair-bell-za-hitrejso-rast-las-in-zascito-krhkih-las\/","url":"https:\/\/www.belle.si\/it\/izdelek\/maska-hair-bell-za-hitrejso-rast-las-in-zascito-krhkih-las\/","name":"Maska Hair Bell za hitrej\u0161o rast las in za\u0161\u010dito krhkih las - Belle.si kozmeti\u010dna trgovina","isPartOf":{"@id":"https:\/\/www.belle.si\/it\/#website"},"primaryImageOfPage":{"@id":"https:\/\/www.belle.si\/it\/izdelek\/maska-hair-bell-za-hitrejso-rast-las-in-zascito-krhkih-las\/#primaryimage"},"image":{"@id":"https:\/\/www.belle.si\/it\/izdelek\/maska-hair-bell-za-hitrejso-rast-las-in-zascito-krhkih-las\/#primaryimage"},"thumbnailUrl":"https:\/\/www.belle.si\/wp-content\/uploads\/2023\/11\/maska_za_hitrejso_rast_las.png","datePublished":"2020-09-08T06:31:01+00:00","dateModified":"2025-11-18T13:43:38+00:00","breadcrumb":{"@id":"https:\/\/www.belle.si\/it\/izdelek\/maska-hair-bell-za-hitrejso-rast-las-in-zascito-krhkih-las\/#breadcrumb"},"inLanguage":"it-IT","potentialAction":[{"@type":"ReadAction","target":["https:\/\/www.belle.si\/it\/izdelek\/maska-hair-bell-za-hitrejso-rast-las-in-zascito-krhkih-las\/"]}]},{"@type":"ImageObject","inLanguage":"it-IT","@id":"https:\/\/www.belle.si\/it\/izdelek\/maska-hair-bell-za-hitrejso-rast-las-in-zascito-krhkih-las\/#primaryimage","url":"https:\/\/www.belle.si\/wp-content\/uploads\/2023\/11\/maska_za_hitrejso_rast_las.png","contentUrl":"https:\/\/www.belle.si\/wp-content\/uploads\/2023\/11\/maska_za_hitrejso_rast_las.png","width":600,"height":600,"caption":"maska za mo\u010dne zdrave lase, proti krhkim in ceplejenim konicam"},{"@type":"BreadcrumbList","@id":"https:\/\/www.belle.si\/it\/izdelek\/maska-hair-bell-za-hitrejso-rast-las-in-zascito-krhkih-las\/#breadcrumb","itemListElement":[{"@type":"ListItem","position":1,"name":"Home","item":"https:\/\/www.belle.si\/it\/"},{"@type":"ListItem","position":2,"name":"Trgovina","item":"https:\/\/www.belle.si\/trgovina\/"},{"@type":"ListItem","position":3,"name":"Maska Hair Bell za hitrej\u0161o rast las in za\u0161\u010dito krhkih las"}]},{"@type":"WebSite","@id":"https:\/\/www.belle.si\/it\/#website","url":"https:\/\/www.belle.si\/it\/","name":"Belle.si kozmeti\u010dna trgovina","description":"","publisher":{"@id":"https:\/\/www.belle.si\/it\/#organization"},"potentialAction":[{"@type":"SearchAction","target":{"@type":"EntryPoint","urlTemplate":"https:\/\/www.belle.si\/it\/?s={search_term_string}"},"query-input":{"@type":"PropertyValueSpecification","valueRequired":true,"valueName":"search_term_string"}}],"inLanguage":"it-IT"},{"@type":"Organization","@id":"https:\/\/www.belle.si\/it\/#organization","name":"Belle.si kozmeti\u010dna trgovina","url":"https:\/\/www.belle.si\/it\/","logo":{"@type":"ImageObject","inLanguage":"it-IT","@id":"https:\/\/www.belle.si\/it\/#\/schema\/logo\/image\/","url":"https:\/\/www.belle.si\/wp-content\/uploads\/2022\/10\/cropped-logo_belle_trgovina.png","contentUrl":"https:\/\/www.belle.si\/wp-content\/uploads\/2022\/10\/cropped-logo_belle_trgovina.png","width":270,"height":135,"caption":"Belle.si kozmeti\u010dna trgovina"},"image":{"@id":"https:\/\/www.belle.si\/it\/#\/schema\/logo\/image\/"},"sameAs":["https:\/\/www.facebook.com\/belle.si.cosmetics\/","https:\/\/www.instagram.com\/belle.si.cosmetics\/"]}]}},"uagb_featured_image_src":{"full":["https:\/\/www.belle.si\/wp-content\/uploads\/2023\/11\/maska_za_hitrejso_rast_las.png",600,600,false],"thumbnail":["https:\/\/www.belle.si\/wp-content\/uploads\/2023\/11\/maska_za_hitrejso_rast_las-150x150.png",150,150,true],"medium":["https:\/\/www.belle.si\/wp-content\/uploads\/2023\/11\/maska_za_hitrejso_rast_las-300x300.png",300,300,true],"medium_large":["https:\/\/www.belle.si\/wp-content\/uploads\/2023\/11\/maska_za_hitrejso_rast_las.png",600,600,false],"large":["https:\/\/www.belle.si\/wp-content\/uploads\/2023\/11\/maska_za_hitrejso_rast_las.png",600,600,false],"1536x1536":["https:\/\/www.belle.si\/wp-content\/uploads\/2023\/11\/maska_za_hitrejso_rast_las.png",600,600,false],"2048x2048":["https:\/\/www.belle.si\/wp-content\/uploads\/2023\/11\/maska_za_hitrejso_rast_las.png",600,600,false],"mailpoet_newsletter_max":["https:\/\/www.belle.si\/wp-content\/uploads\/2023\/11\/maska_za_hitrejso_rast_las.png",600,600,false],"woocommerce_thumbnail":["https:\/\/www.belle.si\/wp-content\/uploads\/2023\/11\/maska_za_hitrejso_rast_las-300x300.png",300,300,true],"woocommerce_single":["https:\/\/www.belle.si\/wp-content\/uploads\/2023\/11\/maska_za_hitrejso_rast_las.png",600,600,false],"woocommerce_gallery_thumbnail":["https:\/\/www.belle.si\/wp-content\/uploads\/2023\/11\/maska_za_hitrejso_rast_las-100x100.png",100,100,true]},"uagb_author_info":{"display_name":"dejan","author_link":"https:\/\/www.belle.si\/it\/author\/"},"uagb_comment_info":0,"uagb_excerpt":"Maska za za\u0161\u010dito las in za hitrej\u0161o rast. Za vse, ki imae \u0161ibke, suhe in krhke lase, vam Hair Bell maska re\u0161i te\u017eave. Maska vsebuje karitejevo maslo, ki je najbolj priljubljena kozmeti\u010dna sestavina, zaradi izjemnih potrjenih\u00a0 u\u010dinkov. Z uporabo Hair Bell maske lasje postanejo bolj mehki, gladki in la\u017eje se jih oblikuje lasje so nahranjeni&hellip;","_links":{"self":[{"href":"https:\/\/www.belle.si\/it\/wp-json\/wp\/v2\/product\/102003","targetHints":{"allow":["GET"]}}],"collection":[{"href":"https:\/\/www.belle.si\/it\/wp-json\/wp\/v2\/product"}],"about":[{"href":"https:\/\/www.belle.si\/it\/wp-json\/wp\/v2\/types\/product"}],"replies":[{"embeddable":true,"href":"https:\/\/www.belle.si\/it\/wp-json\/wp\/v2\/comments?post=102003"}],"wp:featuredmedia":[{"embeddable":true,"href":"https:\/\/www.belle.si\/it\/wp-json\/wp\/v2\/media\/102004"}],"wp:attachment":[{"href":"https:\/\/www.belle.si\/it\/wp-json\/wp\/v2\/media?parent=102003"}],"wp:term":[{"taxonomy":"product_brand","embeddable":true,"href":"https:\/\/www.belle.si\/it\/wp-json\/wp\/v2\/product_brand?post=102003"},{"taxonomy":"product_cat","embeddable":true,"href":"https:\/\/www.belle.si\/it\/wp-json\/wp\/v2\/product_cat?post=102003"},{"taxonomy":"product_tag","embeddable":true,"href":"https:\/\/www.belle.si\/it\/wp-json\/wp\/v2\/product_tag?post=102003"}],"curies":[{"name":"wp","href":"https:\/\/api.w.org\/{rel}","templated":true}]}}