{"id":101921,"date":"2020-06-25T23:10:47","date_gmt":"2020-06-25T21:10:47","guid":{"rendered":"https:\/\/belle.zabica.org\/izdelek\/serum-s-keratinom-hair-liss-za-valovite-in-skodrane-lase\/"},"modified":"2023-11-17T01:14:36","modified_gmt":"2023-11-17T00:14:36","slug":"serum-s-keratinom-hair-liss-za-valovite-in-skodrane-lase","status":"publish","type":"product","link":"https:\/\/www.belle.si\/it\/izdelek\/serum-s-keratinom-hair-liss-za-valovite-in-skodrane-lase\/","title":{"rendered":"Serum s keratinom Hair-Liss za valovite in skodrane lase"},"content":{"rendered":"<div class=\"std\">\n<h2>SERUM HAIR-LISS S KERATINOM ZA KODRASTE IN VALOVITE LASE<\/h2>\n<p>Serum Hair-Liss keratin Frizz Plus pomaga pri ohranjanju oblike skodranih in valovitih las.<\/p>\n<p>Valoviti lasje ohranijo svojo obliko dlje in se ne zravnajo med umivanji.<\/p>\n<\/div>\n<p>Imate suhe in ravne lase brez \u017eivljenja?<\/p>\n<div class=\"std\">\n<p>Pomagate si lahko s Hair-Liss serumom s keratinom.<\/p>\n<p>Takoj po nanosu manj\u0161e koli\u010dine seruma, bojo va\u0161i lasje:<\/p>\n<ul>\n<li><b>lepo skodrani<\/b>,<\/li>\n<li>videti bojo zdravi in mo\u010dni,<\/li>\n<li>\u010dudovito sijo\u010di.<\/li>\n<\/ul>\n<div class=\"panel directions\">\n<h3 class=\"title\">Navodila za uporabo <span class=\"brand\">HAIRLISS KERATINE &#8211; FRIZZ PLUS<\/span><\/h3>\n<div class=\"std\">\n<p class=\"western\" lang=\"sl-SI\" align=\"justify\">Lase operite in jih nekoliko osu\u0161ite z brisa\u010do.<\/p>\n<p class=\"western\" lang=\"sl-SI\" align=\"justify\">Nanesite manj\u0161o koli\u010dino HAIRLISS KERATINE &#8211; FRIZZ PLUS seruma na lase.<\/p>\n<p class=\"western\" lang=\"sl-SI\" align=\"justify\">Nana\u0161ajte od lasi\u0161\u010da proti konicam.<\/p>\n<p class=\"western\" lang=\"sl-SI\" align=\"justify\">Serum pustite na laseh, ne izpirajte.<\/p>\n<p class=\"western\" lang=\"sl-SI\" align=\"justify\">Lase posu\u0161ite s su\u0161ilcem na srednji teperaturi.<\/p>\n<\/div>\n<p><strong>BREZ PARABENOV.<\/strong><\/p>\n<\/div>\n<\/div>\n","protected":false},"excerpt":{"rendered":"<p>SERUM HAIR-LISS S KERATINOM ZA KODRASTE IN VALOVITE LASE Serum Hair-Liss keratin Frizz Plus pomaga pri ohranjanju oblike skodranih in valovitih las. Valoviti lasje ohranijo svojo obliko dlje in se ne zravnajo med umivanji. Imate suhe in ravne lase brez \u017eivljenja? Pomagate si lahko s Hair-Liss serumom s keratinom. Takoj po nanosu manj\u0161e koli\u010dine seruma, [&hellip;]<\/p>\n","protected":false},"featured_media":101922,"comment_status":"closed","ping_status":"open","template":"","meta":{"_uag_custom_page_level_css":"","_monsterinsights_skip_tracking":false,"_monsterinsights_sitenote_active":false,"_monsterinsights_sitenote_note":"","_monsterinsights_sitenote_category":0,"site-sidebar-layout":"default","site-content-layout":"","ast-site-content-layout":"default","site-content-style":"default","site-sidebar-style":"default","ast-global-header-display":"","ast-banner-title-visibility":"","ast-main-header-display":"","ast-hfb-above-header-display":"","ast-hfb-below-header-display":"","ast-hfb-mobile-header-display":"","site-post-title":"","ast-breadcrumbs-content":"","ast-featured-img":"","footer-sml-layout":"","ast-disable-related-posts":"","theme-transparent-header-meta":"","adv-header-id-meta":"","stick-header-meta":"","header-above-stick-meta":"","header-main-stick-meta":"","header-below-stick-meta":"","astra-migrate-meta-layouts":"default","ast-page-background-enabled":"default","ast-page-background-meta":{"desktop":{"background-color":"var(--ast-global-color-4)","background-image":"","background-repeat":"repeat","background-position":"center center","background-size":"auto","background-attachment":"scroll","background-type":"","background-media":"","overlay-type":"","overlay-color":"","overlay-opacity":"","overlay-gradient":""},"tablet":{"background-color":"","background-image":"","background-repeat":"repeat","background-position":"center center","background-size":"auto","background-attachment":"scroll","background-type":"","background-media":"","overlay-type":"","overlay-color":"","overlay-opacity":"","overlay-gradient":""},"mobile":{"background-color":"","background-image":"","background-repeat":"repeat","background-position":"center center","background-size":"auto","background-attachment":"scroll","background-type":"","background-media":"","overlay-type":"","overlay-color":"","overlay-opacity":"","overlay-gradient":""}},"ast-content-background-meta":{"desktop":{"background-color":"var(--ast-global-color-5)","background-image":"","background-repeat":"repeat","background-position":"center center","background-size":"auto","background-attachment":"scroll","background-type":"","background-media":"","overlay-type":"","overlay-color":"","overlay-opacity":"","overlay-gradient":""},"tablet":{"background-color":"var(--ast-global-color-5)","background-image":"","background-repeat":"repeat","background-position":"center center","background-size":"auto","background-attachment":"scroll","background-type":"","background-media":"","overlay-type":"","overlay-color":"","overlay-opacity":"","overlay-gradient":""},"mobile":{"background-color":"var(--ast-global-color-5)","background-image":"","background-repeat":"repeat","background-position":"center center","background-size":"auto","background-attachment":"scroll","background-type":"","background-media":"","overlay-type":"","overlay-color":"","overlay-opacity":"","overlay-gradient":""}}},"product_brand":[],"product_cat":[43,46],"product_tag":[],"class_list":{"0":"post-101921","1":"product","2":"type-product","3":"status-publish","4":"has-post-thumbnail","6":"product_cat-nega-za-lase","7":"product_cat-za-lepe-lase","8":"desktop-align-left","9":"tablet-align-left","10":"mobile-align-left","11":"ast-product-gallery-layout-first-image-large","12":"ast-product-gallery-with-no-image","13":"ast-magnify-disabled","14":"ast-product-tabs-layout-horizontal","16":"first","17":"instock","18":"taxable","19":"shipping-taxable","20":"purchasable","21":"product-type-simple"},"yoast_head":"<!-- This site is optimized with the Yoast SEO plugin v26.9 - https:\/\/yoast.com\/product\/yoast-seo-wordpress\/ -->\n<title>Serum s keratinom Hair-Liss za valovite in skodrane lase - Belle.si kozmeti\u010dna trgovina<\/title>\n<meta name=\"robots\" content=\"index, follow, max-snippet:-1, max-image-preview:large, max-video-preview:-1\" \/>\n<link rel=\"canonical\" href=\"https:\/\/www.belle.si\/it\/izdelek\/serum-s-keratinom-hair-liss-za-valovite-in-skodrane-lase\/\" \/>\n<meta property=\"og:locale\" content=\"it_IT\" \/>\n<meta property=\"og:type\" content=\"article\" \/>\n<meta property=\"og:title\" content=\"Serum s keratinom Hair-Liss za valovite in skodrane lase - Belle.si kozmeti\u010dna trgovina\" \/>\n<meta property=\"og:description\" content=\"SERUM HAIR-LISS S KERATINOM ZA KODRASTE IN VALOVITE LASE Serum Hair-Liss keratin Frizz Plus pomaga pri ohranjanju oblike skodranih in valovitih las. Valoviti lasje ohranijo svojo obliko dlje in se ne zravnajo med umivanji. Imate suhe in ravne lase brez \u017eivljenja? Pomagate si lahko s Hair-Liss serumom s keratinom. Takoj po nanosu manj\u0161e koli\u010dine seruma, [&hellip;]\" \/>\n<meta property=\"og:url\" content=\"https:\/\/www.belle.si\/it\/izdelek\/serum-s-keratinom-hair-liss-za-valovite-in-skodrane-lase\/\" \/>\n<meta property=\"og:site_name\" content=\"Belle.si kozmeti\u010dna trgovina\" \/>\n<meta property=\"article:publisher\" content=\"https:\/\/www.facebook.com\/belle.si.cosmetics\/\" \/>\n<meta property=\"article:modified_time\" content=\"2023-11-17T00:14:36+00:00\" \/>\n<meta property=\"og:image\" content=\"https:\/\/www.belle.si\/wp-content\/uploads\/2023\/11\/frizzplus_serum.png\" \/>\n\t<meta property=\"og:image:width\" content=\"500\" \/>\n\t<meta property=\"og:image:height\" content=\"500\" \/>\n\t<meta property=\"og:image:type\" content=\"image\/png\" \/>\n<meta name=\"twitter:card\" content=\"summary_large_image\" \/>\n<meta name=\"twitter:label1\" content=\"Tempo di lettura stimato\" \/>\n\t<meta name=\"twitter:data1\" content=\"1 minuto\" \/>\n<script type=\"application\/ld+json\" class=\"yoast-schema-graph\">{\"@context\":\"https:\/\/schema.org\",\"@graph\":[{\"@type\":\"WebPage\",\"@id\":\"https:\/\/www.belle.si\/it\/izdelek\/serum-s-keratinom-hair-liss-za-valovite-in-skodrane-lase\/\",\"url\":\"https:\/\/www.belle.si\/it\/izdelek\/serum-s-keratinom-hair-liss-za-valovite-in-skodrane-lase\/\",\"name\":\"Serum s keratinom Hair-Liss za valovite in skodrane lase - Belle.si kozmeti\u010dna trgovina\",\"isPartOf\":{\"@id\":\"https:\/\/www.belle.si\/it\/#website\"},\"primaryImageOfPage\":{\"@id\":\"https:\/\/www.belle.si\/it\/izdelek\/serum-s-keratinom-hair-liss-za-valovite-in-skodrane-lase\/#primaryimage\"},\"image\":{\"@id\":\"https:\/\/www.belle.si\/it\/izdelek\/serum-s-keratinom-hair-liss-za-valovite-in-skodrane-lase\/#primaryimage\"},\"thumbnailUrl\":\"https:\/\/www.belle.si\/wp-content\/uploads\/2023\/11\/frizzplus_serum.png\",\"datePublished\":\"2020-06-25T21:10:47+00:00\",\"dateModified\":\"2023-11-17T00:14:36+00:00\",\"breadcrumb\":{\"@id\":\"https:\/\/www.belle.si\/it\/izdelek\/serum-s-keratinom-hair-liss-za-valovite-in-skodrane-lase\/#breadcrumb\"},\"inLanguage\":\"it-IT\",\"potentialAction\":[{\"@type\":\"ReadAction\",\"target\":[\"https:\/\/www.belle.si\/it\/izdelek\/serum-s-keratinom-hair-liss-za-valovite-in-skodrane-lase\/\"]}]},{\"@type\":\"ImageObject\",\"inLanguage\":\"it-IT\",\"@id\":\"https:\/\/www.belle.si\/it\/izdelek\/serum-s-keratinom-hair-liss-za-valovite-in-skodrane-lase\/#primaryimage\",\"url\":\"https:\/\/www.belle.si\/wp-content\/uploads\/2023\/11\/frizzplus_serum.png\",\"contentUrl\":\"https:\/\/www.belle.si\/wp-content\/uploads\/2023\/11\/frizzplus_serum.png\",\"width\":500,\"height\":500},{\"@type\":\"BreadcrumbList\",\"@id\":\"https:\/\/www.belle.si\/it\/izdelek\/serum-s-keratinom-hair-liss-za-valovite-in-skodrane-lase\/#breadcrumb\",\"itemListElement\":[{\"@type\":\"ListItem\",\"position\":1,\"name\":\"Home\",\"item\":\"https:\/\/www.belle.si\/it\/\"},{\"@type\":\"ListItem\",\"position\":2,\"name\":\"Trgovina\",\"item\":\"https:\/\/www.belle.si\/trgovina\/\"},{\"@type\":\"ListItem\",\"position\":3,\"name\":\"Serum s keratinom Hair-Liss za valovite in skodrane lase\"}]},{\"@type\":\"WebSite\",\"@id\":\"https:\/\/www.belle.si\/it\/#website\",\"url\":\"https:\/\/www.belle.si\/it\/\",\"name\":\"Belle.si kozmeti\u010dna trgovina\",\"description\":\"\",\"publisher\":{\"@id\":\"https:\/\/www.belle.si\/it\/#organization\"},\"potentialAction\":[{\"@type\":\"SearchAction\",\"target\":{\"@type\":\"EntryPoint\",\"urlTemplate\":\"https:\/\/www.belle.si\/it\/?s={search_term_string}\"},\"query-input\":{\"@type\":\"PropertyValueSpecification\",\"valueRequired\":true,\"valueName\":\"search_term_string\"}}],\"inLanguage\":\"it-IT\"},{\"@type\":\"Organization\",\"@id\":\"https:\/\/www.belle.si\/it\/#organization\",\"name\":\"Belle.si kozmeti\u010dna trgovina\",\"url\":\"https:\/\/www.belle.si\/it\/\",\"logo\":{\"@type\":\"ImageObject\",\"inLanguage\":\"it-IT\",\"@id\":\"https:\/\/www.belle.si\/it\/#\/schema\/logo\/image\/\",\"url\":\"https:\/\/www.belle.si\/wp-content\/uploads\/2022\/10\/cropped-logo_belle_trgovina.png\",\"contentUrl\":\"https:\/\/www.belle.si\/wp-content\/uploads\/2022\/10\/cropped-logo_belle_trgovina.png\",\"width\":270,\"height\":135,\"caption\":\"Belle.si kozmeti\u010dna trgovina\"},\"image\":{\"@id\":\"https:\/\/www.belle.si\/it\/#\/schema\/logo\/image\/\"},\"sameAs\":[\"https:\/\/www.facebook.com\/belle.si.cosmetics\/\",\"https:\/\/www.instagram.com\/belle.si.cosmetics\/\"]}]}<\/script>\n<!-- \/ Yoast SEO plugin. -->","yoast_head_json":{"title":"Serum s keratinom Hair-Liss za valovite in skodrane lase - Belle.si kozmeti\u010dna trgovina","robots":{"index":"index","follow":"follow","max-snippet":"max-snippet:-1","max-image-preview":"max-image-preview:large","max-video-preview":"max-video-preview:-1"},"canonical":"https:\/\/www.belle.si\/it\/izdelek\/serum-s-keratinom-hair-liss-za-valovite-in-skodrane-lase\/","og_locale":"it_IT","og_type":"article","og_title":"Serum s keratinom Hair-Liss za valovite in skodrane lase - Belle.si kozmeti\u010dna trgovina","og_description":"SERUM HAIR-LISS S KERATINOM ZA KODRASTE IN VALOVITE LASE Serum Hair-Liss keratin Frizz Plus pomaga pri ohranjanju oblike skodranih in valovitih las. Valoviti lasje ohranijo svojo obliko dlje in se ne zravnajo med umivanji. Imate suhe in ravne lase brez \u017eivljenja? Pomagate si lahko s Hair-Liss serumom s keratinom. Takoj po nanosu manj\u0161e koli\u010dine seruma, [&hellip;]","og_url":"https:\/\/www.belle.si\/it\/izdelek\/serum-s-keratinom-hair-liss-za-valovite-in-skodrane-lase\/","og_site_name":"Belle.si kozmeti\u010dna trgovina","article_publisher":"https:\/\/www.facebook.com\/belle.si.cosmetics\/","article_modified_time":"2023-11-17T00:14:36+00:00","og_image":[{"width":500,"height":500,"url":"https:\/\/www.belle.si\/wp-content\/uploads\/2023\/11\/frizzplus_serum.png","type":"image\/png"}],"twitter_card":"summary_large_image","twitter_misc":{"Tempo di lettura stimato":"1 minuto"},"schema":{"@context":"https:\/\/schema.org","@graph":[{"@type":"WebPage","@id":"https:\/\/www.belle.si\/it\/izdelek\/serum-s-keratinom-hair-liss-za-valovite-in-skodrane-lase\/","url":"https:\/\/www.belle.si\/it\/izdelek\/serum-s-keratinom-hair-liss-za-valovite-in-skodrane-lase\/","name":"Serum s keratinom Hair-Liss za valovite in skodrane lase - Belle.si kozmeti\u010dna trgovina","isPartOf":{"@id":"https:\/\/www.belle.si\/it\/#website"},"primaryImageOfPage":{"@id":"https:\/\/www.belle.si\/it\/izdelek\/serum-s-keratinom-hair-liss-za-valovite-in-skodrane-lase\/#primaryimage"},"image":{"@id":"https:\/\/www.belle.si\/it\/izdelek\/serum-s-keratinom-hair-liss-za-valovite-in-skodrane-lase\/#primaryimage"},"thumbnailUrl":"https:\/\/www.belle.si\/wp-content\/uploads\/2023\/11\/frizzplus_serum.png","datePublished":"2020-06-25T21:10:47+00:00","dateModified":"2023-11-17T00:14:36+00:00","breadcrumb":{"@id":"https:\/\/www.belle.si\/it\/izdelek\/serum-s-keratinom-hair-liss-za-valovite-in-skodrane-lase\/#breadcrumb"},"inLanguage":"it-IT","potentialAction":[{"@type":"ReadAction","target":["https:\/\/www.belle.si\/it\/izdelek\/serum-s-keratinom-hair-liss-za-valovite-in-skodrane-lase\/"]}]},{"@type":"ImageObject","inLanguage":"it-IT","@id":"https:\/\/www.belle.si\/it\/izdelek\/serum-s-keratinom-hair-liss-za-valovite-in-skodrane-lase\/#primaryimage","url":"https:\/\/www.belle.si\/wp-content\/uploads\/2023\/11\/frizzplus_serum.png","contentUrl":"https:\/\/www.belle.si\/wp-content\/uploads\/2023\/11\/frizzplus_serum.png","width":500,"height":500},{"@type":"BreadcrumbList","@id":"https:\/\/www.belle.si\/it\/izdelek\/serum-s-keratinom-hair-liss-za-valovite-in-skodrane-lase\/#breadcrumb","itemListElement":[{"@type":"ListItem","position":1,"name":"Home","item":"https:\/\/www.belle.si\/it\/"},{"@type":"ListItem","position":2,"name":"Trgovina","item":"https:\/\/www.belle.si\/trgovina\/"},{"@type":"ListItem","position":3,"name":"Serum s keratinom Hair-Liss za valovite in skodrane lase"}]},{"@type":"WebSite","@id":"https:\/\/www.belle.si\/it\/#website","url":"https:\/\/www.belle.si\/it\/","name":"Belle.si kozmeti\u010dna trgovina","description":"","publisher":{"@id":"https:\/\/www.belle.si\/it\/#organization"},"potentialAction":[{"@type":"SearchAction","target":{"@type":"EntryPoint","urlTemplate":"https:\/\/www.belle.si\/it\/?s={search_term_string}"},"query-input":{"@type":"PropertyValueSpecification","valueRequired":true,"valueName":"search_term_string"}}],"inLanguage":"it-IT"},{"@type":"Organization","@id":"https:\/\/www.belle.si\/it\/#organization","name":"Belle.si kozmeti\u010dna trgovina","url":"https:\/\/www.belle.si\/it\/","logo":{"@type":"ImageObject","inLanguage":"it-IT","@id":"https:\/\/www.belle.si\/it\/#\/schema\/logo\/image\/","url":"https:\/\/www.belle.si\/wp-content\/uploads\/2022\/10\/cropped-logo_belle_trgovina.png","contentUrl":"https:\/\/www.belle.si\/wp-content\/uploads\/2022\/10\/cropped-logo_belle_trgovina.png","width":270,"height":135,"caption":"Belle.si kozmeti\u010dna trgovina"},"image":{"@id":"https:\/\/www.belle.si\/it\/#\/schema\/logo\/image\/"},"sameAs":["https:\/\/www.facebook.com\/belle.si.cosmetics\/","https:\/\/www.instagram.com\/belle.si.cosmetics\/"]}]}},"uagb_featured_image_src":{"full":["https:\/\/www.belle.si\/wp-content\/uploads\/2023\/11\/frizzplus_serum.png",500,500,false],"thumbnail":["https:\/\/www.belle.si\/wp-content\/uploads\/2023\/11\/frizzplus_serum-150x150.png",150,150,true],"medium":["https:\/\/www.belle.si\/wp-content\/uploads\/2023\/11\/frizzplus_serum-300x300.png",300,300,true],"medium_large":["https:\/\/www.belle.si\/wp-content\/uploads\/2023\/11\/frizzplus_serum.png",500,500,false],"large":["https:\/\/www.belle.si\/wp-content\/uploads\/2023\/11\/frizzplus_serum.png",500,500,false],"1536x1536":["https:\/\/www.belle.si\/wp-content\/uploads\/2023\/11\/frizzplus_serum.png",500,500,false],"2048x2048":["https:\/\/www.belle.si\/wp-content\/uploads\/2023\/11\/frizzplus_serum.png",500,500,false],"mailpoet_newsletter_max":["https:\/\/www.belle.si\/wp-content\/uploads\/2023\/11\/frizzplus_serum.png",500,500,false],"woocommerce_thumbnail":["https:\/\/www.belle.si\/wp-content\/uploads\/2023\/11\/frizzplus_serum-300x300.png",300,300,true],"woocommerce_single":["https:\/\/www.belle.si\/wp-content\/uploads\/2023\/11\/frizzplus_serum.png",500,500,false],"woocommerce_gallery_thumbnail":["https:\/\/www.belle.si\/wp-content\/uploads\/2023\/11\/frizzplus_serum-100x100.png",100,100,true]},"uagb_author_info":{"display_name":"dejan","author_link":"https:\/\/www.belle.si\/it\/author\/"},"uagb_comment_info":0,"uagb_excerpt":"SERUM HAIR-LISS S KERATINOM ZA KODRASTE IN VALOVITE LASE Serum Hair-Liss keratin Frizz Plus pomaga pri ohranjanju oblike skodranih in valovitih las. Valoviti lasje ohranijo svojo obliko dlje in se ne zravnajo med umivanji. Imate suhe in ravne lase brez \u017eivljenja? Pomagate si lahko s Hair-Liss serumom s keratinom. Takoj po nanosu manj\u0161e koli\u010dine seruma,&hellip;","_links":{"self":[{"href":"https:\/\/www.belle.si\/it\/wp-json\/wp\/v2\/product\/101921","targetHints":{"allow":["GET"]}}],"collection":[{"href":"https:\/\/www.belle.si\/it\/wp-json\/wp\/v2\/product"}],"about":[{"href":"https:\/\/www.belle.si\/it\/wp-json\/wp\/v2\/types\/product"}],"replies":[{"embeddable":true,"href":"https:\/\/www.belle.si\/it\/wp-json\/wp\/v2\/comments?post=101921"}],"wp:featuredmedia":[{"embeddable":true,"href":"https:\/\/www.belle.si\/it\/wp-json\/wp\/v2\/media\/101922"}],"wp:attachment":[{"href":"https:\/\/www.belle.si\/it\/wp-json\/wp\/v2\/media?parent=101921"}],"wp:term":[{"taxonomy":"product_brand","embeddable":true,"href":"https:\/\/www.belle.si\/it\/wp-json\/wp\/v2\/product_brand?post=101921"},{"taxonomy":"product_cat","embeddable":true,"href":"https:\/\/www.belle.si\/it\/wp-json\/wp\/v2\/product_cat?post=101921"},{"taxonomy":"product_tag","embeddable":true,"href":"https:\/\/www.belle.si\/it\/wp-json\/wp\/v2\/product_tag?post=101921"}],"curies":[{"name":"wp","href":"https:\/\/api.w.org\/{rel}","templated":true}]}}