{"id":101913,"date":"2020-06-25T23:10:46","date_gmt":"2020-06-25T21:10:46","guid":{"rendered":"https:\/\/belle.zabica.org\/izdelek\/balzam-keratin-hair-liss-za-sijoce-in-gladke-lase\/"},"modified":"2023-11-17T01:14:33","modified_gmt":"2023-11-17T00:14:33","slug":"balzam-keratin-hair-liss-za-sijoce-in-gladke-lase","status":"publish","type":"product","link":"https:\/\/www.belle.si\/it\/izdelek\/balzam-keratin-hair-liss-za-sijoce-in-gladke-lase\/","title":{"rendered":"Balzam keratin  Hair-Liss za sijo\u010de in gladke lase"},"content":{"rendered":"<h2 lang=\"sl-SI\" align=\"justify\">HAIR-LISS 100% KERATIN BALZAM ZA GLADKE IN SIJO\u010cE LASE<\/h2>\n<p class=\"western\" lang=\"sl-SI\" align=\"justify\"><span style=\"font-size: medium;\">Po uporabi \u0161ampona <\/span><span style=\"font-size: medium;\"><b>HAIR-LISS 100% keratin, <\/b>na lase nane<\/span><span style=\"font-size: medium;\">site <\/span><span style=\"font-size: medium;\"><b>HAIRLISS 100% keratin balzam!<\/b><\/span><\/p>\n<p lang=\"sl-SI\" align=\"justify\"><strong>Navodila za uporabo<\/strong><\/p>\n<p class=\"western\" lang=\"sl-SI\" align=\"justify\"><span style=\"font-size: medium;\"><strong>Balzam<\/strong> nanesite od sredine dol\u017eine las do konic in pustite delovati nekaj minut.<\/span><\/p>\n<p class=\"western\" lang=\"sl-SI\" align=\"justify\"><span style=\"font-size: medium;\"> Lase nato ra\u017e\u010de\u0161ite in jih temeljito sperite z mla\u010dno vodo.<br \/>\n<\/span><\/p>\n<p lang=\"sl-SI\" align=\"justify\">Vsebina: balzam 500ml<\/p>\n<p lang=\"sl-SI\" align=\"justify\">Proizvdeno v Franciji<\/p>\n<h2 lang=\"sl-SI\" align=\"justify\">Za bolj\u0161e rezultate priporo\u010damo uporabo \u0161ampona s keratinom iz iste kolekcije.<\/h2>\n<p lang=\"sl-SI\" align=\"justify\"><a href=\"https:\/\/www.hairbell.si\/izdelek\/sampon-keratin-hairliss-za-sijoce-in-gladke-lase\/\">https:\/\/www.hairbell.si\/izdelek\/sampon-keratin-hairliss-za-sijoce-in-gladke-lase\/<\/a><\/p>\n<p lang=\"sl-SI\" align=\"justify\"><a href=\"https:\/\/belle.zabica.org\/wp-content\/uploads\/2023\/11\/hairliss_sampon-1.png\"><img fetchpriority=\"high\" decoding=\"async\" class=\"size-medium wp-image-100675 alignleft\" src=\"https:\/\/belle.zabica.org\/wp-content\/uploads\/2023\/11\/hairliss_sampon-1-300x300.png\" alt=\"\u0160ampon Hairliss s keratinom za glaskein sijo\u010de lase\" width=\"300\" height=\"300\" \/><\/a><\/p>\n<p lang=\"sl-SI\" align=\"justify\">\n","protected":false},"excerpt":{"rendered":"<p>HAIR-LISS 100% KERATIN BALZAM ZA GLADKE IN SIJO\u010cE LASE Po uporabi \u0161ampona HAIR-LISS 100% keratin, na lase nanesite HAIRLISS 100% keratin balzam! Navodila za uporabo Balzam nanesite od sredine dol\u017eine las do konic in pustite delovati nekaj minut. Lase nato ra\u017e\u010de\u0161ite in jih temeljito sperite z mla\u010dno vodo. Vsebina: balzam 500ml Proizvdeno v Franciji Za [&hellip;]<\/p>\n","protected":false},"featured_media":101916,"comment_status":"closed","ping_status":"open","template":"","meta":{"_uag_custom_page_level_css":"","_monsterinsights_skip_tracking":false,"_monsterinsights_sitenote_active":false,"_monsterinsights_sitenote_note":"","_monsterinsights_sitenote_category":0,"site-sidebar-layout":"default","site-content-layout":"","ast-site-content-layout":"default","site-content-style":"default","site-sidebar-style":"default","ast-global-header-display":"","ast-banner-title-visibility":"","ast-main-header-display":"","ast-hfb-above-header-display":"","ast-hfb-below-header-display":"","ast-hfb-mobile-header-display":"","site-post-title":"","ast-breadcrumbs-content":"","ast-featured-img":"","footer-sml-layout":"","ast-disable-related-posts":"","theme-transparent-header-meta":"","adv-header-id-meta":"","stick-header-meta":"","header-above-stick-meta":"","header-main-stick-meta":"","header-below-stick-meta":"","astra-migrate-meta-layouts":"default","ast-page-background-enabled":"default","ast-page-background-meta":{"desktop":{"background-color":"var(--ast-global-color-4)","background-image":"","background-repeat":"repeat","background-position":"center center","background-size":"auto","background-attachment":"scroll","background-type":"","background-media":"","overlay-type":"","overlay-color":"","overlay-opacity":"","overlay-gradient":""},"tablet":{"background-color":"","background-image":"","background-repeat":"repeat","background-position":"center center","background-size":"auto","background-attachment":"scroll","background-type":"","background-media":"","overlay-type":"","overlay-color":"","overlay-opacity":"","overlay-gradient":""},"mobile":{"background-color":"","background-image":"","background-repeat":"repeat","background-position":"center center","background-size":"auto","background-attachment":"scroll","background-type":"","background-media":"","overlay-type":"","overlay-color":"","overlay-opacity":"","overlay-gradient":""}},"ast-content-background-meta":{"desktop":{"background-color":"var(--ast-global-color-5)","background-image":"","background-repeat":"repeat","background-position":"center center","background-size":"auto","background-attachment":"scroll","background-type":"","background-media":"","overlay-type":"","overlay-color":"","overlay-opacity":"","overlay-gradient":""},"tablet":{"background-color":"var(--ast-global-color-5)","background-image":"","background-repeat":"repeat","background-position":"center center","background-size":"auto","background-attachment":"scroll","background-type":"","background-media":"","overlay-type":"","overlay-color":"","overlay-opacity":"","overlay-gradient":""},"mobile":{"background-color":"var(--ast-global-color-5)","background-image":"","background-repeat":"repeat","background-position":"center center","background-size":"auto","background-attachment":"scroll","background-type":"","background-media":"","overlay-type":"","overlay-color":"","overlay-opacity":"","overlay-gradient":""}}},"product_brand":[],"product_cat":[43],"product_tag":[],"class_list":{"0":"post-101913","1":"product","2":"type-product","3":"status-publish","4":"has-post-thumbnail","6":"product_cat-nega-za-lase","7":"desktop-align-left","8":"tablet-align-left","9":"mobile-align-left","10":"ast-product-gallery-layout-first-image-large","11":"ast-product-gallery-with-no-image","12":"ast-magnify-disabled","13":"ast-product-tabs-layout-horizontal","15":"first","16":"instock","17":"taxable","18":"shipping-taxable","19":"purchasable","20":"product-type-simple"},"yoast_head":"<!-- This site is optimized with the Yoast SEO plugin v26.9 - https:\/\/yoast.com\/product\/yoast-seo-wordpress\/ -->\n<title>Balzam keratin Hair-Liss za sijo\u010de in gladke lase - Belle.si kozmeti\u010dna trgovina<\/title>\n<meta name=\"robots\" content=\"index, follow, max-snippet:-1, max-image-preview:large, max-video-preview:-1\" \/>\n<link rel=\"canonical\" href=\"https:\/\/www.belle.si\/it\/izdelek\/balzam-keratin-hair-liss-za-sijoce-in-gladke-lase\/\" \/>\n<meta property=\"og:locale\" content=\"it_IT\" \/>\n<meta property=\"og:type\" content=\"article\" \/>\n<meta property=\"og:title\" content=\"Balzam keratin Hair-Liss za sijo\u010de in gladke lase - Belle.si kozmeti\u010dna trgovina\" \/>\n<meta property=\"og:description\" content=\"HAIR-LISS 100% KERATIN BALZAM ZA GLADKE IN SIJO\u010cE LASE Po uporabi \u0161ampona HAIR-LISS 100% keratin, na lase nanesite HAIRLISS 100% keratin balzam! Navodila za uporabo Balzam nanesite od sredine dol\u017eine las do konic in pustite delovati nekaj minut. Lase nato ra\u017e\u010de\u0161ite in jih temeljito sperite z mla\u010dno vodo. Vsebina: balzam 500ml Proizvdeno v Franciji Za [&hellip;]\" \/>\n<meta property=\"og:url\" content=\"https:\/\/www.belle.si\/it\/izdelek\/balzam-keratin-hair-liss-za-sijoce-in-gladke-lase\/\" \/>\n<meta property=\"og:site_name\" content=\"Belle.si kozmeti\u010dna trgovina\" \/>\n<meta property=\"article:publisher\" content=\"https:\/\/www.facebook.com\/belle.si.cosmetics\/\" \/>\n<meta property=\"article:modified_time\" content=\"2023-11-17T00:14:33+00:00\" \/>\n<meta property=\"og:image\" content=\"https:\/\/www.belle.si\/wp-content\/uploads\/2023\/11\/hairliss_balzam.png\" \/>\n\t<meta property=\"og:image:width\" content=\"500\" \/>\n\t<meta property=\"og:image:height\" content=\"500\" \/>\n\t<meta property=\"og:image:type\" content=\"image\/png\" \/>\n<meta name=\"twitter:card\" content=\"summary_large_image\" \/>\n<script type=\"application\/ld+json\" class=\"yoast-schema-graph\">{\"@context\":\"https:\/\/schema.org\",\"@graph\":[{\"@type\":\"WebPage\",\"@id\":\"https:\/\/www.belle.si\/it\/izdelek\/balzam-keratin-hair-liss-za-sijoce-in-gladke-lase\/\",\"url\":\"https:\/\/www.belle.si\/it\/izdelek\/balzam-keratin-hair-liss-za-sijoce-in-gladke-lase\/\",\"name\":\"Balzam keratin Hair-Liss za sijo\u010de in gladke lase - Belle.si kozmeti\u010dna trgovina\",\"isPartOf\":{\"@id\":\"https:\/\/www.belle.si\/it\/#website\"},\"primaryImageOfPage\":{\"@id\":\"https:\/\/www.belle.si\/it\/izdelek\/balzam-keratin-hair-liss-za-sijoce-in-gladke-lase\/#primaryimage\"},\"image\":{\"@id\":\"https:\/\/www.belle.si\/it\/izdelek\/balzam-keratin-hair-liss-za-sijoce-in-gladke-lase\/#primaryimage\"},\"thumbnailUrl\":\"https:\/\/www.belle.si\/wp-content\/uploads\/2023\/11\/hairliss_balzam.png\",\"datePublished\":\"2020-06-25T21:10:46+00:00\",\"dateModified\":\"2023-11-17T00:14:33+00:00\",\"breadcrumb\":{\"@id\":\"https:\/\/www.belle.si\/it\/izdelek\/balzam-keratin-hair-liss-za-sijoce-in-gladke-lase\/#breadcrumb\"},\"inLanguage\":\"it-IT\",\"potentialAction\":[{\"@type\":\"ReadAction\",\"target\":[\"https:\/\/www.belle.si\/it\/izdelek\/balzam-keratin-hair-liss-za-sijoce-in-gladke-lase\/\"]}]},{\"@type\":\"ImageObject\",\"inLanguage\":\"it-IT\",\"@id\":\"https:\/\/www.belle.si\/it\/izdelek\/balzam-keratin-hair-liss-za-sijoce-in-gladke-lase\/#primaryimage\",\"url\":\"https:\/\/www.belle.si\/wp-content\/uploads\/2023\/11\/hairliss_balzam.png\",\"contentUrl\":\"https:\/\/www.belle.si\/wp-content\/uploads\/2023\/11\/hairliss_balzam.png\",\"width\":500,\"height\":500},{\"@type\":\"BreadcrumbList\",\"@id\":\"https:\/\/www.belle.si\/it\/izdelek\/balzam-keratin-hair-liss-za-sijoce-in-gladke-lase\/#breadcrumb\",\"itemListElement\":[{\"@type\":\"ListItem\",\"position\":1,\"name\":\"Home\",\"item\":\"https:\/\/www.belle.si\/it\/\"},{\"@type\":\"ListItem\",\"position\":2,\"name\":\"Trgovina\",\"item\":\"https:\/\/www.belle.si\/trgovina\/\"},{\"@type\":\"ListItem\",\"position\":3,\"name\":\"Balzam keratin Hair-Liss za sijo\u010de in gladke lase\"}]},{\"@type\":\"WebSite\",\"@id\":\"https:\/\/www.belle.si\/it\/#website\",\"url\":\"https:\/\/www.belle.si\/it\/\",\"name\":\"Belle.si kozmeti\u010dna trgovina\",\"description\":\"\",\"publisher\":{\"@id\":\"https:\/\/www.belle.si\/it\/#organization\"},\"potentialAction\":[{\"@type\":\"SearchAction\",\"target\":{\"@type\":\"EntryPoint\",\"urlTemplate\":\"https:\/\/www.belle.si\/it\/?s={search_term_string}\"},\"query-input\":{\"@type\":\"PropertyValueSpecification\",\"valueRequired\":true,\"valueName\":\"search_term_string\"}}],\"inLanguage\":\"it-IT\"},{\"@type\":\"Organization\",\"@id\":\"https:\/\/www.belle.si\/it\/#organization\",\"name\":\"Belle.si kozmeti\u010dna trgovina\",\"url\":\"https:\/\/www.belle.si\/it\/\",\"logo\":{\"@type\":\"ImageObject\",\"inLanguage\":\"it-IT\",\"@id\":\"https:\/\/www.belle.si\/it\/#\/schema\/logo\/image\/\",\"url\":\"https:\/\/www.belle.si\/wp-content\/uploads\/2022\/10\/cropped-logo_belle_trgovina.png\",\"contentUrl\":\"https:\/\/www.belle.si\/wp-content\/uploads\/2022\/10\/cropped-logo_belle_trgovina.png\",\"width\":270,\"height\":135,\"caption\":\"Belle.si kozmeti\u010dna trgovina\"},\"image\":{\"@id\":\"https:\/\/www.belle.si\/it\/#\/schema\/logo\/image\/\"},\"sameAs\":[\"https:\/\/www.facebook.com\/belle.si.cosmetics\/\",\"https:\/\/www.instagram.com\/belle.si.cosmetics\/\"]}]}<\/script>\n<!-- \/ Yoast SEO plugin. -->","yoast_head_json":{"title":"Balzam keratin Hair-Liss za sijo\u010de in gladke lase - Belle.si kozmeti\u010dna trgovina","robots":{"index":"index","follow":"follow","max-snippet":"max-snippet:-1","max-image-preview":"max-image-preview:large","max-video-preview":"max-video-preview:-1"},"canonical":"https:\/\/www.belle.si\/it\/izdelek\/balzam-keratin-hair-liss-za-sijoce-in-gladke-lase\/","og_locale":"it_IT","og_type":"article","og_title":"Balzam keratin Hair-Liss za sijo\u010de in gladke lase - Belle.si kozmeti\u010dna trgovina","og_description":"HAIR-LISS 100% KERATIN BALZAM ZA GLADKE IN SIJO\u010cE LASE Po uporabi \u0161ampona HAIR-LISS 100% keratin, na lase nanesite HAIRLISS 100% keratin balzam! Navodila za uporabo Balzam nanesite od sredine dol\u017eine las do konic in pustite delovati nekaj minut. Lase nato ra\u017e\u010de\u0161ite in jih temeljito sperite z mla\u010dno vodo. Vsebina: balzam 500ml Proizvdeno v Franciji Za [&hellip;]","og_url":"https:\/\/www.belle.si\/it\/izdelek\/balzam-keratin-hair-liss-za-sijoce-in-gladke-lase\/","og_site_name":"Belle.si kozmeti\u010dna trgovina","article_publisher":"https:\/\/www.facebook.com\/belle.si.cosmetics\/","article_modified_time":"2023-11-17T00:14:33+00:00","og_image":[{"width":500,"height":500,"url":"https:\/\/www.belle.si\/wp-content\/uploads\/2023\/11\/hairliss_balzam.png","type":"image\/png"}],"twitter_card":"summary_large_image","schema":{"@context":"https:\/\/schema.org","@graph":[{"@type":"WebPage","@id":"https:\/\/www.belle.si\/it\/izdelek\/balzam-keratin-hair-liss-za-sijoce-in-gladke-lase\/","url":"https:\/\/www.belle.si\/it\/izdelek\/balzam-keratin-hair-liss-za-sijoce-in-gladke-lase\/","name":"Balzam keratin Hair-Liss za sijo\u010de in gladke lase - Belle.si kozmeti\u010dna trgovina","isPartOf":{"@id":"https:\/\/www.belle.si\/it\/#website"},"primaryImageOfPage":{"@id":"https:\/\/www.belle.si\/it\/izdelek\/balzam-keratin-hair-liss-za-sijoce-in-gladke-lase\/#primaryimage"},"image":{"@id":"https:\/\/www.belle.si\/it\/izdelek\/balzam-keratin-hair-liss-za-sijoce-in-gladke-lase\/#primaryimage"},"thumbnailUrl":"https:\/\/www.belle.si\/wp-content\/uploads\/2023\/11\/hairliss_balzam.png","datePublished":"2020-06-25T21:10:46+00:00","dateModified":"2023-11-17T00:14:33+00:00","breadcrumb":{"@id":"https:\/\/www.belle.si\/it\/izdelek\/balzam-keratin-hair-liss-za-sijoce-in-gladke-lase\/#breadcrumb"},"inLanguage":"it-IT","potentialAction":[{"@type":"ReadAction","target":["https:\/\/www.belle.si\/it\/izdelek\/balzam-keratin-hair-liss-za-sijoce-in-gladke-lase\/"]}]},{"@type":"ImageObject","inLanguage":"it-IT","@id":"https:\/\/www.belle.si\/it\/izdelek\/balzam-keratin-hair-liss-za-sijoce-in-gladke-lase\/#primaryimage","url":"https:\/\/www.belle.si\/wp-content\/uploads\/2023\/11\/hairliss_balzam.png","contentUrl":"https:\/\/www.belle.si\/wp-content\/uploads\/2023\/11\/hairliss_balzam.png","width":500,"height":500},{"@type":"BreadcrumbList","@id":"https:\/\/www.belle.si\/it\/izdelek\/balzam-keratin-hair-liss-za-sijoce-in-gladke-lase\/#breadcrumb","itemListElement":[{"@type":"ListItem","position":1,"name":"Home","item":"https:\/\/www.belle.si\/it\/"},{"@type":"ListItem","position":2,"name":"Trgovina","item":"https:\/\/www.belle.si\/trgovina\/"},{"@type":"ListItem","position":3,"name":"Balzam keratin Hair-Liss za sijo\u010de in gladke lase"}]},{"@type":"WebSite","@id":"https:\/\/www.belle.si\/it\/#website","url":"https:\/\/www.belle.si\/it\/","name":"Belle.si kozmeti\u010dna trgovina","description":"","publisher":{"@id":"https:\/\/www.belle.si\/it\/#organization"},"potentialAction":[{"@type":"SearchAction","target":{"@type":"EntryPoint","urlTemplate":"https:\/\/www.belle.si\/it\/?s={search_term_string}"},"query-input":{"@type":"PropertyValueSpecification","valueRequired":true,"valueName":"search_term_string"}}],"inLanguage":"it-IT"},{"@type":"Organization","@id":"https:\/\/www.belle.si\/it\/#organization","name":"Belle.si kozmeti\u010dna trgovina","url":"https:\/\/www.belle.si\/it\/","logo":{"@type":"ImageObject","inLanguage":"it-IT","@id":"https:\/\/www.belle.si\/it\/#\/schema\/logo\/image\/","url":"https:\/\/www.belle.si\/wp-content\/uploads\/2022\/10\/cropped-logo_belle_trgovina.png","contentUrl":"https:\/\/www.belle.si\/wp-content\/uploads\/2022\/10\/cropped-logo_belle_trgovina.png","width":270,"height":135,"caption":"Belle.si kozmeti\u010dna trgovina"},"image":{"@id":"https:\/\/www.belle.si\/it\/#\/schema\/logo\/image\/"},"sameAs":["https:\/\/www.facebook.com\/belle.si.cosmetics\/","https:\/\/www.instagram.com\/belle.si.cosmetics\/"]}]}},"uagb_featured_image_src":{"full":["https:\/\/www.belle.si\/wp-content\/uploads\/2023\/11\/hairliss_balzam.png",500,500,false],"thumbnail":["https:\/\/www.belle.si\/wp-content\/uploads\/2023\/11\/hairliss_balzam-150x150.png",150,150,true],"medium":["https:\/\/www.belle.si\/wp-content\/uploads\/2023\/11\/hairliss_balzam-300x300.png",300,300,true],"medium_large":["https:\/\/www.belle.si\/wp-content\/uploads\/2023\/11\/hairliss_balzam.png",500,500,false],"large":["https:\/\/www.belle.si\/wp-content\/uploads\/2023\/11\/hairliss_balzam.png",500,500,false],"1536x1536":["https:\/\/www.belle.si\/wp-content\/uploads\/2023\/11\/hairliss_balzam.png",500,500,false],"2048x2048":["https:\/\/www.belle.si\/wp-content\/uploads\/2023\/11\/hairliss_balzam.png",500,500,false],"mailpoet_newsletter_max":["https:\/\/www.belle.si\/wp-content\/uploads\/2023\/11\/hairliss_balzam.png",500,500,false],"woocommerce_thumbnail":["https:\/\/www.belle.si\/wp-content\/uploads\/2023\/11\/hairliss_balzam-300x300.png",300,300,true],"woocommerce_single":["https:\/\/www.belle.si\/wp-content\/uploads\/2023\/11\/hairliss_balzam.png",500,500,false],"woocommerce_gallery_thumbnail":["https:\/\/www.belle.si\/wp-content\/uploads\/2023\/11\/hairliss_balzam-100x100.png",100,100,true]},"uagb_author_info":{"display_name":"dejan","author_link":"https:\/\/www.belle.si\/it\/author\/"},"uagb_comment_info":0,"uagb_excerpt":"HAIR-LISS 100% KERATIN BALZAM ZA GLADKE IN SIJO\u010cE LASE Po uporabi \u0161ampona HAIR-LISS 100% keratin, na lase nanesite HAIRLISS 100% keratin balzam! Navodila za uporabo Balzam nanesite od sredine dol\u017eine las do konic in pustite delovati nekaj minut. Lase nato ra\u017e\u010de\u0161ite in jih temeljito sperite z mla\u010dno vodo. Vsebina: balzam 500ml Proizvdeno v Franciji Za&hellip;","_links":{"self":[{"href":"https:\/\/www.belle.si\/it\/wp-json\/wp\/v2\/product\/101913","targetHints":{"allow":["GET"]}}],"collection":[{"href":"https:\/\/www.belle.si\/it\/wp-json\/wp\/v2\/product"}],"about":[{"href":"https:\/\/www.belle.si\/it\/wp-json\/wp\/v2\/types\/product"}],"replies":[{"embeddable":true,"href":"https:\/\/www.belle.si\/it\/wp-json\/wp\/v2\/comments?post=101913"}],"wp:featuredmedia":[{"embeddable":true,"href":"https:\/\/www.belle.si\/it\/wp-json\/wp\/v2\/media\/101916"}],"wp:attachment":[{"href":"https:\/\/www.belle.si\/it\/wp-json\/wp\/v2\/media?parent=101913"}],"wp:term":[{"taxonomy":"product_brand","embeddable":true,"href":"https:\/\/www.belle.si\/it\/wp-json\/wp\/v2\/product_brand?post=101913"},{"taxonomy":"product_cat","embeddable":true,"href":"https:\/\/www.belle.si\/it\/wp-json\/wp\/v2\/product_cat?post=101913"},{"taxonomy":"product_tag","embeddable":true,"href":"https:\/\/www.belle.si\/it\/wp-json\/wp\/v2\/product_tag?post=101913"}],"curies":[{"name":"wp","href":"https:\/\/api.w.org\/{rel}","templated":true}]}}