{"id":101907,"date":"2020-06-25T23:10:46","date_gmt":"2020-06-25T21:10:46","guid":{"rendered":"https:\/\/belle.zabica.org\/izdelek\/sampon-za-hitrejso-rast-las-hair-bell-200ml\/"},"modified":"2025-05-08T18:56:49","modified_gmt":"2025-05-08T16:56:49","slug":"sampon-za-hitrejso-rast-las-hair-bell-200ml","status":"publish","type":"product","link":"https:\/\/www.belle.si\/it\/izdelek\/sampon-za-hitrejso-rast-las-hair-bell-200ml\/","title":{"rendered":"\u0160ampon za hitrej\u0161o rast las Hair Bell 200ml"},"content":{"rendered":"<h2>\u0160ampon za hitrej\u0161o rast las Hair Bell<\/h2>\n<h3>Zagotavljamo vam, da bojo z uporabo \u0161ampona za hitrej\u0161o rast las HairBell va\u0161i lasje:<\/h3>\n<ul>\n<li><span lang=\"sl-SI\">rasli do trikrat hitreje<\/span><\/li>\n<li><span lang=\"sl-SI\">mehkej\u0161i in svetlej\u0161i.<\/span><\/li>\n<\/ul>\n<p>Poleg tega vam zagotavljamo, da bojo s \u0161amponom Hair Bell<\/p>\n<ul>\n<li><span lang=\"sl-SI\">rezultati opazni \u0161e ve\u010d mesecev,<\/span><\/li>\n<li><span lang=\"sl-SI\">u\u010dinki o\u010ditni na <\/span><span lang=\"sl-SI\">vseh tipih las,<\/span><\/li>\n<li><span lang=\"sl-SI\">lasje prenehali izpadati.<\/span><\/li>\n<\/ul>\n<p><span lang=\"sl-SI\"><strong>S HairBell kompletom<\/strong> lasje rastejo do trikrat hitreje. <\/span><\/p>\n<p><strong><span lang=\"sl-SI\">V \u0161tirih mesecih lahko va\u0161i lasje zrastejo ve\u010d kot v enem letu!<\/span><\/strong><\/p>\n<p><span lang=\"sl-SI\">\u0160e ve\u010d &#8211; zagotavljamo vam, da bojo lasje lep\u0161i, mo\u010dnej\u0161i in svetlej\u0161i.<\/span> <span lang=\"sl-SI\"><br \/>\n<\/span><\/p>\n<h3><span lang=\"sl-SI\">Sestava \u0161ampona Hair Bell za hitrej\u0161o rast las<br \/>\n<\/span><\/h3>\n<p><span lang=\"sl-SI\">\u0160ampon\u00a0<\/span> <span lang=\"sl-SI\">Hair Bell je visoko koncentrirana me\u0161anica naravno prisotnih beljakovin, ki so nujne za zdrave lase in podpirajo njihovo rast:<\/span><\/p>\n<ul>\n<li><strong><span lang=\"sl-SI\">hitin,<\/span><\/strong><\/li>\n<li><strong><span lang=\"sl-SI\">hidrolizirani keratin,<\/span><\/strong><\/li>\n<li><strong><span lang=\"sl-SI\">sojini proteini,<\/span><\/strong><\/li>\n<li><strong><span lang=\"sl-SI\">izvle\u010dki jaj\u010dnih lupin.<\/span><\/strong><\/li>\n<\/ul>\n<p><span lang=\"sl-SI\">Kombinacijo sestavin \u0161e podkrepi <strong>vitamin B6<\/strong> (piridoksin), kateri je klju\u010den pri presnovi beljakovin, ki jih rabijo lasje.<br \/>\n<\/span><\/p>\n<h3>Testiranje kompleta<\/h3>\n<p><span lang=\"sl-SI\">* Test so izvedli v neodvisnem laboratoriju v Franciji. Rezultati lahko odstopajo od posameznika do posameznika.<\/span><\/p>\n<p><span lang=\"sl-SI\">Potek testa <\/span><\/p>\n<p><span lang=\"sl-SI\">Test je bil izveden na <\/span><span lang=\"sl-SI\">60 <\/span><span lang=\"sl-SI\">posameznikih <\/span><span lang=\"sl-SI\">v obdobju 28 dni. <\/span><span lang=\"sl-SI\">V tem \u010dasu so redno vsem merili lase. <\/span><\/p>\n<p><span lang=\"sl-SI\">Trideset posameznikov je uporabljalo <strong>komplet HairBell vsak dan<\/strong>, trideset testnih oseb ni uporabljalo kompleta.<\/span><\/p>\n<p><span lang=\"sl-SI\">Rezultati so pokazali, da so pri skupini, ki je dnevno uporabljala izdelek, lasje hitreje rastli za 123%\u00a0 od povpre\u010dne vrednostiiz kontrolne skupinei.<\/span><\/p>\n<p><strong><span lang=\"sl-SI\">Testi kompleta za hitej\u0161o rast las Hair Bell so pokazali, da:<\/span><\/strong><\/p>\n<ul>\n<li><span lang=\"sl-SI\">so se lasje oja\u010dali za<\/span><span lang=\"sl-SI\"> 83%,<\/span><\/li>\n<li><span lang=\"sl-SI\">so lasje rasli za<\/span><span lang=\"sl-SI\"> 76% hitreje<\/span><\/li>\n<li><span lang=\"sl-SI\">je bil skupen u\u010dinek <\/span><span lang=\"sl-SI\">rast las prisoten pri 80% posameznikih,<\/span><\/li>\n<li><span lang=\"sl-SI\">je bilo skupno zadovoljstvo z zdravljenjem 90%.<\/span><\/li>\n<\/ul>\n<p><span lang=\"sl-SI\">95% posameznikov, ki so bili vklju\u010deni v testiranje kompleta HairBell, je zdravljenje \u0161e naprej uporabljalo, kar samo po sebi dokazuje njegovo u\u010dinkovitost.<\/span><\/p>\n<p>Vsebina: \u0161ampon 200ml<\/p>\n<p>Proizvedeno v Franciji<\/p>\n<p><strong>Navodilo za uporabo \u0161ampona Hair Bell za hitrj\u0161o rast las<\/strong><\/p>\n<p>\u0160ampon nanesite na moker lase in ne\u017eno vtrite v lasi\u0161\u010de. Pustite delovati 3 &#8211; 4 minute, nato izperite z mla\u010dno vodo.<\/p>\n<p>Lase osu\u0161ite kot navadno. Su\u0161ilec naj bo nastavljen na minimalno ali srednjo temperaturo.<\/p>\n<p>Uporabljajte 2 do 3x na teden.<\/p>\n<p>&nbsp;<\/p>\n<p>&nbsp;<\/p>\n<p>&nbsp;<\/p>\n","protected":false},"excerpt":{"rendered":"<p>\u0160ampon za hitrej\u0161o rast las Hair Bell Zagotavljamo vam, da bojo z uporabo \u0161ampona za hitrej\u0161o rast las HairBell va\u0161i lasje: rasli do trikrat hitreje mehkej\u0161i in svetlej\u0161i. Poleg tega vam zagotavljamo, da bojo s \u0161amponom Hair Bell rezultati opazni \u0161e ve\u010d mesecev, u\u010dinki o\u010ditni na vseh tipih las, lasje prenehali izpadati. S HairBell kompletom [&hellip;]<\/p>\n","protected":false},"featured_media":101908,"comment_status":"closed","ping_status":"closed","template":"","meta":{"_uag_custom_page_level_css":"","_monsterinsights_skip_tracking":false,"_monsterinsights_sitenote_active":false,"_monsterinsights_sitenote_note":"","_monsterinsights_sitenote_category":0,"site-sidebar-layout":"default","site-content-layout":"","ast-site-content-layout":"default","site-content-style":"default","site-sidebar-style":"default","ast-global-header-display":"","ast-banner-title-visibility":"","ast-main-header-display":"","ast-hfb-above-header-display":"","ast-hfb-below-header-display":"","ast-hfb-mobile-header-display":"","site-post-title":"","ast-breadcrumbs-content":"","ast-featured-img":"","footer-sml-layout":"","ast-disable-related-posts":"","theme-transparent-header-meta":"","adv-header-id-meta":"","stick-header-meta":"","header-above-stick-meta":"","header-main-stick-meta":"","header-below-stick-meta":"","astra-migrate-meta-layouts":"default","ast-page-background-enabled":"default","ast-page-background-meta":{"desktop":{"background-color":"var(--ast-global-color-4)","background-image":"","background-repeat":"repeat","background-position":"center center","background-size":"auto","background-attachment":"scroll","background-type":"","background-media":"","overlay-type":"","overlay-color":"","overlay-opacity":"","overlay-gradient":""},"tablet":{"background-color":"","background-image":"","background-repeat":"repeat","background-position":"center center","background-size":"auto","background-attachment":"scroll","background-type":"","background-media":"","overlay-type":"","overlay-color":"","overlay-opacity":"","overlay-gradient":""},"mobile":{"background-color":"","background-image":"","background-repeat":"repeat","background-position":"center center","background-size":"auto","background-attachment":"scroll","background-type":"","background-media":"","overlay-type":"","overlay-color":"","overlay-opacity":"","overlay-gradient":""}},"ast-content-background-meta":{"desktop":{"background-color":"var(--ast-global-color-5)","background-image":"","background-repeat":"repeat","background-position":"center center","background-size":"auto","background-attachment":"scroll","background-type":"","background-media":"","overlay-type":"","overlay-color":"","overlay-opacity":"","overlay-gradient":""},"tablet":{"background-color":"var(--ast-global-color-5)","background-image":"","background-repeat":"repeat","background-position":"center center","background-size":"auto","background-attachment":"scroll","background-type":"","background-media":"","overlay-type":"","overlay-color":"","overlay-opacity":"","overlay-gradient":""},"mobile":{"background-color":"var(--ast-global-color-5)","background-image":"","background-repeat":"repeat","background-position":"center center","background-size":"auto","background-attachment":"scroll","background-type":"","background-media":"","overlay-type":"","overlay-color":"","overlay-opacity":"","overlay-gradient":""}}},"product_brand":[],"product_cat":[43],"product_tag":[],"class_list":{"0":"post-101907","1":"product","2":"type-product","3":"status-publish","4":"has-post-thumbnail","6":"product_cat-nega-za-lase","7":"desktop-align-left","8":"tablet-align-left","9":"mobile-align-left","10":"ast-product-gallery-layout-first-image-large","11":"ast-product-gallery-with-no-image","12":"ast-magnify-disabled","13":"ast-product-tabs-layout-horizontal","15":"first","16":"instock","17":"taxable","18":"shipping-taxable","19":"purchasable","20":"product-type-simple"},"yoast_head":"<!-- This site is optimized with the Yoast SEO plugin v26.9 - https:\/\/yoast.com\/product\/yoast-seo-wordpress\/ -->\n<title>\u0160ampon za hitrej\u0161o rast las Hair Bell 200ml - Belle.si kozmeti\u010dna trgovina<\/title>\n<meta name=\"robots\" content=\"index, follow, max-snippet:-1, max-image-preview:large, max-video-preview:-1\" \/>\n<link rel=\"canonical\" href=\"https:\/\/www.belle.si\/it\/izdelek\/sampon-za-hitrejso-rast-las-hair-bell-200ml\/\" \/>\n<meta property=\"og:locale\" content=\"it_IT\" \/>\n<meta property=\"og:type\" content=\"article\" \/>\n<meta property=\"og:title\" content=\"\u0160ampon za hitrej\u0161o rast las Hair Bell 200ml - Belle.si kozmeti\u010dna trgovina\" \/>\n<meta property=\"og:description\" content=\"\u0160ampon za hitrej\u0161o rast las Hair Bell Zagotavljamo vam, da bojo z uporabo \u0161ampona za hitrej\u0161o rast las HairBell va\u0161i lasje: rasli do trikrat hitreje mehkej\u0161i in svetlej\u0161i. Poleg tega vam zagotavljamo, da bojo s \u0161amponom Hair Bell rezultati opazni \u0161e ve\u010d mesecev, u\u010dinki o\u010ditni na vseh tipih las, lasje prenehali izpadati. S HairBell kompletom [&hellip;]\" \/>\n<meta property=\"og:url\" content=\"https:\/\/www.belle.si\/it\/izdelek\/sampon-za-hitrejso-rast-las-hair-bell-200ml\/\" \/>\n<meta property=\"og:site_name\" content=\"Belle.si kozmeti\u010dna trgovina\" \/>\n<meta property=\"article:publisher\" content=\"https:\/\/www.facebook.com\/belle.si.cosmetics\/\" \/>\n<meta property=\"article:modified_time\" content=\"2025-05-08T16:56:49+00:00\" \/>\n<meta property=\"og:image\" content=\"https:\/\/www.belle.si\/wp-content\/uploads\/2023\/11\/Hair_bell_sampin_200ml.png\" \/>\n\t<meta property=\"og:image:width\" content=\"500\" \/>\n\t<meta property=\"og:image:height\" content=\"500\" \/>\n\t<meta property=\"og:image:type\" content=\"image\/png\" \/>\n<meta name=\"twitter:card\" content=\"summary_large_image\" \/>\n<meta name=\"twitter:label1\" content=\"Tempo di lettura stimato\" \/>\n\t<meta name=\"twitter:data1\" content=\"2 minuti\" \/>\n<script type=\"application\/ld+json\" class=\"yoast-schema-graph\">{\"@context\":\"https:\/\/schema.org\",\"@graph\":[{\"@type\":\"WebPage\",\"@id\":\"https:\/\/www.belle.si\/it\/izdelek\/sampon-za-hitrejso-rast-las-hair-bell-200ml\/\",\"url\":\"https:\/\/www.belle.si\/it\/izdelek\/sampon-za-hitrejso-rast-las-hair-bell-200ml\/\",\"name\":\"\u0160ampon za hitrej\u0161o rast las Hair Bell 200ml - Belle.si kozmeti\u010dna trgovina\",\"isPartOf\":{\"@id\":\"https:\/\/www.belle.si\/it\/#website\"},\"primaryImageOfPage\":{\"@id\":\"https:\/\/www.belle.si\/it\/izdelek\/sampon-za-hitrejso-rast-las-hair-bell-200ml\/#primaryimage\"},\"image\":{\"@id\":\"https:\/\/www.belle.si\/it\/izdelek\/sampon-za-hitrejso-rast-las-hair-bell-200ml\/#primaryimage\"},\"thumbnailUrl\":\"https:\/\/www.belle.si\/wp-content\/uploads\/2023\/11\/Hair_bell_sampin_200ml.png\",\"datePublished\":\"2020-06-25T21:10:46+00:00\",\"dateModified\":\"2025-05-08T16:56:49+00:00\",\"breadcrumb\":{\"@id\":\"https:\/\/www.belle.si\/it\/izdelek\/sampon-za-hitrejso-rast-las-hair-bell-200ml\/#breadcrumb\"},\"inLanguage\":\"it-IT\",\"potentialAction\":[{\"@type\":\"ReadAction\",\"target\":[\"https:\/\/www.belle.si\/it\/izdelek\/sampon-za-hitrejso-rast-las-hair-bell-200ml\/\"]}]},{\"@type\":\"ImageObject\",\"inLanguage\":\"it-IT\",\"@id\":\"https:\/\/www.belle.si\/it\/izdelek\/sampon-za-hitrejso-rast-las-hair-bell-200ml\/#primaryimage\",\"url\":\"https:\/\/www.belle.si\/wp-content\/uploads\/2023\/11\/Hair_bell_sampin_200ml.png\",\"contentUrl\":\"https:\/\/www.belle.si\/wp-content\/uploads\/2023\/11\/Hair_bell_sampin_200ml.png\",\"width\":500,\"height\":500},{\"@type\":\"BreadcrumbList\",\"@id\":\"https:\/\/www.belle.si\/it\/izdelek\/sampon-za-hitrejso-rast-las-hair-bell-200ml\/#breadcrumb\",\"itemListElement\":[{\"@type\":\"ListItem\",\"position\":1,\"name\":\"Home\",\"item\":\"https:\/\/www.belle.si\/it\/\"},{\"@type\":\"ListItem\",\"position\":2,\"name\":\"Trgovina\",\"item\":\"https:\/\/www.belle.si\/trgovina\/\"},{\"@type\":\"ListItem\",\"position\":3,\"name\":\"\u0160ampon za hitrej\u0161o rast las Hair Bell 200ml\"}]},{\"@type\":\"WebSite\",\"@id\":\"https:\/\/www.belle.si\/it\/#website\",\"url\":\"https:\/\/www.belle.si\/it\/\",\"name\":\"Belle.si kozmeti\u010dna trgovina\",\"description\":\"\",\"publisher\":{\"@id\":\"https:\/\/www.belle.si\/it\/#organization\"},\"potentialAction\":[{\"@type\":\"SearchAction\",\"target\":{\"@type\":\"EntryPoint\",\"urlTemplate\":\"https:\/\/www.belle.si\/it\/?s={search_term_string}\"},\"query-input\":{\"@type\":\"PropertyValueSpecification\",\"valueRequired\":true,\"valueName\":\"search_term_string\"}}],\"inLanguage\":\"it-IT\"},{\"@type\":\"Organization\",\"@id\":\"https:\/\/www.belle.si\/it\/#organization\",\"name\":\"Belle.si kozmeti\u010dna trgovina\",\"url\":\"https:\/\/www.belle.si\/it\/\",\"logo\":{\"@type\":\"ImageObject\",\"inLanguage\":\"it-IT\",\"@id\":\"https:\/\/www.belle.si\/it\/#\/schema\/logo\/image\/\",\"url\":\"https:\/\/www.belle.si\/wp-content\/uploads\/2022\/10\/cropped-logo_belle_trgovina.png\",\"contentUrl\":\"https:\/\/www.belle.si\/wp-content\/uploads\/2022\/10\/cropped-logo_belle_trgovina.png\",\"width\":270,\"height\":135,\"caption\":\"Belle.si kozmeti\u010dna trgovina\"},\"image\":{\"@id\":\"https:\/\/www.belle.si\/it\/#\/schema\/logo\/image\/\"},\"sameAs\":[\"https:\/\/www.facebook.com\/belle.si.cosmetics\/\",\"https:\/\/www.instagram.com\/belle.si.cosmetics\/\"]}]}<\/script>\n<!-- \/ Yoast SEO plugin. -->","yoast_head_json":{"title":"\u0160ampon za hitrej\u0161o rast las Hair Bell 200ml - Belle.si kozmeti\u010dna trgovina","robots":{"index":"index","follow":"follow","max-snippet":"max-snippet:-1","max-image-preview":"max-image-preview:large","max-video-preview":"max-video-preview:-1"},"canonical":"https:\/\/www.belle.si\/it\/izdelek\/sampon-za-hitrejso-rast-las-hair-bell-200ml\/","og_locale":"it_IT","og_type":"article","og_title":"\u0160ampon za hitrej\u0161o rast las Hair Bell 200ml - Belle.si kozmeti\u010dna trgovina","og_description":"\u0160ampon za hitrej\u0161o rast las Hair Bell Zagotavljamo vam, da bojo z uporabo \u0161ampona za hitrej\u0161o rast las HairBell va\u0161i lasje: rasli do trikrat hitreje mehkej\u0161i in svetlej\u0161i. Poleg tega vam zagotavljamo, da bojo s \u0161amponom Hair Bell rezultati opazni \u0161e ve\u010d mesecev, u\u010dinki o\u010ditni na vseh tipih las, lasje prenehali izpadati. S HairBell kompletom [&hellip;]","og_url":"https:\/\/www.belle.si\/it\/izdelek\/sampon-za-hitrejso-rast-las-hair-bell-200ml\/","og_site_name":"Belle.si kozmeti\u010dna trgovina","article_publisher":"https:\/\/www.facebook.com\/belle.si.cosmetics\/","article_modified_time":"2025-05-08T16:56:49+00:00","og_image":[{"width":500,"height":500,"url":"https:\/\/www.belle.si\/wp-content\/uploads\/2023\/11\/Hair_bell_sampin_200ml.png","type":"image\/png"}],"twitter_card":"summary_large_image","twitter_misc":{"Tempo di lettura stimato":"2 minuti"},"schema":{"@context":"https:\/\/schema.org","@graph":[{"@type":"WebPage","@id":"https:\/\/www.belle.si\/it\/izdelek\/sampon-za-hitrejso-rast-las-hair-bell-200ml\/","url":"https:\/\/www.belle.si\/it\/izdelek\/sampon-za-hitrejso-rast-las-hair-bell-200ml\/","name":"\u0160ampon za hitrej\u0161o rast las Hair Bell 200ml - Belle.si kozmeti\u010dna trgovina","isPartOf":{"@id":"https:\/\/www.belle.si\/it\/#website"},"primaryImageOfPage":{"@id":"https:\/\/www.belle.si\/it\/izdelek\/sampon-za-hitrejso-rast-las-hair-bell-200ml\/#primaryimage"},"image":{"@id":"https:\/\/www.belle.si\/it\/izdelek\/sampon-za-hitrejso-rast-las-hair-bell-200ml\/#primaryimage"},"thumbnailUrl":"https:\/\/www.belle.si\/wp-content\/uploads\/2023\/11\/Hair_bell_sampin_200ml.png","datePublished":"2020-06-25T21:10:46+00:00","dateModified":"2025-05-08T16:56:49+00:00","breadcrumb":{"@id":"https:\/\/www.belle.si\/it\/izdelek\/sampon-za-hitrejso-rast-las-hair-bell-200ml\/#breadcrumb"},"inLanguage":"it-IT","potentialAction":[{"@type":"ReadAction","target":["https:\/\/www.belle.si\/it\/izdelek\/sampon-za-hitrejso-rast-las-hair-bell-200ml\/"]}]},{"@type":"ImageObject","inLanguage":"it-IT","@id":"https:\/\/www.belle.si\/it\/izdelek\/sampon-za-hitrejso-rast-las-hair-bell-200ml\/#primaryimage","url":"https:\/\/www.belle.si\/wp-content\/uploads\/2023\/11\/Hair_bell_sampin_200ml.png","contentUrl":"https:\/\/www.belle.si\/wp-content\/uploads\/2023\/11\/Hair_bell_sampin_200ml.png","width":500,"height":500},{"@type":"BreadcrumbList","@id":"https:\/\/www.belle.si\/it\/izdelek\/sampon-za-hitrejso-rast-las-hair-bell-200ml\/#breadcrumb","itemListElement":[{"@type":"ListItem","position":1,"name":"Home","item":"https:\/\/www.belle.si\/it\/"},{"@type":"ListItem","position":2,"name":"Trgovina","item":"https:\/\/www.belle.si\/trgovina\/"},{"@type":"ListItem","position":3,"name":"\u0160ampon za hitrej\u0161o rast las Hair Bell 200ml"}]},{"@type":"WebSite","@id":"https:\/\/www.belle.si\/it\/#website","url":"https:\/\/www.belle.si\/it\/","name":"Belle.si kozmeti\u010dna trgovina","description":"","publisher":{"@id":"https:\/\/www.belle.si\/it\/#organization"},"potentialAction":[{"@type":"SearchAction","target":{"@type":"EntryPoint","urlTemplate":"https:\/\/www.belle.si\/it\/?s={search_term_string}"},"query-input":{"@type":"PropertyValueSpecification","valueRequired":true,"valueName":"search_term_string"}}],"inLanguage":"it-IT"},{"@type":"Organization","@id":"https:\/\/www.belle.si\/it\/#organization","name":"Belle.si kozmeti\u010dna trgovina","url":"https:\/\/www.belle.si\/it\/","logo":{"@type":"ImageObject","inLanguage":"it-IT","@id":"https:\/\/www.belle.si\/it\/#\/schema\/logo\/image\/","url":"https:\/\/www.belle.si\/wp-content\/uploads\/2022\/10\/cropped-logo_belle_trgovina.png","contentUrl":"https:\/\/www.belle.si\/wp-content\/uploads\/2022\/10\/cropped-logo_belle_trgovina.png","width":270,"height":135,"caption":"Belle.si kozmeti\u010dna trgovina"},"image":{"@id":"https:\/\/www.belle.si\/it\/#\/schema\/logo\/image\/"},"sameAs":["https:\/\/www.facebook.com\/belle.si.cosmetics\/","https:\/\/www.instagram.com\/belle.si.cosmetics\/"]}]}},"uagb_featured_image_src":{"full":["https:\/\/www.belle.si\/wp-content\/uploads\/2023\/11\/Hair_bell_sampin_200ml.png",500,500,false],"thumbnail":["https:\/\/www.belle.si\/wp-content\/uploads\/2023\/11\/Hair_bell_sampin_200ml-150x150.png",150,150,true],"medium":["https:\/\/www.belle.si\/wp-content\/uploads\/2023\/11\/Hair_bell_sampin_200ml-300x300.png",300,300,true],"medium_large":["https:\/\/www.belle.si\/wp-content\/uploads\/2023\/11\/Hair_bell_sampin_200ml.png",500,500,false],"large":["https:\/\/www.belle.si\/wp-content\/uploads\/2023\/11\/Hair_bell_sampin_200ml.png",500,500,false],"1536x1536":["https:\/\/www.belle.si\/wp-content\/uploads\/2023\/11\/Hair_bell_sampin_200ml.png",500,500,false],"2048x2048":["https:\/\/www.belle.si\/wp-content\/uploads\/2023\/11\/Hair_bell_sampin_200ml.png",500,500,false],"mailpoet_newsletter_max":["https:\/\/www.belle.si\/wp-content\/uploads\/2023\/11\/Hair_bell_sampin_200ml.png",500,500,false],"woocommerce_thumbnail":["https:\/\/www.belle.si\/wp-content\/uploads\/2023\/11\/Hair_bell_sampin_200ml-300x300.png",300,300,true],"woocommerce_single":["https:\/\/www.belle.si\/wp-content\/uploads\/2023\/11\/Hair_bell_sampin_200ml.png",500,500,false],"woocommerce_gallery_thumbnail":["https:\/\/www.belle.si\/wp-content\/uploads\/2023\/11\/Hair_bell_sampin_200ml-100x100.png",100,100,true]},"uagb_author_info":{"display_name":"dejan","author_link":"https:\/\/www.belle.si\/it\/author\/"},"uagb_comment_info":0,"uagb_excerpt":"\u0160ampon za hitrej\u0161o rast las Hair Bell Zagotavljamo vam, da bojo z uporabo \u0161ampona za hitrej\u0161o rast las HairBell va\u0161i lasje: rasli do trikrat hitreje mehkej\u0161i in svetlej\u0161i. Poleg tega vam zagotavljamo, da bojo s \u0161amponom Hair Bell rezultati opazni \u0161e ve\u010d mesecev, u\u010dinki o\u010ditni na vseh tipih las, lasje prenehali izpadati. S HairBell kompletom&hellip;","_links":{"self":[{"href":"https:\/\/www.belle.si\/it\/wp-json\/wp\/v2\/product\/101907","targetHints":{"allow":["GET"]}}],"collection":[{"href":"https:\/\/www.belle.si\/it\/wp-json\/wp\/v2\/product"}],"about":[{"href":"https:\/\/www.belle.si\/it\/wp-json\/wp\/v2\/types\/product"}],"replies":[{"embeddable":true,"href":"https:\/\/www.belle.si\/it\/wp-json\/wp\/v2\/comments?post=101907"}],"wp:featuredmedia":[{"embeddable":true,"href":"https:\/\/www.belle.si\/it\/wp-json\/wp\/v2\/media\/101908"}],"wp:attachment":[{"href":"https:\/\/www.belle.si\/it\/wp-json\/wp\/v2\/media?parent=101907"}],"wp:term":[{"taxonomy":"product_brand","embeddable":true,"href":"https:\/\/www.belle.si\/it\/wp-json\/wp\/v2\/product_brand?post=101907"},{"taxonomy":"product_cat","embeddable":true,"href":"https:\/\/www.belle.si\/it\/wp-json\/wp\/v2\/product_cat?post=101907"},{"taxonomy":"product_tag","embeddable":true,"href":"https:\/\/www.belle.si\/it\/wp-json\/wp\/v2\/product_tag?post=101907"}],"curies":[{"name":"wp","href":"https:\/\/api.w.org\/{rel}","templated":true}]}}