{"id":101897,"date":"2020-06-25T23:10:46","date_gmt":"2020-06-25T21:10:46","guid":{"rendered":"https:\/\/belle.zabica.org\/izdelek\/zascita-za-stegna-pri-hoji\/"},"modified":"2025-11-10T23:30:01","modified_gmt":"2025-11-10T22:30:01","slug":"zascita-za-stegna-pri-hoji","status":"publish","type":"product","link":"https:\/\/www.belle.si\/it\/izdelek\/zascita-za-stegna-pri-hoji\/","title":{"rendered":"Za\u0161\u010dita za stegna pri hoji"},"content":{"rendered":"<h2 class=\"DHcWmd\">POMO\u010c PRI OBDRGNJENIH STEGNIH<\/h2>\n<h3 class=\"DHcWmd\">\u010cE VAS OBREMENJUJE PEKO\u010c OB\u010cUTEK, KO POLETI OBLE\u010cETE KRILO ALI KRATKE HLA\u010cE,<br \/>\nVAM NA\u0160 ZA\u0160\u010cITNI LOSJON\u00a0 LAHKO POMAGA!<\/h3>\n<div class=\"oSioSc\">\n<div id=\"tw-target\">\n<div id=\"kAz1tf\" class=\"g9WsWb\">\n<div id=\"tw-target-text-container\" class=\"tw-ta-container hide-focus-ring tw-nfl\" tabindex=\"0\">\n<p class=\"tw-data-text tw-text-large tw-ta\" dir=\"ltr\" data-placeholder=\"Prevod\"><span lang=\"sl\">Se vam po teku pojavijo izpu\u0161\u010daji na stegnih, ki vas mo\u010dno pe\u010dejo? <\/span><\/p>\n<p class=\"tw-data-text tw-text-large tw-ta\" dir=\"ltr\" data-placeholder=\"Prevod\"><span lang=\"sl\">Imate ob\u010dutek, kot da so stegna ope\u010dena zaradi drgnjenja? <\/span><\/p>\n<p class=\"tw-data-text tw-text-large tw-ta\" dir=\"ltr\" data-placeholder=\"Prevod\"><span lang=\"sl\">Ta ob\u010dutek je zelo mote\u010d in s \u010dasom lahko postane bole\u010d. <\/span><\/p>\n<p class=\"tw-data-text tw-text-large tw-ta\" dir=\"ltr\" data-placeholder=\"Prevod\"><span lang=\"sl\">Velikokrat se \u017eenske prito\u017eujejo nad to te\u017eavo, ko oble\u010dejo krilo. Samo pomislite &#8211; poletje se \u0161e ni za\u010delo, a samo misel na ta ob\u010dutek, je neprijeten. <\/span><\/p>\n<p class=\"tw-data-text tw-text-large tw-ta\" dir=\"ltr\" data-placeholder=\"Prevod\"><span lang=\"sl\">Ko se stegna drgnejo med seboj, za\u010dnejo kmalu boleti in pe\u010di. <\/span><\/p>\n<p class=\"tw-data-text tw-text-large tw-ta\" dir=\"ltr\" data-placeholder=\"Prevod\"><span lang=\"sl\">Pojavijo se tudi rde\u010di izpu\u0161\u010daji ovalne oblike na notranji strani stegen.<\/span><\/p>\n<p class=\"tw-data-text tw-text-large tw-ta\" dir=\"ltr\" data-placeholder=\"Prevod\"><span lang=\"sl\"> \u010ce nosite krilo pozimi, ni te\u017eav, ker imate oble\u010dene tudi hla\u010dne nogavice. <\/span><\/p>\n<p class=\"tw-data-text tw-text-large tw-ta\" dir=\"ltr\" data-placeholder=\"Prevod\"><span lang=\"sl\">\u010cim se temperature dvignejo, pa postane krilo te\u017eava. <\/span><\/p>\n<p class=\"tw-data-text tw-text-large tw-ta\" dir=\"ltr\" data-placeholder=\"Prevod\"><span lang=\"sl\">Da bi olaj\u0161ali te neprijetne te\u017eave, je Insttitute Claude Bell razvil razpr\u0161ilo, ki se na ko\u017ei obdr\u017ei kot za\u0161\u010ditni film. <\/span><\/p>\n<p class=\"tw-data-text tw-text-large tw-ta\" dir=\"ltr\" data-placeholder=\"Prevod\"><span lang=\"sl\">Losjon v spreju: <\/span><\/p>\n<ul>\n<li class=\"tw-data-text tw-text-large tw-ta\" dir=\"ltr\" data-placeholder=\"Prevod\"><span lang=\"sl\">pomirja opekline, srbe\u010dico in izpu\u0161\u010daje <\/span><\/li>\n<li class=\"tw-data-text tw-text-large tw-ta\" dir=\"ltr\" data-placeholder=\"Prevod\"><span lang=\"sl\">ustvari za\u0161\u010ditni film <\/span><\/li>\n<li class=\"tw-data-text tw-text-large tw-ta\" dir=\"ltr\" data-placeholder=\"Prevod\"><span lang=\"sl\"> vzpostavi naravni ph ko\u017ee <\/span><\/li>\n<\/ul>\n<p class=\"tw-data-text tw-text-large tw-ta\" dir=\"ltr\" data-placeholder=\"Prevod\"><span lang=\"sl\">Sestavine za\u0161\u010ditnega losjona: <\/span><\/p>\n<ul>\n<li class=\"tw-data-text tw-text-large tw-ta\" dir=\"ltr\" data-placeholder=\"Prevod\"><span lang=\"sl\"> me\u0161anica olj\u010dnega olja in smukca <\/span><\/li>\n<li class=\"tw-data-text tw-text-large tw-ta\" dir=\"ltr\" data-placeholder=\"Prevod\"><span lang=\"sl\"> rastlinska olja <\/span><\/li>\n<li class=\"tw-data-text tw-text-large tw-ta\" dir=\"ltr\" data-placeholder=\"Prevod\"><span lang=\"sl\">ognji\u010d <\/span><\/li>\n<li class=\"tw-data-text tw-text-large tw-ta\" dir=\"ltr\" data-placeholder=\"Prevod\"><span lang=\"sl\"> aroma evkaluptusa in limone <\/span><\/li>\n<\/ul>\n<p class=\"tw-data-text tw-text-large tw-ta\" dir=\"ltr\" data-placeholder=\"Prevod\"><span lang=\"sl\">Vsebina: 100ml v razpr\u0161ilu <\/span><\/p>\n<p class=\"tw-data-text tw-text-large tw-ta\" dir=\"ltr\" data-placeholder=\"Prevod\"><span lang=\"sl\">Proizvedeno v Franciji <\/span><\/p>\n<\/div>\n<\/div>\n<\/div>\n<\/div>\n","protected":false},"excerpt":{"rendered":"<p>POMO\u010c PRI OBDRGNJENIH STEGNIH \u010cE VAS OBREMENJUJE PEKO\u010c OB\u010cUTEK, KO POLETI OBLE\u010cETE KRILO ALI KRATKE HLA\u010cE, VAM NA\u0160 ZA\u0160\u010cITNI LOSJON\u00a0 LAHKO POMAGA! Se vam po teku pojavijo izpu\u0161\u010daji na stegnih, ki vas mo\u010dno pe\u010dejo? Imate ob\u010dutek, kot da so stegna ope\u010dena zaradi drgnjenja? Ta ob\u010dutek je zelo mote\u010d in s \u010dasom lahko postane bole\u010d. Velikokrat [&hellip;]<\/p>\n","protected":false},"featured_media":101898,"comment_status":"closed","ping_status":"closed","template":"","meta":{"_uag_custom_page_level_css":"","_monsterinsights_skip_tracking":false,"_monsterinsights_sitenote_active":false,"_monsterinsights_sitenote_note":"","_monsterinsights_sitenote_category":0,"site-sidebar-layout":"default","site-content-layout":"","ast-site-content-layout":"default","site-content-style":"default","site-sidebar-style":"default","ast-global-header-display":"","ast-banner-title-visibility":"","ast-main-header-display":"","ast-hfb-above-header-display":"","ast-hfb-below-header-display":"","ast-hfb-mobile-header-display":"","site-post-title":"","ast-breadcrumbs-content":"","ast-featured-img":"","footer-sml-layout":"","ast-disable-related-posts":"","theme-transparent-header-meta":"","adv-header-id-meta":"","stick-header-meta":"","header-above-stick-meta":"","header-main-stick-meta":"","header-below-stick-meta":"","astra-migrate-meta-layouts":"default","ast-page-background-enabled":"default","ast-page-background-meta":{"desktop":{"background-color":"var(--ast-global-color-4)","background-image":"","background-repeat":"repeat","background-position":"center center","background-size":"auto","background-attachment":"scroll","background-type":"","background-media":"","overlay-type":"","overlay-color":"","overlay-opacity":"","overlay-gradient":""},"tablet":{"background-color":"","background-image":"","background-repeat":"repeat","background-position":"center center","background-size":"auto","background-attachment":"scroll","background-type":"","background-media":"","overlay-type":"","overlay-color":"","overlay-opacity":"","overlay-gradient":""},"mobile":{"background-color":"","background-image":"","background-repeat":"repeat","background-position":"center center","background-size":"auto","background-attachment":"scroll","background-type":"","background-media":"","overlay-type":"","overlay-color":"","overlay-opacity":"","overlay-gradient":""}},"ast-content-background-meta":{"desktop":{"background-color":"var(--ast-global-color-5)","background-image":"","background-repeat":"repeat","background-position":"center center","background-size":"auto","background-attachment":"scroll","background-type":"","background-media":"","overlay-type":"","overlay-color":"","overlay-opacity":"","overlay-gradient":""},"tablet":{"background-color":"var(--ast-global-color-5)","background-image":"","background-repeat":"repeat","background-position":"center center","background-size":"auto","background-attachment":"scroll","background-type":"","background-media":"","overlay-type":"","overlay-color":"","overlay-opacity":"","overlay-gradient":""},"mobile":{"background-color":"var(--ast-global-color-5)","background-image":"","background-repeat":"repeat","background-position":"center center","background-size":"auto","background-attachment":"scroll","background-type":"","background-media":"","overlay-type":"","overlay-color":"","overlay-opacity":"","overlay-gradient":""}}},"product_brand":[],"product_cat":[48,32,40],"product_tag":[],"class_list":{"0":"post-101897","1":"product","2":"type-product","3":"status-publish","4":"has-post-thumbnail","6":"product_cat-akcije","7":"product_cat-nega-za-telo","8":"product_cat-zascita-za-kozo","9":"desktop-align-left","10":"tablet-align-left","11":"mobile-align-left","12":"ast-product-gallery-layout-first-image-large","13":"ast-magnify-disabled","14":"ast-product-tabs-layout-horizontal","16":"first","17":"outofstock","18":"taxable","19":"shipping-taxable","20":"purchasable","21":"product-type-simple"},"yoast_head":"<!-- This site is optimized with the Yoast SEO plugin v26.9 - https:\/\/yoast.com\/product\/yoast-seo-wordpress\/ -->\n<title>Za\u0161\u010dita za stegna pri hoji - Belle.si kozmeti\u010dna trgovina<\/title>\n<meta name=\"robots\" content=\"index, follow, max-snippet:-1, max-image-preview:large, max-video-preview:-1\" \/>\n<link rel=\"canonical\" href=\"https:\/\/www.belle.si\/it\/izdelek\/zascita-za-stegna-pri-hoji\/\" \/>\n<meta property=\"og:locale\" content=\"it_IT\" \/>\n<meta property=\"og:type\" content=\"article\" \/>\n<meta property=\"og:title\" content=\"Za\u0161\u010dita za stegna pri hoji - Belle.si kozmeti\u010dna trgovina\" \/>\n<meta property=\"og:description\" content=\"POMO\u010c PRI OBDRGNJENIH STEGNIH \u010cE VAS OBREMENJUJE PEKO\u010c OB\u010cUTEK, KO POLETI OBLE\u010cETE KRILO ALI KRATKE HLA\u010cE, VAM NA\u0160 ZA\u0160\u010cITNI LOSJON\u00a0 LAHKO POMAGA! Se vam po teku pojavijo izpu\u0161\u010daji na stegnih, ki vas mo\u010dno pe\u010dejo? Imate ob\u010dutek, kot da so stegna ope\u010dena zaradi drgnjenja? Ta ob\u010dutek je zelo mote\u010d in s \u010dasom lahko postane bole\u010d. Velikokrat [&hellip;]\" \/>\n<meta property=\"og:url\" content=\"https:\/\/www.belle.si\/it\/izdelek\/zascita-za-stegna-pri-hoji\/\" \/>\n<meta property=\"og:site_name\" content=\"Belle.si kozmeti\u010dna trgovina\" \/>\n<meta property=\"article:publisher\" content=\"https:\/\/www.facebook.com\/belle.si.cosmetics\/\" \/>\n<meta property=\"article:modified_time\" content=\"2025-11-10T22:30:01+00:00\" \/>\n<meta property=\"og:image\" content=\"https:\/\/www.belle.si\/wp-content\/uploads\/2023\/11\/apaisane-zascita-za-stegna.png\" \/>\n\t<meta property=\"og:image:width\" content=\"800\" \/>\n\t<meta property=\"og:image:height\" content=\"800\" \/>\n\t<meta property=\"og:image:type\" content=\"image\/png\" \/>\n<meta name=\"twitter:card\" content=\"summary_large_image\" \/>\n<meta name=\"twitter:label1\" content=\"Tempo di lettura stimato\" \/>\n\t<meta name=\"twitter:data1\" content=\"1 minuto\" \/>\n<script type=\"application\/ld+json\" class=\"yoast-schema-graph\">{\"@context\":\"https:\/\/schema.org\",\"@graph\":[{\"@type\":\"WebPage\",\"@id\":\"https:\/\/www.belle.si\/it\/izdelek\/zascita-za-stegna-pri-hoji\/\",\"url\":\"https:\/\/www.belle.si\/it\/izdelek\/zascita-za-stegna-pri-hoji\/\",\"name\":\"Za\u0161\u010dita za stegna pri hoji - Belle.si kozmeti\u010dna trgovina\",\"isPartOf\":{\"@id\":\"https:\/\/www.belle.si\/it\/#website\"},\"primaryImageOfPage\":{\"@id\":\"https:\/\/www.belle.si\/it\/izdelek\/zascita-za-stegna-pri-hoji\/#primaryimage\"},\"image\":{\"@id\":\"https:\/\/www.belle.si\/it\/izdelek\/zascita-za-stegna-pri-hoji\/#primaryimage\"},\"thumbnailUrl\":\"https:\/\/www.belle.si\/wp-content\/uploads\/2023\/11\/apaisane-zascita-za-stegna.png\",\"datePublished\":\"2020-06-25T21:10:46+00:00\",\"dateModified\":\"2025-11-10T22:30:01+00:00\",\"breadcrumb\":{\"@id\":\"https:\/\/www.belle.si\/it\/izdelek\/zascita-za-stegna-pri-hoji\/#breadcrumb\"},\"inLanguage\":\"it-IT\",\"potentialAction\":[{\"@type\":\"ReadAction\",\"target\":[\"https:\/\/www.belle.si\/it\/izdelek\/zascita-za-stegna-pri-hoji\/\"]}]},{\"@type\":\"ImageObject\",\"inLanguage\":\"it-IT\",\"@id\":\"https:\/\/www.belle.si\/it\/izdelek\/zascita-za-stegna-pri-hoji\/#primaryimage\",\"url\":\"https:\/\/www.belle.si\/wp-content\/uploads\/2023\/11\/apaisane-zascita-za-stegna.png\",\"contentUrl\":\"https:\/\/www.belle.si\/wp-content\/uploads\/2023\/11\/apaisane-zascita-za-stegna.png\",\"width\":800,\"height\":800},{\"@type\":\"BreadcrumbList\",\"@id\":\"https:\/\/www.belle.si\/it\/izdelek\/zascita-za-stegna-pri-hoji\/#breadcrumb\",\"itemListElement\":[{\"@type\":\"ListItem\",\"position\":1,\"name\":\"Home\",\"item\":\"https:\/\/www.belle.si\/it\/\"},{\"@type\":\"ListItem\",\"position\":2,\"name\":\"Trgovina\",\"item\":\"https:\/\/www.belle.si\/trgovina\/\"},{\"@type\":\"ListItem\",\"position\":3,\"name\":\"Za\u0161\u010dita za stegna pri hoji\"}]},{\"@type\":\"WebSite\",\"@id\":\"https:\/\/www.belle.si\/it\/#website\",\"url\":\"https:\/\/www.belle.si\/it\/\",\"name\":\"Belle.si kozmeti\u010dna trgovina\",\"description\":\"\",\"publisher\":{\"@id\":\"https:\/\/www.belle.si\/it\/#organization\"},\"potentialAction\":[{\"@type\":\"SearchAction\",\"target\":{\"@type\":\"EntryPoint\",\"urlTemplate\":\"https:\/\/www.belle.si\/it\/?s={search_term_string}\"},\"query-input\":{\"@type\":\"PropertyValueSpecification\",\"valueRequired\":true,\"valueName\":\"search_term_string\"}}],\"inLanguage\":\"it-IT\"},{\"@type\":\"Organization\",\"@id\":\"https:\/\/www.belle.si\/it\/#organization\",\"name\":\"Belle.si kozmeti\u010dna trgovina\",\"url\":\"https:\/\/www.belle.si\/it\/\",\"logo\":{\"@type\":\"ImageObject\",\"inLanguage\":\"it-IT\",\"@id\":\"https:\/\/www.belle.si\/it\/#\/schema\/logo\/image\/\",\"url\":\"https:\/\/www.belle.si\/wp-content\/uploads\/2022\/10\/cropped-logo_belle_trgovina.png\",\"contentUrl\":\"https:\/\/www.belle.si\/wp-content\/uploads\/2022\/10\/cropped-logo_belle_trgovina.png\",\"width\":270,\"height\":135,\"caption\":\"Belle.si kozmeti\u010dna trgovina\"},\"image\":{\"@id\":\"https:\/\/www.belle.si\/it\/#\/schema\/logo\/image\/\"},\"sameAs\":[\"https:\/\/www.facebook.com\/belle.si.cosmetics\/\",\"https:\/\/www.instagram.com\/belle.si.cosmetics\/\"]}]}<\/script>\n<!-- \/ Yoast SEO plugin. -->","yoast_head_json":{"title":"Za\u0161\u010dita za stegna pri hoji - Belle.si kozmeti\u010dna trgovina","robots":{"index":"index","follow":"follow","max-snippet":"max-snippet:-1","max-image-preview":"max-image-preview:large","max-video-preview":"max-video-preview:-1"},"canonical":"https:\/\/www.belle.si\/it\/izdelek\/zascita-za-stegna-pri-hoji\/","og_locale":"it_IT","og_type":"article","og_title":"Za\u0161\u010dita za stegna pri hoji - Belle.si kozmeti\u010dna trgovina","og_description":"POMO\u010c PRI OBDRGNJENIH STEGNIH \u010cE VAS OBREMENJUJE PEKO\u010c OB\u010cUTEK, KO POLETI OBLE\u010cETE KRILO ALI KRATKE HLA\u010cE, VAM NA\u0160 ZA\u0160\u010cITNI LOSJON\u00a0 LAHKO POMAGA! Se vam po teku pojavijo izpu\u0161\u010daji na stegnih, ki vas mo\u010dno pe\u010dejo? Imate ob\u010dutek, kot da so stegna ope\u010dena zaradi drgnjenja? Ta ob\u010dutek je zelo mote\u010d in s \u010dasom lahko postane bole\u010d. Velikokrat [&hellip;]","og_url":"https:\/\/www.belle.si\/it\/izdelek\/zascita-za-stegna-pri-hoji\/","og_site_name":"Belle.si kozmeti\u010dna trgovina","article_publisher":"https:\/\/www.facebook.com\/belle.si.cosmetics\/","article_modified_time":"2025-11-10T22:30:01+00:00","og_image":[{"width":800,"height":800,"url":"https:\/\/www.belle.si\/wp-content\/uploads\/2023\/11\/apaisane-zascita-za-stegna.png","type":"image\/png"}],"twitter_card":"summary_large_image","twitter_misc":{"Tempo di lettura stimato":"1 minuto"},"schema":{"@context":"https:\/\/schema.org","@graph":[{"@type":"WebPage","@id":"https:\/\/www.belle.si\/it\/izdelek\/zascita-za-stegna-pri-hoji\/","url":"https:\/\/www.belle.si\/it\/izdelek\/zascita-za-stegna-pri-hoji\/","name":"Za\u0161\u010dita za stegna pri hoji - Belle.si kozmeti\u010dna trgovina","isPartOf":{"@id":"https:\/\/www.belle.si\/it\/#website"},"primaryImageOfPage":{"@id":"https:\/\/www.belle.si\/it\/izdelek\/zascita-za-stegna-pri-hoji\/#primaryimage"},"image":{"@id":"https:\/\/www.belle.si\/it\/izdelek\/zascita-za-stegna-pri-hoji\/#primaryimage"},"thumbnailUrl":"https:\/\/www.belle.si\/wp-content\/uploads\/2023\/11\/apaisane-zascita-za-stegna.png","datePublished":"2020-06-25T21:10:46+00:00","dateModified":"2025-11-10T22:30:01+00:00","breadcrumb":{"@id":"https:\/\/www.belle.si\/it\/izdelek\/zascita-za-stegna-pri-hoji\/#breadcrumb"},"inLanguage":"it-IT","potentialAction":[{"@type":"ReadAction","target":["https:\/\/www.belle.si\/it\/izdelek\/zascita-za-stegna-pri-hoji\/"]}]},{"@type":"ImageObject","inLanguage":"it-IT","@id":"https:\/\/www.belle.si\/it\/izdelek\/zascita-za-stegna-pri-hoji\/#primaryimage","url":"https:\/\/www.belle.si\/wp-content\/uploads\/2023\/11\/apaisane-zascita-za-stegna.png","contentUrl":"https:\/\/www.belle.si\/wp-content\/uploads\/2023\/11\/apaisane-zascita-za-stegna.png","width":800,"height":800},{"@type":"BreadcrumbList","@id":"https:\/\/www.belle.si\/it\/izdelek\/zascita-za-stegna-pri-hoji\/#breadcrumb","itemListElement":[{"@type":"ListItem","position":1,"name":"Home","item":"https:\/\/www.belle.si\/it\/"},{"@type":"ListItem","position":2,"name":"Trgovina","item":"https:\/\/www.belle.si\/trgovina\/"},{"@type":"ListItem","position":3,"name":"Za\u0161\u010dita za stegna pri hoji"}]},{"@type":"WebSite","@id":"https:\/\/www.belle.si\/it\/#website","url":"https:\/\/www.belle.si\/it\/","name":"Belle.si kozmeti\u010dna trgovina","description":"","publisher":{"@id":"https:\/\/www.belle.si\/it\/#organization"},"potentialAction":[{"@type":"SearchAction","target":{"@type":"EntryPoint","urlTemplate":"https:\/\/www.belle.si\/it\/?s={search_term_string}"},"query-input":{"@type":"PropertyValueSpecification","valueRequired":true,"valueName":"search_term_string"}}],"inLanguage":"it-IT"},{"@type":"Organization","@id":"https:\/\/www.belle.si\/it\/#organization","name":"Belle.si kozmeti\u010dna trgovina","url":"https:\/\/www.belle.si\/it\/","logo":{"@type":"ImageObject","inLanguage":"it-IT","@id":"https:\/\/www.belle.si\/it\/#\/schema\/logo\/image\/","url":"https:\/\/www.belle.si\/wp-content\/uploads\/2022\/10\/cropped-logo_belle_trgovina.png","contentUrl":"https:\/\/www.belle.si\/wp-content\/uploads\/2022\/10\/cropped-logo_belle_trgovina.png","width":270,"height":135,"caption":"Belle.si kozmeti\u010dna trgovina"},"image":{"@id":"https:\/\/www.belle.si\/it\/#\/schema\/logo\/image\/"},"sameAs":["https:\/\/www.facebook.com\/belle.si.cosmetics\/","https:\/\/www.instagram.com\/belle.si.cosmetics\/"]}]}},"uagb_featured_image_src":{"full":["https:\/\/www.belle.si\/wp-content\/uploads\/2023\/11\/apaisane-zascita-za-stegna.png",800,800,false],"thumbnail":["https:\/\/www.belle.si\/wp-content\/uploads\/2023\/11\/apaisane-zascita-za-stegna-150x150.png",150,150,true],"medium":["https:\/\/www.belle.si\/wp-content\/uploads\/2023\/11\/apaisane-zascita-za-stegna-300x300.png",300,300,true],"medium_large":["https:\/\/www.belle.si\/wp-content\/uploads\/2023\/11\/apaisane-zascita-za-stegna-768x768.png",768,768,true],"large":["https:\/\/www.belle.si\/wp-content\/uploads\/2023\/11\/apaisane-zascita-za-stegna.png",800,800,false],"1536x1536":["https:\/\/www.belle.si\/wp-content\/uploads\/2023\/11\/apaisane-zascita-za-stegna.png",800,800,false],"2048x2048":["https:\/\/www.belle.si\/wp-content\/uploads\/2023\/11\/apaisane-zascita-za-stegna.png",800,800,false],"mailpoet_newsletter_max":["https:\/\/www.belle.si\/wp-content\/uploads\/2023\/11\/apaisane-zascita-za-stegna.png",800,800,false],"woocommerce_thumbnail":["https:\/\/www.belle.si\/wp-content\/uploads\/2023\/11\/apaisane-zascita-za-stegna-300x300.png",300,300,true],"woocommerce_single":["https:\/\/www.belle.si\/wp-content\/uploads\/2023\/11\/apaisane-zascita-za-stegna-600x600.png",600,600,true],"woocommerce_gallery_thumbnail":["https:\/\/www.belle.si\/wp-content\/uploads\/2023\/11\/apaisane-zascita-za-stegna-100x100.png",100,100,true]},"uagb_author_info":{"display_name":"dejan","author_link":"https:\/\/www.belle.si\/it\/author\/"},"uagb_comment_info":0,"uagb_excerpt":"POMO\u010c PRI OBDRGNJENIH STEGNIH \u010cE VAS OBREMENJUJE PEKO\u010c OB\u010cUTEK, KO POLETI OBLE\u010cETE KRILO ALI KRATKE HLA\u010cE, VAM NA\u0160 ZA\u0160\u010cITNI LOSJON\u00a0 LAHKO POMAGA! Se vam po teku pojavijo izpu\u0161\u010daji na stegnih, ki vas mo\u010dno pe\u010dejo? Imate ob\u010dutek, kot da so stegna ope\u010dena zaradi drgnjenja? Ta ob\u010dutek je zelo mote\u010d in s \u010dasom lahko postane bole\u010d. Velikokrat&hellip;","_links":{"self":[{"href":"https:\/\/www.belle.si\/it\/wp-json\/wp\/v2\/product\/101897","targetHints":{"allow":["GET"]}}],"collection":[{"href":"https:\/\/www.belle.si\/it\/wp-json\/wp\/v2\/product"}],"about":[{"href":"https:\/\/www.belle.si\/it\/wp-json\/wp\/v2\/types\/product"}],"replies":[{"embeddable":true,"href":"https:\/\/www.belle.si\/it\/wp-json\/wp\/v2\/comments?post=101897"}],"wp:featuredmedia":[{"embeddable":true,"href":"https:\/\/www.belle.si\/it\/wp-json\/wp\/v2\/media\/101898"}],"wp:attachment":[{"href":"https:\/\/www.belle.si\/it\/wp-json\/wp\/v2\/media?parent=101897"}],"wp:term":[{"taxonomy":"product_brand","embeddable":true,"href":"https:\/\/www.belle.si\/it\/wp-json\/wp\/v2\/product_brand?post=101897"},{"taxonomy":"product_cat","embeddable":true,"href":"https:\/\/www.belle.si\/it\/wp-json\/wp\/v2\/product_cat?post=101897"},{"taxonomy":"product_tag","embeddable":true,"href":"https:\/\/www.belle.si\/it\/wp-json\/wp\/v2\/product_tag?post=101897"}],"curies":[{"name":"wp","href":"https:\/\/api.w.org\/{rel}","templated":true}]}}