{"id":101889,"date":"2020-06-25T23:10:46","date_gmt":"2020-06-25T21:10:46","guid":{"rendered":"https:\/\/belle.zabica.org\/izdelek\/kolekcija-argan-za-svilnato-lepe-lase\/"},"modified":"2023-11-17T01:14:19","modified_gmt":"2023-11-17T00:14:19","slug":"kolekcija-argan-za-svilnato-lepe-lase","status":"publish","type":"product","link":"https:\/\/www.belle.si\/it\/izdelek\/kolekcija-argan-za-svilnato-lepe-lase\/","title":{"rendered":"Kolekcija Argan za svilnato lepe lase"},"content":{"rendered":"<h2>Kolekcija z arganovim oljem za sijo\u010de in gladke lase<\/h2>\n<p>Linija z arganovim oljem vsebuje dve posebni u\u010dinkovini:<i><b> Lustreplex<\/b><\/i> and <i><b>Keramid<\/b> <strong>A2<\/strong><\/i>, ki blagodejno delujeta\u00a0 na lase.<\/p>\n<p>Linija je namejena ravnim in skodranim lasem.<\/p>\n<p>Sestavine lase nahranijo, navla\u017eijo, lasje so tako dlje \u010dasa gladki, sijo\u010di in brez vozlov.<\/p>\n<p>Linija z arganovim oljem\u00a0vsebuje veliko <strong>vitamina E<\/strong> in odrugih sestavin, ki pomagajo ohranjati zdravje in vitalnost las.<\/p>\n<h3>Izdelek je odli\u010den za suhe, po\u0161kodovane in krhke lase.<\/h3>\n<p><img decoding=\"async\" class=\"lf frame\" src=\"https:\/\/www.claudebell.co.uk\/media\/res\/ArganOil_goute.png\" alt=\"\" width=\"122\" height=\"122\" \/><\/p>\n<p><b>Arganovo olje <\/b>hrani in vla\u017ei lase, zaradi tega delujejo bolj sijo\u010di in gladki. Lasje so mo\u010dnej\u0161i, mehkej\u0161i in la\u017eje se jih oblikuje.<\/p>\n<p>Posebno se odlikuje, ko so lasje izpostavljeni soncu, morju ali kloru.<\/p>\n<p>&nbsp;<\/p>\n<h2><strong>Za\u0161\u010dita na soncu in proti kloru!<\/strong><\/h2>\n<h3>Navodila za uporabo kolekcije z arganovim oljem<\/h3>\n<p>\u0160ampon nanesite na lase in pustite delovati nekaj trenutkov, sperite z mla\u010dno vodo.<\/p>\n<div class=\"panel directions\">\n<p>Po uporabi \u0161ampona nanesite na vla\u017ene lase balzam. Pustite delovati dve do tri minute, nato izperit z mla\u010dno vodo.<\/p>\n<\/div>\n<p>Po uporabi \u0161ampona in balzama\u00a0 nanesite masko na vla\u017ene lase. Nanesite postopoma po predelih po celotni dol\u017eini.<\/p>\n<p>Pustite delovati dve do tri minute in temeljito izperite z mla\u010dno vodo.<\/p>\n<p>Za bolj\u0161e rezultate masko nanestite na lase 2x ali 3x na teden.<\/p>\n<div class=\"panel directions\">\n<p>Takoj izperite, \u010de katerikoli od proizvodov pride v stik z o\u010dmi.<\/p>\n<\/div>\n<div class=\"panel directions\">\n<p>&nbsp;<\/p>\n<p>Vsebina:<\/p>\n<p>\u0161ampon 250ml<\/p>\n<p>balzam 250ml<\/p>\n<p>maska 500ml<\/p>\n<div class=\"std\">\n<p>Proizvedeno v Franciji<\/p>\n<\/div>\n<\/div>\n<p>&nbsp;<\/p>\n<p>&nbsp;<\/p>\n<div class=\"panel directions\"><\/div>\n","protected":false},"excerpt":{"rendered":"<p>Kolekcija z arganovim oljem za sijo\u010de in gladke lase Linija z arganovim oljem vsebuje dve posebni u\u010dinkovini: Lustreplex and Keramid A2, ki blagodejno delujeta\u00a0 na lase. Linija je namejena ravnim in skodranim lasem. Sestavine lase nahranijo, navla\u017eijo, lasje so tako dlje \u010dasa gladki, sijo\u010di in brez vozlov. Linija z arganovim oljem\u00a0vsebuje veliko vitamina E in [&hellip;]<\/p>\n","protected":false},"featured_media":101890,"comment_status":"closed","ping_status":"open","template":"","meta":{"_uag_custom_page_level_css":"","_monsterinsights_skip_tracking":false,"_monsterinsights_sitenote_active":false,"_monsterinsights_sitenote_note":"","_monsterinsights_sitenote_category":0,"site-sidebar-layout":"default","site-content-layout":"","ast-site-content-layout":"default","site-content-style":"default","site-sidebar-style":"default","ast-global-header-display":"","ast-banner-title-visibility":"","ast-main-header-display":"","ast-hfb-above-header-display":"","ast-hfb-below-header-display":"","ast-hfb-mobile-header-display":"","site-post-title":"","ast-breadcrumbs-content":"","ast-featured-img":"","footer-sml-layout":"","ast-disable-related-posts":"","theme-transparent-header-meta":"","adv-header-id-meta":"","stick-header-meta":"","header-above-stick-meta":"","header-main-stick-meta":"","header-below-stick-meta":"","astra-migrate-meta-layouts":"default","ast-page-background-enabled":"default","ast-page-background-meta":{"desktop":{"background-color":"var(--ast-global-color-4)","background-image":"","background-repeat":"repeat","background-position":"center center","background-size":"auto","background-attachment":"scroll","background-type":"","background-media":"","overlay-type":"","overlay-color":"","overlay-opacity":"","overlay-gradient":""},"tablet":{"background-color":"","background-image":"","background-repeat":"repeat","background-position":"center center","background-size":"auto","background-attachment":"scroll","background-type":"","background-media":"","overlay-type":"","overlay-color":"","overlay-opacity":"","overlay-gradient":""},"mobile":{"background-color":"","background-image":"","background-repeat":"repeat","background-position":"center center","background-size":"auto","background-attachment":"scroll","background-type":"","background-media":"","overlay-type":"","overlay-color":"","overlay-opacity":"","overlay-gradient":""}},"ast-content-background-meta":{"desktop":{"background-color":"var(--ast-global-color-5)","background-image":"","background-repeat":"repeat","background-position":"center center","background-size":"auto","background-attachment":"scroll","background-type":"","background-media":"","overlay-type":"","overlay-color":"","overlay-opacity":"","overlay-gradient":""},"tablet":{"background-color":"var(--ast-global-color-5)","background-image":"","background-repeat":"repeat","background-position":"center center","background-size":"auto","background-attachment":"scroll","background-type":"","background-media":"","overlay-type":"","overlay-color":"","overlay-opacity":"","overlay-gradient":""},"mobile":{"background-color":"var(--ast-global-color-5)","background-image":"","background-repeat":"repeat","background-position":"center center","background-size":"auto","background-attachment":"scroll","background-type":"","background-media":"","overlay-type":"","overlay-color":"","overlay-opacity":"","overlay-gradient":""}}},"product_brand":[],"product_cat":[43,46],"product_tag":[],"class_list":{"0":"post-101889","1":"product","2":"type-product","3":"status-publish","4":"has-post-thumbnail","6":"product_cat-nega-za-lase","7":"product_cat-za-lepe-lase","8":"desktop-align-left","9":"tablet-align-left","10":"mobile-align-left","11":"ast-product-gallery-layout-first-image-large","12":"ast-magnify-disabled","13":"ast-product-tabs-layout-horizontal","15":"first","16":"instock","17":"sale","18":"taxable","19":"shipping-taxable","20":"purchasable","21":"product-type-simple"},"yoast_head":"<!-- This site is optimized with the Yoast SEO plugin v26.9 - https:\/\/yoast.com\/product\/yoast-seo-wordpress\/ -->\n<title>Kolekcija Argan za svilnato lepe lase - Belle.si kozmeti\u010dna trgovina<\/title>\n<meta name=\"robots\" content=\"index, follow, max-snippet:-1, max-image-preview:large, max-video-preview:-1\" \/>\n<link rel=\"canonical\" href=\"https:\/\/www.belle.si\/it\/izdelek\/kolekcija-argan-za-svilnato-lepe-lase\/\" \/>\n<meta property=\"og:locale\" content=\"it_IT\" \/>\n<meta property=\"og:type\" content=\"article\" \/>\n<meta property=\"og:title\" content=\"Kolekcija Argan za svilnato lepe lase - Belle.si kozmeti\u010dna trgovina\" \/>\n<meta property=\"og:description\" content=\"Kolekcija z arganovim oljem za sijo\u010de in gladke lase Linija z arganovim oljem vsebuje dve posebni u\u010dinkovini: Lustreplex and Keramid A2, ki blagodejno delujeta\u00a0 na lase. Linija je namejena ravnim in skodranim lasem. Sestavine lase nahranijo, navla\u017eijo, lasje so tako dlje \u010dasa gladki, sijo\u010di in brez vozlov. Linija z arganovim oljem\u00a0vsebuje veliko vitamina E in [&hellip;]\" \/>\n<meta property=\"og:url\" content=\"https:\/\/www.belle.si\/it\/izdelek\/kolekcija-argan-za-svilnato-lepe-lase\/\" \/>\n<meta property=\"og:site_name\" content=\"Belle.si kozmeti\u010dna trgovina\" \/>\n<meta property=\"article:publisher\" content=\"https:\/\/www.facebook.com\/belle.si.cosmetics\/\" \/>\n<meta property=\"article:modified_time\" content=\"2023-11-17T00:14:19+00:00\" \/>\n<meta property=\"og:image\" content=\"https:\/\/www.belle.si\/wp-content\/uploads\/2023\/11\/sampon_balzam_maska_argan.png\" \/>\n\t<meta property=\"og:image:width\" content=\"800\" \/>\n\t<meta property=\"og:image:height\" content=\"800\" \/>\n\t<meta property=\"og:image:type\" content=\"image\/png\" \/>\n<meta name=\"twitter:card\" content=\"summary_large_image\" \/>\n<meta name=\"twitter:label1\" content=\"Tempo di lettura stimato\" \/>\n\t<meta name=\"twitter:data1\" content=\"1 minuto\" \/>\n<script type=\"application\/ld+json\" class=\"yoast-schema-graph\">{\"@context\":\"https:\/\/schema.org\",\"@graph\":[{\"@type\":\"WebPage\",\"@id\":\"https:\/\/www.belle.si\/it\/izdelek\/kolekcija-argan-za-svilnato-lepe-lase\/\",\"url\":\"https:\/\/www.belle.si\/it\/izdelek\/kolekcija-argan-za-svilnato-lepe-lase\/\",\"name\":\"Kolekcija Argan za svilnato lepe lase - Belle.si kozmeti\u010dna trgovina\",\"isPartOf\":{\"@id\":\"https:\/\/www.belle.si\/it\/#website\"},\"primaryImageOfPage\":{\"@id\":\"https:\/\/www.belle.si\/it\/izdelek\/kolekcija-argan-za-svilnato-lepe-lase\/#primaryimage\"},\"image\":{\"@id\":\"https:\/\/www.belle.si\/it\/izdelek\/kolekcija-argan-za-svilnato-lepe-lase\/#primaryimage\"},\"thumbnailUrl\":\"https:\/\/www.belle.si\/wp-content\/uploads\/2023\/11\/sampon_balzam_maska_argan.png\",\"datePublished\":\"2020-06-25T21:10:46+00:00\",\"dateModified\":\"2023-11-17T00:14:19+00:00\",\"breadcrumb\":{\"@id\":\"https:\/\/www.belle.si\/it\/izdelek\/kolekcija-argan-za-svilnato-lepe-lase\/#breadcrumb\"},\"inLanguage\":\"it-IT\",\"potentialAction\":[{\"@type\":\"ReadAction\",\"target\":[\"https:\/\/www.belle.si\/it\/izdelek\/kolekcija-argan-za-svilnato-lepe-lase\/\"]}]},{\"@type\":\"ImageObject\",\"inLanguage\":\"it-IT\",\"@id\":\"https:\/\/www.belle.si\/it\/izdelek\/kolekcija-argan-za-svilnato-lepe-lase\/#primaryimage\",\"url\":\"https:\/\/www.belle.si\/wp-content\/uploads\/2023\/11\/sampon_balzam_maska_argan.png\",\"contentUrl\":\"https:\/\/www.belle.si\/wp-content\/uploads\/2023\/11\/sampon_balzam_maska_argan.png\",\"width\":800,\"height\":800},{\"@type\":\"BreadcrumbList\",\"@id\":\"https:\/\/www.belle.si\/it\/izdelek\/kolekcija-argan-za-svilnato-lepe-lase\/#breadcrumb\",\"itemListElement\":[{\"@type\":\"ListItem\",\"position\":1,\"name\":\"Home\",\"item\":\"https:\/\/www.belle.si\/it\/\"},{\"@type\":\"ListItem\",\"position\":2,\"name\":\"Trgovina\",\"item\":\"https:\/\/www.belle.si\/trgovina\/\"},{\"@type\":\"ListItem\",\"position\":3,\"name\":\"Kolekcija Argan za svilnato lepe lase\"}]},{\"@type\":\"WebSite\",\"@id\":\"https:\/\/www.belle.si\/it\/#website\",\"url\":\"https:\/\/www.belle.si\/it\/\",\"name\":\"Belle.si kozmeti\u010dna trgovina\",\"description\":\"\",\"publisher\":{\"@id\":\"https:\/\/www.belle.si\/it\/#organization\"},\"potentialAction\":[{\"@type\":\"SearchAction\",\"target\":{\"@type\":\"EntryPoint\",\"urlTemplate\":\"https:\/\/www.belle.si\/it\/?s={search_term_string}\"},\"query-input\":{\"@type\":\"PropertyValueSpecification\",\"valueRequired\":true,\"valueName\":\"search_term_string\"}}],\"inLanguage\":\"it-IT\"},{\"@type\":\"Organization\",\"@id\":\"https:\/\/www.belle.si\/it\/#organization\",\"name\":\"Belle.si kozmeti\u010dna trgovina\",\"url\":\"https:\/\/www.belle.si\/it\/\",\"logo\":{\"@type\":\"ImageObject\",\"inLanguage\":\"it-IT\",\"@id\":\"https:\/\/www.belle.si\/it\/#\/schema\/logo\/image\/\",\"url\":\"https:\/\/www.belle.si\/wp-content\/uploads\/2022\/10\/cropped-logo_belle_trgovina.png\",\"contentUrl\":\"https:\/\/www.belle.si\/wp-content\/uploads\/2022\/10\/cropped-logo_belle_trgovina.png\",\"width\":270,\"height\":135,\"caption\":\"Belle.si kozmeti\u010dna trgovina\"},\"image\":{\"@id\":\"https:\/\/www.belle.si\/it\/#\/schema\/logo\/image\/\"},\"sameAs\":[\"https:\/\/www.facebook.com\/belle.si.cosmetics\/\",\"https:\/\/www.instagram.com\/belle.si.cosmetics\/\"]}]}<\/script>\n<!-- \/ Yoast SEO plugin. -->","yoast_head_json":{"title":"Kolekcija Argan za svilnato lepe lase - Belle.si kozmeti\u010dna trgovina","robots":{"index":"index","follow":"follow","max-snippet":"max-snippet:-1","max-image-preview":"max-image-preview:large","max-video-preview":"max-video-preview:-1"},"canonical":"https:\/\/www.belle.si\/it\/izdelek\/kolekcija-argan-za-svilnato-lepe-lase\/","og_locale":"it_IT","og_type":"article","og_title":"Kolekcija Argan za svilnato lepe lase - Belle.si kozmeti\u010dna trgovina","og_description":"Kolekcija z arganovim oljem za sijo\u010de in gladke lase Linija z arganovim oljem vsebuje dve posebni u\u010dinkovini: Lustreplex and Keramid A2, ki blagodejno delujeta\u00a0 na lase. Linija je namejena ravnim in skodranim lasem. Sestavine lase nahranijo, navla\u017eijo, lasje so tako dlje \u010dasa gladki, sijo\u010di in brez vozlov. Linija z arganovim oljem\u00a0vsebuje veliko vitamina E in [&hellip;]","og_url":"https:\/\/www.belle.si\/it\/izdelek\/kolekcija-argan-za-svilnato-lepe-lase\/","og_site_name":"Belle.si kozmeti\u010dna trgovina","article_publisher":"https:\/\/www.facebook.com\/belle.si.cosmetics\/","article_modified_time":"2023-11-17T00:14:19+00:00","og_image":[{"width":800,"height":800,"url":"https:\/\/www.belle.si\/wp-content\/uploads\/2023\/11\/sampon_balzam_maska_argan.png","type":"image\/png"}],"twitter_card":"summary_large_image","twitter_misc":{"Tempo di lettura stimato":"1 minuto"},"schema":{"@context":"https:\/\/schema.org","@graph":[{"@type":"WebPage","@id":"https:\/\/www.belle.si\/it\/izdelek\/kolekcija-argan-za-svilnato-lepe-lase\/","url":"https:\/\/www.belle.si\/it\/izdelek\/kolekcija-argan-za-svilnato-lepe-lase\/","name":"Kolekcija Argan za svilnato lepe lase - Belle.si kozmeti\u010dna trgovina","isPartOf":{"@id":"https:\/\/www.belle.si\/it\/#website"},"primaryImageOfPage":{"@id":"https:\/\/www.belle.si\/it\/izdelek\/kolekcija-argan-za-svilnato-lepe-lase\/#primaryimage"},"image":{"@id":"https:\/\/www.belle.si\/it\/izdelek\/kolekcija-argan-za-svilnato-lepe-lase\/#primaryimage"},"thumbnailUrl":"https:\/\/www.belle.si\/wp-content\/uploads\/2023\/11\/sampon_balzam_maska_argan.png","datePublished":"2020-06-25T21:10:46+00:00","dateModified":"2023-11-17T00:14:19+00:00","breadcrumb":{"@id":"https:\/\/www.belle.si\/it\/izdelek\/kolekcija-argan-za-svilnato-lepe-lase\/#breadcrumb"},"inLanguage":"it-IT","potentialAction":[{"@type":"ReadAction","target":["https:\/\/www.belle.si\/it\/izdelek\/kolekcija-argan-za-svilnato-lepe-lase\/"]}]},{"@type":"ImageObject","inLanguage":"it-IT","@id":"https:\/\/www.belle.si\/it\/izdelek\/kolekcija-argan-za-svilnato-lepe-lase\/#primaryimage","url":"https:\/\/www.belle.si\/wp-content\/uploads\/2023\/11\/sampon_balzam_maska_argan.png","contentUrl":"https:\/\/www.belle.si\/wp-content\/uploads\/2023\/11\/sampon_balzam_maska_argan.png","width":800,"height":800},{"@type":"BreadcrumbList","@id":"https:\/\/www.belle.si\/it\/izdelek\/kolekcija-argan-za-svilnato-lepe-lase\/#breadcrumb","itemListElement":[{"@type":"ListItem","position":1,"name":"Home","item":"https:\/\/www.belle.si\/it\/"},{"@type":"ListItem","position":2,"name":"Trgovina","item":"https:\/\/www.belle.si\/trgovina\/"},{"@type":"ListItem","position":3,"name":"Kolekcija Argan za svilnato lepe lase"}]},{"@type":"WebSite","@id":"https:\/\/www.belle.si\/it\/#website","url":"https:\/\/www.belle.si\/it\/","name":"Belle.si kozmeti\u010dna trgovina","description":"","publisher":{"@id":"https:\/\/www.belle.si\/it\/#organization"},"potentialAction":[{"@type":"SearchAction","target":{"@type":"EntryPoint","urlTemplate":"https:\/\/www.belle.si\/it\/?s={search_term_string}"},"query-input":{"@type":"PropertyValueSpecification","valueRequired":true,"valueName":"search_term_string"}}],"inLanguage":"it-IT"},{"@type":"Organization","@id":"https:\/\/www.belle.si\/it\/#organization","name":"Belle.si kozmeti\u010dna trgovina","url":"https:\/\/www.belle.si\/it\/","logo":{"@type":"ImageObject","inLanguage":"it-IT","@id":"https:\/\/www.belle.si\/it\/#\/schema\/logo\/image\/","url":"https:\/\/www.belle.si\/wp-content\/uploads\/2022\/10\/cropped-logo_belle_trgovina.png","contentUrl":"https:\/\/www.belle.si\/wp-content\/uploads\/2022\/10\/cropped-logo_belle_trgovina.png","width":270,"height":135,"caption":"Belle.si kozmeti\u010dna trgovina"},"image":{"@id":"https:\/\/www.belle.si\/it\/#\/schema\/logo\/image\/"},"sameAs":["https:\/\/www.facebook.com\/belle.si.cosmetics\/","https:\/\/www.instagram.com\/belle.si.cosmetics\/"]}]}},"uagb_featured_image_src":{"full":["https:\/\/www.belle.si\/wp-content\/uploads\/2023\/11\/sampon_balzam_maska_argan.png",800,800,false],"thumbnail":["https:\/\/www.belle.si\/wp-content\/uploads\/2023\/11\/sampon_balzam_maska_argan-150x150.png",150,150,true],"medium":["https:\/\/www.belle.si\/wp-content\/uploads\/2023\/11\/sampon_balzam_maska_argan-300x300.png",300,300,true],"medium_large":["https:\/\/www.belle.si\/wp-content\/uploads\/2023\/11\/sampon_balzam_maska_argan-768x768.png",768,768,true],"large":["https:\/\/www.belle.si\/wp-content\/uploads\/2023\/11\/sampon_balzam_maska_argan.png",800,800,false],"1536x1536":["https:\/\/www.belle.si\/wp-content\/uploads\/2023\/11\/sampon_balzam_maska_argan.png",800,800,false],"2048x2048":["https:\/\/www.belle.si\/wp-content\/uploads\/2023\/11\/sampon_balzam_maska_argan.png",800,800,false],"mailpoet_newsletter_max":["https:\/\/www.belle.si\/wp-content\/uploads\/2023\/11\/sampon_balzam_maska_argan.png",800,800,false],"woocommerce_thumbnail":["https:\/\/www.belle.si\/wp-content\/uploads\/2023\/11\/sampon_balzam_maska_argan-300x300.png",300,300,true],"woocommerce_single":["https:\/\/www.belle.si\/wp-content\/uploads\/2023\/11\/sampon_balzam_maska_argan-600x600.png",600,600,true],"woocommerce_gallery_thumbnail":["https:\/\/www.belle.si\/wp-content\/uploads\/2023\/11\/sampon_balzam_maska_argan-100x100.png",100,100,true]},"uagb_author_info":{"display_name":"dejan","author_link":"https:\/\/www.belle.si\/it\/author\/"},"uagb_comment_info":0,"uagb_excerpt":"Kolekcija z arganovim oljem za sijo\u010de in gladke lase Linija z arganovim oljem vsebuje dve posebni u\u010dinkovini: Lustreplex and Keramid A2, ki blagodejno delujeta\u00a0 na lase. Linija je namejena ravnim in skodranim lasem. Sestavine lase nahranijo, navla\u017eijo, lasje so tako dlje \u010dasa gladki, sijo\u010di in brez vozlov. Linija z arganovim oljem\u00a0vsebuje veliko vitamina E in&hellip;","_links":{"self":[{"href":"https:\/\/www.belle.si\/it\/wp-json\/wp\/v2\/product\/101889","targetHints":{"allow":["GET"]}}],"collection":[{"href":"https:\/\/www.belle.si\/it\/wp-json\/wp\/v2\/product"}],"about":[{"href":"https:\/\/www.belle.si\/it\/wp-json\/wp\/v2\/types\/product"}],"replies":[{"embeddable":true,"href":"https:\/\/www.belle.si\/it\/wp-json\/wp\/v2\/comments?post=101889"}],"wp:featuredmedia":[{"embeddable":true,"href":"https:\/\/www.belle.si\/it\/wp-json\/wp\/v2\/media\/101890"}],"wp:attachment":[{"href":"https:\/\/www.belle.si\/it\/wp-json\/wp\/v2\/media?parent=101889"}],"wp:term":[{"taxonomy":"product_brand","embeddable":true,"href":"https:\/\/www.belle.si\/it\/wp-json\/wp\/v2\/product_brand?post=101889"},{"taxonomy":"product_cat","embeddable":true,"href":"https:\/\/www.belle.si\/it\/wp-json\/wp\/v2\/product_cat?post=101889"},{"taxonomy":"product_tag","embeddable":true,"href":"https:\/\/www.belle.si\/it\/wp-json\/wp\/v2\/product_tag?post=101889"}],"curies":[{"name":"wp","href":"https:\/\/api.w.org\/{rel}","templated":true}]}}