{"id":101874,"date":"2020-06-25T23:10:45","date_gmt":"2020-06-25T21:10:45","guid":{"rendered":"https:\/\/belle.zabica.org\/izdelek\/kapsule-za-mocne-lase-hairbell-intenzivna-barva-in-lesk-2\/"},"modified":"2025-05-08T18:41:46","modified_gmt":"2025-05-08T16:41:46","slug":"kapsule-za-mocne-lase-hairbell-intenzivna-barva-in-lesk-2","status":"publish","type":"product","link":"https:\/\/www.belle.si\/it\/izdelek\/kapsule-za-mocne-lase-hairbell-intenzivna-barva-in-lesk-2\/","title":{"rendered":"Kapsule za mo\u010dne lase HairBell &#8211; intenzivna barva in lesk"},"content":{"rendered":"<h2>HairBell prehransko dopolnilo za lep\u0161e, mo\u010dnej\u0161e in bolj zdrave lase.<\/h2>\n<p>HairBell kapsule so nov izdelek na osnovi rastlinskih izvle\u010dkov, ki zagotavlja zdrave in lepe lase. Kapsule vsebujejo hranilne snovi za lase: hialuronsko kislino, kolagen, aminokisline in keratin. Vse to pozitivno vpliva na rast las in prepre\u010duje izpadanje. Lasje so zato bolj zdravi, mo\u010dnej\u0161i, bolj svetle\u010di in dobijo bolj intenzivno barvo.<\/p>\n<p>Na na\u0161e lase vplivajo najrazli\u010dnej\u0161i dejavniki: vremenske spremembe, utrujenost, bolezni, menstruacija, onesna\u017eenost zraka&#8230; vse to \u0161kodi keratinu in zato so lasje \u0161ibki in lomljivi. Prizadeti lasje izpadajo lahko od dvakrat do \u0161tirikrat bolj kot zdravi lasje. Posledica so tudi cepljene konice, izguba volumna in sijaja.<\/p>\n<p>HairBell kapsule so prehransko dopolnilo, ki pomaga lasem in nohtom, da ohranijo mo\u010d in zdravje.\u00a0 Inovativna formula HairBell kapsul uspe\u0161no dopolnjuje delovanje mineralov in vitaminov.<\/p>\n<p><b>HairBell kapsule prepre\u010dujejo izpadanje in lomljenje las. <\/b>&#8211; U\u010dunkovina <strong>Nutricible 111 Apple <\/strong> (aktivna sestavina na osnovi flavan-3ol) in izvle\u010dek iz borovnic, vpliva na proste radikale, upo\u010dasni staranje las in spodbuja prekrvavitev lasi\u0161\u010da.<\/p>\n<p><b>Izvle\u010dki iz p\u0161enice in babmbusa pomagajo pri tvorbi keratina za novo lasno tkivo.<br \/>\n<\/b><\/p>\n<p><b>HairBell kapsule lasem dajejo sijaj in mo\u010d.\u00a0<\/b> Gladek in kompakten zunanji sloj las iz mo\u010dnih keratinskih\u00a0 lusk daje lasem sijaj, ker povr\u0161ina bolj odbija svetlobo. Za to je nujno potrebna pravilna sinteza keratina v telesu. <strong>Vitamin E<\/strong> deluje antioksidativno in <strong>vitamin B<\/strong> pomaga pri sintezi cistaina, ki je osnovni element keratina. <strong>C<\/strong><b>ink in aminokisline v HairBell kapsulah<\/b> zagotavljajo najbolj u\u010dinkovito sintezo keratina za lepe lase. <b>Nutricible Beauty <\/b>je aktivna sestavina, v kateri so zdru\u017eene tri osnovni elementi za obnovo lasi\u0161\u010da in ko\u017ee: kolagen, keratin in hialuronska kislina. Le zdravo lasi\u0161\u010de je lahko podlaga za goste in mehke lase.<\/p>\n<p><b>Izvle\u010dki iz borovnic<\/b> oja\u010dajo prekrvavitev lasi\u0161\u010da.<\/p>\n<p><strong>Baker<\/strong> prispeva k naravni obarvanosti las.<\/p>\n<p><strong>Cink<\/strong> vzdr\u017euje lase.<\/p>\n<p><strong>Vitamin B6<\/strong> pomaga pri sintezi cistaina.<\/p>\n<p><strong>Vitamin E<\/strong> \u0161\u010diti celice proti oksidaciji.<\/p>\n<h3>Testi *<\/h3>\n<p>* Teste je izvedel neodvisni laboratorij v Franciji. Rezultati se lahko razlikujejo od posameznika do posameznika.<\/p>\n<p>Testi so pokazali manj\u0161o izgubo las za 54,18% pri \u010desanju. Razlika je bila opazna pri vseh prostovoljcih.<br \/>\nManj\u0161o splo\u0161no izgubo las za 72% pri vseh prostovoljcih.<\/p>\n<p>Testi so potrdili, da <b>HairBell kapsule<\/b>\u00a0 lasem zagotavljajo 2x ve\u010d mo\u010di in 2x vitalnosti.<\/p>\n<p>Vsi prostovoljci so ocenili, da so lasje po jemanju <b>HairBell kapsul<\/b> bolj sijo\u010di, 96% jih je ocenilo, da so lasje mo\u010dnej\u0161i, 92% jih je ocenilo, da so lasje dobili lep\u0161o barvo.<\/p>\n<p>92% prostovoljcev je ocenilo, da bi <b>HairBell kapsule<\/b> \u0161e jemali in vsi so jih priporo\u010dili.<\/p>\n<p>Nih\u010de med njimi ni\u00a0 prekinil terapije in nih\u010de ni opazil stranskih u\u010dinkov v treh meseceh, ko so jemali <strong>prehransko dopolnilo HairBell<\/strong>.<\/p>\n<h3>Navodila za uporabo kapsul za lase<\/h3>\n<div class=\"panel directions\">\n<p>Vsako jutro popijte 2 tableti s polnim kozarcem vode.<\/p>\n<p>V paketu je 60 kapsul za 30 dnevno terapijo.<\/p>\n<p>Porizvedeno v Franciji<\/p>\n<\/div>\n<p>&nbsp;<\/p>\n","protected":false},"excerpt":{"rendered":"<p>HairBell prehransko dopolnilo za lep\u0161e, mo\u010dnej\u0161e in bolj zdrave lase. HairBell kapsule so nov izdelek na osnovi rastlinskih izvle\u010dkov, ki zagotavlja zdrave in lepe lase. Kapsule vsebujejo hranilne snovi za lase: hialuronsko kislino, kolagen, aminokisline in keratin. Vse to pozitivno vpliva na rast las in prepre\u010duje izpadanje. Lasje so zato bolj zdravi, mo\u010dnej\u0161i, bolj svetle\u010di [&hellip;]<\/p>\n","protected":false},"featured_media":101875,"comment_status":"closed","ping_status":"closed","template":"","meta":{"_uag_custom_page_level_css":"","_monsterinsights_skip_tracking":false,"_monsterinsights_sitenote_active":false,"_monsterinsights_sitenote_note":"","_monsterinsights_sitenote_category":0,"site-sidebar-layout":"default","site-content-layout":"","ast-site-content-layout":"default","site-content-style":"default","site-sidebar-style":"default","ast-global-header-display":"","ast-banner-title-visibility":"","ast-main-header-display":"","ast-hfb-above-header-display":"","ast-hfb-below-header-display":"","ast-hfb-mobile-header-display":"","site-post-title":"","ast-breadcrumbs-content":"","ast-featured-img":"","footer-sml-layout":"","ast-disable-related-posts":"","theme-transparent-header-meta":"","adv-header-id-meta":"","stick-header-meta":"","header-above-stick-meta":"","header-main-stick-meta":"","header-below-stick-meta":"","astra-migrate-meta-layouts":"default","ast-page-background-enabled":"default","ast-page-background-meta":{"desktop":{"background-color":"var(--ast-global-color-4)","background-image":"","background-repeat":"repeat","background-position":"center center","background-size":"auto","background-attachment":"scroll","background-type":"","background-media":"","overlay-type":"","overlay-color":"","overlay-opacity":"","overlay-gradient":""},"tablet":{"background-color":"","background-image":"","background-repeat":"repeat","background-position":"center center","background-size":"auto","background-attachment":"scroll","background-type":"","background-media":"","overlay-type":"","overlay-color":"","overlay-opacity":"","overlay-gradient":""},"mobile":{"background-color":"","background-image":"","background-repeat":"repeat","background-position":"center center","background-size":"auto","background-attachment":"scroll","background-type":"","background-media":"","overlay-type":"","overlay-color":"","overlay-opacity":"","overlay-gradient":""}},"ast-content-background-meta":{"desktop":{"background-color":"var(--ast-global-color-5)","background-image":"","background-repeat":"repeat","background-position":"center center","background-size":"auto","background-attachment":"scroll","background-type":"","background-media":"","overlay-type":"","overlay-color":"","overlay-opacity":"","overlay-gradient":""},"tablet":{"background-color":"var(--ast-global-color-5)","background-image":"","background-repeat":"repeat","background-position":"center center","background-size":"auto","background-attachment":"scroll","background-type":"","background-media":"","overlay-type":"","overlay-color":"","overlay-opacity":"","overlay-gradient":""},"mobile":{"background-color":"var(--ast-global-color-5)","background-image":"","background-repeat":"repeat","background-position":"center center","background-size":"auto","background-attachment":"scroll","background-type":"","background-media":"","overlay-type":"","overlay-color":"","overlay-opacity":"","overlay-gradient":""}}},"product_brand":[],"product_cat":[43,44,47,70,46,45],"product_tag":[],"class_list":{"0":"post-101874","1":"product","2":"type-product","3":"status-publish","4":"has-post-thumbnail","6":"product_cat-nega-za-lase","7":"product_cat-proti-izpadanju","8":"product_cat-proti-sivenju","9":"product_cat-za-hitro-rast-las","10":"product_cat-za-lepe-lase","11":"product_cat-za-mocne-lase","12":"desktop-align-left","13":"tablet-align-left","14":"mobile-align-left","15":"ast-product-gallery-layout-first-image-large","16":"ast-product-gallery-with-no-image","17":"ast-magnify-disabled","18":"ast-product-tabs-layout-horizontal","20":"first","21":"outofstock","22":"sale","23":"taxable","24":"shipping-taxable","25":"purchasable","26":"product-type-simple"},"yoast_head":"<!-- This site is optimized with the Yoast SEO plugin v26.9 - https:\/\/yoast.com\/product\/yoast-seo-wordpress\/ -->\n<title>Kapsule za mo\u010dne lase HairBell - intenzivna barva in lesk - Belle.si kozmeti\u010dna trgovina<\/title>\n<meta name=\"robots\" content=\"index, follow, max-snippet:-1, max-image-preview:large, max-video-preview:-1\" \/>\n<link rel=\"canonical\" href=\"https:\/\/www.belle.si\/it\/izdelek\/kapsule-za-mocne-lase-hairbell-intenzivna-barva-in-lesk-2\/\" \/>\n<meta property=\"og:locale\" content=\"it_IT\" \/>\n<meta property=\"og:type\" content=\"article\" \/>\n<meta property=\"og:title\" content=\"Kapsule za mo\u010dne lase HairBell - intenzivna barva in lesk - Belle.si kozmeti\u010dna trgovina\" \/>\n<meta property=\"og:description\" content=\"HairBell prehransko dopolnilo za lep\u0161e, mo\u010dnej\u0161e in bolj zdrave lase. HairBell kapsule so nov izdelek na osnovi rastlinskih izvle\u010dkov, ki zagotavlja zdrave in lepe lase. Kapsule vsebujejo hranilne snovi za lase: hialuronsko kislino, kolagen, aminokisline in keratin. Vse to pozitivno vpliva na rast las in prepre\u010duje izpadanje. Lasje so zato bolj zdravi, mo\u010dnej\u0161i, bolj svetle\u010di [&hellip;]\" \/>\n<meta property=\"og:url\" content=\"https:\/\/www.belle.si\/it\/izdelek\/kapsule-za-mocne-lase-hairbell-intenzivna-barva-in-lesk-2\/\" \/>\n<meta property=\"og:site_name\" content=\"Belle.si kozmeti\u010dna trgovina\" \/>\n<meta property=\"article:publisher\" content=\"https:\/\/www.facebook.com\/belle.si.cosmetics\/\" \/>\n<meta property=\"article:modified_time\" content=\"2025-05-08T16:41:46+00:00\" \/>\n<meta property=\"og:image\" content=\"https:\/\/www.belle.si\/wp-content\/uploads\/2023\/11\/hbl_visuel-t2_800px_.png\" \/>\n\t<meta property=\"og:image:width\" content=\"800\" \/>\n\t<meta property=\"og:image:height\" content=\"800\" \/>\n\t<meta property=\"og:image:type\" content=\"image\/png\" \/>\n<meta name=\"twitter:card\" content=\"summary_large_image\" \/>\n<meta name=\"twitter:label1\" content=\"Tempo di lettura stimato\" \/>\n\t<meta name=\"twitter:data1\" content=\"2 minuti\" \/>\n<script type=\"application\/ld+json\" class=\"yoast-schema-graph\">{\"@context\":\"https:\/\/schema.org\",\"@graph\":[{\"@type\":\"WebPage\",\"@id\":\"https:\/\/www.belle.si\/it\/izdelek\/kapsule-za-mocne-lase-hairbell-intenzivna-barva-in-lesk-2\/\",\"url\":\"https:\/\/www.belle.si\/it\/izdelek\/kapsule-za-mocne-lase-hairbell-intenzivna-barva-in-lesk-2\/\",\"name\":\"Kapsule za mo\u010dne lase HairBell - intenzivna barva in lesk - Belle.si kozmeti\u010dna trgovina\",\"isPartOf\":{\"@id\":\"https:\/\/www.belle.si\/it\/#website\"},\"primaryImageOfPage\":{\"@id\":\"https:\/\/www.belle.si\/it\/izdelek\/kapsule-za-mocne-lase-hairbell-intenzivna-barva-in-lesk-2\/#primaryimage\"},\"image\":{\"@id\":\"https:\/\/www.belle.si\/it\/izdelek\/kapsule-za-mocne-lase-hairbell-intenzivna-barva-in-lesk-2\/#primaryimage\"},\"thumbnailUrl\":\"https:\/\/www.belle.si\/wp-content\/uploads\/2023\/11\/hbl_visuel-t2_800px_.png\",\"datePublished\":\"2020-06-25T21:10:45+00:00\",\"dateModified\":\"2025-05-08T16:41:46+00:00\",\"breadcrumb\":{\"@id\":\"https:\/\/www.belle.si\/it\/izdelek\/kapsule-za-mocne-lase-hairbell-intenzivna-barva-in-lesk-2\/#breadcrumb\"},\"inLanguage\":\"it-IT\",\"potentialAction\":[{\"@type\":\"ReadAction\",\"target\":[\"https:\/\/www.belle.si\/it\/izdelek\/kapsule-za-mocne-lase-hairbell-intenzivna-barva-in-lesk-2\/\"]}]},{\"@type\":\"ImageObject\",\"inLanguage\":\"it-IT\",\"@id\":\"https:\/\/www.belle.si\/it\/izdelek\/kapsule-za-mocne-lase-hairbell-intenzivna-barva-in-lesk-2\/#primaryimage\",\"url\":\"https:\/\/www.belle.si\/wp-content\/uploads\/2023\/11\/hbl_visuel-t2_800px_.png\",\"contentUrl\":\"https:\/\/www.belle.si\/wp-content\/uploads\/2023\/11\/hbl_visuel-t2_800px_.png\",\"width\":800,\"height\":800},{\"@type\":\"BreadcrumbList\",\"@id\":\"https:\/\/www.belle.si\/it\/izdelek\/kapsule-za-mocne-lase-hairbell-intenzivna-barva-in-lesk-2\/#breadcrumb\",\"itemListElement\":[{\"@type\":\"ListItem\",\"position\":1,\"name\":\"Home\",\"item\":\"https:\/\/www.belle.si\/it\/\"},{\"@type\":\"ListItem\",\"position\":2,\"name\":\"Trgovina\",\"item\":\"https:\/\/www.belle.si\/trgovina\/\"},{\"@type\":\"ListItem\",\"position\":3,\"name\":\"Kapsule za mo\u010dne lase HairBell &#8211; intenzivna barva in lesk\"}]},{\"@type\":\"WebSite\",\"@id\":\"https:\/\/www.belle.si\/it\/#website\",\"url\":\"https:\/\/www.belle.si\/it\/\",\"name\":\"Belle.si kozmeti\u010dna trgovina\",\"description\":\"\",\"publisher\":{\"@id\":\"https:\/\/www.belle.si\/it\/#organization\"},\"potentialAction\":[{\"@type\":\"SearchAction\",\"target\":{\"@type\":\"EntryPoint\",\"urlTemplate\":\"https:\/\/www.belle.si\/it\/?s={search_term_string}\"},\"query-input\":{\"@type\":\"PropertyValueSpecification\",\"valueRequired\":true,\"valueName\":\"search_term_string\"}}],\"inLanguage\":\"it-IT\"},{\"@type\":\"Organization\",\"@id\":\"https:\/\/www.belle.si\/it\/#organization\",\"name\":\"Belle.si kozmeti\u010dna trgovina\",\"url\":\"https:\/\/www.belle.si\/it\/\",\"logo\":{\"@type\":\"ImageObject\",\"inLanguage\":\"it-IT\",\"@id\":\"https:\/\/www.belle.si\/it\/#\/schema\/logo\/image\/\",\"url\":\"https:\/\/www.belle.si\/wp-content\/uploads\/2022\/10\/cropped-logo_belle_trgovina.png\",\"contentUrl\":\"https:\/\/www.belle.si\/wp-content\/uploads\/2022\/10\/cropped-logo_belle_trgovina.png\",\"width\":270,\"height\":135,\"caption\":\"Belle.si kozmeti\u010dna trgovina\"},\"image\":{\"@id\":\"https:\/\/www.belle.si\/it\/#\/schema\/logo\/image\/\"},\"sameAs\":[\"https:\/\/www.facebook.com\/belle.si.cosmetics\/\",\"https:\/\/www.instagram.com\/belle.si.cosmetics\/\"]}]}<\/script>\n<!-- \/ Yoast SEO plugin. -->","yoast_head_json":{"title":"Kapsule za mo\u010dne lase HairBell - intenzivna barva in lesk - Belle.si kozmeti\u010dna trgovina","robots":{"index":"index","follow":"follow","max-snippet":"max-snippet:-1","max-image-preview":"max-image-preview:large","max-video-preview":"max-video-preview:-1"},"canonical":"https:\/\/www.belle.si\/it\/izdelek\/kapsule-za-mocne-lase-hairbell-intenzivna-barva-in-lesk-2\/","og_locale":"it_IT","og_type":"article","og_title":"Kapsule za mo\u010dne lase HairBell - intenzivna barva in lesk - Belle.si kozmeti\u010dna trgovina","og_description":"HairBell prehransko dopolnilo za lep\u0161e, mo\u010dnej\u0161e in bolj zdrave lase. HairBell kapsule so nov izdelek na osnovi rastlinskih izvle\u010dkov, ki zagotavlja zdrave in lepe lase. Kapsule vsebujejo hranilne snovi za lase: hialuronsko kislino, kolagen, aminokisline in keratin. Vse to pozitivno vpliva na rast las in prepre\u010duje izpadanje. Lasje so zato bolj zdravi, mo\u010dnej\u0161i, bolj svetle\u010di [&hellip;]","og_url":"https:\/\/www.belle.si\/it\/izdelek\/kapsule-za-mocne-lase-hairbell-intenzivna-barva-in-lesk-2\/","og_site_name":"Belle.si kozmeti\u010dna trgovina","article_publisher":"https:\/\/www.facebook.com\/belle.si.cosmetics\/","article_modified_time":"2025-05-08T16:41:46+00:00","og_image":[{"width":800,"height":800,"url":"https:\/\/www.belle.si\/wp-content\/uploads\/2023\/11\/hbl_visuel-t2_800px_.png","type":"image\/png"}],"twitter_card":"summary_large_image","twitter_misc":{"Tempo di lettura stimato":"2 minuti"},"schema":{"@context":"https:\/\/schema.org","@graph":[{"@type":"WebPage","@id":"https:\/\/www.belle.si\/it\/izdelek\/kapsule-za-mocne-lase-hairbell-intenzivna-barva-in-lesk-2\/","url":"https:\/\/www.belle.si\/it\/izdelek\/kapsule-za-mocne-lase-hairbell-intenzivna-barva-in-lesk-2\/","name":"Kapsule za mo\u010dne lase HairBell - intenzivna barva in lesk - Belle.si kozmeti\u010dna trgovina","isPartOf":{"@id":"https:\/\/www.belle.si\/it\/#website"},"primaryImageOfPage":{"@id":"https:\/\/www.belle.si\/it\/izdelek\/kapsule-za-mocne-lase-hairbell-intenzivna-barva-in-lesk-2\/#primaryimage"},"image":{"@id":"https:\/\/www.belle.si\/it\/izdelek\/kapsule-za-mocne-lase-hairbell-intenzivna-barva-in-lesk-2\/#primaryimage"},"thumbnailUrl":"https:\/\/www.belle.si\/wp-content\/uploads\/2023\/11\/hbl_visuel-t2_800px_.png","datePublished":"2020-06-25T21:10:45+00:00","dateModified":"2025-05-08T16:41:46+00:00","breadcrumb":{"@id":"https:\/\/www.belle.si\/it\/izdelek\/kapsule-za-mocne-lase-hairbell-intenzivna-barva-in-lesk-2\/#breadcrumb"},"inLanguage":"it-IT","potentialAction":[{"@type":"ReadAction","target":["https:\/\/www.belle.si\/it\/izdelek\/kapsule-za-mocne-lase-hairbell-intenzivna-barva-in-lesk-2\/"]}]},{"@type":"ImageObject","inLanguage":"it-IT","@id":"https:\/\/www.belle.si\/it\/izdelek\/kapsule-za-mocne-lase-hairbell-intenzivna-barva-in-lesk-2\/#primaryimage","url":"https:\/\/www.belle.si\/wp-content\/uploads\/2023\/11\/hbl_visuel-t2_800px_.png","contentUrl":"https:\/\/www.belle.si\/wp-content\/uploads\/2023\/11\/hbl_visuel-t2_800px_.png","width":800,"height":800},{"@type":"BreadcrumbList","@id":"https:\/\/www.belle.si\/it\/izdelek\/kapsule-za-mocne-lase-hairbell-intenzivna-barva-in-lesk-2\/#breadcrumb","itemListElement":[{"@type":"ListItem","position":1,"name":"Home","item":"https:\/\/www.belle.si\/it\/"},{"@type":"ListItem","position":2,"name":"Trgovina","item":"https:\/\/www.belle.si\/trgovina\/"},{"@type":"ListItem","position":3,"name":"Kapsule za mo\u010dne lase HairBell &#8211; intenzivna barva in lesk"}]},{"@type":"WebSite","@id":"https:\/\/www.belle.si\/it\/#website","url":"https:\/\/www.belle.si\/it\/","name":"Belle.si kozmeti\u010dna trgovina","description":"","publisher":{"@id":"https:\/\/www.belle.si\/it\/#organization"},"potentialAction":[{"@type":"SearchAction","target":{"@type":"EntryPoint","urlTemplate":"https:\/\/www.belle.si\/it\/?s={search_term_string}"},"query-input":{"@type":"PropertyValueSpecification","valueRequired":true,"valueName":"search_term_string"}}],"inLanguage":"it-IT"},{"@type":"Organization","@id":"https:\/\/www.belle.si\/it\/#organization","name":"Belle.si kozmeti\u010dna trgovina","url":"https:\/\/www.belle.si\/it\/","logo":{"@type":"ImageObject","inLanguage":"it-IT","@id":"https:\/\/www.belle.si\/it\/#\/schema\/logo\/image\/","url":"https:\/\/www.belle.si\/wp-content\/uploads\/2022\/10\/cropped-logo_belle_trgovina.png","contentUrl":"https:\/\/www.belle.si\/wp-content\/uploads\/2022\/10\/cropped-logo_belle_trgovina.png","width":270,"height":135,"caption":"Belle.si kozmeti\u010dna trgovina"},"image":{"@id":"https:\/\/www.belle.si\/it\/#\/schema\/logo\/image\/"},"sameAs":["https:\/\/www.facebook.com\/belle.si.cosmetics\/","https:\/\/www.instagram.com\/belle.si.cosmetics\/"]}]}},"uagb_featured_image_src":{"full":["https:\/\/www.belle.si\/wp-content\/uploads\/2023\/11\/hbl_visuel-t2_800px_.png",800,800,false],"thumbnail":["https:\/\/www.belle.si\/wp-content\/uploads\/2023\/11\/hbl_visuel-t2_800px_-150x150.png",150,150,true],"medium":["https:\/\/www.belle.si\/wp-content\/uploads\/2023\/11\/hbl_visuel-t2_800px_-300x300.png",300,300,true],"medium_large":["https:\/\/www.belle.si\/wp-content\/uploads\/2023\/11\/hbl_visuel-t2_800px_-768x768.png",768,768,true],"large":["https:\/\/www.belle.si\/wp-content\/uploads\/2023\/11\/hbl_visuel-t2_800px_.png",800,800,false],"1536x1536":["https:\/\/www.belle.si\/wp-content\/uploads\/2023\/11\/hbl_visuel-t2_800px_.png",800,800,false],"2048x2048":["https:\/\/www.belle.si\/wp-content\/uploads\/2023\/11\/hbl_visuel-t2_800px_.png",800,800,false],"mailpoet_newsletter_max":["https:\/\/www.belle.si\/wp-content\/uploads\/2023\/11\/hbl_visuel-t2_800px_.png",800,800,false],"woocommerce_thumbnail":["https:\/\/www.belle.si\/wp-content\/uploads\/2023\/11\/hbl_visuel-t2_800px_-300x300.png",300,300,true],"woocommerce_single":["https:\/\/www.belle.si\/wp-content\/uploads\/2023\/11\/hbl_visuel-t2_800px_-600x600.png",600,600,true],"woocommerce_gallery_thumbnail":["https:\/\/www.belle.si\/wp-content\/uploads\/2023\/11\/hbl_visuel-t2_800px_-100x100.png",100,100,true]},"uagb_author_info":{"display_name":"dejan","author_link":"https:\/\/www.belle.si\/it\/author\/"},"uagb_comment_info":0,"uagb_excerpt":"HairBell prehransko dopolnilo za lep\u0161e, mo\u010dnej\u0161e in bolj zdrave lase. HairBell kapsule so nov izdelek na osnovi rastlinskih izvle\u010dkov, ki zagotavlja zdrave in lepe lase. Kapsule vsebujejo hranilne snovi za lase: hialuronsko kislino, kolagen, aminokisline in keratin. Vse to pozitivno vpliva na rast las in prepre\u010duje izpadanje. Lasje so zato bolj zdravi, mo\u010dnej\u0161i, bolj svetle\u010di&hellip;","_links":{"self":[{"href":"https:\/\/www.belle.si\/it\/wp-json\/wp\/v2\/product\/101874","targetHints":{"allow":["GET"]}}],"collection":[{"href":"https:\/\/www.belle.si\/it\/wp-json\/wp\/v2\/product"}],"about":[{"href":"https:\/\/www.belle.si\/it\/wp-json\/wp\/v2\/types\/product"}],"replies":[{"embeddable":true,"href":"https:\/\/www.belle.si\/it\/wp-json\/wp\/v2\/comments?post=101874"}],"wp:featuredmedia":[{"embeddable":true,"href":"https:\/\/www.belle.si\/it\/wp-json\/wp\/v2\/media\/101875"}],"wp:attachment":[{"href":"https:\/\/www.belle.si\/it\/wp-json\/wp\/v2\/media?parent=101874"}],"wp:term":[{"taxonomy":"product_brand","embeddable":true,"href":"https:\/\/www.belle.si\/it\/wp-json\/wp\/v2\/product_brand?post=101874"},{"taxonomy":"product_cat","embeddable":true,"href":"https:\/\/www.belle.si\/it\/wp-json\/wp\/v2\/product_cat?post=101874"},{"taxonomy":"product_tag","embeddable":true,"href":"https:\/\/www.belle.si\/it\/wp-json\/wp\/v2\/product_tag?post=101874"}],"curies":[{"name":"wp","href":"https:\/\/api.w.org\/{rel}","templated":true}]}}