{"id":101849,"date":"2020-06-25T23:10:44","date_gmt":"2020-06-25T21:10:44","guid":{"rendered":"https:\/\/belle.zabica.org\/izdelek\/losjon-za-mocne-in-goste-lase-energy-booster\/"},"modified":"2025-11-18T14:45:34","modified_gmt":"2025-11-18T13:45:34","slug":"losjon-za-mocne-in-goste-lase-energy-booster","status":"publish","type":"product","link":"https:\/\/www.belle.si\/it\/izdelek\/losjon-za-mocne-in-goste-lase-energy-booster\/","title":{"rendered":"Losjon za mo\u010dne in goste lase Energy Booster"},"content":{"rendered":"<h2>Energy Booster losjon spodbuja rast las in prepre\u010duje izpadanje<\/h2>\n<h3>Energy Booster losjon vsebuje posebne aktivne sestavine, ki spodbujajo rast las in zavirajo izpadanje.<\/h3>\n<p>Posebna u\u010dinkovina kapilectine * je bistvena za rast las in upo\u010dasnjuje izpadanje. Lase \u0161\u010diti pred smogom, jih okrepi in naredi bolj zdrave.<br \/>\nLosjon Energy Booster vsebuje aktivno sestavino Cell&#8217;intact\u00ae, izdelano iz ajdovih semen iz certificirane ekolo\u0161ke in biolo\u0161ke proizvodnje.<br \/>\nAjda je bogata z minerali in je idealna za za\u0161\u010dito lasi\u0161\u010da pred \u0161kodljivimi zunanjimi dejavniki. Ko\u017eo na lasi\u0161\u010du \u0161\u010diti pred onesna\u017eenjem, drobnimi delci in raznimi nesnagami v zraku.<br \/>\nEnergy Booster losjon pomaga pri srbe\u010dem in razdra\u017eenemu lasi\u0161\u010du.<br \/>\nEnergy Booster losjon vsebuje TitreExtract\u00ae, ki deluje antibakterijsko in je pridobljena iz nepozebnika iz certificirano ekolo\u0161ke in biolo\u0161ke proizvodnje.<br \/>\nNepozebnik deluje na ko\u017eo \u010distilno, jo naredi bolj napeto in odporno na zunanje vplive.<br \/>\nAktivna sestavina Aquaxyl uravnote\u017ei pretok v lasi\u0161\u010du in laseh, kar vla\u017ei in krepi lase. Lasje so tako so tako bolj zdravi in mo\u010dnej\u0161i, hkrati bolj odporni na zunanje dejavnike.<\/p>\n<h3>Testi *<\/h3>\n<p>* Teste je izvedel neodvisni laboratorij v Franciji. Rezultati se lahko razlikujejo od posameznika do posameznika.<br \/>\nTesti so potekali tri mesece na 10 posameznikih.<\/p>\n<p>Testi so pokazali, da:<br \/>\n&#8211; se je sebori\u010dni dermatitis zmanj\u0161al za pribli\u017eno 62%<br \/>\n&#8211; se je za 75% ustavilo izpadanje las<br \/>\n&#8211; se je rast las pove\u010dala za 69%<br \/>\n&#8211; lasje so rastli hitreje za 33%<\/p>\n<h3>Navodila za uporabo<\/h3>\n<p>Losjon nanesite na lase in lasi\u0161\u010de po umivanju las. Rahlo masirajte\u00a0 in vtrirajte losjon v lasi\u0161\u010de. Prepre\u010dite stik z o\u010dmi.<br \/>\nVsebina: 100ml v spreju<br \/>\nProizvedeno v Franciji<\/p>\n<p>&nbsp;<\/p>\n<p>&nbsp;<\/p>\n<p><a href=\"https:\/\/belle.zabica.org\/wp-content\/uploads\/2023\/11\/energy-booster-sh_800px_-1.png\"><img fetchpriority=\"high\" decoding=\"async\" class=\"size-medium wp-image-96953 alignleft\" src=\"https:\/\/belle.zabica.org\/wp-content\/uploads\/2023\/11\/energy-booster-sh_800px_-1-300x300.png\" alt=\"Energy Booster \u0161ampon s posebno formulo hrani in vla\u017ei lase. Lasje so tako bolj mehki in jih je la\u017eje oblikovati v \u017eeleno pri\u010desko.\" width=\"300\" height=\"300\" \/><\/a>Za bolj\u0161i u\u010dinek se priporo\u010da uporaba skupaj s \u0161amponom Energy Booster.<\/p>\n<p><a href=\"https:\/\/www.hairbell.si\/izdelek\/sampon-za-mocne-in-goste-lase\/\">https:\/\/www.hairbell.si\/izdelek\/sampon-za-mocne-in-goste-lase\/<\/a><\/p>\n","protected":false},"excerpt":{"rendered":"<p>Energy Booster losjon spodbuja rast las in prepre\u010duje izpadanje Energy Booster losjon vsebuje posebne aktivne sestavine, ki spodbujajo rast las in zavirajo izpadanje. Posebna u\u010dinkovina kapilectine * je bistvena za rast las in upo\u010dasnjuje izpadanje. Lase \u0161\u010diti pred smogom, jih okrepi in naredi bolj zdrave. Losjon Energy Booster vsebuje aktivno sestavino Cell&#8217;intact\u00ae, izdelano iz ajdovih [&hellip;]<\/p>\n","protected":false},"featured_media":101852,"comment_status":"closed","ping_status":"closed","template":"","meta":{"_uag_custom_page_level_css":"","_monsterinsights_skip_tracking":false,"_monsterinsights_sitenote_active":false,"_monsterinsights_sitenote_note":"","_monsterinsights_sitenote_category":0,"site-sidebar-layout":"default","site-content-layout":"","ast-site-content-layout":"default","site-content-style":"default","site-sidebar-style":"default","ast-global-header-display":"","ast-banner-title-visibility":"","ast-main-header-display":"","ast-hfb-above-header-display":"","ast-hfb-below-header-display":"","ast-hfb-mobile-header-display":"","site-post-title":"","ast-breadcrumbs-content":"","ast-featured-img":"","footer-sml-layout":"","ast-disable-related-posts":"","theme-transparent-header-meta":"","adv-header-id-meta":"","stick-header-meta":"","header-above-stick-meta":"","header-main-stick-meta":"","header-below-stick-meta":"","astra-migrate-meta-layouts":"default","ast-page-background-enabled":"default","ast-page-background-meta":{"desktop":{"background-color":"var(--ast-global-color-4)","background-image":"","background-repeat":"repeat","background-position":"center center","background-size":"auto","background-attachment":"scroll","background-type":"","background-media":"","overlay-type":"","overlay-color":"","overlay-opacity":"","overlay-gradient":""},"tablet":{"background-color":"","background-image":"","background-repeat":"repeat","background-position":"center center","background-size":"auto","background-attachment":"scroll","background-type":"","background-media":"","overlay-type":"","overlay-color":"","overlay-opacity":"","overlay-gradient":""},"mobile":{"background-color":"","background-image":"","background-repeat":"repeat","background-position":"center center","background-size":"auto","background-attachment":"scroll","background-type":"","background-media":"","overlay-type":"","overlay-color":"","overlay-opacity":"","overlay-gradient":""}},"ast-content-background-meta":{"desktop":{"background-color":"var(--ast-global-color-5)","background-image":"","background-repeat":"repeat","background-position":"center center","background-size":"auto","background-attachment":"scroll","background-type":"","background-media":"","overlay-type":"","overlay-color":"","overlay-opacity":"","overlay-gradient":""},"tablet":{"background-color":"var(--ast-global-color-5)","background-image":"","background-repeat":"repeat","background-position":"center center","background-size":"auto","background-attachment":"scroll","background-type":"","background-media":"","overlay-type":"","overlay-color":"","overlay-opacity":"","overlay-gradient":""},"mobile":{"background-color":"var(--ast-global-color-5)","background-image":"","background-repeat":"repeat","background-position":"center center","background-size":"auto","background-attachment":"scroll","background-type":"","background-media":"","overlay-type":"","overlay-color":"","overlay-opacity":"","overlay-gradient":""}}},"product_brand":[],"product_cat":[43,45],"product_tag":[],"class_list":{"0":"post-101849","1":"product","2":"type-product","3":"status-publish","4":"has-post-thumbnail","6":"product_cat-nega-za-lase","7":"product_cat-za-mocne-lase","8":"desktop-align-left","9":"tablet-align-left","10":"mobile-align-left","11":"ast-product-gallery-layout-first-image-large","12":"ast-product-gallery-with-no-image","13":"ast-magnify-disabled","14":"ast-product-tabs-layout-horizontal","16":"first","17":"outofstock","18":"taxable","19":"shipping-taxable","20":"purchasable","21":"product-type-simple"},"yoast_head":"<!-- This site is optimized with the Yoast SEO plugin v26.9 - https:\/\/yoast.com\/product\/yoast-seo-wordpress\/ -->\n<title>Losjon za mo\u010dne in goste lase Energy Booster - Belle.si kozmeti\u010dna trgovina<\/title>\n<meta name=\"robots\" content=\"index, follow, max-snippet:-1, max-image-preview:large, max-video-preview:-1\" \/>\n<link rel=\"canonical\" href=\"https:\/\/www.belle.si\/it\/izdelek\/losjon-za-mocne-in-goste-lase-energy-booster\/\" \/>\n<meta property=\"og:locale\" content=\"it_IT\" \/>\n<meta property=\"og:type\" content=\"article\" \/>\n<meta property=\"og:title\" content=\"Losjon za mo\u010dne in goste lase Energy Booster - Belle.si kozmeti\u010dna trgovina\" \/>\n<meta property=\"og:description\" content=\"Energy Booster losjon spodbuja rast las in prepre\u010duje izpadanje Energy Booster losjon vsebuje posebne aktivne sestavine, ki spodbujajo rast las in zavirajo izpadanje. Posebna u\u010dinkovina kapilectine * je bistvena za rast las in upo\u010dasnjuje izpadanje. Lase \u0161\u010diti pred smogom, jih okrepi in naredi bolj zdrave. Losjon Energy Booster vsebuje aktivno sestavino Cell&#8217;intact\u00ae, izdelano iz ajdovih [&hellip;]\" \/>\n<meta property=\"og:url\" content=\"https:\/\/www.belle.si\/it\/izdelek\/losjon-za-mocne-in-goste-lase-energy-booster\/\" \/>\n<meta property=\"og:site_name\" content=\"Belle.si kozmeti\u010dna trgovina\" \/>\n<meta property=\"article:publisher\" content=\"https:\/\/www.facebook.com\/belle.si.cosmetics\/\" \/>\n<meta property=\"article:modified_time\" content=\"2025-11-18T13:45:34+00:00\" \/>\n<meta property=\"og:image\" content=\"https:\/\/www.belle.si\/wp-content\/uploads\/2023\/11\/energy-booster-l_800px_.png\" \/>\n\t<meta property=\"og:image:width\" content=\"800\" \/>\n\t<meta property=\"og:image:height\" content=\"800\" \/>\n\t<meta property=\"og:image:type\" content=\"image\/png\" \/>\n<meta name=\"twitter:card\" content=\"summary_large_image\" \/>\n<meta name=\"twitter:label1\" content=\"Tempo di lettura stimato\" \/>\n\t<meta name=\"twitter:data1\" content=\"1 minuto\" \/>\n<script type=\"application\/ld+json\" class=\"yoast-schema-graph\">{\"@context\":\"https:\/\/schema.org\",\"@graph\":[{\"@type\":\"WebPage\",\"@id\":\"https:\/\/www.belle.si\/it\/izdelek\/losjon-za-mocne-in-goste-lase-energy-booster\/\",\"url\":\"https:\/\/www.belle.si\/it\/izdelek\/losjon-za-mocne-in-goste-lase-energy-booster\/\",\"name\":\"Losjon za mo\u010dne in goste lase Energy Booster - Belle.si kozmeti\u010dna trgovina\",\"isPartOf\":{\"@id\":\"https:\/\/www.belle.si\/it\/#website\"},\"primaryImageOfPage\":{\"@id\":\"https:\/\/www.belle.si\/it\/izdelek\/losjon-za-mocne-in-goste-lase-energy-booster\/#primaryimage\"},\"image\":{\"@id\":\"https:\/\/www.belle.si\/it\/izdelek\/losjon-za-mocne-in-goste-lase-energy-booster\/#primaryimage\"},\"thumbnailUrl\":\"https:\/\/www.belle.si\/wp-content\/uploads\/2023\/11\/energy-booster-l_800px_.png\",\"datePublished\":\"2020-06-25T21:10:44+00:00\",\"dateModified\":\"2025-11-18T13:45:34+00:00\",\"breadcrumb\":{\"@id\":\"https:\/\/www.belle.si\/it\/izdelek\/losjon-za-mocne-in-goste-lase-energy-booster\/#breadcrumb\"},\"inLanguage\":\"it-IT\",\"potentialAction\":[{\"@type\":\"ReadAction\",\"target\":[\"https:\/\/www.belle.si\/it\/izdelek\/losjon-za-mocne-in-goste-lase-energy-booster\/\"]}]},{\"@type\":\"ImageObject\",\"inLanguage\":\"it-IT\",\"@id\":\"https:\/\/www.belle.si\/it\/izdelek\/losjon-za-mocne-in-goste-lase-energy-booster\/#primaryimage\",\"url\":\"https:\/\/www.belle.si\/wp-content\/uploads\/2023\/11\/energy-booster-l_800px_.png\",\"contentUrl\":\"https:\/\/www.belle.si\/wp-content\/uploads\/2023\/11\/energy-booster-l_800px_.png\",\"width\":800,\"height\":800},{\"@type\":\"BreadcrumbList\",\"@id\":\"https:\/\/www.belle.si\/it\/izdelek\/losjon-za-mocne-in-goste-lase-energy-booster\/#breadcrumb\",\"itemListElement\":[{\"@type\":\"ListItem\",\"position\":1,\"name\":\"Home\",\"item\":\"https:\/\/www.belle.si\/it\/\"},{\"@type\":\"ListItem\",\"position\":2,\"name\":\"Trgovina\",\"item\":\"https:\/\/www.belle.si\/trgovina\/\"},{\"@type\":\"ListItem\",\"position\":3,\"name\":\"Losjon za mo\u010dne in goste lase Energy Booster\"}]},{\"@type\":\"WebSite\",\"@id\":\"https:\/\/www.belle.si\/it\/#website\",\"url\":\"https:\/\/www.belle.si\/it\/\",\"name\":\"Belle.si kozmeti\u010dna trgovina\",\"description\":\"\",\"publisher\":{\"@id\":\"https:\/\/www.belle.si\/it\/#organization\"},\"potentialAction\":[{\"@type\":\"SearchAction\",\"target\":{\"@type\":\"EntryPoint\",\"urlTemplate\":\"https:\/\/www.belle.si\/it\/?s={search_term_string}\"},\"query-input\":{\"@type\":\"PropertyValueSpecification\",\"valueRequired\":true,\"valueName\":\"search_term_string\"}}],\"inLanguage\":\"it-IT\"},{\"@type\":\"Organization\",\"@id\":\"https:\/\/www.belle.si\/it\/#organization\",\"name\":\"Belle.si kozmeti\u010dna trgovina\",\"url\":\"https:\/\/www.belle.si\/it\/\",\"logo\":{\"@type\":\"ImageObject\",\"inLanguage\":\"it-IT\",\"@id\":\"https:\/\/www.belle.si\/it\/#\/schema\/logo\/image\/\",\"url\":\"https:\/\/www.belle.si\/wp-content\/uploads\/2022\/10\/cropped-logo_belle_trgovina.png\",\"contentUrl\":\"https:\/\/www.belle.si\/wp-content\/uploads\/2022\/10\/cropped-logo_belle_trgovina.png\",\"width\":270,\"height\":135,\"caption\":\"Belle.si kozmeti\u010dna trgovina\"},\"image\":{\"@id\":\"https:\/\/www.belle.si\/it\/#\/schema\/logo\/image\/\"},\"sameAs\":[\"https:\/\/www.facebook.com\/belle.si.cosmetics\/\",\"https:\/\/www.instagram.com\/belle.si.cosmetics\/\"]}]}<\/script>\n<!-- \/ Yoast SEO plugin. -->","yoast_head_json":{"title":"Losjon za mo\u010dne in goste lase Energy Booster - Belle.si kozmeti\u010dna trgovina","robots":{"index":"index","follow":"follow","max-snippet":"max-snippet:-1","max-image-preview":"max-image-preview:large","max-video-preview":"max-video-preview:-1"},"canonical":"https:\/\/www.belle.si\/it\/izdelek\/losjon-za-mocne-in-goste-lase-energy-booster\/","og_locale":"it_IT","og_type":"article","og_title":"Losjon za mo\u010dne in goste lase Energy Booster - Belle.si kozmeti\u010dna trgovina","og_description":"Energy Booster losjon spodbuja rast las in prepre\u010duje izpadanje Energy Booster losjon vsebuje posebne aktivne sestavine, ki spodbujajo rast las in zavirajo izpadanje. Posebna u\u010dinkovina kapilectine * je bistvena za rast las in upo\u010dasnjuje izpadanje. Lase \u0161\u010diti pred smogom, jih okrepi in naredi bolj zdrave. Losjon Energy Booster vsebuje aktivno sestavino Cell&#8217;intact\u00ae, izdelano iz ajdovih [&hellip;]","og_url":"https:\/\/www.belle.si\/it\/izdelek\/losjon-za-mocne-in-goste-lase-energy-booster\/","og_site_name":"Belle.si kozmeti\u010dna trgovina","article_publisher":"https:\/\/www.facebook.com\/belle.si.cosmetics\/","article_modified_time":"2025-11-18T13:45:34+00:00","og_image":[{"width":800,"height":800,"url":"https:\/\/www.belle.si\/wp-content\/uploads\/2023\/11\/energy-booster-l_800px_.png","type":"image\/png"}],"twitter_card":"summary_large_image","twitter_misc":{"Tempo di lettura stimato":"1 minuto"},"schema":{"@context":"https:\/\/schema.org","@graph":[{"@type":"WebPage","@id":"https:\/\/www.belle.si\/it\/izdelek\/losjon-za-mocne-in-goste-lase-energy-booster\/","url":"https:\/\/www.belle.si\/it\/izdelek\/losjon-za-mocne-in-goste-lase-energy-booster\/","name":"Losjon za mo\u010dne in goste lase Energy Booster - Belle.si kozmeti\u010dna trgovina","isPartOf":{"@id":"https:\/\/www.belle.si\/it\/#website"},"primaryImageOfPage":{"@id":"https:\/\/www.belle.si\/it\/izdelek\/losjon-za-mocne-in-goste-lase-energy-booster\/#primaryimage"},"image":{"@id":"https:\/\/www.belle.si\/it\/izdelek\/losjon-za-mocne-in-goste-lase-energy-booster\/#primaryimage"},"thumbnailUrl":"https:\/\/www.belle.si\/wp-content\/uploads\/2023\/11\/energy-booster-l_800px_.png","datePublished":"2020-06-25T21:10:44+00:00","dateModified":"2025-11-18T13:45:34+00:00","breadcrumb":{"@id":"https:\/\/www.belle.si\/it\/izdelek\/losjon-za-mocne-in-goste-lase-energy-booster\/#breadcrumb"},"inLanguage":"it-IT","potentialAction":[{"@type":"ReadAction","target":["https:\/\/www.belle.si\/it\/izdelek\/losjon-za-mocne-in-goste-lase-energy-booster\/"]}]},{"@type":"ImageObject","inLanguage":"it-IT","@id":"https:\/\/www.belle.si\/it\/izdelek\/losjon-za-mocne-in-goste-lase-energy-booster\/#primaryimage","url":"https:\/\/www.belle.si\/wp-content\/uploads\/2023\/11\/energy-booster-l_800px_.png","contentUrl":"https:\/\/www.belle.si\/wp-content\/uploads\/2023\/11\/energy-booster-l_800px_.png","width":800,"height":800},{"@type":"BreadcrumbList","@id":"https:\/\/www.belle.si\/it\/izdelek\/losjon-za-mocne-in-goste-lase-energy-booster\/#breadcrumb","itemListElement":[{"@type":"ListItem","position":1,"name":"Home","item":"https:\/\/www.belle.si\/it\/"},{"@type":"ListItem","position":2,"name":"Trgovina","item":"https:\/\/www.belle.si\/trgovina\/"},{"@type":"ListItem","position":3,"name":"Losjon za mo\u010dne in goste lase Energy Booster"}]},{"@type":"WebSite","@id":"https:\/\/www.belle.si\/it\/#website","url":"https:\/\/www.belle.si\/it\/","name":"Belle.si kozmeti\u010dna trgovina","description":"","publisher":{"@id":"https:\/\/www.belle.si\/it\/#organization"},"potentialAction":[{"@type":"SearchAction","target":{"@type":"EntryPoint","urlTemplate":"https:\/\/www.belle.si\/it\/?s={search_term_string}"},"query-input":{"@type":"PropertyValueSpecification","valueRequired":true,"valueName":"search_term_string"}}],"inLanguage":"it-IT"},{"@type":"Organization","@id":"https:\/\/www.belle.si\/it\/#organization","name":"Belle.si kozmeti\u010dna trgovina","url":"https:\/\/www.belle.si\/it\/","logo":{"@type":"ImageObject","inLanguage":"it-IT","@id":"https:\/\/www.belle.si\/it\/#\/schema\/logo\/image\/","url":"https:\/\/www.belle.si\/wp-content\/uploads\/2022\/10\/cropped-logo_belle_trgovina.png","contentUrl":"https:\/\/www.belle.si\/wp-content\/uploads\/2022\/10\/cropped-logo_belle_trgovina.png","width":270,"height":135,"caption":"Belle.si kozmeti\u010dna trgovina"},"image":{"@id":"https:\/\/www.belle.si\/it\/#\/schema\/logo\/image\/"},"sameAs":["https:\/\/www.facebook.com\/belle.si.cosmetics\/","https:\/\/www.instagram.com\/belle.si.cosmetics\/"]}]}},"uagb_featured_image_src":{"full":["https:\/\/www.belle.si\/wp-content\/uploads\/2023\/11\/energy-booster-l_800px_.png",800,800,false],"thumbnail":["https:\/\/www.belle.si\/wp-content\/uploads\/2023\/11\/energy-booster-l_800px_-150x150.png",150,150,true],"medium":["https:\/\/www.belle.si\/wp-content\/uploads\/2023\/11\/energy-booster-l_800px_-300x300.png",300,300,true],"medium_large":["https:\/\/www.belle.si\/wp-content\/uploads\/2023\/11\/energy-booster-l_800px_-768x768.png",768,768,true],"large":["https:\/\/www.belle.si\/wp-content\/uploads\/2023\/11\/energy-booster-l_800px_.png",800,800,false],"1536x1536":["https:\/\/www.belle.si\/wp-content\/uploads\/2023\/11\/energy-booster-l_800px_.png",800,800,false],"2048x2048":["https:\/\/www.belle.si\/wp-content\/uploads\/2023\/11\/energy-booster-l_800px_.png",800,800,false],"mailpoet_newsletter_max":["https:\/\/www.belle.si\/wp-content\/uploads\/2023\/11\/energy-booster-l_800px_.png",800,800,false],"woocommerce_thumbnail":["https:\/\/www.belle.si\/wp-content\/uploads\/2023\/11\/energy-booster-l_800px_-300x300.png",300,300,true],"woocommerce_single":["https:\/\/www.belle.si\/wp-content\/uploads\/2023\/11\/energy-booster-l_800px_-600x600.png",600,600,true],"woocommerce_gallery_thumbnail":["https:\/\/www.belle.si\/wp-content\/uploads\/2023\/11\/energy-booster-l_800px_-100x100.png",100,100,true]},"uagb_author_info":{"display_name":"dejan","author_link":"https:\/\/www.belle.si\/it\/author\/"},"uagb_comment_info":0,"uagb_excerpt":"Energy Booster losjon spodbuja rast las in prepre\u010duje izpadanje Energy Booster losjon vsebuje posebne aktivne sestavine, ki spodbujajo rast las in zavirajo izpadanje. Posebna u\u010dinkovina kapilectine * je bistvena za rast las in upo\u010dasnjuje izpadanje. Lase \u0161\u010diti pred smogom, jih okrepi in naredi bolj zdrave. Losjon Energy Booster vsebuje aktivno sestavino Cell&#8217;intact\u00ae, izdelano iz ajdovih&hellip;","_links":{"self":[{"href":"https:\/\/www.belle.si\/it\/wp-json\/wp\/v2\/product\/101849","targetHints":{"allow":["GET"]}}],"collection":[{"href":"https:\/\/www.belle.si\/it\/wp-json\/wp\/v2\/product"}],"about":[{"href":"https:\/\/www.belle.si\/it\/wp-json\/wp\/v2\/types\/product"}],"replies":[{"embeddable":true,"href":"https:\/\/www.belle.si\/it\/wp-json\/wp\/v2\/comments?post=101849"}],"wp:featuredmedia":[{"embeddable":true,"href":"https:\/\/www.belle.si\/it\/wp-json\/wp\/v2\/media\/101852"}],"wp:attachment":[{"href":"https:\/\/www.belle.si\/it\/wp-json\/wp\/v2\/media?parent=101849"}],"wp:term":[{"taxonomy":"product_brand","embeddable":true,"href":"https:\/\/www.belle.si\/it\/wp-json\/wp\/v2\/product_brand?post=101849"},{"taxonomy":"product_cat","embeddable":true,"href":"https:\/\/www.belle.si\/it\/wp-json\/wp\/v2\/product_cat?post=101849"},{"taxonomy":"product_tag","embeddable":true,"href":"https:\/\/www.belle.si\/it\/wp-json\/wp\/v2\/product_tag?post=101849"}],"curies":[{"name":"wp","href":"https:\/\/api.w.org\/{rel}","templated":true}]}}