{"id":101839,"date":"2020-06-25T23:10:44","date_gmt":"2020-06-25T21:10:44","guid":{"rendered":"https:\/\/belle.zabica.org\/izdelek\/dnevna-krema-za-lase-hair-bell\/"},"modified":"2025-05-08T18:57:05","modified_gmt":"2025-05-08T16:57:05","slug":"dnevna-krema-za-lase-hair-bell","status":"publish","type":"product","link":"https:\/\/www.belle.si\/it\/izdelek\/dnevna-krema-za-lase-hair-bell\/","title":{"rendered":"Dnevna krema za lase Hair Bell"},"content":{"rendered":"<h2>Dnevna krema Hair Bell za suhe lase &#8211; brez izpiranja<\/h2>\n<p><strong>Dnevna krema Hair Bell<\/strong> pomaga pri suhih in krepastih laseh ter ceplenih konicah.<\/p>\n<p>Zunanji dejavniki kot so veter, mraz, suh zrak in smog slabo vplivajo na lase in njihovo strukturo.<\/p>\n<p>Zima je \u0161e posebej obremenjujo\u010da za lase.<\/p>\n<p>Hitri prehodi s hladnega na toplo, z vetra na suh klimatiziran zrak &#8211; vse to po\u0161koduje lasno povrhnjico in lasem odvzame lesk in pro\u017enost.<\/p>\n<p>Z na\u0161o<strong> dnevno kremo Hair Bell<\/strong> lahko za\u0161\u010ditite lase pred \u0161kodljivimi zunanjimi dejavniki.<\/p>\n<p>Krema za lase deluje tako, kot va\u0161a krema za obraz deluje na ko\u017eo.<\/p>\n<p>Dnevna krema povr\u0161ino \u0161\u010diti in vla\u017ei, hkrati prodira globoko v las, ga tako vla\u017ei, hrani in neguje od zunaj in od znotraj.<\/p>\n<p>Lasje zato ohranijo vla\u017enost, vitalnost in pro\u017enosti. Rezultati so vidni takoj.<\/p>\n<h3>Dnevna krema Hair Bell vam pomaga, da:<\/h3>\n<p>&#8211; suhi lasje postanejo mehkej\u0161i in svilnati na otip,<\/p>\n<p>&#8211; se kodrastim lasem povrne pro\u017enost in lepa oblika,<\/p>\n<p>&#8211; so konice\u00a0 mo\u010dnej\u0161e in odpornej\u0161e proti ceplenju,<\/p>\n<p>&#8211; zavozlane lase la\u017eje raz\u010de\u0161ete in la\u017eje oblikujete v pri\u010desko.<\/p>\n<h3>Dnevna krema Hair Bell je posebej zasnovana za:<\/h3>\n<p>&#8211; <strong>suhe, krepaste in kodraste izsu\u0161ene lase<\/strong><\/p>\n<p>&#8211; <strong>za suhe in po\u0161kodovane konice<\/strong><\/p>\n<p>&#8211; <strong>mo\u010dno po\u0161kodovane in te\u017eko obvladljive lase<\/strong><\/p>\n<h3>Sestavine kreme za lase HairBell<\/h3>\n<p><strong>Dnevna krema Hair Bell<\/strong> vsebuje karitejevo maslo, ki se ga veliko uprablja v kozmetiki.<\/p>\n<p>Dobro so namre\u010d poznani njegovi blagodejni u\u010dinki.<\/p>\n<p>Karitejevo maslo lase hrani in \u0161\u010diti hkrati.<\/p>\n<p>Lasje tako postanejo bolj mehki, vla\u017eni, vitalni, so za\u0161\u010diteni pred onasna\u017eenostjo zraka.<\/p>\n<p><strong>Krema hair Bell<\/strong> vsebuje tudi breskovo olje, ki na lase deluje regenerativno, negovalno in lase vla\u017ei.<\/p>\n<p>Aktivna sestavina Amisol Trio \u2122 zdravi lase po celotni dol\u017eini, zato konice ostanejo zdrave in mo\u010dne ter se manj cepijo.<\/p>\n<p>Dnevna krema Hair Bell vsebuje koncentrat teh sestavin, da lasem zagotavlja \u010dim bolj\u0161o prehranjenost in vla\u017enost.<\/p>\n<p>Dnevna krema Hair Bell za suhe lase je tako va\u0161a dnevna spremljevalka pri ohranjanju zdervih, lepih in mo\u010dnih las.<\/p>\n<h3>Navodila za uporabo dnevne kreme za lase<\/h3>\n<p><a href=\"https:\/\/belle.zabica.org\/wp-content\/uploads\/2023\/11\/dnevna_krema_za_lase_nanos_na_lase.png\"><img decoding=\"async\" class=\"wp-image-98478 alignleft\" src=\"https:\/\/belle.zabica.org\/wp-content\/uploads\/2023\/11\/dnevna_krema_za_lase_nanos_na_lase-251x300.png\" alt=\"Dnbevna krema za lase Hair Bell \u0161\u010diti in vla\u017ei lase\" width=\"189\" height=\"225\" \/><\/a><\/p>\n<p>&nbsp;<\/p>\n<p>Dnevno kremo Hair Bell nanesite na lase vsak dan.<\/p>\n<p>Manj\u0161o koli\u010dino nansesite po celotni dol\u017eini las, vklju\u010dno s konicami.<\/p>\n<p>Nana\u0161ajte po predelih las, ne na vse lase naenkrat.<\/p>\n<p>Pred nana\u0161anjem naj bojo lasje suhi ali rahlo vla\u017eni. Kreme ne izpirajte. Lase oblikujte kot ste navajeni.<\/p>\n<p>&nbsp;<\/p>\n<p>Vsebina 150ml krema v tubi<\/p>\n<p>Izdelano v Franciji<\/p>\n<p>&nbsp;<\/p>\n<h3><a href=\"https:\/\/belle.zabica.org\/wp-content\/uploads\/2023\/11\/serum_Hair_bell.png\"><img fetchpriority=\"high\" decoding=\"async\" class=\"size-medium wp-image-97257 alignleft\" src=\"https:\/\/belle.zabica.org\/wp-content\/uploads\/2023\/11\/serum_Hair_bell-300x300.png\" alt=\"Hair Bell serum za lase\" width=\"300\" height=\"300\" \/><\/a>Mo\u017ena alternativa dnevni kremi Hair Bell je Hair Bell glos za svetle\u010de in lepe lase.<\/h3>\n<p><a href=\"https:\/\/www.hairbell.si\/izdelek\/serum-za-sijoce-lase\/\">https:\/\/www.hairbell.si\/izdelek\/serum-za-sijoce-lase\/<\/a><\/p>\n","protected":false},"excerpt":{"rendered":"<p>Dnevna krema Hair Bell za suhe lase &#8211; brez izpiranja Dnevna krema Hair Bell pomaga pri suhih in krepastih laseh ter ceplenih konicah. Zunanji dejavniki kot so veter, mraz, suh zrak in smog slabo vplivajo na lase in njihovo strukturo. Zima je \u0161e posebej obremenjujo\u010da za lase. Hitri prehodi s hladnega na toplo, z vetra [&hellip;]<\/p>\n","protected":false},"featured_media":101844,"comment_status":"closed","ping_status":"closed","template":"","meta":{"_uag_custom_page_level_css":"","_monsterinsights_skip_tracking":false,"_monsterinsights_sitenote_active":false,"_monsterinsights_sitenote_note":"","_monsterinsights_sitenote_category":0,"site-sidebar-layout":"default","site-content-layout":"","ast-site-content-layout":"default","site-content-style":"default","site-sidebar-style":"default","ast-global-header-display":"","ast-banner-title-visibility":"","ast-main-header-display":"","ast-hfb-above-header-display":"","ast-hfb-below-header-display":"","ast-hfb-mobile-header-display":"","site-post-title":"","ast-breadcrumbs-content":"","ast-featured-img":"","footer-sml-layout":"","ast-disable-related-posts":"","theme-transparent-header-meta":"","adv-header-id-meta":"","stick-header-meta":"","header-above-stick-meta":"","header-main-stick-meta":"","header-below-stick-meta":"","astra-migrate-meta-layouts":"default","ast-page-background-enabled":"default","ast-page-background-meta":{"desktop":{"background-color":"var(--ast-global-color-4)","background-image":"","background-repeat":"repeat","background-position":"center center","background-size":"auto","background-attachment":"scroll","background-type":"","background-media":"","overlay-type":"","overlay-color":"","overlay-opacity":"","overlay-gradient":""},"tablet":{"background-color":"","background-image":"","background-repeat":"repeat","background-position":"center center","background-size":"auto","background-attachment":"scroll","background-type":"","background-media":"","overlay-type":"","overlay-color":"","overlay-opacity":"","overlay-gradient":""},"mobile":{"background-color":"","background-image":"","background-repeat":"repeat","background-position":"center center","background-size":"auto","background-attachment":"scroll","background-type":"","background-media":"","overlay-type":"","overlay-color":"","overlay-opacity":"","overlay-gradient":""}},"ast-content-background-meta":{"desktop":{"background-color":"var(--ast-global-color-5)","background-image":"","background-repeat":"repeat","background-position":"center center","background-size":"auto","background-attachment":"scroll","background-type":"","background-media":"","overlay-type":"","overlay-color":"","overlay-opacity":"","overlay-gradient":""},"tablet":{"background-color":"var(--ast-global-color-5)","background-image":"","background-repeat":"repeat","background-position":"center center","background-size":"auto","background-attachment":"scroll","background-type":"","background-media":"","overlay-type":"","overlay-color":"","overlay-opacity":"","overlay-gradient":""},"mobile":{"background-color":"var(--ast-global-color-5)","background-image":"","background-repeat":"repeat","background-position":"center center","background-size":"auto","background-attachment":"scroll","background-type":"","background-media":"","overlay-type":"","overlay-color":"","overlay-opacity":"","overlay-gradient":""}}},"product_brand":[],"product_cat":[43,46,45],"product_tag":[],"class_list":{"0":"post-101839","1":"product","2":"type-product","3":"status-publish","4":"has-post-thumbnail","6":"product_cat-nega-za-lase","7":"product_cat-za-lepe-lase","8":"product_cat-za-mocne-lase","9":"desktop-align-left","10":"tablet-align-left","11":"mobile-align-left","12":"ast-product-gallery-layout-first-image-large","13":"ast-product-gallery-with-no-image","14":"ast-magnify-disabled","15":"ast-product-tabs-layout-horizontal","17":"first","18":"outofstock","19":"taxable","20":"shipping-taxable","21":"purchasable","22":"product-type-simple"},"yoast_head":"<!-- This site is optimized with the Yoast SEO plugin v26.9 - https:\/\/yoast.com\/product\/yoast-seo-wordpress\/ -->\n<title>Dnevna krema za lase Hair Bell - Belle.si kozmeti\u010dna trgovina<\/title>\n<meta name=\"robots\" content=\"index, follow, max-snippet:-1, max-image-preview:large, max-video-preview:-1\" \/>\n<link rel=\"canonical\" href=\"https:\/\/www.belle.si\/it\/izdelek\/dnevna-krema-za-lase-hair-bell\/\" \/>\n<meta property=\"og:locale\" content=\"it_IT\" \/>\n<meta property=\"og:type\" content=\"article\" \/>\n<meta property=\"og:title\" content=\"Dnevna krema za lase Hair Bell - Belle.si kozmeti\u010dna trgovina\" \/>\n<meta property=\"og:description\" content=\"Dnevna krema Hair Bell za suhe lase &#8211; brez izpiranja Dnevna krema Hair Bell pomaga pri suhih in krepastih laseh ter ceplenih konicah. Zunanji dejavniki kot so veter, mraz, suh zrak in smog slabo vplivajo na lase in njihovo strukturo. Zima je \u0161e posebej obremenjujo\u010da za lase. Hitri prehodi s hladnega na toplo, z vetra [&hellip;]\" \/>\n<meta property=\"og:url\" content=\"https:\/\/www.belle.si\/it\/izdelek\/dnevna-krema-za-lase-hair-bell\/\" \/>\n<meta property=\"og:site_name\" content=\"Belle.si kozmeti\u010dna trgovina\" \/>\n<meta property=\"article:publisher\" content=\"https:\/\/www.facebook.com\/belle.si.cosmetics\/\" \/>\n<meta property=\"article:modified_time\" content=\"2025-05-08T16:57:05+00:00\" \/>\n<meta property=\"og:image\" content=\"https:\/\/www.belle.si\/wp-content\/uploads\/2023\/11\/dnevna_krema_za_lase_hair_bell_sciti_in_vlazi.png\" \/>\n\t<meta property=\"og:image:width\" content=\"800\" \/>\n\t<meta property=\"og:image:height\" content=\"800\" \/>\n\t<meta property=\"og:image:type\" content=\"image\/png\" \/>\n<meta name=\"twitter:card\" content=\"summary_large_image\" \/>\n<meta name=\"twitter:label1\" content=\"Tempo di lettura stimato\" \/>\n\t<meta name=\"twitter:data1\" content=\"2 minuti\" \/>\n<script type=\"application\/ld+json\" class=\"yoast-schema-graph\">{\"@context\":\"https:\/\/schema.org\",\"@graph\":[{\"@type\":\"WebPage\",\"@id\":\"https:\/\/www.belle.si\/it\/izdelek\/dnevna-krema-za-lase-hair-bell\/\",\"url\":\"https:\/\/www.belle.si\/it\/izdelek\/dnevna-krema-za-lase-hair-bell\/\",\"name\":\"Dnevna krema za lase Hair Bell - Belle.si kozmeti\u010dna trgovina\",\"isPartOf\":{\"@id\":\"https:\/\/www.belle.si\/it\/#website\"},\"primaryImageOfPage\":{\"@id\":\"https:\/\/www.belle.si\/it\/izdelek\/dnevna-krema-za-lase-hair-bell\/#primaryimage\"},\"image\":{\"@id\":\"https:\/\/www.belle.si\/it\/izdelek\/dnevna-krema-za-lase-hair-bell\/#primaryimage\"},\"thumbnailUrl\":\"https:\/\/www.belle.si\/wp-content\/uploads\/2023\/11\/dnevna_krema_za_lase_hair_bell_sciti_in_vlazi.png\",\"datePublished\":\"2020-06-25T21:10:44+00:00\",\"dateModified\":\"2025-05-08T16:57:05+00:00\",\"breadcrumb\":{\"@id\":\"https:\/\/www.belle.si\/it\/izdelek\/dnevna-krema-za-lase-hair-bell\/#breadcrumb\"},\"inLanguage\":\"it-IT\",\"potentialAction\":[{\"@type\":\"ReadAction\",\"target\":[\"https:\/\/www.belle.si\/it\/izdelek\/dnevna-krema-za-lase-hair-bell\/\"]}]},{\"@type\":\"ImageObject\",\"inLanguage\":\"it-IT\",\"@id\":\"https:\/\/www.belle.si\/it\/izdelek\/dnevna-krema-za-lase-hair-bell\/#primaryimage\",\"url\":\"https:\/\/www.belle.si\/wp-content\/uploads\/2023\/11\/dnevna_krema_za_lase_hair_bell_sciti_in_vlazi.png\",\"contentUrl\":\"https:\/\/www.belle.si\/wp-content\/uploads\/2023\/11\/dnevna_krema_za_lase_hair_bell_sciti_in_vlazi.png\",\"width\":800,\"height\":800},{\"@type\":\"BreadcrumbList\",\"@id\":\"https:\/\/www.belle.si\/it\/izdelek\/dnevna-krema-za-lase-hair-bell\/#breadcrumb\",\"itemListElement\":[{\"@type\":\"ListItem\",\"position\":1,\"name\":\"Home\",\"item\":\"https:\/\/www.belle.si\/it\/\"},{\"@type\":\"ListItem\",\"position\":2,\"name\":\"Trgovina\",\"item\":\"https:\/\/www.belle.si\/trgovina\/\"},{\"@type\":\"ListItem\",\"position\":3,\"name\":\"Dnevna krema za lase Hair Bell\"}]},{\"@type\":\"WebSite\",\"@id\":\"https:\/\/www.belle.si\/it\/#website\",\"url\":\"https:\/\/www.belle.si\/it\/\",\"name\":\"Belle.si kozmeti\u010dna trgovina\",\"description\":\"\",\"publisher\":{\"@id\":\"https:\/\/www.belle.si\/it\/#organization\"},\"potentialAction\":[{\"@type\":\"SearchAction\",\"target\":{\"@type\":\"EntryPoint\",\"urlTemplate\":\"https:\/\/www.belle.si\/it\/?s={search_term_string}\"},\"query-input\":{\"@type\":\"PropertyValueSpecification\",\"valueRequired\":true,\"valueName\":\"search_term_string\"}}],\"inLanguage\":\"it-IT\"},{\"@type\":\"Organization\",\"@id\":\"https:\/\/www.belle.si\/it\/#organization\",\"name\":\"Belle.si kozmeti\u010dna trgovina\",\"url\":\"https:\/\/www.belle.si\/it\/\",\"logo\":{\"@type\":\"ImageObject\",\"inLanguage\":\"it-IT\",\"@id\":\"https:\/\/www.belle.si\/it\/#\/schema\/logo\/image\/\",\"url\":\"https:\/\/www.belle.si\/wp-content\/uploads\/2022\/10\/cropped-logo_belle_trgovina.png\",\"contentUrl\":\"https:\/\/www.belle.si\/wp-content\/uploads\/2022\/10\/cropped-logo_belle_trgovina.png\",\"width\":270,\"height\":135,\"caption\":\"Belle.si kozmeti\u010dna trgovina\"},\"image\":{\"@id\":\"https:\/\/www.belle.si\/it\/#\/schema\/logo\/image\/\"},\"sameAs\":[\"https:\/\/www.facebook.com\/belle.si.cosmetics\/\",\"https:\/\/www.instagram.com\/belle.si.cosmetics\/\"]}]}<\/script>\n<!-- \/ Yoast SEO plugin. -->","yoast_head_json":{"title":"Dnevna krema za lase Hair Bell - Belle.si kozmeti\u010dna trgovina","robots":{"index":"index","follow":"follow","max-snippet":"max-snippet:-1","max-image-preview":"max-image-preview:large","max-video-preview":"max-video-preview:-1"},"canonical":"https:\/\/www.belle.si\/it\/izdelek\/dnevna-krema-za-lase-hair-bell\/","og_locale":"it_IT","og_type":"article","og_title":"Dnevna krema za lase Hair Bell - Belle.si kozmeti\u010dna trgovina","og_description":"Dnevna krema Hair Bell za suhe lase &#8211; brez izpiranja Dnevna krema Hair Bell pomaga pri suhih in krepastih laseh ter ceplenih konicah. Zunanji dejavniki kot so veter, mraz, suh zrak in smog slabo vplivajo na lase in njihovo strukturo. Zima je \u0161e posebej obremenjujo\u010da za lase. Hitri prehodi s hladnega na toplo, z vetra [&hellip;]","og_url":"https:\/\/www.belle.si\/it\/izdelek\/dnevna-krema-za-lase-hair-bell\/","og_site_name":"Belle.si kozmeti\u010dna trgovina","article_publisher":"https:\/\/www.facebook.com\/belle.si.cosmetics\/","article_modified_time":"2025-05-08T16:57:05+00:00","og_image":[{"width":800,"height":800,"url":"https:\/\/www.belle.si\/wp-content\/uploads\/2023\/11\/dnevna_krema_za_lase_hair_bell_sciti_in_vlazi.png","type":"image\/png"}],"twitter_card":"summary_large_image","twitter_misc":{"Tempo di lettura stimato":"2 minuti"},"schema":{"@context":"https:\/\/schema.org","@graph":[{"@type":"WebPage","@id":"https:\/\/www.belle.si\/it\/izdelek\/dnevna-krema-za-lase-hair-bell\/","url":"https:\/\/www.belle.si\/it\/izdelek\/dnevna-krema-za-lase-hair-bell\/","name":"Dnevna krema za lase Hair Bell - Belle.si kozmeti\u010dna trgovina","isPartOf":{"@id":"https:\/\/www.belle.si\/it\/#website"},"primaryImageOfPage":{"@id":"https:\/\/www.belle.si\/it\/izdelek\/dnevna-krema-za-lase-hair-bell\/#primaryimage"},"image":{"@id":"https:\/\/www.belle.si\/it\/izdelek\/dnevna-krema-za-lase-hair-bell\/#primaryimage"},"thumbnailUrl":"https:\/\/www.belle.si\/wp-content\/uploads\/2023\/11\/dnevna_krema_za_lase_hair_bell_sciti_in_vlazi.png","datePublished":"2020-06-25T21:10:44+00:00","dateModified":"2025-05-08T16:57:05+00:00","breadcrumb":{"@id":"https:\/\/www.belle.si\/it\/izdelek\/dnevna-krema-za-lase-hair-bell\/#breadcrumb"},"inLanguage":"it-IT","potentialAction":[{"@type":"ReadAction","target":["https:\/\/www.belle.si\/it\/izdelek\/dnevna-krema-za-lase-hair-bell\/"]}]},{"@type":"ImageObject","inLanguage":"it-IT","@id":"https:\/\/www.belle.si\/it\/izdelek\/dnevna-krema-za-lase-hair-bell\/#primaryimage","url":"https:\/\/www.belle.si\/wp-content\/uploads\/2023\/11\/dnevna_krema_za_lase_hair_bell_sciti_in_vlazi.png","contentUrl":"https:\/\/www.belle.si\/wp-content\/uploads\/2023\/11\/dnevna_krema_za_lase_hair_bell_sciti_in_vlazi.png","width":800,"height":800},{"@type":"BreadcrumbList","@id":"https:\/\/www.belle.si\/it\/izdelek\/dnevna-krema-za-lase-hair-bell\/#breadcrumb","itemListElement":[{"@type":"ListItem","position":1,"name":"Home","item":"https:\/\/www.belle.si\/it\/"},{"@type":"ListItem","position":2,"name":"Trgovina","item":"https:\/\/www.belle.si\/trgovina\/"},{"@type":"ListItem","position":3,"name":"Dnevna krema za lase Hair Bell"}]},{"@type":"WebSite","@id":"https:\/\/www.belle.si\/it\/#website","url":"https:\/\/www.belle.si\/it\/","name":"Belle.si kozmeti\u010dna trgovina","description":"","publisher":{"@id":"https:\/\/www.belle.si\/it\/#organization"},"potentialAction":[{"@type":"SearchAction","target":{"@type":"EntryPoint","urlTemplate":"https:\/\/www.belle.si\/it\/?s={search_term_string}"},"query-input":{"@type":"PropertyValueSpecification","valueRequired":true,"valueName":"search_term_string"}}],"inLanguage":"it-IT"},{"@type":"Organization","@id":"https:\/\/www.belle.si\/it\/#organization","name":"Belle.si kozmeti\u010dna trgovina","url":"https:\/\/www.belle.si\/it\/","logo":{"@type":"ImageObject","inLanguage":"it-IT","@id":"https:\/\/www.belle.si\/it\/#\/schema\/logo\/image\/","url":"https:\/\/www.belle.si\/wp-content\/uploads\/2022\/10\/cropped-logo_belle_trgovina.png","contentUrl":"https:\/\/www.belle.si\/wp-content\/uploads\/2022\/10\/cropped-logo_belle_trgovina.png","width":270,"height":135,"caption":"Belle.si kozmeti\u010dna trgovina"},"image":{"@id":"https:\/\/www.belle.si\/it\/#\/schema\/logo\/image\/"},"sameAs":["https:\/\/www.facebook.com\/belle.si.cosmetics\/","https:\/\/www.instagram.com\/belle.si.cosmetics\/"]}]}},"uagb_featured_image_src":{"full":["https:\/\/www.belle.si\/wp-content\/uploads\/2023\/11\/dnevna_krema_za_lase_hair_bell_sciti_in_vlazi.png",800,800,false],"thumbnail":["https:\/\/www.belle.si\/wp-content\/uploads\/2023\/11\/dnevna_krema_za_lase_hair_bell_sciti_in_vlazi-150x150.png",150,150,true],"medium":["https:\/\/www.belle.si\/wp-content\/uploads\/2023\/11\/dnevna_krema_za_lase_hair_bell_sciti_in_vlazi-300x300.png",300,300,true],"medium_large":["https:\/\/www.belle.si\/wp-content\/uploads\/2023\/11\/dnevna_krema_za_lase_hair_bell_sciti_in_vlazi-768x768.png",768,768,true],"large":["https:\/\/www.belle.si\/wp-content\/uploads\/2023\/11\/dnevna_krema_za_lase_hair_bell_sciti_in_vlazi.png",800,800,false],"1536x1536":["https:\/\/www.belle.si\/wp-content\/uploads\/2023\/11\/dnevna_krema_za_lase_hair_bell_sciti_in_vlazi.png",800,800,false],"2048x2048":["https:\/\/www.belle.si\/wp-content\/uploads\/2023\/11\/dnevna_krema_za_lase_hair_bell_sciti_in_vlazi.png",800,800,false],"mailpoet_newsletter_max":["https:\/\/www.belle.si\/wp-content\/uploads\/2023\/11\/dnevna_krema_za_lase_hair_bell_sciti_in_vlazi.png",800,800,false],"woocommerce_thumbnail":["https:\/\/www.belle.si\/wp-content\/uploads\/2023\/11\/dnevna_krema_za_lase_hair_bell_sciti_in_vlazi-300x300.png",300,300,true],"woocommerce_single":["https:\/\/www.belle.si\/wp-content\/uploads\/2023\/11\/dnevna_krema_za_lase_hair_bell_sciti_in_vlazi-600x600.png",600,600,true],"woocommerce_gallery_thumbnail":["https:\/\/www.belle.si\/wp-content\/uploads\/2023\/11\/dnevna_krema_za_lase_hair_bell_sciti_in_vlazi-100x100.png",100,100,true]},"uagb_author_info":{"display_name":"dejan","author_link":"https:\/\/www.belle.si\/it\/author\/"},"uagb_comment_info":0,"uagb_excerpt":"Dnevna krema Hair Bell za suhe lase &#8211; brez izpiranja Dnevna krema Hair Bell pomaga pri suhih in krepastih laseh ter ceplenih konicah. Zunanji dejavniki kot so veter, mraz, suh zrak in smog slabo vplivajo na lase in njihovo strukturo. Zima je \u0161e posebej obremenjujo\u010da za lase. Hitri prehodi s hladnega na toplo, z vetra&hellip;","_links":{"self":[{"href":"https:\/\/www.belle.si\/it\/wp-json\/wp\/v2\/product\/101839","targetHints":{"allow":["GET"]}}],"collection":[{"href":"https:\/\/www.belle.si\/it\/wp-json\/wp\/v2\/product"}],"about":[{"href":"https:\/\/www.belle.si\/it\/wp-json\/wp\/v2\/types\/product"}],"replies":[{"embeddable":true,"href":"https:\/\/www.belle.si\/it\/wp-json\/wp\/v2\/comments?post=101839"}],"wp:featuredmedia":[{"embeddable":true,"href":"https:\/\/www.belle.si\/it\/wp-json\/wp\/v2\/media\/101844"}],"wp:attachment":[{"href":"https:\/\/www.belle.si\/it\/wp-json\/wp\/v2\/media?parent=101839"}],"wp:term":[{"taxonomy":"product_brand","embeddable":true,"href":"https:\/\/www.belle.si\/it\/wp-json\/wp\/v2\/product_brand?post=101839"},{"taxonomy":"product_cat","embeddable":true,"href":"https:\/\/www.belle.si\/it\/wp-json\/wp\/v2\/product_cat?post=101839"},{"taxonomy":"product_tag","embeddable":true,"href":"https:\/\/www.belle.si\/it\/wp-json\/wp\/v2\/product_tag?post=101839"}],"curies":[{"name":"wp","href":"https:\/\/api.w.org\/{rel}","templated":true}]}}