{"id":101831,"date":"2020-06-25T23:10:44","date_gmt":"2020-06-25T21:10:44","guid":{"rendered":"https:\/\/belle.zabica.org\/izdelek\/sampon-za-mocne-in-goste-lase-energy-booster\/"},"modified":"2023-11-17T01:13:36","modified_gmt":"2023-11-17T00:13:36","slug":"sampon-za-mocne-in-goste-lase-energy-booster","status":"publish","type":"product","link":"https:\/\/www.belle.si\/it\/izdelek\/sampon-za-mocne-in-goste-lase-energy-booster\/","title":{"rendered":"\u0160ampon za mo\u010dne in goste lase Energy Booster"},"content":{"rendered":"<h2>\u0160ampon za mo\u010dnej\u0161e in goste lase Energy Booster &#8211; Hairbell<\/h2>\n<p><strong>\u0160ampon spodbuja rast las, jih naredi mo\u010dnej\u0161e in bolj odporne na zunanje vplive<br \/>\n<\/strong><\/p>\n<p>Energy Booster \u0161ampon s posebno formulo hrani in vla\u017ei lase. Lasje so tako bolj mehki in jih je la\u017eje oblikovati v \u017eeleno pri\u010desko.<\/p>\n<p>Energy Booster \u0161ampon je dobra osnova za Energy Booster losjon.<\/p>\n<p>Posebna u\u010dinkovina v \u0161amponu Energy Booster kapilectine * je bistvena za rast las in upo\u010dasnjuje njihovo izpadanje.<\/p>\n<p>\u0160ampon lase \u0161\u010diti pred smogom, jih okrepi in naredi bolj zdrave.<\/p>\n<p>Posebna sestavina iz ajde, iz certificirane ekolo\u0161ke in biolo\u0161ke proizvodnje, \u0161\u010diti lasi\u0161\u010de pred \u0161kodljivimi zunanjimi dejavniki.<\/p>\n<p>Ko\u017eo na lasi\u0161\u010du \u0161\u010diti pred onesna\u017eenjem, drobnimi delci in raznimi nesnagami v zraku.<br \/>\n\u0160ampon je u\u010dinkovit pri zdravljenju srbe\u010dega in razdra\u017eenega lasi\u0161\u010da.<\/p>\n<p>Energy Booster \u0161ampon vsebuje TitreExtract\u00ae, ki deluje antibakterijsko in je pridobljena iz nepozebnika iz certificirano ekolo\u0161ke in biolo\u0161ke proizvodnje.<br \/>\nNepozebnik ko\u017eo \u010disti, jio napne in oja\u010da proti zunanjim vplivom.<\/p>\n<p>Aktivna sestavina Aquaxyl uravnote\u017ei pretok v lasi\u0161\u010du in laseh, kar vla\u017ei in krepi lase.<\/p>\n<p>Lasje so tako so tako bolj zdravi in mo\u010dnej\u0161i, hkrati bolj odporni na zunanje dejavnike.<\/p>\n<h3><strong>Navodila za uporabo Energy Booster \u0161ampona<br \/>\n<\/strong><\/h3>\n<p>Energy Booster \u0161ampon uporabljajte 2x do 3x na teden v kombinaciji z Energy Booster losjonom.<\/p>\n<p>Vsebina: \u0161ampon 150ml<\/p>\n<p>Proizvedeno v Franciji<\/p>\n<p>&nbsp;<\/p>\n<p>&nbsp;<\/p>\n<p>&nbsp;<\/p>\n","protected":false},"excerpt":{"rendered":"<p>\u0160ampon za mo\u010dnej\u0161e in goste lase Energy Booster &#8211; Hairbell \u0160ampon spodbuja rast las, jih naredi mo\u010dnej\u0161e in bolj odporne na zunanje vplive Energy Booster \u0161ampon s posebno formulo hrani in vla\u017ei lase. Lasje so tako bolj mehki in jih je la\u017eje oblikovati v \u017eeleno pri\u010desko. Energy Booster \u0161ampon je dobra osnova za Energy Booster [&hellip;]<\/p>\n","protected":false},"featured_media":101832,"comment_status":"closed","ping_status":"open","template":"","meta":{"_uag_custom_page_level_css":"","_monsterinsights_skip_tracking":false,"_monsterinsights_sitenote_active":false,"_monsterinsights_sitenote_note":"","_monsterinsights_sitenote_category":0,"site-sidebar-layout":"default","site-content-layout":"","ast-site-content-layout":"default","site-content-style":"default","site-sidebar-style":"default","ast-global-header-display":"","ast-banner-title-visibility":"","ast-main-header-display":"","ast-hfb-above-header-display":"","ast-hfb-below-header-display":"","ast-hfb-mobile-header-display":"","site-post-title":"","ast-breadcrumbs-content":"","ast-featured-img":"","footer-sml-layout":"","ast-disable-related-posts":"","theme-transparent-header-meta":"","adv-header-id-meta":"","stick-header-meta":"","header-above-stick-meta":"","header-main-stick-meta":"","header-below-stick-meta":"","astra-migrate-meta-layouts":"default","ast-page-background-enabled":"default","ast-page-background-meta":{"desktop":{"background-color":"var(--ast-global-color-4)","background-image":"","background-repeat":"repeat","background-position":"center center","background-size":"auto","background-attachment":"scroll","background-type":"","background-media":"","overlay-type":"","overlay-color":"","overlay-opacity":"","overlay-gradient":""},"tablet":{"background-color":"","background-image":"","background-repeat":"repeat","background-position":"center center","background-size":"auto","background-attachment":"scroll","background-type":"","background-media":"","overlay-type":"","overlay-color":"","overlay-opacity":"","overlay-gradient":""},"mobile":{"background-color":"","background-image":"","background-repeat":"repeat","background-position":"center center","background-size":"auto","background-attachment":"scroll","background-type":"","background-media":"","overlay-type":"","overlay-color":"","overlay-opacity":"","overlay-gradient":""}},"ast-content-background-meta":{"desktop":{"background-color":"var(--ast-global-color-5)","background-image":"","background-repeat":"repeat","background-position":"center center","background-size":"auto","background-attachment":"scroll","background-type":"","background-media":"","overlay-type":"","overlay-color":"","overlay-opacity":"","overlay-gradient":""},"tablet":{"background-color":"var(--ast-global-color-5)","background-image":"","background-repeat":"repeat","background-position":"center center","background-size":"auto","background-attachment":"scroll","background-type":"","background-media":"","overlay-type":"","overlay-color":"","overlay-opacity":"","overlay-gradient":""},"mobile":{"background-color":"var(--ast-global-color-5)","background-image":"","background-repeat":"repeat","background-position":"center center","background-size":"auto","background-attachment":"scroll","background-type":"","background-media":"","overlay-type":"","overlay-color":"","overlay-opacity":"","overlay-gradient":""}}},"product_brand":[],"product_cat":[43,45],"product_tag":[],"class_list":{"0":"post-101831","1":"product","2":"type-product","3":"status-publish","4":"has-post-thumbnail","6":"product_cat-nega-za-lase","7":"product_cat-za-mocne-lase","8":"desktop-align-left","9":"tablet-align-left","10":"mobile-align-left","11":"ast-product-gallery-layout-first-image-large","12":"ast-product-gallery-with-no-image","13":"ast-magnify-disabled","14":"ast-product-tabs-layout-horizontal","16":"first","17":"instock","18":"sale","19":"taxable","20":"shipping-taxable","21":"purchasable","22":"product-type-simple"},"yoast_head":"<!-- This site is optimized with the Yoast SEO plugin v26.9 - https:\/\/yoast.com\/product\/yoast-seo-wordpress\/ -->\n<title>\u0160ampon za mo\u010dne in goste lase Energy Booster - Belle.si kozmeti\u010dna trgovina<\/title>\n<meta name=\"robots\" content=\"index, follow, max-snippet:-1, max-image-preview:large, max-video-preview:-1\" \/>\n<link rel=\"canonical\" href=\"https:\/\/www.belle.si\/it\/izdelek\/sampon-za-mocne-in-goste-lase-energy-booster\/\" \/>\n<meta property=\"og:locale\" content=\"it_IT\" \/>\n<meta property=\"og:type\" content=\"article\" \/>\n<meta property=\"og:title\" content=\"\u0160ampon za mo\u010dne in goste lase Energy Booster - Belle.si kozmeti\u010dna trgovina\" \/>\n<meta property=\"og:description\" content=\"\u0160ampon za mo\u010dnej\u0161e in goste lase Energy Booster &#8211; Hairbell \u0160ampon spodbuja rast las, jih naredi mo\u010dnej\u0161e in bolj odporne na zunanje vplive Energy Booster \u0161ampon s posebno formulo hrani in vla\u017ei lase. Lasje so tako bolj mehki in jih je la\u017eje oblikovati v \u017eeleno pri\u010desko. Energy Booster \u0161ampon je dobra osnova za Energy Booster [&hellip;]\" \/>\n<meta property=\"og:url\" content=\"https:\/\/www.belle.si\/it\/izdelek\/sampon-za-mocne-in-goste-lase-energy-booster\/\" \/>\n<meta property=\"og:site_name\" content=\"Belle.si kozmeti\u010dna trgovina\" \/>\n<meta property=\"article:publisher\" content=\"https:\/\/www.facebook.com\/belle.si.cosmetics\/\" \/>\n<meta property=\"article:modified_time\" content=\"2023-11-17T00:13:36+00:00\" \/>\n<meta property=\"og:image\" content=\"https:\/\/www.belle.si\/wp-content\/uploads\/2023\/11\/energy-booster-sh_800px_.png\" \/>\n\t<meta property=\"og:image:width\" content=\"500\" \/>\n\t<meta property=\"og:image:height\" content=\"500\" \/>\n\t<meta property=\"og:image:type\" content=\"image\/png\" \/>\n<meta name=\"twitter:card\" content=\"summary_large_image\" \/>\n<meta name=\"twitter:label1\" content=\"Tempo di lettura stimato\" \/>\n\t<meta name=\"twitter:data1\" content=\"1 minuto\" \/>\n<script type=\"application\/ld+json\" class=\"yoast-schema-graph\">{\"@context\":\"https:\/\/schema.org\",\"@graph\":[{\"@type\":\"WebPage\",\"@id\":\"https:\/\/www.belle.si\/it\/izdelek\/sampon-za-mocne-in-goste-lase-energy-booster\/\",\"url\":\"https:\/\/www.belle.si\/it\/izdelek\/sampon-za-mocne-in-goste-lase-energy-booster\/\",\"name\":\"\u0160ampon za mo\u010dne in goste lase Energy Booster - Belle.si kozmeti\u010dna trgovina\",\"isPartOf\":{\"@id\":\"https:\/\/www.belle.si\/it\/#website\"},\"primaryImageOfPage\":{\"@id\":\"https:\/\/www.belle.si\/it\/izdelek\/sampon-za-mocne-in-goste-lase-energy-booster\/#primaryimage\"},\"image\":{\"@id\":\"https:\/\/www.belle.si\/it\/izdelek\/sampon-za-mocne-in-goste-lase-energy-booster\/#primaryimage\"},\"thumbnailUrl\":\"https:\/\/www.belle.si\/wp-content\/uploads\/2023\/11\/energy-booster-sh_800px_.png\",\"datePublished\":\"2020-06-25T21:10:44+00:00\",\"dateModified\":\"2023-11-17T00:13:36+00:00\",\"breadcrumb\":{\"@id\":\"https:\/\/www.belle.si\/it\/izdelek\/sampon-za-mocne-in-goste-lase-energy-booster\/#breadcrumb\"},\"inLanguage\":\"it-IT\",\"potentialAction\":[{\"@type\":\"ReadAction\",\"target\":[\"https:\/\/www.belle.si\/it\/izdelek\/sampon-za-mocne-in-goste-lase-energy-booster\/\"]}]},{\"@type\":\"ImageObject\",\"inLanguage\":\"it-IT\",\"@id\":\"https:\/\/www.belle.si\/it\/izdelek\/sampon-za-mocne-in-goste-lase-energy-booster\/#primaryimage\",\"url\":\"https:\/\/www.belle.si\/wp-content\/uploads\/2023\/11\/energy-booster-sh_800px_.png\",\"contentUrl\":\"https:\/\/www.belle.si\/wp-content\/uploads\/2023\/11\/energy-booster-sh_800px_.png\",\"width\":500,\"height\":500},{\"@type\":\"BreadcrumbList\",\"@id\":\"https:\/\/www.belle.si\/it\/izdelek\/sampon-za-mocne-in-goste-lase-energy-booster\/#breadcrumb\",\"itemListElement\":[{\"@type\":\"ListItem\",\"position\":1,\"name\":\"Home\",\"item\":\"https:\/\/www.belle.si\/it\/\"},{\"@type\":\"ListItem\",\"position\":2,\"name\":\"Trgovina\",\"item\":\"https:\/\/www.belle.si\/trgovina\/\"},{\"@type\":\"ListItem\",\"position\":3,\"name\":\"\u0160ampon za mo\u010dne in goste lase Energy Booster\"}]},{\"@type\":\"WebSite\",\"@id\":\"https:\/\/www.belle.si\/it\/#website\",\"url\":\"https:\/\/www.belle.si\/it\/\",\"name\":\"Belle.si kozmeti\u010dna trgovina\",\"description\":\"\",\"publisher\":{\"@id\":\"https:\/\/www.belle.si\/it\/#organization\"},\"potentialAction\":[{\"@type\":\"SearchAction\",\"target\":{\"@type\":\"EntryPoint\",\"urlTemplate\":\"https:\/\/www.belle.si\/it\/?s={search_term_string}\"},\"query-input\":{\"@type\":\"PropertyValueSpecification\",\"valueRequired\":true,\"valueName\":\"search_term_string\"}}],\"inLanguage\":\"it-IT\"},{\"@type\":\"Organization\",\"@id\":\"https:\/\/www.belle.si\/it\/#organization\",\"name\":\"Belle.si kozmeti\u010dna trgovina\",\"url\":\"https:\/\/www.belle.si\/it\/\",\"logo\":{\"@type\":\"ImageObject\",\"inLanguage\":\"it-IT\",\"@id\":\"https:\/\/www.belle.si\/it\/#\/schema\/logo\/image\/\",\"url\":\"https:\/\/www.belle.si\/wp-content\/uploads\/2022\/10\/cropped-logo_belle_trgovina.png\",\"contentUrl\":\"https:\/\/www.belle.si\/wp-content\/uploads\/2022\/10\/cropped-logo_belle_trgovina.png\",\"width\":270,\"height\":135,\"caption\":\"Belle.si kozmeti\u010dna trgovina\"},\"image\":{\"@id\":\"https:\/\/www.belle.si\/it\/#\/schema\/logo\/image\/\"},\"sameAs\":[\"https:\/\/www.facebook.com\/belle.si.cosmetics\/\",\"https:\/\/www.instagram.com\/belle.si.cosmetics\/\"]}]}<\/script>\n<!-- \/ Yoast SEO plugin. -->","yoast_head_json":{"title":"\u0160ampon za mo\u010dne in goste lase Energy Booster - Belle.si kozmeti\u010dna trgovina","robots":{"index":"index","follow":"follow","max-snippet":"max-snippet:-1","max-image-preview":"max-image-preview:large","max-video-preview":"max-video-preview:-1"},"canonical":"https:\/\/www.belle.si\/it\/izdelek\/sampon-za-mocne-in-goste-lase-energy-booster\/","og_locale":"it_IT","og_type":"article","og_title":"\u0160ampon za mo\u010dne in goste lase Energy Booster - Belle.si kozmeti\u010dna trgovina","og_description":"\u0160ampon za mo\u010dnej\u0161e in goste lase Energy Booster &#8211; Hairbell \u0160ampon spodbuja rast las, jih naredi mo\u010dnej\u0161e in bolj odporne na zunanje vplive Energy Booster \u0161ampon s posebno formulo hrani in vla\u017ei lase. Lasje so tako bolj mehki in jih je la\u017eje oblikovati v \u017eeleno pri\u010desko. Energy Booster \u0161ampon je dobra osnova za Energy Booster [&hellip;]","og_url":"https:\/\/www.belle.si\/it\/izdelek\/sampon-za-mocne-in-goste-lase-energy-booster\/","og_site_name":"Belle.si kozmeti\u010dna trgovina","article_publisher":"https:\/\/www.facebook.com\/belle.si.cosmetics\/","article_modified_time":"2023-11-17T00:13:36+00:00","og_image":[{"width":500,"height":500,"url":"https:\/\/www.belle.si\/wp-content\/uploads\/2023\/11\/energy-booster-sh_800px_.png","type":"image\/png"}],"twitter_card":"summary_large_image","twitter_misc":{"Tempo di lettura stimato":"1 minuto"},"schema":{"@context":"https:\/\/schema.org","@graph":[{"@type":"WebPage","@id":"https:\/\/www.belle.si\/it\/izdelek\/sampon-za-mocne-in-goste-lase-energy-booster\/","url":"https:\/\/www.belle.si\/it\/izdelek\/sampon-za-mocne-in-goste-lase-energy-booster\/","name":"\u0160ampon za mo\u010dne in goste lase Energy Booster - Belle.si kozmeti\u010dna trgovina","isPartOf":{"@id":"https:\/\/www.belle.si\/it\/#website"},"primaryImageOfPage":{"@id":"https:\/\/www.belle.si\/it\/izdelek\/sampon-za-mocne-in-goste-lase-energy-booster\/#primaryimage"},"image":{"@id":"https:\/\/www.belle.si\/it\/izdelek\/sampon-za-mocne-in-goste-lase-energy-booster\/#primaryimage"},"thumbnailUrl":"https:\/\/www.belle.si\/wp-content\/uploads\/2023\/11\/energy-booster-sh_800px_.png","datePublished":"2020-06-25T21:10:44+00:00","dateModified":"2023-11-17T00:13:36+00:00","breadcrumb":{"@id":"https:\/\/www.belle.si\/it\/izdelek\/sampon-za-mocne-in-goste-lase-energy-booster\/#breadcrumb"},"inLanguage":"it-IT","potentialAction":[{"@type":"ReadAction","target":["https:\/\/www.belle.si\/it\/izdelek\/sampon-za-mocne-in-goste-lase-energy-booster\/"]}]},{"@type":"ImageObject","inLanguage":"it-IT","@id":"https:\/\/www.belle.si\/it\/izdelek\/sampon-za-mocne-in-goste-lase-energy-booster\/#primaryimage","url":"https:\/\/www.belle.si\/wp-content\/uploads\/2023\/11\/energy-booster-sh_800px_.png","contentUrl":"https:\/\/www.belle.si\/wp-content\/uploads\/2023\/11\/energy-booster-sh_800px_.png","width":500,"height":500},{"@type":"BreadcrumbList","@id":"https:\/\/www.belle.si\/it\/izdelek\/sampon-za-mocne-in-goste-lase-energy-booster\/#breadcrumb","itemListElement":[{"@type":"ListItem","position":1,"name":"Home","item":"https:\/\/www.belle.si\/it\/"},{"@type":"ListItem","position":2,"name":"Trgovina","item":"https:\/\/www.belle.si\/trgovina\/"},{"@type":"ListItem","position":3,"name":"\u0160ampon za mo\u010dne in goste lase Energy Booster"}]},{"@type":"WebSite","@id":"https:\/\/www.belle.si\/it\/#website","url":"https:\/\/www.belle.si\/it\/","name":"Belle.si kozmeti\u010dna trgovina","description":"","publisher":{"@id":"https:\/\/www.belle.si\/it\/#organization"},"potentialAction":[{"@type":"SearchAction","target":{"@type":"EntryPoint","urlTemplate":"https:\/\/www.belle.si\/it\/?s={search_term_string}"},"query-input":{"@type":"PropertyValueSpecification","valueRequired":true,"valueName":"search_term_string"}}],"inLanguage":"it-IT"},{"@type":"Organization","@id":"https:\/\/www.belle.si\/it\/#organization","name":"Belle.si kozmeti\u010dna trgovina","url":"https:\/\/www.belle.si\/it\/","logo":{"@type":"ImageObject","inLanguage":"it-IT","@id":"https:\/\/www.belle.si\/it\/#\/schema\/logo\/image\/","url":"https:\/\/www.belle.si\/wp-content\/uploads\/2022\/10\/cropped-logo_belle_trgovina.png","contentUrl":"https:\/\/www.belle.si\/wp-content\/uploads\/2022\/10\/cropped-logo_belle_trgovina.png","width":270,"height":135,"caption":"Belle.si kozmeti\u010dna trgovina"},"image":{"@id":"https:\/\/www.belle.si\/it\/#\/schema\/logo\/image\/"},"sameAs":["https:\/\/www.facebook.com\/belle.si.cosmetics\/","https:\/\/www.instagram.com\/belle.si.cosmetics\/"]}]}},"uagb_featured_image_src":{"full":["https:\/\/www.belle.si\/wp-content\/uploads\/2023\/11\/energy-booster-sh_800px_.png",500,500,false],"thumbnail":["https:\/\/www.belle.si\/wp-content\/uploads\/2023\/11\/energy-booster-sh_800px_-150x150.png",150,150,true],"medium":["https:\/\/www.belle.si\/wp-content\/uploads\/2023\/11\/energy-booster-sh_800px_-300x300.png",300,300,true],"medium_large":["https:\/\/www.belle.si\/wp-content\/uploads\/2023\/11\/energy-booster-sh_800px_.png",500,500,false],"large":["https:\/\/www.belle.si\/wp-content\/uploads\/2023\/11\/energy-booster-sh_800px_.png",500,500,false],"1536x1536":["https:\/\/www.belle.si\/wp-content\/uploads\/2023\/11\/energy-booster-sh_800px_.png",500,500,false],"2048x2048":["https:\/\/www.belle.si\/wp-content\/uploads\/2023\/11\/energy-booster-sh_800px_.png",500,500,false],"mailpoet_newsletter_max":["https:\/\/www.belle.si\/wp-content\/uploads\/2023\/11\/energy-booster-sh_800px_.png",500,500,false],"woocommerce_thumbnail":["https:\/\/www.belle.si\/wp-content\/uploads\/2023\/11\/energy-booster-sh_800px_-300x300.png",300,300,true],"woocommerce_single":["https:\/\/www.belle.si\/wp-content\/uploads\/2023\/11\/energy-booster-sh_800px_.png",500,500,false],"woocommerce_gallery_thumbnail":["https:\/\/www.belle.si\/wp-content\/uploads\/2023\/11\/energy-booster-sh_800px_-100x100.png",100,100,true]},"uagb_author_info":{"display_name":"dejan","author_link":"https:\/\/www.belle.si\/it\/author\/"},"uagb_comment_info":0,"uagb_excerpt":"\u0160ampon za mo\u010dnej\u0161e in goste lase Energy Booster &#8211; Hairbell \u0160ampon spodbuja rast las, jih naredi mo\u010dnej\u0161e in bolj odporne na zunanje vplive Energy Booster \u0161ampon s posebno formulo hrani in vla\u017ei lase. Lasje so tako bolj mehki in jih je la\u017eje oblikovati v \u017eeleno pri\u010desko. Energy Booster \u0161ampon je dobra osnova za Energy Booster&hellip;","_links":{"self":[{"href":"https:\/\/www.belle.si\/it\/wp-json\/wp\/v2\/product\/101831","targetHints":{"allow":["GET"]}}],"collection":[{"href":"https:\/\/www.belle.si\/it\/wp-json\/wp\/v2\/product"}],"about":[{"href":"https:\/\/www.belle.si\/it\/wp-json\/wp\/v2\/types\/product"}],"replies":[{"embeddable":true,"href":"https:\/\/www.belle.si\/it\/wp-json\/wp\/v2\/comments?post=101831"}],"wp:featuredmedia":[{"embeddable":true,"href":"https:\/\/www.belle.si\/it\/wp-json\/wp\/v2\/media\/101832"}],"wp:attachment":[{"href":"https:\/\/www.belle.si\/it\/wp-json\/wp\/v2\/media?parent=101831"}],"wp:term":[{"taxonomy":"product_brand","embeddable":true,"href":"https:\/\/www.belle.si\/it\/wp-json\/wp\/v2\/product_brand?post=101831"},{"taxonomy":"product_cat","embeddable":true,"href":"https:\/\/www.belle.si\/it\/wp-json\/wp\/v2\/product_cat?post=101831"},{"taxonomy":"product_tag","embeddable":true,"href":"https:\/\/www.belle.si\/it\/wp-json\/wp\/v2\/product_tag?post=101831"}],"curies":[{"name":"wp","href":"https:\/\/api.w.org\/{rel}","templated":true}]}}