{"id":101826,"date":"2020-06-25T23:10:44","date_gmt":"2020-06-25T21:10:44","guid":{"rendered":"https:\/\/belle.zabica.org\/izdelek\/grey-away-losjon-proti-sivim-lasem\/"},"modified":"2025-11-10T23:30:57","modified_gmt":"2025-11-10T22:30:57","slug":"grey-away-losjon-proti-sivim-lasem","status":"publish","type":"product","link":"https:\/\/www.belle.si\/it\/izdelek\/grey-away-losjon-proti-sivim-lasem\/","title":{"rendered":"Grey Away losjon proti sivim lasem"},"content":{"rendered":"<h2>Gray Away losjon proti sivim lasem<\/h2>\n<h2>Kaj \u010de bi lasem lahko povrnili njihovo naravno barvo le v nekaj dneh?<\/h2>\n<h3>Zakaj lasje sivijo?<\/h3>\n<p>Lasje parvzaprav ne postanejo sivi, temve\u010d beli. Lasje le dajejo vtis, da so sivi, ker so beli lasje pome\u0161ani z ostalimi \u0161e obarvanimi lasmi.<br \/>\nLasje izgubljajo barvo postopoma in tega ne zaznamo takoj. S \u010dasom se razmerje belih las pove\u010duje.<br \/>\nLasje postanejo beli, ko izgubijo ves pigment. To se zgodi, ko melanociti ne morejo ve\u010d prena\u0161ati melanina v keratinocite,<br \/>\ncelice, ki tvorijo povrhnjico.<br \/>\nMelanin je naravna molekula, ki jo proizvajajo posebne celice, imenovane melanociti, ki se nahajajo ve\u010dinoma v povrhnjici in<br \/>\nkaterih bistvena vloga je za\u0161\u010dita ko\u017ee pred UV sevanjem.<br \/>\nMelanin je obarvana snov (imenovana tudi &#8220;pigment&#8221;), ki daje tkivom, v katerih se nahaja (ko\u017ei in lasem) bolj ali manj intenzivno barvo &#8211; odvisno od tega ali je pigmenta ve\u010d ali manj.<\/p>\n<p>&nbsp;<\/p>\n<h3>Kako deluje Grey Away?<\/h3>\n<p>Lasna nega Grey Away proti sivenju spodbuja nastajanje pigmenta in tako povrne naravno barvo las.<br \/>\nGrey Away deluje tako, da spodbuja melanogenezo in zavira oksidacijo v koreninah, ki sta bistvena v postopku sivenja las.<br \/>\nLasna nega Grey Away prepre\u010duje izgubo pigmenta v laseh, upo\u010dasni sivenje in zmanj\u0161a koli\u010dino sivih las.<br \/>\nZ izdelki Grey Away se podalj\u0161a \u010das med barvanjem in je tudi alternativa barvanju, saj je njegov osnovni namen vzpostavitev naravne pigmentacije las.<\/p>\n<h3>Klini\u010dni testi nege proti sivim lasem Grey Away<\/h3>\n<p>* Teste je izvedel neodvisni laboratorij v Franciji. Rezultati se lahko\u00a0razlikujejo od posameznika do posameznika.<br \/>\nIzdelke Grey Away so testirali na 15 posasmeznikih starih od 18 do 35 let in so imeli vsaj 20% sivih las.<\/p>\n<p>Test je pokazal, da se je pri njih koli\u010dina sivih las zmanj\u0161ala za 81%.<\/p>\n<h3>Navodila za uporabo<\/h3>\n<p>Nega Grey Away je preprosta in hitra. Ne povzro\u010da nobenih preglavic.<\/p>\n<p>Losjon nanesite na suhe lase in lasi\u0161\u010de vsako jutro 12 tednov zapored.<\/p>\n<p>Sestavine v losjonu bojo spodbudile pigmentacijo v laseh.<\/p>\n<p>Priporo\u010damo, da po tem tretmaju nadaljujete z uporabo lasjona 1x ali 2x na teden, da se obarvaj nov las pri korenini.<\/p>\n<p>Vsebina: 100ml v spreju<\/p>\n<p>Proizvedeno v Franciji<\/p>\n<p>&nbsp;<\/p>\n<h3><a href=\"https:\/\/belle.zabica.org\/wp-content\/uploads\/2023\/11\/grey-away-lot_300px-1-1.png\"><img fetchpriority=\"high\" decoding=\"async\" class=\"size-medium wp-image-96954 alignleft\" src=\"https:\/\/belle.zabica.org\/wp-content\/uploads\/2023\/11\/grey-away-lot_300px-1-1-300x300.png\" alt=\"Gray Away komplet \u0161ampon in losjon proti sivenju\" width=\"300\" height=\"300\" \/><\/a>Za bolji u\u010dinek priporo\u010damu uporabo skupaj s \u0161amponim Grey Away.<\/h3>\n<p><a href=\"https:\/\/www.hairbell.si\/izdelek\/gray-away-komplet-sampon-in-losjon-proti-sivenju-las\/\">https:\/\/www.hairbell.si\/izdelek\/gray-away-komplet-sampon-in-losjon-proti-sivenju-las\/<\/a><\/p>\n<p>&nbsp;<\/p>\n<p>&nbsp;<\/p>\n<p>&nbsp;<\/p>\n","protected":false},"excerpt":{"rendered":"<p>Gray Away losjon proti sivim lasem Kaj \u010de bi lasem lahko povrnili njihovo naravno barvo le v nekaj dneh? Zakaj lasje sivijo? Lasje parvzaprav ne postanejo sivi, temve\u010d beli. Lasje le dajejo vtis, da so sivi, ker so beli lasje pome\u0161ani z ostalimi \u0161e obarvanimi lasmi. Lasje izgubljajo barvo postopoma in tega ne zaznamo takoj. [&hellip;]<\/p>\n","protected":false},"featured_media":101829,"comment_status":"closed","ping_status":"closed","template":"","meta":{"_uag_custom_page_level_css":"","_monsterinsights_skip_tracking":false,"_monsterinsights_sitenote_active":false,"_monsterinsights_sitenote_note":"","_monsterinsights_sitenote_category":0,"site-sidebar-layout":"default","site-content-layout":"","ast-site-content-layout":"default","site-content-style":"default","site-sidebar-style":"default","ast-global-header-display":"","ast-banner-title-visibility":"","ast-main-header-display":"","ast-hfb-above-header-display":"","ast-hfb-below-header-display":"","ast-hfb-mobile-header-display":"","site-post-title":"","ast-breadcrumbs-content":"","ast-featured-img":"","footer-sml-layout":"","ast-disable-related-posts":"","theme-transparent-header-meta":"","adv-header-id-meta":"","stick-header-meta":"","header-above-stick-meta":"","header-main-stick-meta":"","header-below-stick-meta":"","astra-migrate-meta-layouts":"default","ast-page-background-enabled":"default","ast-page-background-meta":{"desktop":{"background-color":"var(--ast-global-color-4)","background-image":"","background-repeat":"repeat","background-position":"center center","background-size":"auto","background-attachment":"scroll","background-type":"","background-media":"","overlay-type":"","overlay-color":"","overlay-opacity":"","overlay-gradient":""},"tablet":{"background-color":"","background-image":"","background-repeat":"repeat","background-position":"center center","background-size":"auto","background-attachment":"scroll","background-type":"","background-media":"","overlay-type":"","overlay-color":"","overlay-opacity":"","overlay-gradient":""},"mobile":{"background-color":"","background-image":"","background-repeat":"repeat","background-position":"center center","background-size":"auto","background-attachment":"scroll","background-type":"","background-media":"","overlay-type":"","overlay-color":"","overlay-opacity":"","overlay-gradient":""}},"ast-content-background-meta":{"desktop":{"background-color":"var(--ast-global-color-5)","background-image":"","background-repeat":"repeat","background-position":"center center","background-size":"auto","background-attachment":"scroll","background-type":"","background-media":"","overlay-type":"","overlay-color":"","overlay-opacity":"","overlay-gradient":""},"tablet":{"background-color":"var(--ast-global-color-5)","background-image":"","background-repeat":"repeat","background-position":"center center","background-size":"auto","background-attachment":"scroll","background-type":"","background-media":"","overlay-type":"","overlay-color":"","overlay-opacity":"","overlay-gradient":""},"mobile":{"background-color":"var(--ast-global-color-5)","background-image":"","background-repeat":"repeat","background-position":"center center","background-size":"auto","background-attachment":"scroll","background-type":"","background-media":"","overlay-type":"","overlay-color":"","overlay-opacity":"","overlay-gradient":""}}},"product_brand":[],"product_cat":[43,47,46,31],"product_tag":[],"class_list":{"0":"post-101826","1":"product","2":"type-product","3":"status-publish","4":"has-post-thumbnail","6":"product_cat-nega-za-lase","7":"product_cat-proti-sivenju","8":"product_cat-za-lepe-lase","9":"product_cat-za-moske","10":"desktop-align-left","11":"tablet-align-left","12":"mobile-align-left","13":"ast-product-gallery-layout-first-image-large","14":"ast-product-gallery-with-no-image","15":"ast-magnify-disabled","16":"ast-product-tabs-layout-horizontal","18":"first","19":"outofstock","20":"taxable","21":"shipping-taxable","22":"purchasable","23":"product-type-simple"},"yoast_head":"<!-- This site is optimized with the Yoast SEO plugin v26.9 - https:\/\/yoast.com\/product\/yoast-seo-wordpress\/ -->\n<title>Grey Away losjon proti sivim lasem - Belle.si kozmeti\u010dna trgovina<\/title>\n<meta name=\"robots\" content=\"index, follow, max-snippet:-1, max-image-preview:large, max-video-preview:-1\" \/>\n<link rel=\"canonical\" href=\"https:\/\/www.belle.si\/it\/izdelek\/grey-away-losjon-proti-sivim-lasem\/\" \/>\n<meta property=\"og:locale\" content=\"it_IT\" \/>\n<meta property=\"og:type\" content=\"article\" \/>\n<meta property=\"og:title\" content=\"Grey Away losjon proti sivim lasem - Belle.si kozmeti\u010dna trgovina\" \/>\n<meta property=\"og:description\" content=\"Gray Away losjon proti sivim lasem Kaj \u010de bi lasem lahko povrnili njihovo naravno barvo le v nekaj dneh? Zakaj lasje sivijo? Lasje parvzaprav ne postanejo sivi, temve\u010d beli. Lasje le dajejo vtis, da so sivi, ker so beli lasje pome\u0161ani z ostalimi \u0161e obarvanimi lasmi. Lasje izgubljajo barvo postopoma in tega ne zaznamo takoj. [&hellip;]\" \/>\n<meta property=\"og:url\" content=\"https:\/\/www.belle.si\/it\/izdelek\/grey-away-losjon-proti-sivim-lasem\/\" \/>\n<meta property=\"og:site_name\" content=\"Belle.si kozmeti\u010dna trgovina\" \/>\n<meta property=\"article:publisher\" content=\"https:\/\/www.facebook.com\/belle.si.cosmetics\/\" \/>\n<meta property=\"article:modified_time\" content=\"2025-11-10T22:30:57+00:00\" \/>\n<meta property=\"og:image\" content=\"https:\/\/www.belle.si\/wp-content\/uploads\/2023\/11\/grey-away-lotion_300px.png\" \/>\n\t<meta property=\"og:image:width\" content=\"500\" \/>\n\t<meta property=\"og:image:height\" content=\"500\" \/>\n\t<meta property=\"og:image:type\" content=\"image\/png\" \/>\n<meta name=\"twitter:card\" content=\"summary_large_image\" \/>\n<meta name=\"twitter:label1\" content=\"Tempo di lettura stimato\" \/>\n\t<meta name=\"twitter:data1\" content=\"2 minuti\" \/>\n<script type=\"application\/ld+json\" class=\"yoast-schema-graph\">{\"@context\":\"https:\/\/schema.org\",\"@graph\":[{\"@type\":\"WebPage\",\"@id\":\"https:\/\/www.belle.si\/it\/izdelek\/grey-away-losjon-proti-sivim-lasem\/\",\"url\":\"https:\/\/www.belle.si\/it\/izdelek\/grey-away-losjon-proti-sivim-lasem\/\",\"name\":\"Grey Away losjon proti sivim lasem - Belle.si kozmeti\u010dna trgovina\",\"isPartOf\":{\"@id\":\"https:\/\/www.belle.si\/it\/#website\"},\"primaryImageOfPage\":{\"@id\":\"https:\/\/www.belle.si\/it\/izdelek\/grey-away-losjon-proti-sivim-lasem\/#primaryimage\"},\"image\":{\"@id\":\"https:\/\/www.belle.si\/it\/izdelek\/grey-away-losjon-proti-sivim-lasem\/#primaryimage\"},\"thumbnailUrl\":\"https:\/\/www.belle.si\/wp-content\/uploads\/2023\/11\/grey-away-lotion_300px.png\",\"datePublished\":\"2020-06-25T21:10:44+00:00\",\"dateModified\":\"2025-11-10T22:30:57+00:00\",\"breadcrumb\":{\"@id\":\"https:\/\/www.belle.si\/it\/izdelek\/grey-away-losjon-proti-sivim-lasem\/#breadcrumb\"},\"inLanguage\":\"it-IT\",\"potentialAction\":[{\"@type\":\"ReadAction\",\"target\":[\"https:\/\/www.belle.si\/it\/izdelek\/grey-away-losjon-proti-sivim-lasem\/\"]}]},{\"@type\":\"ImageObject\",\"inLanguage\":\"it-IT\",\"@id\":\"https:\/\/www.belle.si\/it\/izdelek\/grey-away-losjon-proti-sivim-lasem\/#primaryimage\",\"url\":\"https:\/\/www.belle.si\/wp-content\/uploads\/2023\/11\/grey-away-lotion_300px.png\",\"contentUrl\":\"https:\/\/www.belle.si\/wp-content\/uploads\/2023\/11\/grey-away-lotion_300px.png\",\"width\":500,\"height\":500},{\"@type\":\"BreadcrumbList\",\"@id\":\"https:\/\/www.belle.si\/it\/izdelek\/grey-away-losjon-proti-sivim-lasem\/#breadcrumb\",\"itemListElement\":[{\"@type\":\"ListItem\",\"position\":1,\"name\":\"Home\",\"item\":\"https:\/\/www.belle.si\/it\/\"},{\"@type\":\"ListItem\",\"position\":2,\"name\":\"Trgovina\",\"item\":\"https:\/\/www.belle.si\/trgovina\/\"},{\"@type\":\"ListItem\",\"position\":3,\"name\":\"Grey Away losjon proti sivim lasem\"}]},{\"@type\":\"WebSite\",\"@id\":\"https:\/\/www.belle.si\/it\/#website\",\"url\":\"https:\/\/www.belle.si\/it\/\",\"name\":\"Belle.si kozmeti\u010dna trgovina\",\"description\":\"\",\"publisher\":{\"@id\":\"https:\/\/www.belle.si\/it\/#organization\"},\"potentialAction\":[{\"@type\":\"SearchAction\",\"target\":{\"@type\":\"EntryPoint\",\"urlTemplate\":\"https:\/\/www.belle.si\/it\/?s={search_term_string}\"},\"query-input\":{\"@type\":\"PropertyValueSpecification\",\"valueRequired\":true,\"valueName\":\"search_term_string\"}}],\"inLanguage\":\"it-IT\"},{\"@type\":\"Organization\",\"@id\":\"https:\/\/www.belle.si\/it\/#organization\",\"name\":\"Belle.si kozmeti\u010dna trgovina\",\"url\":\"https:\/\/www.belle.si\/it\/\",\"logo\":{\"@type\":\"ImageObject\",\"inLanguage\":\"it-IT\",\"@id\":\"https:\/\/www.belle.si\/it\/#\/schema\/logo\/image\/\",\"url\":\"https:\/\/www.belle.si\/wp-content\/uploads\/2022\/10\/cropped-logo_belle_trgovina.png\",\"contentUrl\":\"https:\/\/www.belle.si\/wp-content\/uploads\/2022\/10\/cropped-logo_belle_trgovina.png\",\"width\":270,\"height\":135,\"caption\":\"Belle.si kozmeti\u010dna trgovina\"},\"image\":{\"@id\":\"https:\/\/www.belle.si\/it\/#\/schema\/logo\/image\/\"},\"sameAs\":[\"https:\/\/www.facebook.com\/belle.si.cosmetics\/\",\"https:\/\/www.instagram.com\/belle.si.cosmetics\/\"]}]}<\/script>\n<!-- \/ Yoast SEO plugin. -->","yoast_head_json":{"title":"Grey Away losjon proti sivim lasem - Belle.si kozmeti\u010dna trgovina","robots":{"index":"index","follow":"follow","max-snippet":"max-snippet:-1","max-image-preview":"max-image-preview:large","max-video-preview":"max-video-preview:-1"},"canonical":"https:\/\/www.belle.si\/it\/izdelek\/grey-away-losjon-proti-sivim-lasem\/","og_locale":"it_IT","og_type":"article","og_title":"Grey Away losjon proti sivim lasem - Belle.si kozmeti\u010dna trgovina","og_description":"Gray Away losjon proti sivim lasem Kaj \u010de bi lasem lahko povrnili njihovo naravno barvo le v nekaj dneh? Zakaj lasje sivijo? Lasje parvzaprav ne postanejo sivi, temve\u010d beli. Lasje le dajejo vtis, da so sivi, ker so beli lasje pome\u0161ani z ostalimi \u0161e obarvanimi lasmi. Lasje izgubljajo barvo postopoma in tega ne zaznamo takoj. [&hellip;]","og_url":"https:\/\/www.belle.si\/it\/izdelek\/grey-away-losjon-proti-sivim-lasem\/","og_site_name":"Belle.si kozmeti\u010dna trgovina","article_publisher":"https:\/\/www.facebook.com\/belle.si.cosmetics\/","article_modified_time":"2025-11-10T22:30:57+00:00","og_image":[{"width":500,"height":500,"url":"https:\/\/www.belle.si\/wp-content\/uploads\/2023\/11\/grey-away-lotion_300px.png","type":"image\/png"}],"twitter_card":"summary_large_image","twitter_misc":{"Tempo di lettura stimato":"2 minuti"},"schema":{"@context":"https:\/\/schema.org","@graph":[{"@type":"WebPage","@id":"https:\/\/www.belle.si\/it\/izdelek\/grey-away-losjon-proti-sivim-lasem\/","url":"https:\/\/www.belle.si\/it\/izdelek\/grey-away-losjon-proti-sivim-lasem\/","name":"Grey Away losjon proti sivim lasem - Belle.si kozmeti\u010dna trgovina","isPartOf":{"@id":"https:\/\/www.belle.si\/it\/#website"},"primaryImageOfPage":{"@id":"https:\/\/www.belle.si\/it\/izdelek\/grey-away-losjon-proti-sivim-lasem\/#primaryimage"},"image":{"@id":"https:\/\/www.belle.si\/it\/izdelek\/grey-away-losjon-proti-sivim-lasem\/#primaryimage"},"thumbnailUrl":"https:\/\/www.belle.si\/wp-content\/uploads\/2023\/11\/grey-away-lotion_300px.png","datePublished":"2020-06-25T21:10:44+00:00","dateModified":"2025-11-10T22:30:57+00:00","breadcrumb":{"@id":"https:\/\/www.belle.si\/it\/izdelek\/grey-away-losjon-proti-sivim-lasem\/#breadcrumb"},"inLanguage":"it-IT","potentialAction":[{"@type":"ReadAction","target":["https:\/\/www.belle.si\/it\/izdelek\/grey-away-losjon-proti-sivim-lasem\/"]}]},{"@type":"ImageObject","inLanguage":"it-IT","@id":"https:\/\/www.belle.si\/it\/izdelek\/grey-away-losjon-proti-sivim-lasem\/#primaryimage","url":"https:\/\/www.belle.si\/wp-content\/uploads\/2023\/11\/grey-away-lotion_300px.png","contentUrl":"https:\/\/www.belle.si\/wp-content\/uploads\/2023\/11\/grey-away-lotion_300px.png","width":500,"height":500},{"@type":"BreadcrumbList","@id":"https:\/\/www.belle.si\/it\/izdelek\/grey-away-losjon-proti-sivim-lasem\/#breadcrumb","itemListElement":[{"@type":"ListItem","position":1,"name":"Home","item":"https:\/\/www.belle.si\/it\/"},{"@type":"ListItem","position":2,"name":"Trgovina","item":"https:\/\/www.belle.si\/trgovina\/"},{"@type":"ListItem","position":3,"name":"Grey Away losjon proti sivim lasem"}]},{"@type":"WebSite","@id":"https:\/\/www.belle.si\/it\/#website","url":"https:\/\/www.belle.si\/it\/","name":"Belle.si kozmeti\u010dna trgovina","description":"","publisher":{"@id":"https:\/\/www.belle.si\/it\/#organization"},"potentialAction":[{"@type":"SearchAction","target":{"@type":"EntryPoint","urlTemplate":"https:\/\/www.belle.si\/it\/?s={search_term_string}"},"query-input":{"@type":"PropertyValueSpecification","valueRequired":true,"valueName":"search_term_string"}}],"inLanguage":"it-IT"},{"@type":"Organization","@id":"https:\/\/www.belle.si\/it\/#organization","name":"Belle.si kozmeti\u010dna trgovina","url":"https:\/\/www.belle.si\/it\/","logo":{"@type":"ImageObject","inLanguage":"it-IT","@id":"https:\/\/www.belle.si\/it\/#\/schema\/logo\/image\/","url":"https:\/\/www.belle.si\/wp-content\/uploads\/2022\/10\/cropped-logo_belle_trgovina.png","contentUrl":"https:\/\/www.belle.si\/wp-content\/uploads\/2022\/10\/cropped-logo_belle_trgovina.png","width":270,"height":135,"caption":"Belle.si kozmeti\u010dna trgovina"},"image":{"@id":"https:\/\/www.belle.si\/it\/#\/schema\/logo\/image\/"},"sameAs":["https:\/\/www.facebook.com\/belle.si.cosmetics\/","https:\/\/www.instagram.com\/belle.si.cosmetics\/"]}]}},"uagb_featured_image_src":{"full":["https:\/\/www.belle.si\/wp-content\/uploads\/2023\/11\/grey-away-lotion_300px.png",500,500,false],"thumbnail":["https:\/\/www.belle.si\/wp-content\/uploads\/2023\/11\/grey-away-lotion_300px-150x150.png",150,150,true],"medium":["https:\/\/www.belle.si\/wp-content\/uploads\/2023\/11\/grey-away-lotion_300px-300x300.png",300,300,true],"medium_large":["https:\/\/www.belle.si\/wp-content\/uploads\/2023\/11\/grey-away-lotion_300px.png",500,500,false],"large":["https:\/\/www.belle.si\/wp-content\/uploads\/2023\/11\/grey-away-lotion_300px.png",500,500,false],"1536x1536":["https:\/\/www.belle.si\/wp-content\/uploads\/2023\/11\/grey-away-lotion_300px.png",500,500,false],"2048x2048":["https:\/\/www.belle.si\/wp-content\/uploads\/2023\/11\/grey-away-lotion_300px.png",500,500,false],"mailpoet_newsletter_max":["https:\/\/www.belle.si\/wp-content\/uploads\/2023\/11\/grey-away-lotion_300px.png",500,500,false],"woocommerce_thumbnail":["https:\/\/www.belle.si\/wp-content\/uploads\/2023\/11\/grey-away-lotion_300px-300x300.png",300,300,true],"woocommerce_single":["https:\/\/www.belle.si\/wp-content\/uploads\/2023\/11\/grey-away-lotion_300px.png",500,500,false],"woocommerce_gallery_thumbnail":["https:\/\/www.belle.si\/wp-content\/uploads\/2023\/11\/grey-away-lotion_300px-100x100.png",100,100,true]},"uagb_author_info":{"display_name":"dejan","author_link":"https:\/\/www.belle.si\/it\/author\/"},"uagb_comment_info":0,"uagb_excerpt":"Gray Away losjon proti sivim lasem Kaj \u010de bi lasem lahko povrnili njihovo naravno barvo le v nekaj dneh? Zakaj lasje sivijo? Lasje parvzaprav ne postanejo sivi, temve\u010d beli. Lasje le dajejo vtis, da so sivi, ker so beli lasje pome\u0161ani z ostalimi \u0161e obarvanimi lasmi. Lasje izgubljajo barvo postopoma in tega ne zaznamo takoj.&hellip;","_links":{"self":[{"href":"https:\/\/www.belle.si\/it\/wp-json\/wp\/v2\/product\/101826","targetHints":{"allow":["GET"]}}],"collection":[{"href":"https:\/\/www.belle.si\/it\/wp-json\/wp\/v2\/product"}],"about":[{"href":"https:\/\/www.belle.si\/it\/wp-json\/wp\/v2\/types\/product"}],"replies":[{"embeddable":true,"href":"https:\/\/www.belle.si\/it\/wp-json\/wp\/v2\/comments?post=101826"}],"wp:featuredmedia":[{"embeddable":true,"href":"https:\/\/www.belle.si\/it\/wp-json\/wp\/v2\/media\/101829"}],"wp:attachment":[{"href":"https:\/\/www.belle.si\/it\/wp-json\/wp\/v2\/media?parent=101826"}],"wp:term":[{"taxonomy":"product_brand","embeddable":true,"href":"https:\/\/www.belle.si\/it\/wp-json\/wp\/v2\/product_brand?post=101826"},{"taxonomy":"product_cat","embeddable":true,"href":"https:\/\/www.belle.si\/it\/wp-json\/wp\/v2\/product_cat?post=101826"},{"taxonomy":"product_tag","embeddable":true,"href":"https:\/\/www.belle.si\/it\/wp-json\/wp\/v2\/product_tag?post=101826"}],"curies":[{"name":"wp","href":"https:\/\/api.w.org\/{rel}","templated":true}]}}